{"id":6427,"date":"2020-10-06T11:34:23","date_gmt":"2020-10-06T08:34:23","guid":{"rendered":"https:\/\/videstehnika.lv\/?post_type=product&#038;p=6427"},"modified":"2023-02-08T10:56:28","modified_gmt":"2023-02-08T08:56:28","slug":"roclite-u-veida-bloki","status":"publish","type":"product","link":"https:\/\/videstehnika.lv\/katalogs\/buvmateriali-buvei-remontam-un-ieksdarbiem\/roclite-u-veida-bloki\/","title":{"rendered":"ROCLITE U-veida bloki"},"content":{"rendered":"<h2>ROCLITE U-veida bloki<\/h2>\n<p>ROCLITE U-Veida, g\u0101zbetona bloki &#8211; tiek izmantoti monol\u012bto betonu joslu veido\u0161anai, lai palielin\u0101tu konstrukcijas stiprumu, ka ar\u012b atbalst\u012bjumu zem pane\u013ciem, griestu sij\u0101m (koka p\u0101rsegumiem) m\u016brlat\u0101m u.c.<\/p>\n<h2>ROCLITE U-veida bloku pielietojums<\/h2>\n<p>U-blokus var \u0113rti izmantot logu un durvju ailu p\u0101rsed\u017eu izveidei tie\u0161i b\u016bvlaukum\u0101. \u0160aj\u0101 gad\u012bjum\u0101 U-bloks kalpo k\u0101 veidnis un projekt\u0113\u0161anas gait\u0101 ir nepiecie\u0161ams \u0146emt v\u0113r\u0101 dzelzsbetona konstrukciju projekt\u0113\u0161anas noteikumus.<\/p>\n","protected":false},"excerpt":{"rendered":"<p>ROCLITE U-veida bloki ROCLITE U-Veida, g\u0101zbetona bloki &#8211; tiek izmantoti monol\u012bto betonu joslu veido\u0161anai, lai palielin\u0101tu konstrukcijas stiprumu, ka ar\u012b<\/p>\n","protected":false},"featured_media":6432,"template":"","meta":{"_acf_changed":false},"product_cat":[792,828,70,790],"product_tag":[],"class_list":{"0":"post-6427","1":"product","2":"type-product","3":"status-publish","4":"has-post-thumbnail","6":"product_cat-gazbetona-bloki","7":"product_cat-roclite-celtniecibas-bloki","8":"product_cat-buvmateriali-buvei-remontam-un-ieksdarbiem","9":"product_cat-bloki","11":"first","12":"onbackorder","13":"taxable","14":"shipping-taxable","15":"purchasable","16":"product-type-variable"},"acf":[],"yoast_head":"<!-- This site is optimized with the Yoast SEO plugin v24.2 - https:\/\/yoast.com\/wordpress\/plugins\/seo\/ -->\n<title>G\u0101zbetona celtniec\u012bbas ROCLITE U-veida bloki &#8226; Vides Tehnika<\/title>\n<meta name=\"description\" content=\"U-Veida bloki tiek izmantoti monol\u012bto betonu joslu veido\u0161anai, lai palielin\u0101tu konstrukcijas stiprumu, zem pane\u013ciem, griestu sij\u0101m, m\u016brlat\u0101m.\" \/>\n<meta name=\"robots\" content=\"index, follow, max-snippet:-1, max-image-preview:large, max-video-preview:-1\" \/>\n<link rel=\"canonical\" href=\"https:\/\/videstehnika.lv\/lt\/katalogs\/buvmateriali-buvei-remontam-un-ieksdarbiem\/roclite-u-veida-bloki\/\" \/>\n<meta property=\"og:locale\" content=\"lt_LT\" \/>\n<meta property=\"og:type\" content=\"article\" \/>\n<meta property=\"og:title\" content=\"G\u0101zbetona celtniec\u012bbas ROCLITE U-veida bloki &#8226; Vides Tehnika\" \/>\n<meta property=\"og:description\" content=\"U-Veida bloki tiek izmantoti monol\u012bto betonu joslu veido\u0161anai, lai palielin\u0101tu konstrukcijas stiprumu, zem pane\u013ciem, griestu sij\u0101m, m\u016brlat\u0101m.\" \/>\n<meta property=\"og:url\" content=\"https:\/\/videstehnika.lv\/katalogs\/buvmateriali-buvei-remontam-un-ieksdarbiem\/roclite-u-veida-bloki\/\" \/>\n<meta property=\"og:site_name\" content=\"Vides Tehnika\" \/>\n<meta property=\"article:modified_time\" content=\"2023-02-08T08:56:28+00:00\" \/>\n<meta property=\"og:image\" content=\"https:\/\/videstehnika.lv\/wp-content\/uploads\/2020\/10\/bloki-roclite-u-bloks-vides-tehnika.jpg\" \/>\n\t<meta property=\"og:image:width\" content=\"900\" \/>\n\t<meta property=\"og:image:height\" content=\"900\" \/>\n\t<meta property=\"og:image:type\" content=\"image\/jpeg\" \/>\n<meta name=\"twitter:card\" content=\"summary_large_image\" \/>\n<meta name=\"twitter:label1\" content=\"Est. reading time\" \/>\n\t<meta name=\"twitter:data1\" content=\"1 minut\u0117\" \/>\n<script type=\"application\/ld+json\" class=\"yoast-schema-graph\">{\"@context\":\"https:\/\/schema.org\",\"@graph\":[{\"@type\":\"WebPage\",\"@id\":\"https:\/\/videstehnika.lv\/katalogs\/buvmateriali-buvei-remontam-un-ieksdarbiem\/roclite-u-veida-bloki\/\",\"url\":\"https:\/\/videstehnika.lv\/katalogs\/buvmateriali-buvei-remontam-un-ieksdarbiem\/roclite-u-veida-bloki\/\",\"name\":\"G\u0101zbetona celtniec\u012bbas ROCLITE U-veida bloki &#8226; Vides Tehnika\",\"isPartOf\":{\"@id\":\"https:\/\/videstehnika.lv\/lt\/#website\"},\"primaryImageOfPage\":{\"@id\":\"https:\/\/videstehnika.lv\/katalogs\/buvmateriali-buvei-remontam-un-ieksdarbiem\/roclite-u-veida-bloki\/#primaryimage\"},\"image\":{\"@id\":\"https:\/\/videstehnika.lv\/katalogs\/buvmateriali-buvei-remontam-un-ieksdarbiem\/roclite-u-veida-bloki\/#primaryimage\"},\"thumbnailUrl\":\"https:\/\/videstehnika.lv\/wp-content\/uploads\/2020\/10\/bloki-roclite-u-bloks-vides-tehnika.jpg\",\"datePublished\":\"2020-10-06T08:34:23+00:00\",\"dateModified\":\"2023-02-08T08:56:28+00:00\",\"description\":\"U-Veida bloki tiek izmantoti monol\u012bto betonu joslu veido\u0161anai, lai palielin\u0101tu konstrukcijas stiprumu, zem pane\u013ciem, griestu sij\u0101m, m\u016brlat\u0101m.\",\"breadcrumb\":{\"@id\":\"https:\/\/videstehnika.lv\/katalogs\/buvmateriali-buvei-remontam-un-ieksdarbiem\/roclite-u-veida-bloki\/#breadcrumb\"},\"inLanguage\":\"lt-LT\",\"potentialAction\":[{\"@type\":\"ReadAction\",\"target\":[\"https:\/\/videstehnika.lv\/katalogs\/buvmateriali-buvei-remontam-un-ieksdarbiem\/roclite-u-veida-bloki\/\"]}]},{\"@type\":\"ImageObject\",\"inLanguage\":\"lt-LT\",\"@id\":\"https:\/\/videstehnika.lv\/katalogs\/buvmateriali-buvei-remontam-un-ieksdarbiem\/roclite-u-veida-bloki\/#primaryimage\",\"url\":\"https:\/\/videstehnika.lv\/wp-content\/uploads\/2020\/10\/bloki-roclite-u-bloks-vides-tehnika.jpg\",\"contentUrl\":\"https:\/\/videstehnika.lv\/wp-content\/uploads\/2020\/10\/bloki-roclite-u-bloks-vides-tehnika.jpg\",\"width\":900,\"height\":900,\"caption\":\"Roclite U-veida bloki\"},{\"@type\":\"BreadcrumbList\",\"@id\":\"https:\/\/videstehnika.lv\/katalogs\/buvmateriali-buvei-remontam-un-ieksdarbiem\/roclite-u-veida-bloki\/#breadcrumb\",\"itemListElement\":[{\"@type\":\"ListItem\",\"position\":1,\"name\":\"Home\",\"item\":\"https:\/\/videstehnika.lv\/lt\/\"},{\"@type\":\"ListItem\",\"position\":2,\"name\":\"Katalogas\",\"item\":\"https:\/\/videstehnika.lv\/lt\/katalogas\/\"},{\"@type\":\"ListItem\",\"position\":3,\"name\":\"ROCLITE U-veida bloki\"}]},{\"@type\":\"WebSite\",\"@id\":\"https:\/\/videstehnika.lv\/lt\/#website\",\"url\":\"https:\/\/videstehnika.lv\/lt\/\",\"name\":\"Vides Tehnika\",\"description\":\"\",\"potentialAction\":[{\"@type\":\"SearchAction\",\"target\":{\"@type\":\"EntryPoint\",\"urlTemplate\":\"https:\/\/videstehnika.lv\/lt\/?s={search_term_string}\"},\"query-input\":{\"@type\":\"PropertyValueSpecification\",\"valueRequired\":true,\"valueName\":\"search_term_string\"}}],\"inLanguage\":\"lt-LT\"}]}<\/script>\n<!-- \/ Yoast SEO plugin. -->","yoast_head_json":{"title":"G\u0101zbetona celtniec\u012bbas ROCLITE U-veida bloki &#8226; Vides Tehnika","description":"U-Veida bloki tiek izmantoti monol\u012bto betonu joslu veido\u0161anai, lai palielin\u0101tu konstrukcijas stiprumu, zem pane\u013ciem, griestu sij\u0101m, m\u016brlat\u0101m.","robots":{"index":"index","follow":"follow","max-snippet":"max-snippet:-1","max-image-preview":"max-image-preview:large","max-video-preview":"max-video-preview:-1"},"canonical":"https:\/\/videstehnika.lv\/lt\/katalogs\/buvmateriali-buvei-remontam-un-ieksdarbiem\/roclite-u-veida-bloki\/","og_locale":"lt_LT","og_type":"article","og_title":"G\u0101zbetona celtniec\u012bbas ROCLITE U-veida bloki &#8226; Vides Tehnika","og_description":"U-Veida bloki tiek izmantoti monol\u012bto betonu joslu veido\u0161anai, lai palielin\u0101tu konstrukcijas stiprumu, zem pane\u013ciem, griestu sij\u0101m, m\u016brlat\u0101m.","og_url":"https:\/\/videstehnika.lv\/katalogs\/buvmateriali-buvei-remontam-un-ieksdarbiem\/roclite-u-veida-bloki\/","og_site_name":"Vides Tehnika","article_modified_time":"2023-02-08T08:56:28+00:00","og_image":[{"width":900,"height":900,"url":"https:\/\/videstehnika.lv\/wp-content\/uploads\/2020\/10\/bloki-roclite-u-bloks-vides-tehnika.jpg","type":"image\/jpeg"}],"twitter_card":"summary_large_image","twitter_misc":{"Est. reading time":"1 minut\u0117"},"schema":{"@context":"https:\/\/schema.org","@graph":[{"@type":"WebPage","@id":"https:\/\/videstehnika.lv\/katalogs\/buvmateriali-buvei-remontam-un-ieksdarbiem\/roclite-u-veida-bloki\/","url":"https:\/\/videstehnika.lv\/katalogs\/buvmateriali-buvei-remontam-un-ieksdarbiem\/roclite-u-veida-bloki\/","name":"G\u0101zbetona celtniec\u012bbas ROCLITE U-veida bloki &#8226; Vides Tehnika","isPartOf":{"@id":"https:\/\/videstehnika.lv\/lt\/#website"},"primaryImageOfPage":{"@id":"https:\/\/videstehnika.lv\/katalogs\/buvmateriali-buvei-remontam-un-ieksdarbiem\/roclite-u-veida-bloki\/#primaryimage"},"image":{"@id":"https:\/\/videstehnika.lv\/katalogs\/buvmateriali-buvei-remontam-un-ieksdarbiem\/roclite-u-veida-bloki\/#primaryimage"},"thumbnailUrl":"https:\/\/videstehnika.lv\/wp-content\/uploads\/2020\/10\/bloki-roclite-u-bloks-vides-tehnika.jpg","datePublished":"2020-10-06T08:34:23+00:00","dateModified":"2023-02-08T08:56:28+00:00","description":"U-Veida bloki tiek izmantoti monol\u012bto betonu joslu veido\u0161anai, lai palielin\u0101tu konstrukcijas stiprumu, zem pane\u013ciem, griestu sij\u0101m, m\u016brlat\u0101m.","breadcrumb":{"@id":"https:\/\/videstehnika.lv\/katalogs\/buvmateriali-buvei-remontam-un-ieksdarbiem\/roclite-u-veida-bloki\/#breadcrumb"},"inLanguage":"lt-LT","potentialAction":[{"@type":"ReadAction","target":["https:\/\/videstehnika.lv\/katalogs\/buvmateriali-buvei-remontam-un-ieksdarbiem\/roclite-u-veida-bloki\/"]}]},{"@type":"ImageObject","inLanguage":"lt-LT","@id":"https:\/\/videstehnika.lv\/katalogs\/buvmateriali-buvei-remontam-un-ieksdarbiem\/roclite-u-veida-bloki\/#primaryimage","url":"https:\/\/videstehnika.lv\/wp-content\/uploads\/2020\/10\/bloki-roclite-u-bloks-vides-tehnika.jpg","contentUrl":"https:\/\/videstehnika.lv\/wp-content\/uploads\/2020\/10\/bloki-roclite-u-bloks-vides-tehnika.jpg","width":900,"height":900,"caption":"Roclite U-veida bloki"},{"@type":"BreadcrumbList","@id":"https:\/\/videstehnika.lv\/katalogs\/buvmateriali-buvei-remontam-un-ieksdarbiem\/roclite-u-veida-bloki\/#breadcrumb","itemListElement":[{"@type":"ListItem","position":1,"name":"Home","item":"https:\/\/videstehnika.lv\/lt\/"},{"@type":"ListItem","position":2,"name":"Katalogas","item":"https:\/\/videstehnika.lv\/lt\/katalogas\/"},{"@type":"ListItem","position":3,"name":"ROCLITE U-veida bloki"}]},{"@type":"WebSite","@id":"https:\/\/videstehnika.lv\/lt\/#website","url":"https:\/\/videstehnika.lv\/lt\/","name":"Vides Tehnika","description":"","potentialAction":[{"@type":"SearchAction","target":{"@type":"EntryPoint","urlTemplate":"https:\/\/videstehnika.lv\/lt\/?s={search_term_string}"},"query-input":{"@type":"PropertyValueSpecification","valueRequired":true,"valueName":"search_term_string"}}],"inLanguage":"lt-LT"}]}},"_links":{"self":[{"href":"https:\/\/videstehnika.lv\/lt\/wp-json\/wp\/v2\/product\/6427","targetHints":{"allow":["GET"]}}],"collection":[{"href":"https:\/\/videstehnika.lv\/lt\/wp-json\/wp\/v2\/product"}],"about":[{"href":"https:\/\/videstehnika.lv\/lt\/wp-json\/wp\/v2\/types\/product"}],"wp:featuredmedia":[{"embeddable":true,"href":"https:\/\/videstehnika.lv\/lt\/wp-json\/wp\/v2\/media\/6432"}],"wp:attachment":[{"href":"https:\/\/videstehnika.lv\/lt\/wp-json\/wp\/v2\/media?parent=6427"}],"wp:term":[{"taxonomy":"product_cat","embeddable":true,"href":"https:\/\/videstehnika.lv\/lt\/wp-json\/wp\/v2\/product_cat?post=6427"},{"taxonomy":"product_tag","embeddable":true,"href":"https:\/\/videstehnika.lv\/lt\/wp-json\/wp\/v2\/product_tag?post=6427"}],"curies":[{"name":"wp","href":"https:\/\/api.w.org\/{rel}","templated":true}]}}