{"id":6479,"date":"2020-10-09T15:46:05","date_gmt":"2020-10-09T12:46:05","guid":{"rendered":"https:\/\/videstehnika.lv\/?post_type=product&#038;p=6479"},"modified":"2025-09-10T09:46:57","modified_gmt":"2025-09-10T06:46:57","slug":"steico-multi-tape-p60-60mmx40m-limlente","status":"publish","type":"product","link":"https:\/\/videstehnika.lv\/katalogs\/limes-limlentas\/steico-multi-tape-p60-60mmx40m-limlente\/","title":{"rendered":"Steico multi tape P60 60mmx40m l\u012bmlente"},"content":{"rendered":"<h2>STEICO multi tape l\u012bmlente<\/h2>\n<p>STEICO multi tape l\u012bmlente ir vienpus\u0113ja, sp\u0113c\u012bgas iedarb\u012bbas pl\u0113ves l\u012bmlente, kas paredz\u0113ta tvaikus necaurlaid\u012bgas siltumizol\u0101cijas sl\u0101\u0146u segumu iztur\u012bgai \u0161uvju hermetiz\u0101cijai.<\/p>\n<h2><strong>STEICO multi tape pielietojums<\/strong><\/h2>\n<ul>\n<li>Jumta un iek\u0161\u0113j\u0101s konstrukcij\u0101s;<\/li>\n<li>Lai nostiprin\u0101tu caurejo\u0161\u0101s \u0161uves izol\u0101cijas l\u012bmen\u012b (piem\u0113ram, izpl\u016bdes caurules, elektrisko kabe\u013cu caurules, logi, sp\u0101res, kabe\u013ci utt.);<\/li>\n<li>Lai ier\u012bkotu celtniec\u012bbas pane\u013cu \u0161uvju savienojuma vietas (OSB pl\u0101ksnes).<\/li>\n<\/ul>\n<h3><strong>STEICO multi tape priek\u0161roc\u012bbas<\/strong><\/h3>\n<ul>\n<li>Nesatur \u0161\u0137\u012bdin\u0101t\u0101jus, hloru un formaldeh\u012bdu;<\/li>\n<li>Temperat\u016bras iztur\u012bba l\u012bdz &#8211; 40C un +100C;<\/li>\n<li>P\u0101rraujama ar roku;<\/li>\n<li>Iztur\u012bga kraftpap\u012bra pamatne.<\/li>\n<\/ul>\n","protected":false},"excerpt":{"rendered":"<p>STEICO multi tape l\u012bmlente STEICO multi tape l\u012bmlente ir vienpus\u0113ja, sp\u0113c\u012bgas iedarb\u012bbas pl\u0113ves l\u012bmlente, kas paredz\u0113ta tvaikus necaurlaid\u012bgas siltumizol\u0101cijas sl\u0101\u0146u<\/p>\n","protected":false},"featured_media":6483,"template":"","meta":{"_acf_changed":false},"product_cat":[90,68],"product_tag":[],"class_list":{"0":"post-6479","1":"product","2":"type-product","3":"status-publish","4":"has-post-thumbnail","6":"product_cat-celtniecibas-limlentes-suvju-hermetizacijai","7":"product_cat-limes-limlentas","9":"first","10":"onbackorder","11":"taxable","12":"shipping-taxable","13":"purchasable","14":"product-type-simple"},"acf":[],"yoast_head":"<!-- This site is optimized with the Yoast SEO plugin v24.2 - https:\/\/yoast.com\/wordpress\/plugins\/seo\/ -->\n<title>Steico multi tape P60 60mmx40m l\u012bmlente &#8226; Vides Tehnika<\/title>\n<meta name=\"description\" content=\"Multi tape l\u012bmlente ir vienpus\u0113ja pl\u0113ves l\u012bmlente, kas paredz\u0113ta tvaikus necaurlaid\u012bgas siltumizol\u0101cijas \u0161uvju sl\u0101\u0146u savieno\u0161anai.\" \/>\n<meta name=\"robots\" content=\"index, follow, max-snippet:-1, max-image-preview:large, max-video-preview:-1\" \/>\n<link rel=\"canonical\" href=\"https:\/\/videstehnika.lv\/lt\/katalogs\/limes-limlentas\/steico-multi-tape-p60-60mmx40m-limlente\/\" \/>\n<meta property=\"og:locale\" content=\"lt_LT\" \/>\n<meta property=\"og:type\" content=\"article\" \/>\n<meta property=\"og:title\" content=\"Steico multi tape P60 60mmx40m l\u012bmlente &#8226; Vides Tehnika\" \/>\n<meta property=\"og:description\" content=\"Multi tape l\u012bmlente ir vienpus\u0113ja pl\u0113ves l\u012bmlente, kas paredz\u0113ta tvaikus necaurlaid\u012bgas siltumizol\u0101cijas \u0161uvju sl\u0101\u0146u savieno\u0161anai.\" \/>\n<meta property=\"og:url\" content=\"https:\/\/videstehnika.lv\/katalogs\/limes-limlentas\/steico-multi-tape-p60-60mmx40m-limlente\/\" \/>\n<meta property=\"og:site_name\" content=\"Vides Tehnika\" \/>\n<meta property=\"article:modified_time\" content=\"2025-09-10T06:46:57+00:00\" \/>\n<meta property=\"og:image\" content=\"https:\/\/videstehnika.lv\/wp-content\/uploads\/2020\/10\/steico-multi-tape-p-limlenta-vides-tehnika.jpg\" \/>\n\t<meta property=\"og:image:width\" content=\"900\" \/>\n\t<meta property=\"og:image:height\" content=\"900\" \/>\n\t<meta property=\"og:image:type\" content=\"image\/jpeg\" \/>\n<meta name=\"twitter:card\" content=\"summary_large_image\" \/>\n<meta name=\"twitter:label1\" content=\"Est. reading time\" \/>\n\t<meta name=\"twitter:data1\" content=\"1 minut\u0117\" \/>\n<script type=\"application\/ld+json\" class=\"yoast-schema-graph\">{\"@context\":\"https:\/\/schema.org\",\"@graph\":[{\"@type\":\"WebPage\",\"@id\":\"https:\/\/videstehnika.lv\/katalogs\/limes-limlentas\/steico-multi-tape-p60-60mmx40m-limlente\/\",\"url\":\"https:\/\/videstehnika.lv\/katalogs\/limes-limlentas\/steico-multi-tape-p60-60mmx40m-limlente\/\",\"name\":\"Steico multi tape P60 60mmx40m l\u012bmlente &#8226; Vides Tehnika\",\"isPartOf\":{\"@id\":\"https:\/\/videstehnika.lv\/lt\/#website\"},\"primaryImageOfPage\":{\"@id\":\"https:\/\/videstehnika.lv\/katalogs\/limes-limlentas\/steico-multi-tape-p60-60mmx40m-limlente\/#primaryimage\"},\"image\":{\"@id\":\"https:\/\/videstehnika.lv\/katalogs\/limes-limlentas\/steico-multi-tape-p60-60mmx40m-limlente\/#primaryimage\"},\"thumbnailUrl\":\"https:\/\/videstehnika.lv\/wp-content\/uploads\/2020\/10\/steico-multi-tape-p-limlenta-vides-tehnika.jpg\",\"datePublished\":\"2020-10-09T12:46:05+00:00\",\"dateModified\":\"2025-09-10T06:46:57+00:00\",\"description\":\"Multi tape l\u012bmlente ir vienpus\u0113ja pl\u0113ves l\u012bmlente, kas paredz\u0113ta tvaikus necaurlaid\u012bgas siltumizol\u0101cijas \u0161uvju sl\u0101\u0146u savieno\u0161anai.\",\"breadcrumb\":{\"@id\":\"https:\/\/videstehnika.lv\/katalogs\/limes-limlentas\/steico-multi-tape-p60-60mmx40m-limlente\/#breadcrumb\"},\"inLanguage\":\"lt-LT\",\"potentialAction\":[{\"@type\":\"ReadAction\",\"target\":[\"https:\/\/videstehnika.lv\/katalogs\/limes-limlentas\/steico-multi-tape-p60-60mmx40m-limlente\/\"]}]},{\"@type\":\"ImageObject\",\"inLanguage\":\"lt-LT\",\"@id\":\"https:\/\/videstehnika.lv\/katalogs\/limes-limlentas\/steico-multi-tape-p60-60mmx40m-limlente\/#primaryimage\",\"url\":\"https:\/\/videstehnika.lv\/wp-content\/uploads\/2020\/10\/steico-multi-tape-p-limlenta-vides-tehnika.jpg\",\"contentUrl\":\"https:\/\/videstehnika.lv\/wp-content\/uploads\/2020\/10\/steico-multi-tape-p-limlenta-vides-tehnika.jpg\",\"width\":900,\"height\":900},{\"@type\":\"BreadcrumbList\",\"@id\":\"https:\/\/videstehnika.lv\/katalogs\/limes-limlentas\/steico-multi-tape-p60-60mmx40m-limlente\/#breadcrumb\",\"itemListElement\":[{\"@type\":\"ListItem\",\"position\":1,\"name\":\"Home\",\"item\":\"https:\/\/videstehnika.lv\/lt\/\"},{\"@type\":\"ListItem\",\"position\":2,\"name\":\"Katalogas\",\"item\":\"https:\/\/videstehnika.lv\/lt\/katalogas\/\"},{\"@type\":\"ListItem\",\"position\":3,\"name\":\"Steico multi tape P60 60mmx40m l\u012bmlente\"}]},{\"@type\":\"WebSite\",\"@id\":\"https:\/\/videstehnika.lv\/lt\/#website\",\"url\":\"https:\/\/videstehnika.lv\/lt\/\",\"name\":\"Vides Tehnika\",\"description\":\"\",\"potentialAction\":[{\"@type\":\"SearchAction\",\"target\":{\"@type\":\"EntryPoint\",\"urlTemplate\":\"https:\/\/videstehnika.lv\/lt\/?s={search_term_string}\"},\"query-input\":{\"@type\":\"PropertyValueSpecification\",\"valueRequired\":true,\"valueName\":\"search_term_string\"}}],\"inLanguage\":\"lt-LT\"}]}<\/script>\n<!-- \/ Yoast SEO plugin. -->","yoast_head_json":{"title":"Steico multi tape P60 60mmx40m l\u012bmlente &#8226; Vides Tehnika","description":"Multi tape l\u012bmlente ir vienpus\u0113ja pl\u0113ves l\u012bmlente, kas paredz\u0113ta tvaikus necaurlaid\u012bgas siltumizol\u0101cijas \u0161uvju sl\u0101\u0146u savieno\u0161anai.","robots":{"index":"index","follow":"follow","max-snippet":"max-snippet:-1","max-image-preview":"max-image-preview:large","max-video-preview":"max-video-preview:-1"},"canonical":"https:\/\/videstehnika.lv\/lt\/katalogs\/limes-limlentas\/steico-multi-tape-p60-60mmx40m-limlente\/","og_locale":"lt_LT","og_type":"article","og_title":"Steico multi tape P60 60mmx40m l\u012bmlente &#8226; Vides Tehnika","og_description":"Multi tape l\u012bmlente ir vienpus\u0113ja pl\u0113ves l\u012bmlente, kas paredz\u0113ta tvaikus necaurlaid\u012bgas siltumizol\u0101cijas \u0161uvju sl\u0101\u0146u savieno\u0161anai.","og_url":"https:\/\/videstehnika.lv\/katalogs\/limes-limlentas\/steico-multi-tape-p60-60mmx40m-limlente\/","og_site_name":"Vides Tehnika","article_modified_time":"2025-09-10T06:46:57+00:00","og_image":[{"width":900,"height":900,"url":"https:\/\/videstehnika.lv\/wp-content\/uploads\/2020\/10\/steico-multi-tape-p-limlenta-vides-tehnika.jpg","type":"image\/jpeg"}],"twitter_card":"summary_large_image","twitter_misc":{"Est. reading time":"1 minut\u0117"},"schema":{"@context":"https:\/\/schema.org","@graph":[{"@type":"WebPage","@id":"https:\/\/videstehnika.lv\/katalogs\/limes-limlentas\/steico-multi-tape-p60-60mmx40m-limlente\/","url":"https:\/\/videstehnika.lv\/katalogs\/limes-limlentas\/steico-multi-tape-p60-60mmx40m-limlente\/","name":"Steico multi tape P60 60mmx40m l\u012bmlente &#8226; Vides Tehnika","isPartOf":{"@id":"https:\/\/videstehnika.lv\/lt\/#website"},"primaryImageOfPage":{"@id":"https:\/\/videstehnika.lv\/katalogs\/limes-limlentas\/steico-multi-tape-p60-60mmx40m-limlente\/#primaryimage"},"image":{"@id":"https:\/\/videstehnika.lv\/katalogs\/limes-limlentas\/steico-multi-tape-p60-60mmx40m-limlente\/#primaryimage"},"thumbnailUrl":"https:\/\/videstehnika.lv\/wp-content\/uploads\/2020\/10\/steico-multi-tape-p-limlenta-vides-tehnika.jpg","datePublished":"2020-10-09T12:46:05+00:00","dateModified":"2025-09-10T06:46:57+00:00","description":"Multi tape l\u012bmlente ir vienpus\u0113ja pl\u0113ves l\u012bmlente, kas paredz\u0113ta tvaikus necaurlaid\u012bgas siltumizol\u0101cijas \u0161uvju sl\u0101\u0146u savieno\u0161anai.","breadcrumb":{"@id":"https:\/\/videstehnika.lv\/katalogs\/limes-limlentas\/steico-multi-tape-p60-60mmx40m-limlente\/#breadcrumb"},"inLanguage":"lt-LT","potentialAction":[{"@type":"ReadAction","target":["https:\/\/videstehnika.lv\/katalogs\/limes-limlentas\/steico-multi-tape-p60-60mmx40m-limlente\/"]}]},{"@type":"ImageObject","inLanguage":"lt-LT","@id":"https:\/\/videstehnika.lv\/katalogs\/limes-limlentas\/steico-multi-tape-p60-60mmx40m-limlente\/#primaryimage","url":"https:\/\/videstehnika.lv\/wp-content\/uploads\/2020\/10\/steico-multi-tape-p-limlenta-vides-tehnika.jpg","contentUrl":"https:\/\/videstehnika.lv\/wp-content\/uploads\/2020\/10\/steico-multi-tape-p-limlenta-vides-tehnika.jpg","width":900,"height":900},{"@type":"BreadcrumbList","@id":"https:\/\/videstehnika.lv\/katalogs\/limes-limlentas\/steico-multi-tape-p60-60mmx40m-limlente\/#breadcrumb","itemListElement":[{"@type":"ListItem","position":1,"name":"Home","item":"https:\/\/videstehnika.lv\/lt\/"},{"@type":"ListItem","position":2,"name":"Katalogas","item":"https:\/\/videstehnika.lv\/lt\/katalogas\/"},{"@type":"ListItem","position":3,"name":"Steico multi tape P60 60mmx40m l\u012bmlente"}]},{"@type":"WebSite","@id":"https:\/\/videstehnika.lv\/lt\/#website","url":"https:\/\/videstehnika.lv\/lt\/","name":"Vides Tehnika","description":"","potentialAction":[{"@type":"SearchAction","target":{"@type":"EntryPoint","urlTemplate":"https:\/\/videstehnika.lv\/lt\/?s={search_term_string}"},"query-input":{"@type":"PropertyValueSpecification","valueRequired":true,"valueName":"search_term_string"}}],"inLanguage":"lt-LT"}]}},"_links":{"self":[{"href":"https:\/\/videstehnika.lv\/lt\/wp-json\/wp\/v2\/product\/6479","targetHints":{"allow":["GET"]}}],"collection":[{"href":"https:\/\/videstehnika.lv\/lt\/wp-json\/wp\/v2\/product"}],"about":[{"href":"https:\/\/videstehnika.lv\/lt\/wp-json\/wp\/v2\/types\/product"}],"wp:featuredmedia":[{"embeddable":true,"href":"https:\/\/videstehnika.lv\/lt\/wp-json\/wp\/v2\/media\/6483"}],"wp:attachment":[{"href":"https:\/\/videstehnika.lv\/lt\/wp-json\/wp\/v2\/media?parent=6479"}],"wp:term":[{"taxonomy":"product_cat","embeddable":true,"href":"https:\/\/videstehnika.lv\/lt\/wp-json\/wp\/v2\/product_cat?post=6479"},{"taxonomy":"product_tag","embeddable":true,"href":"https:\/\/videstehnika.lv\/lt\/wp-json\/wp\/v2\/product_tag?post=6479"}],"curies":[{"name":"wp","href":"https:\/\/api.w.org\/{rel}","templated":true}]}}