{"id":79935,"date":"2025-10-24T13:01:12","date_gmt":"2025-10-24T10:01:12","guid":{"rendered":"https:\/\/videstehnika.lv\/?post_type=product&#038;p=79935"},"modified":"2025-11-20T12:27:14","modified_gmt":"2025-11-20T10:27:14","slug":"ardex-e100-akrilata-dispersija","status":"publish","type":"product","link":"https:\/\/videstehnika.lv\/katalogs\/buvmateriali-buvei-remontam-un-ieksdarbiem\/sausie-maisijumi-ara-darbiem-un-ieksdarbiem\/betona-spakteles-un-remonta-javas\/ardex-e100-akrilata-dispersija\/","title":{"rendered":"ARDEX E100 akril\u0101ta dispersija"},"content":{"rendered":"<h2>ARDEX E100 akril\u0101ta dispersija<\/h2>\n<p>Iek\u0161darbiem un \u0101rdarbiem.<\/p>\n<p>Piedeva cementa jav\u0101m un betona \u0161paktel\u0113m.<\/p>\n<p>Palielina nodilumiztur\u012bbu, iztur\u012bbu un sa\u0137eri.<br \/>\nUzlabo aizsardz\u012bbu pret koroziju.<br \/>\nUzlabo iestr\u0101d\u0101jam\u012bbu un plastiskumu,<br \/>\nnemainot mais\u012b\u0161anas \u016bdens daudzumu.<br \/>\nBez \u0161\u0137\u012bdin\u0101t\u0101jiem.<\/p>\n<h2>Pielietojums<\/h2>\n<p>\u2013 ARDEX A 46 remonta java<br \/>\n\u2013 ARDEX B 12 betona \u0161paktele<br \/>\n\u2013 ARDEX B 14 remonta java<br \/>\n\u2013 ARDEX B 10 betona \u0161paktele, smalk\u0101<br \/>\n\u2013 ARDEX F 11 fas\u0101des \u0161paktele<br \/>\n\u2013 sa\u0137eres emulsiju sagatavo\u0161anai<\/p>\n<p>Pie\u013cauj iesp\u0113ju samazin\u0101t klona biezumu iestr\u0101d\u0101jot to sasaist\u0113 ar pamatni; paaugstina nodilumiztur\u012bbu un elast\u012bbu; uzlabo javu un apmetumu sa\u0137eres sp\u0113ku uz glud\u0101m, bl\u012bv\u0101m pamatn\u0113m.<\/p>\n<h2>Lieto\u0161ana<\/h2>\n<p>ARDEX E 100 sajaukt ar \u016bdeni atbilsto\u0161i tabul\u0101 nor\u0101d\u012btajai attiec\u012bbai un izmantot k\u0101 sajauk\u0161anas \u0161\u0137idrumu uzskait\u012btaj\u0101m jav\u0101m un betona \u0161paktel\u0113m.<\/p>\n","protected":false},"excerpt":{"rendered":"<p>ARDEX E100 akril\u0101ta dispersija Iek\u0161darbiem un \u0101rdarbiem. Piedeva cementa jav\u0101m un betona \u0161paktel\u0113m. Palielina nodilumiztur\u012bbu, iztur\u012bbu un sa\u0137eri. Uzlabo aizsardz\u012bbu<\/p>\n","protected":false},"featured_media":79936,"template":"","meta":{"_acf_changed":false},"product_cat":[5538],"product_tag":[],"class_list":{"0":"post-79935","1":"product","2":"type-product","3":"status-publish","4":"has-post-thumbnail","6":"product_cat-betona-spakteles-un-remonta-javas","8":"first","9":"onbackorder","10":"taxable","11":"shipping-taxable","12":"purchasable","13":"product-type-simple"},"acf":[],"yoast_head":"<!-- This site is optimized with the Yoast SEO plugin v24.2 - https:\/\/yoast.com\/wordpress\/plugins\/seo\/ -->\n<title>ARDEX E100 akril\u0101ta dispersija &#8226; Vides Tehnika<\/title>\n<meta name=\"description\" content=\"Piedeva cementa jav\u0101m un betona \u0161paktel\u0113m. Palielina nodilumiztur\u012bbu, iztur\u012bbu un sa\u0137eri. Uzlabo aizsardz\u012bbu pret koroziju.\" \/>\n<meta name=\"robots\" content=\"index, follow, max-snippet:-1, max-image-preview:large, max-video-preview:-1\" \/>\n<link rel=\"canonical\" href=\"https:\/\/videstehnika.lv\/lt\/katalogs\/buvmateriali-buvei-remontam-un-ieksdarbiem\/sausie-maisijumi-ara-darbiem-un-ieksdarbiem\/betona-spakteles-un-remonta-javas\/ardex-e100-akrilata-dispersija\/\" \/>\n<meta property=\"og:locale\" content=\"lt_LT\" \/>\n<meta property=\"og:type\" content=\"article\" \/>\n<meta property=\"og:title\" content=\"ARDEX E100 akril\u0101ta dispersija &#8226; Vides Tehnika\" \/>\n<meta property=\"og:description\" content=\"Piedeva cementa jav\u0101m un betona \u0161paktel\u0113m. Palielina nodilumiztur\u012bbu, iztur\u012bbu un sa\u0137eri. Uzlabo aizsardz\u012bbu pret koroziju.\" \/>\n<meta property=\"og:url\" content=\"https:\/\/videstehnika.lv\/katalogs\/buvmateriali-buvei-remontam-un-ieksdarbiem\/sausie-maisijumi-ara-darbiem-un-ieksdarbiem\/betona-spakteles-un-remonta-javas\/ardex-e100-akrilata-dispersija\/\" \/>\n<meta property=\"og:site_name\" content=\"Vides Tehnika\" \/>\n<meta property=\"article:modified_time\" content=\"2025-11-20T10:27:14+00:00\" \/>\n<meta property=\"og:image\" content=\"https:\/\/videstehnika.lv\/wp-content\/uploads\/2025\/10\/ARDEX-E-100-low.png\" \/>\n\t<meta property=\"og:image:width\" content=\"594\" \/>\n\t<meta property=\"og:image:height\" content=\"640\" \/>\n\t<meta property=\"og:image:type\" content=\"image\/png\" \/>\n<meta name=\"twitter:card\" content=\"summary_large_image\" \/>\n<meta name=\"twitter:label1\" content=\"Est. reading time\" \/>\n\t<meta name=\"twitter:data1\" content=\"1 minut\u0117\" \/>\n<script type=\"application\/ld+json\" class=\"yoast-schema-graph\">{\"@context\":\"https:\/\/schema.org\",\"@graph\":[{\"@type\":\"WebPage\",\"@id\":\"https:\/\/videstehnika.lv\/katalogs\/buvmateriali-buvei-remontam-un-ieksdarbiem\/sausie-maisijumi-ara-darbiem-un-ieksdarbiem\/betona-spakteles-un-remonta-javas\/ardex-e100-akrilata-dispersija\/\",\"url\":\"https:\/\/videstehnika.lv\/katalogs\/buvmateriali-buvei-remontam-un-ieksdarbiem\/sausie-maisijumi-ara-darbiem-un-ieksdarbiem\/betona-spakteles-un-remonta-javas\/ardex-e100-akrilata-dispersija\/\",\"name\":\"ARDEX E100 akril\u0101ta dispersija &#8226; Vides Tehnika\",\"isPartOf\":{\"@id\":\"https:\/\/videstehnika.lv\/lt\/#website\"},\"primaryImageOfPage\":{\"@id\":\"https:\/\/videstehnika.lv\/katalogs\/buvmateriali-buvei-remontam-un-ieksdarbiem\/sausie-maisijumi-ara-darbiem-un-ieksdarbiem\/betona-spakteles-un-remonta-javas\/ardex-e100-akrilata-dispersija\/#primaryimage\"},\"image\":{\"@id\":\"https:\/\/videstehnika.lv\/katalogs\/buvmateriali-buvei-remontam-un-ieksdarbiem\/sausie-maisijumi-ara-darbiem-un-ieksdarbiem\/betona-spakteles-un-remonta-javas\/ardex-e100-akrilata-dispersija\/#primaryimage\"},\"thumbnailUrl\":\"https:\/\/videstehnika.lv\/wp-content\/uploads\/2025\/10\/ARDEX-E-100-low.png\",\"datePublished\":\"2025-10-24T10:01:12+00:00\",\"dateModified\":\"2025-11-20T10:27:14+00:00\",\"description\":\"Piedeva cementa jav\u0101m un betona \u0161paktel\u0113m. Palielina nodilumiztur\u012bbu, iztur\u012bbu un sa\u0137eri. Uzlabo aizsardz\u012bbu pret koroziju.\",\"breadcrumb\":{\"@id\":\"https:\/\/videstehnika.lv\/katalogs\/buvmateriali-buvei-remontam-un-ieksdarbiem\/sausie-maisijumi-ara-darbiem-un-ieksdarbiem\/betona-spakteles-un-remonta-javas\/ardex-e100-akrilata-dispersija\/#breadcrumb\"},\"inLanguage\":\"lt-LT\",\"potentialAction\":[{\"@type\":\"ReadAction\",\"target\":[\"https:\/\/videstehnika.lv\/katalogs\/buvmateriali-buvei-remontam-un-ieksdarbiem\/sausie-maisijumi-ara-darbiem-un-ieksdarbiem\/betona-spakteles-un-remonta-javas\/ardex-e100-akrilata-dispersija\/\"]}]},{\"@type\":\"ImageObject\",\"inLanguage\":\"lt-LT\",\"@id\":\"https:\/\/videstehnika.lv\/katalogs\/buvmateriali-buvei-remontam-un-ieksdarbiem\/sausie-maisijumi-ara-darbiem-un-ieksdarbiem\/betona-spakteles-un-remonta-javas\/ardex-e100-akrilata-dispersija\/#primaryimage\",\"url\":\"https:\/\/videstehnika.lv\/wp-content\/uploads\/2025\/10\/ARDEX-E-100-low.png\",\"contentUrl\":\"https:\/\/videstehnika.lv\/wp-content\/uploads\/2025\/10\/ARDEX-E-100-low.png\",\"width\":594,\"height\":640},{\"@type\":\"BreadcrumbList\",\"@id\":\"https:\/\/videstehnika.lv\/katalogs\/buvmateriali-buvei-remontam-un-ieksdarbiem\/sausie-maisijumi-ara-darbiem-un-ieksdarbiem\/betona-spakteles-un-remonta-javas\/ardex-e100-akrilata-dispersija\/#breadcrumb\",\"itemListElement\":[{\"@type\":\"ListItem\",\"position\":1,\"name\":\"Home\",\"item\":\"https:\/\/videstehnika.lv\/lt\/\"},{\"@type\":\"ListItem\",\"position\":2,\"name\":\"Katalogas\",\"item\":\"https:\/\/videstehnika.lv\/lt\/katalogas\/\"},{\"@type\":\"ListItem\",\"position\":3,\"name\":\"ARDEX E100 akril\u0101ta dispersija\"}]},{\"@type\":\"WebSite\",\"@id\":\"https:\/\/videstehnika.lv\/lt\/#website\",\"url\":\"https:\/\/videstehnika.lv\/lt\/\",\"name\":\"Vides Tehnika\",\"description\":\"\",\"potentialAction\":[{\"@type\":\"SearchAction\",\"target\":{\"@type\":\"EntryPoint\",\"urlTemplate\":\"https:\/\/videstehnika.lv\/lt\/?s={search_term_string}\"},\"query-input\":{\"@type\":\"PropertyValueSpecification\",\"valueRequired\":true,\"valueName\":\"search_term_string\"}}],\"inLanguage\":\"lt-LT\"}]}<\/script>\n<!-- \/ Yoast SEO plugin. -->","yoast_head_json":{"title":"ARDEX E100 akril\u0101ta dispersija &#8226; Vides Tehnika","description":"Piedeva cementa jav\u0101m un betona \u0161paktel\u0113m. Palielina nodilumiztur\u012bbu, iztur\u012bbu un sa\u0137eri. Uzlabo aizsardz\u012bbu pret koroziju.","robots":{"index":"index","follow":"follow","max-snippet":"max-snippet:-1","max-image-preview":"max-image-preview:large","max-video-preview":"max-video-preview:-1"},"canonical":"https:\/\/videstehnika.lv\/lt\/katalogs\/buvmateriali-buvei-remontam-un-ieksdarbiem\/sausie-maisijumi-ara-darbiem-un-ieksdarbiem\/betona-spakteles-un-remonta-javas\/ardex-e100-akrilata-dispersija\/","og_locale":"lt_LT","og_type":"article","og_title":"ARDEX E100 akril\u0101ta dispersija &#8226; Vides Tehnika","og_description":"Piedeva cementa jav\u0101m un betona \u0161paktel\u0113m. Palielina nodilumiztur\u012bbu, iztur\u012bbu un sa\u0137eri. Uzlabo aizsardz\u012bbu pret koroziju.","og_url":"https:\/\/videstehnika.lv\/katalogs\/buvmateriali-buvei-remontam-un-ieksdarbiem\/sausie-maisijumi-ara-darbiem-un-ieksdarbiem\/betona-spakteles-un-remonta-javas\/ardex-e100-akrilata-dispersija\/","og_site_name":"Vides Tehnika","article_modified_time":"2025-11-20T10:27:14+00:00","og_image":[{"width":594,"height":640,"url":"https:\/\/videstehnika.lv\/wp-content\/uploads\/2025\/10\/ARDEX-E-100-low.png","type":"image\/png"}],"twitter_card":"summary_large_image","twitter_misc":{"Est. reading time":"1 minut\u0117"},"schema":{"@context":"https:\/\/schema.org","@graph":[{"@type":"WebPage","@id":"https:\/\/videstehnika.lv\/katalogs\/buvmateriali-buvei-remontam-un-ieksdarbiem\/sausie-maisijumi-ara-darbiem-un-ieksdarbiem\/betona-spakteles-un-remonta-javas\/ardex-e100-akrilata-dispersija\/","url":"https:\/\/videstehnika.lv\/katalogs\/buvmateriali-buvei-remontam-un-ieksdarbiem\/sausie-maisijumi-ara-darbiem-un-ieksdarbiem\/betona-spakteles-un-remonta-javas\/ardex-e100-akrilata-dispersija\/","name":"ARDEX E100 akril\u0101ta dispersija &#8226; Vides Tehnika","isPartOf":{"@id":"https:\/\/videstehnika.lv\/lt\/#website"},"primaryImageOfPage":{"@id":"https:\/\/videstehnika.lv\/katalogs\/buvmateriali-buvei-remontam-un-ieksdarbiem\/sausie-maisijumi-ara-darbiem-un-ieksdarbiem\/betona-spakteles-un-remonta-javas\/ardex-e100-akrilata-dispersija\/#primaryimage"},"image":{"@id":"https:\/\/videstehnika.lv\/katalogs\/buvmateriali-buvei-remontam-un-ieksdarbiem\/sausie-maisijumi-ara-darbiem-un-ieksdarbiem\/betona-spakteles-un-remonta-javas\/ardex-e100-akrilata-dispersija\/#primaryimage"},"thumbnailUrl":"https:\/\/videstehnika.lv\/wp-content\/uploads\/2025\/10\/ARDEX-E-100-low.png","datePublished":"2025-10-24T10:01:12+00:00","dateModified":"2025-11-20T10:27:14+00:00","description":"Piedeva cementa jav\u0101m un betona \u0161paktel\u0113m. Palielina nodilumiztur\u012bbu, iztur\u012bbu un sa\u0137eri. Uzlabo aizsardz\u012bbu pret koroziju.","breadcrumb":{"@id":"https:\/\/videstehnika.lv\/katalogs\/buvmateriali-buvei-remontam-un-ieksdarbiem\/sausie-maisijumi-ara-darbiem-un-ieksdarbiem\/betona-spakteles-un-remonta-javas\/ardex-e100-akrilata-dispersija\/#breadcrumb"},"inLanguage":"lt-LT","potentialAction":[{"@type":"ReadAction","target":["https:\/\/videstehnika.lv\/katalogs\/buvmateriali-buvei-remontam-un-ieksdarbiem\/sausie-maisijumi-ara-darbiem-un-ieksdarbiem\/betona-spakteles-un-remonta-javas\/ardex-e100-akrilata-dispersija\/"]}]},{"@type":"ImageObject","inLanguage":"lt-LT","@id":"https:\/\/videstehnika.lv\/katalogs\/buvmateriali-buvei-remontam-un-ieksdarbiem\/sausie-maisijumi-ara-darbiem-un-ieksdarbiem\/betona-spakteles-un-remonta-javas\/ardex-e100-akrilata-dispersija\/#primaryimage","url":"https:\/\/videstehnika.lv\/wp-content\/uploads\/2025\/10\/ARDEX-E-100-low.png","contentUrl":"https:\/\/videstehnika.lv\/wp-content\/uploads\/2025\/10\/ARDEX-E-100-low.png","width":594,"height":640},{"@type":"BreadcrumbList","@id":"https:\/\/videstehnika.lv\/katalogs\/buvmateriali-buvei-remontam-un-ieksdarbiem\/sausie-maisijumi-ara-darbiem-un-ieksdarbiem\/betona-spakteles-un-remonta-javas\/ardex-e100-akrilata-dispersija\/#breadcrumb","itemListElement":[{"@type":"ListItem","position":1,"name":"Home","item":"https:\/\/videstehnika.lv\/lt\/"},{"@type":"ListItem","position":2,"name":"Katalogas","item":"https:\/\/videstehnika.lv\/lt\/katalogas\/"},{"@type":"ListItem","position":3,"name":"ARDEX E100 akril\u0101ta dispersija"}]},{"@type":"WebSite","@id":"https:\/\/videstehnika.lv\/lt\/#website","url":"https:\/\/videstehnika.lv\/lt\/","name":"Vides Tehnika","description":"","potentialAction":[{"@type":"SearchAction","target":{"@type":"EntryPoint","urlTemplate":"https:\/\/videstehnika.lv\/lt\/?s={search_term_string}"},"query-input":{"@type":"PropertyValueSpecification","valueRequired":true,"valueName":"search_term_string"}}],"inLanguage":"lt-LT"}]}},"_links":{"self":[{"href":"https:\/\/videstehnika.lv\/lt\/wp-json\/wp\/v2\/product\/79935","targetHints":{"allow":["GET"]}}],"collection":[{"href":"https:\/\/videstehnika.lv\/lt\/wp-json\/wp\/v2\/product"}],"about":[{"href":"https:\/\/videstehnika.lv\/lt\/wp-json\/wp\/v2\/types\/product"}],"wp:featuredmedia":[{"embeddable":true,"href":"https:\/\/videstehnika.lv\/lt\/wp-json\/wp\/v2\/media\/79936"}],"wp:attachment":[{"href":"https:\/\/videstehnika.lv\/lt\/wp-json\/wp\/v2\/media?parent=79935"}],"wp:term":[{"taxonomy":"product_cat","embeddable":true,"href":"https:\/\/videstehnika.lv\/lt\/wp-json\/wp\/v2\/product_cat?post=79935"},{"taxonomy":"product_tag","embeddable":true,"href":"https:\/\/videstehnika.lv\/lt\/wp-json\/wp\/v2\/product_tag?post=79935"}],"curies":[{"name":"wp","href":"https:\/\/api.w.org\/{rel}","templated":true}]}}