{"id":80538,"date":"2025-10-27T15:01:04","date_gmt":"2025-10-27T13:01:04","guid":{"rendered":"https:\/\/videstehnika.lv\/?post_type=product&#038;p=80538"},"modified":"2025-11-20T12:00:54","modified_gmt":"2025-11-20T10:00:54","slug":"ardex-x32-elastiga-lime-dabigam-akmenim-c2fte-s1","status":"publish","type":"product","link":"https:\/\/videstehnika.lv\/katalogs\/buvmateriali-buvei-remontam-un-ieksdarbiem\/sausie-maisijumi-ara-darbiem-un-ieksdarbiem\/flizu-limes-uz-cementa-bazes\/ardex-x32-elastiga-lime-dabigam-akmenim-c2fte-s1\/","title":{"rendered":"ARDEX X32 elast\u012bga l\u012bme dab\u012bgam akmenim (C2FTE\/S1)"},"content":{"rendered":"<h2>ARDEX X32 elast\u012bga l\u012bme dab\u012bgam akmenim (C2FTE\/S1)<\/h2>\n<p>Iek\u0161darbiem un \u0101rdarbiem, sien\u0101m un gr\u012bd\u0101m.<br \/>\nDab\u012bg\u0101 akmens l\u012bm\u0113\u0161anai bez to\u0146a un formas izmai\u0146\u0101m.<br \/>\nK\u0101rt\u0101m ar biezumu l\u012bdz 30 mm.<br \/>\nARDURAPID PLUS \u012bpa\u0161\u012bbas.<br \/>\nBez rukuma.<br \/>\nKalibr\u0113tu pl\u0101k\u0161\u0146u l\u012bm\u0113\u0161anai ar 8x8x8 izm\u0113ra \u0137elli.<br \/>\nDa\u017e\u0101da biezuma pl\u0101k\u0161\u0146u l\u012bm\u0113\u0161anai 5-30 mm biez\u0101 l\u012bmes k\u0101rt\u0101.<br \/>\nAtgr\u016b\u017e \u016bdeni un iztur\u012bga pret klimata ietekmi.<br \/>\nJau p\u0113c 3 stund\u0101m saciet\u0113jusi.<\/p>\n<h2>Pielietojums<\/h2>\n<p>\u2013 Marmora, jura marmora, gran\u012bta, kvarc\u012bta u.c., k\u0101 ar\u012b \u201ccotto\u201c un betona pl\u0101t\u0146u l\u012bm\u0113\u0161anai, nepie\u013caujot to\u0146u mai\u0146as.<br \/>\n\u2013 Keramikas, akmens masas un porcel\u0101na fl\u012b\u017eu l\u012bm\u0113\u0161anai.<br \/>\n\u2013 Betona pl\u0101k\u0161\u0146u l\u012bm\u0113\u0161anai.<br \/>\n\u2013 Sienu un gr\u012bdu l\u012bdzin\u0101\u0161anai.<br \/>\n\u2013 Var izmantot uz betona un m\u016bra, kur\u0161 turpina deform\u0113ties un ir vismaz 3 m\u0113ne\u0161us ciet\u0113jis.<br \/>\nPiem\u0113rota uz apsild\u0101m\u0101m virsm\u0101m.<\/p>\n<p><strong>Uzman\u012bbu:<\/strong><br \/>\n\u2013 Krist\u0101lisk\u0101 gai\u0161a un caursp\u012bd\u012bg\u0101 marmora l\u012bm\u0113\u0161anai iek\u0161telp\u0101s izmantojiet ARDEX N23 W balto l\u012bmi.<br \/>\n\u2013 Marmora un citu j\u016bt\u012bgo dab\u012bgo akmens \u0161uvju aizpild\u012b\u0161anai izmantojiet ARDEX G10 \u0161uvot\u0101ju.<\/p>\n<p><strong>Klasifik\u0101cija:<\/strong><br \/>\nC2\/FTE S1 atbilsto\u0161i EN 12004\/12002<\/p>\n","protected":false},"excerpt":{"rendered":"<p>ARDEX X32 elast\u012bga l\u012bme dab\u012bgam akmenim (C2FTE\/S1) Iek\u0161darbiem un \u0101rdarbiem, sien\u0101m un gr\u012bd\u0101m. Dab\u012bg\u0101 akmens l\u012bm\u0113\u0161anai bez to\u0146a un formas<\/p>\n","protected":false},"featured_media":80539,"template":"","meta":{"_acf_changed":false},"product_cat":[2057],"product_tag":[],"class_list":{"0":"post-80538","1":"product","2":"type-product","3":"status-publish","4":"has-post-thumbnail","6":"product_cat-flizu-limes-uz-cementa-bazes","8":"first","9":"onbackorder","10":"taxable","11":"shipping-taxable","12":"purchasable","13":"product-type-simple"},"acf":[],"yoast_head":"<!-- This site is optimized with the Yoast SEO plugin v24.2 - https:\/\/yoast.com\/wordpress\/plugins\/seo\/ -->\n<title>ARDEX X32 elast\u012bga l\u012bme dab\u012bgam akmenim (C2FTE\/S1) &#8226; Vides Tehnika<\/title>\n<meta name=\"description\" content=\"Iek\u0161darbiem un \u0101rdarbiem, sien\u0101m un gr\u012bd\u0101m.Dab\u012bg\u0101 akmens l\u012bm\u0113\u0161anai bez to\u0146a un formas izmai\u0146\u0101m.K\u0101rt\u0101m ar biezumu l\u012bdz 30 mm.\" \/>\n<meta name=\"robots\" content=\"index, follow, max-snippet:-1, max-image-preview:large, max-video-preview:-1\" \/>\n<link rel=\"canonical\" href=\"https:\/\/videstehnika.lv\/lt\/katalogs\/buvmateriali-buvei-remontam-un-ieksdarbiem\/sausie-maisijumi-ara-darbiem-un-ieksdarbiem\/flizu-limes-uz-cementa-bazes\/ardex-x32-elastiga-lime-dabigam-akmenim-c2fte-s1\/\" \/>\n<meta property=\"og:locale\" content=\"lt_LT\" \/>\n<meta property=\"og:type\" content=\"article\" \/>\n<meta property=\"og:title\" content=\"ARDEX X32 elast\u012bga l\u012bme dab\u012bgam akmenim (C2FTE\/S1) &#8226; Vides Tehnika\" \/>\n<meta property=\"og:description\" content=\"Iek\u0161darbiem un \u0101rdarbiem, sien\u0101m un gr\u012bd\u0101m.Dab\u012bg\u0101 akmens l\u012bm\u0113\u0161anai bez to\u0146a un formas izmai\u0146\u0101m.K\u0101rt\u0101m ar biezumu l\u012bdz 30 mm.\" \/>\n<meta property=\"og:url\" content=\"https:\/\/videstehnika.lv\/katalogs\/buvmateriali-buvei-remontam-un-ieksdarbiem\/sausie-maisijumi-ara-darbiem-un-ieksdarbiem\/flizu-limes-uz-cementa-bazes\/ardex-x32-elastiga-lime-dabigam-akmenim-c2fte-s1\/\" \/>\n<meta property=\"og:site_name\" content=\"Vides Tehnika\" \/>\n<meta property=\"article:modified_time\" content=\"2025-11-20T10:00:54+00:00\" \/>\n<meta property=\"og:image\" content=\"https:\/\/videstehnika.lv\/wp-content\/uploads\/2025\/10\/ARDEX-X-32-low.png\" \/>\n\t<meta property=\"og:image:width\" content=\"594\" \/>\n\t<meta property=\"og:image:height\" content=\"640\" \/>\n\t<meta property=\"og:image:type\" content=\"image\/png\" \/>\n<meta name=\"twitter:card\" content=\"summary_large_image\" \/>\n<meta name=\"twitter:label1\" content=\"Est. reading time\" \/>\n\t<meta name=\"twitter:data1\" content=\"1 minut\u0117\" \/>\n<script type=\"application\/ld+json\" class=\"yoast-schema-graph\">{\"@context\":\"https:\/\/schema.org\",\"@graph\":[{\"@type\":\"WebPage\",\"@id\":\"https:\/\/videstehnika.lv\/katalogs\/buvmateriali-buvei-remontam-un-ieksdarbiem\/sausie-maisijumi-ara-darbiem-un-ieksdarbiem\/flizu-limes-uz-cementa-bazes\/ardex-x32-elastiga-lime-dabigam-akmenim-c2fte-s1\/\",\"url\":\"https:\/\/videstehnika.lv\/katalogs\/buvmateriali-buvei-remontam-un-ieksdarbiem\/sausie-maisijumi-ara-darbiem-un-ieksdarbiem\/flizu-limes-uz-cementa-bazes\/ardex-x32-elastiga-lime-dabigam-akmenim-c2fte-s1\/\",\"name\":\"ARDEX X32 elast\u012bga l\u012bme dab\u012bgam akmenim (C2FTE\/S1) &#8226; Vides Tehnika\",\"isPartOf\":{\"@id\":\"https:\/\/videstehnika.lv\/lt\/#website\"},\"primaryImageOfPage\":{\"@id\":\"https:\/\/videstehnika.lv\/katalogs\/buvmateriali-buvei-remontam-un-ieksdarbiem\/sausie-maisijumi-ara-darbiem-un-ieksdarbiem\/flizu-limes-uz-cementa-bazes\/ardex-x32-elastiga-lime-dabigam-akmenim-c2fte-s1\/#primaryimage\"},\"image\":{\"@id\":\"https:\/\/videstehnika.lv\/katalogs\/buvmateriali-buvei-remontam-un-ieksdarbiem\/sausie-maisijumi-ara-darbiem-un-ieksdarbiem\/flizu-limes-uz-cementa-bazes\/ardex-x32-elastiga-lime-dabigam-akmenim-c2fte-s1\/#primaryimage\"},\"thumbnailUrl\":\"https:\/\/videstehnika.lv\/wp-content\/uploads\/2025\/10\/ARDEX-X-32-low.png\",\"datePublished\":\"2025-10-27T13:01:04+00:00\",\"dateModified\":\"2025-11-20T10:00:54+00:00\",\"description\":\"Iek\u0161darbiem un \u0101rdarbiem, sien\u0101m un gr\u012bd\u0101m.Dab\u012bg\u0101 akmens l\u012bm\u0113\u0161anai bez to\u0146a un formas izmai\u0146\u0101m.K\u0101rt\u0101m ar biezumu l\u012bdz 30 mm.\",\"breadcrumb\":{\"@id\":\"https:\/\/videstehnika.lv\/katalogs\/buvmateriali-buvei-remontam-un-ieksdarbiem\/sausie-maisijumi-ara-darbiem-un-ieksdarbiem\/flizu-limes-uz-cementa-bazes\/ardex-x32-elastiga-lime-dabigam-akmenim-c2fte-s1\/#breadcrumb\"},\"inLanguage\":\"lt-LT\",\"potentialAction\":[{\"@type\":\"ReadAction\",\"target\":[\"https:\/\/videstehnika.lv\/katalogs\/buvmateriali-buvei-remontam-un-ieksdarbiem\/sausie-maisijumi-ara-darbiem-un-ieksdarbiem\/flizu-limes-uz-cementa-bazes\/ardex-x32-elastiga-lime-dabigam-akmenim-c2fte-s1\/\"]}]},{\"@type\":\"ImageObject\",\"inLanguage\":\"lt-LT\",\"@id\":\"https:\/\/videstehnika.lv\/katalogs\/buvmateriali-buvei-remontam-un-ieksdarbiem\/sausie-maisijumi-ara-darbiem-un-ieksdarbiem\/flizu-limes-uz-cementa-bazes\/ardex-x32-elastiga-lime-dabigam-akmenim-c2fte-s1\/#primaryimage\",\"url\":\"https:\/\/videstehnika.lv\/wp-content\/uploads\/2025\/10\/ARDEX-X-32-low.png\",\"contentUrl\":\"https:\/\/videstehnika.lv\/wp-content\/uploads\/2025\/10\/ARDEX-X-32-low.png\",\"width\":594,\"height\":640},{\"@type\":\"BreadcrumbList\",\"@id\":\"https:\/\/videstehnika.lv\/katalogs\/buvmateriali-buvei-remontam-un-ieksdarbiem\/sausie-maisijumi-ara-darbiem-un-ieksdarbiem\/flizu-limes-uz-cementa-bazes\/ardex-x32-elastiga-lime-dabigam-akmenim-c2fte-s1\/#breadcrumb\",\"itemListElement\":[{\"@type\":\"ListItem\",\"position\":1,\"name\":\"Home\",\"item\":\"https:\/\/videstehnika.lv\/lt\/\"},{\"@type\":\"ListItem\",\"position\":2,\"name\":\"Katalogas\",\"item\":\"https:\/\/videstehnika.lv\/lt\/katalogas\/\"},{\"@type\":\"ListItem\",\"position\":3,\"name\":\"ARDEX X32 elast\u012bga l\u012bme dab\u012bgam akmenim (C2FTE\/S1)\"}]},{\"@type\":\"WebSite\",\"@id\":\"https:\/\/videstehnika.lv\/lt\/#website\",\"url\":\"https:\/\/videstehnika.lv\/lt\/\",\"name\":\"Vides Tehnika\",\"description\":\"\",\"potentialAction\":[{\"@type\":\"SearchAction\",\"target\":{\"@type\":\"EntryPoint\",\"urlTemplate\":\"https:\/\/videstehnika.lv\/lt\/?s={search_term_string}\"},\"query-input\":{\"@type\":\"PropertyValueSpecification\",\"valueRequired\":true,\"valueName\":\"search_term_string\"}}],\"inLanguage\":\"lt-LT\"}]}<\/script>\n<!-- \/ Yoast SEO plugin. -->","yoast_head_json":{"title":"ARDEX X32 elast\u012bga l\u012bme dab\u012bgam akmenim (C2FTE\/S1) &#8226; Vides Tehnika","description":"Iek\u0161darbiem un \u0101rdarbiem, sien\u0101m un gr\u012bd\u0101m.Dab\u012bg\u0101 akmens l\u012bm\u0113\u0161anai bez to\u0146a un formas izmai\u0146\u0101m.K\u0101rt\u0101m ar biezumu l\u012bdz 30 mm.","robots":{"index":"index","follow":"follow","max-snippet":"max-snippet:-1","max-image-preview":"max-image-preview:large","max-video-preview":"max-video-preview:-1"},"canonical":"https:\/\/videstehnika.lv\/lt\/katalogs\/buvmateriali-buvei-remontam-un-ieksdarbiem\/sausie-maisijumi-ara-darbiem-un-ieksdarbiem\/flizu-limes-uz-cementa-bazes\/ardex-x32-elastiga-lime-dabigam-akmenim-c2fte-s1\/","og_locale":"lt_LT","og_type":"article","og_title":"ARDEX X32 elast\u012bga l\u012bme dab\u012bgam akmenim (C2FTE\/S1) &#8226; Vides Tehnika","og_description":"Iek\u0161darbiem un \u0101rdarbiem, sien\u0101m un gr\u012bd\u0101m.Dab\u012bg\u0101 akmens l\u012bm\u0113\u0161anai bez to\u0146a un formas izmai\u0146\u0101m.K\u0101rt\u0101m ar biezumu l\u012bdz 30 mm.","og_url":"https:\/\/videstehnika.lv\/katalogs\/buvmateriali-buvei-remontam-un-ieksdarbiem\/sausie-maisijumi-ara-darbiem-un-ieksdarbiem\/flizu-limes-uz-cementa-bazes\/ardex-x32-elastiga-lime-dabigam-akmenim-c2fte-s1\/","og_site_name":"Vides Tehnika","article_modified_time":"2025-11-20T10:00:54+00:00","og_image":[{"width":594,"height":640,"url":"https:\/\/videstehnika.lv\/wp-content\/uploads\/2025\/10\/ARDEX-X-32-low.png","type":"image\/png"}],"twitter_card":"summary_large_image","twitter_misc":{"Est. reading time":"1 minut\u0117"},"schema":{"@context":"https:\/\/schema.org","@graph":[{"@type":"WebPage","@id":"https:\/\/videstehnika.lv\/katalogs\/buvmateriali-buvei-remontam-un-ieksdarbiem\/sausie-maisijumi-ara-darbiem-un-ieksdarbiem\/flizu-limes-uz-cementa-bazes\/ardex-x32-elastiga-lime-dabigam-akmenim-c2fte-s1\/","url":"https:\/\/videstehnika.lv\/katalogs\/buvmateriali-buvei-remontam-un-ieksdarbiem\/sausie-maisijumi-ara-darbiem-un-ieksdarbiem\/flizu-limes-uz-cementa-bazes\/ardex-x32-elastiga-lime-dabigam-akmenim-c2fte-s1\/","name":"ARDEX X32 elast\u012bga l\u012bme dab\u012bgam akmenim (C2FTE\/S1) &#8226; Vides Tehnika","isPartOf":{"@id":"https:\/\/videstehnika.lv\/lt\/#website"},"primaryImageOfPage":{"@id":"https:\/\/videstehnika.lv\/katalogs\/buvmateriali-buvei-remontam-un-ieksdarbiem\/sausie-maisijumi-ara-darbiem-un-ieksdarbiem\/flizu-limes-uz-cementa-bazes\/ardex-x32-elastiga-lime-dabigam-akmenim-c2fte-s1\/#primaryimage"},"image":{"@id":"https:\/\/videstehnika.lv\/katalogs\/buvmateriali-buvei-remontam-un-ieksdarbiem\/sausie-maisijumi-ara-darbiem-un-ieksdarbiem\/flizu-limes-uz-cementa-bazes\/ardex-x32-elastiga-lime-dabigam-akmenim-c2fte-s1\/#primaryimage"},"thumbnailUrl":"https:\/\/videstehnika.lv\/wp-content\/uploads\/2025\/10\/ARDEX-X-32-low.png","datePublished":"2025-10-27T13:01:04+00:00","dateModified":"2025-11-20T10:00:54+00:00","description":"Iek\u0161darbiem un \u0101rdarbiem, sien\u0101m un gr\u012bd\u0101m.Dab\u012bg\u0101 akmens l\u012bm\u0113\u0161anai bez to\u0146a un formas izmai\u0146\u0101m.K\u0101rt\u0101m ar biezumu l\u012bdz 30 mm.","breadcrumb":{"@id":"https:\/\/videstehnika.lv\/katalogs\/buvmateriali-buvei-remontam-un-ieksdarbiem\/sausie-maisijumi-ara-darbiem-un-ieksdarbiem\/flizu-limes-uz-cementa-bazes\/ardex-x32-elastiga-lime-dabigam-akmenim-c2fte-s1\/#breadcrumb"},"inLanguage":"lt-LT","potentialAction":[{"@type":"ReadAction","target":["https:\/\/videstehnika.lv\/katalogs\/buvmateriali-buvei-remontam-un-ieksdarbiem\/sausie-maisijumi-ara-darbiem-un-ieksdarbiem\/flizu-limes-uz-cementa-bazes\/ardex-x32-elastiga-lime-dabigam-akmenim-c2fte-s1\/"]}]},{"@type":"ImageObject","inLanguage":"lt-LT","@id":"https:\/\/videstehnika.lv\/katalogs\/buvmateriali-buvei-remontam-un-ieksdarbiem\/sausie-maisijumi-ara-darbiem-un-ieksdarbiem\/flizu-limes-uz-cementa-bazes\/ardex-x32-elastiga-lime-dabigam-akmenim-c2fte-s1\/#primaryimage","url":"https:\/\/videstehnika.lv\/wp-content\/uploads\/2025\/10\/ARDEX-X-32-low.png","contentUrl":"https:\/\/videstehnika.lv\/wp-content\/uploads\/2025\/10\/ARDEX-X-32-low.png","width":594,"height":640},{"@type":"BreadcrumbList","@id":"https:\/\/videstehnika.lv\/katalogs\/buvmateriali-buvei-remontam-un-ieksdarbiem\/sausie-maisijumi-ara-darbiem-un-ieksdarbiem\/flizu-limes-uz-cementa-bazes\/ardex-x32-elastiga-lime-dabigam-akmenim-c2fte-s1\/#breadcrumb","itemListElement":[{"@type":"ListItem","position":1,"name":"Home","item":"https:\/\/videstehnika.lv\/lt\/"},{"@type":"ListItem","position":2,"name":"Katalogas","item":"https:\/\/videstehnika.lv\/lt\/katalogas\/"},{"@type":"ListItem","position":3,"name":"ARDEX X32 elast\u012bga l\u012bme dab\u012bgam akmenim (C2FTE\/S1)"}]},{"@type":"WebSite","@id":"https:\/\/videstehnika.lv\/lt\/#website","url":"https:\/\/videstehnika.lv\/lt\/","name":"Vides Tehnika","description":"","potentialAction":[{"@type":"SearchAction","target":{"@type":"EntryPoint","urlTemplate":"https:\/\/videstehnika.lv\/lt\/?s={search_term_string}"},"query-input":{"@type":"PropertyValueSpecification","valueRequired":true,"valueName":"search_term_string"}}],"inLanguage":"lt-LT"}]}},"_links":{"self":[{"href":"https:\/\/videstehnika.lv\/lt\/wp-json\/wp\/v2\/product\/80538","targetHints":{"allow":["GET"]}}],"collection":[{"href":"https:\/\/videstehnika.lv\/lt\/wp-json\/wp\/v2\/product"}],"about":[{"href":"https:\/\/videstehnika.lv\/lt\/wp-json\/wp\/v2\/types\/product"}],"wp:featuredmedia":[{"embeddable":true,"href":"https:\/\/videstehnika.lv\/lt\/wp-json\/wp\/v2\/media\/80539"}],"wp:attachment":[{"href":"https:\/\/videstehnika.lv\/lt\/wp-json\/wp\/v2\/media?parent=80538"}],"wp:term":[{"taxonomy":"product_cat","embeddable":true,"href":"https:\/\/videstehnika.lv\/lt\/wp-json\/wp\/v2\/product_cat?post=80538"},{"taxonomy":"product_tag","embeddable":true,"href":"https:\/\/videstehnika.lv\/lt\/wp-json\/wp\/v2\/product_tag?post=80538"}],"curies":[{"name":"wp","href":"https:\/\/api.w.org\/{rel}","templated":true}]}}