{"id":80678,"date":"2025-10-27T15:47:19","date_gmt":"2025-10-27T13:47:19","guid":{"rendered":"https:\/\/videstehnika.lv\/?post_type=product&#038;p=80678"},"modified":"2025-11-20T11:58:47","modified_gmt":"2025-11-20T09:58:47","slug":"ardex-s28-microtec-lime-liela-formata-flizem-c2fte-s1","status":"publish","type":"product","link":"https:\/\/videstehnika.lv\/katalogs\/buvmateriali-buvei-remontam-un-ieksdarbiem\/sausie-maisijumi-ara-darbiem-un-ieksdarbiem\/flizu-limes-uz-cementa-bazes\/ardex-s28-microtec-lime-liela-formata-flizem-c2fte-s1\/","title":{"rendered":"ARDEX S28 MICROTEC l\u012bme liela form\u0101ta fl\u012bz\u0113m (C2FTE\/S1)"},"content":{"rendered":"<h2>ARDEX S28 MICROTEC l\u012bme liela form\u0101ta fl\u012bz\u0113m (C2FTE\/S1)<\/h2>\n<p>Iek\u0161darbiem, sien\u0101m un gr\u012bd\u0101m<br \/>\nLiela form\u0101ta fl\u012b\u017eu l\u012bm\u0113\u0161anai uz pret mitrumu j\u016bt\u012bg\u0101m pamatn\u0113m.<br \/>\nM\u012bkst\u0101 un elast\u012bg\u0101 konsistence nodro\u0161ina fl\u012b\u017eu un pl\u0101k\u0161\u0146u l\u012bm\u0113jam\u0101s virsmas piln\u012bgu noseg\u0161anu ar l\u012bmi.<br \/>\nL\u012bm\u0113jam\u0101s pl\u0101ksnes neloc\u0101s.<br \/>\nK\u0101rt\u0101m ar biezumu no 2 &#8211; 15 mm.<br \/>\n\u012ap\u0101\u0161i piem\u0113rota liela form\u0101ta fl\u012bz\u0113m.<\/p>\n<p>Dro\u0161\u012bba pateicoties \u0161\u0137iedr\u0101m:<br \/>\n\u2013 stipr\u0101ka sa\u0137ere,<br \/>\n\u2013 iztur\u012bba pret b\u012bdi un deform\u0101cij\u0101m<\/p>\n<h2>Pielietojums<\/h2>\n<p>\u2013 Dab\u012bg\u0101 akmens, terakota pl\u0101k\u0161\u0146u l\u012bm\u0113\u0161anai bez formas un kr\u0101sas izmai\u0146\u0101m.<br \/>\n\u2013 Neuzs\u016bco\u0161a akmens masas fl\u012b\u017eu l\u012bm\u0113\u0161anai.<br \/>\n\u2013 \u012apa\u0161i piem\u0113rota pl\u0101nu, liela form\u0101ta fl\u012b\u017eu l\u012bm\u0113\u0161anai ar\u012b uz pret mitrumu j\u016bt\u012bg\u0101m pamatn\u0113m, piem\u0113ram, kalcija sulf\u0101ta.<br \/>\n\u2013 Liela form\u0101ta fl\u012b\u017eu l\u012bm\u0113\u0161anai uz virsm\u0101m, kas j\u016bt\u012bgas pret mitrumu, piem\u0113ram, \u0123ip\u0161a apmetums, koka virsmas.<br \/>\n\u2013 Sint\u0113tisko sve\u0137u (kvarca kompoz\u012bta) fl\u012b\u017eu un pl\u0101k\u0161\u0146u l\u012bm\u0113\u0161anai.<br \/>\n\u2013 Var izmantot uz betona un m\u016bra, kur\u0161 turpina deform\u0113ties un ir vismaz 3 m\u0113ne\u0161us ciet\u0113jis.<br \/>\nPiem\u0113rota uz apsild\u0101m\u0101m virsm\u0101m.<\/p>\n<p>ARDEX S 28 NEW + ARDEX E 90<br \/>\n= v\u0113l elast\u012bg\u0101ka (S2 atbilsto\u0161i EN 12002)<br \/>\n(ar E 90 &#8211; tikai keramikas fl\u012bzes)<\/p>\n<p><strong>Klasifik\u0101cija:<\/strong><br \/>\nC2\/FTE S1 atbilsto\u0161i EN 12004\/12002<\/p>\n","protected":false},"excerpt":{"rendered":"<p>ARDEX S28 MICROTEC l\u012bme liela form\u0101ta fl\u012bz\u0113m (C2FTE\/S1) Iek\u0161darbiem, sien\u0101m un gr\u012bd\u0101m Liela form\u0101ta fl\u012b\u017eu l\u012bm\u0113\u0161anai uz pret mitrumu j\u016bt\u012bg\u0101m<\/p>\n","protected":false},"featured_media":80679,"template":"","meta":{"_acf_changed":false},"product_cat":[2092],"product_tag":[],"class_list":{"0":"post-80678","1":"product","2":"type-product","3":"status-publish","4":"has-post-thumbnail","6":"product_cat-2092","8":"first","9":"onbackorder","10":"taxable","11":"shipping-taxable","12":"purchasable","13":"product-type-simple"},"acf":[],"yoast_head":"<!-- This site is optimized with the Yoast SEO plugin v24.2 - https:\/\/yoast.com\/wordpress\/plugins\/seo\/ -->\n<title>ARDEX S28 MICROTEC l\u012bme liela form\u0101ta fl\u012bz\u0113m (C2FTE\/S1) &#8226; Vides Tehnika<\/title>\n<meta name=\"description\" content=\"Iek\u0161darbiem, sien\u0101m un gr\u012bd\u0101m. Liela form\u0101ta fl\u012b\u017eu l\u012bm\u0113\u0161anai uz pret mitrumu j\u016bt\u012bg\u0101m pamatn\u0113m.\" \/>\n<meta name=\"robots\" content=\"index, follow, max-snippet:-1, max-image-preview:large, max-video-preview:-1\" \/>\n<link rel=\"canonical\" href=\"https:\/\/videstehnika.lv\/lt\/katalogs\/buvmateriali-buvei-remontam-un-ieksdarbiem\/sausie-maisijumi-ara-darbiem-un-ieksdarbiem\/flizu-limes-uz-cementa-bazes\/ardex-s28-microtec-lime-liela-formata-flizem-c2fte-s1\/\" \/>\n<meta property=\"og:locale\" content=\"lt_LT\" \/>\n<meta property=\"og:type\" content=\"article\" \/>\n<meta property=\"og:title\" content=\"ARDEX S28 MICROTEC l\u012bme liela form\u0101ta fl\u012bz\u0113m (C2FTE\/S1) &#8226; Vides Tehnika\" \/>\n<meta property=\"og:description\" content=\"Iek\u0161darbiem, sien\u0101m un gr\u012bd\u0101m. Liela form\u0101ta fl\u012b\u017eu l\u012bm\u0113\u0161anai uz pret mitrumu j\u016bt\u012bg\u0101m pamatn\u0113m.\" \/>\n<meta property=\"og:url\" content=\"https:\/\/videstehnika.lv\/katalogs\/buvmateriali-buvei-remontam-un-ieksdarbiem\/sausie-maisijumi-ara-darbiem-un-ieksdarbiem\/flizu-limes-uz-cementa-bazes\/ardex-s28-microtec-lime-liela-formata-flizem-c2fte-s1\/\" \/>\n<meta property=\"og:site_name\" content=\"Vides Tehnika\" \/>\n<meta property=\"article:modified_time\" content=\"2025-11-20T09:58:47+00:00\" \/>\n<meta property=\"og:image\" content=\"https:\/\/videstehnika.lv\/wp-content\/uploads\/2025\/10\/ARDEX-S-28-web.png\" \/>\n\t<meta property=\"og:image:width\" content=\"594\" \/>\n\t<meta property=\"og:image:height\" content=\"640\" \/>\n\t<meta property=\"og:image:type\" content=\"image\/png\" \/>\n<meta name=\"twitter:card\" content=\"summary_large_image\" \/>\n<meta name=\"twitter:label1\" content=\"Est. reading time\" \/>\n\t<meta name=\"twitter:data1\" content=\"1 minut\u0117\" \/>\n<script type=\"application\/ld+json\" class=\"yoast-schema-graph\">{\"@context\":\"https:\/\/schema.org\",\"@graph\":[{\"@type\":\"WebPage\",\"@id\":\"https:\/\/videstehnika.lv\/katalogs\/buvmateriali-buvei-remontam-un-ieksdarbiem\/sausie-maisijumi-ara-darbiem-un-ieksdarbiem\/flizu-limes-uz-cementa-bazes\/ardex-s28-microtec-lime-liela-formata-flizem-c2fte-s1\/\",\"url\":\"https:\/\/videstehnika.lv\/katalogs\/buvmateriali-buvei-remontam-un-ieksdarbiem\/sausie-maisijumi-ara-darbiem-un-ieksdarbiem\/flizu-limes-uz-cementa-bazes\/ardex-s28-microtec-lime-liela-formata-flizem-c2fte-s1\/\",\"name\":\"ARDEX S28 MICROTEC l\u012bme liela form\u0101ta fl\u012bz\u0113m (C2FTE\/S1) &#8226; Vides Tehnika\",\"isPartOf\":{\"@id\":\"https:\/\/videstehnika.lv\/lt\/#website\"},\"primaryImageOfPage\":{\"@id\":\"https:\/\/videstehnika.lv\/katalogs\/buvmateriali-buvei-remontam-un-ieksdarbiem\/sausie-maisijumi-ara-darbiem-un-ieksdarbiem\/flizu-limes-uz-cementa-bazes\/ardex-s28-microtec-lime-liela-formata-flizem-c2fte-s1\/#primaryimage\"},\"image\":{\"@id\":\"https:\/\/videstehnika.lv\/katalogs\/buvmateriali-buvei-remontam-un-ieksdarbiem\/sausie-maisijumi-ara-darbiem-un-ieksdarbiem\/flizu-limes-uz-cementa-bazes\/ardex-s28-microtec-lime-liela-formata-flizem-c2fte-s1\/#primaryimage\"},\"thumbnailUrl\":\"https:\/\/videstehnika.lv\/wp-content\/uploads\/2025\/10\/ARDEX-S-28-web.png\",\"datePublished\":\"2025-10-27T13:47:19+00:00\",\"dateModified\":\"2025-11-20T09:58:47+00:00\",\"description\":\"Iek\u0161darbiem, sien\u0101m un gr\u012bd\u0101m. Liela form\u0101ta fl\u012b\u017eu l\u012bm\u0113\u0161anai uz pret mitrumu j\u016bt\u012bg\u0101m pamatn\u0113m.\",\"breadcrumb\":{\"@id\":\"https:\/\/videstehnika.lv\/katalogs\/buvmateriali-buvei-remontam-un-ieksdarbiem\/sausie-maisijumi-ara-darbiem-un-ieksdarbiem\/flizu-limes-uz-cementa-bazes\/ardex-s28-microtec-lime-liela-formata-flizem-c2fte-s1\/#breadcrumb\"},\"inLanguage\":\"lt-LT\",\"potentialAction\":[{\"@type\":\"ReadAction\",\"target\":[\"https:\/\/videstehnika.lv\/katalogs\/buvmateriali-buvei-remontam-un-ieksdarbiem\/sausie-maisijumi-ara-darbiem-un-ieksdarbiem\/flizu-limes-uz-cementa-bazes\/ardex-s28-microtec-lime-liela-formata-flizem-c2fte-s1\/\"]}]},{\"@type\":\"ImageObject\",\"inLanguage\":\"lt-LT\",\"@id\":\"https:\/\/videstehnika.lv\/katalogs\/buvmateriali-buvei-remontam-un-ieksdarbiem\/sausie-maisijumi-ara-darbiem-un-ieksdarbiem\/flizu-limes-uz-cementa-bazes\/ardex-s28-microtec-lime-liela-formata-flizem-c2fte-s1\/#primaryimage\",\"url\":\"https:\/\/videstehnika.lv\/wp-content\/uploads\/2025\/10\/ARDEX-S-28-web.png\",\"contentUrl\":\"https:\/\/videstehnika.lv\/wp-content\/uploads\/2025\/10\/ARDEX-S-28-web.png\",\"width\":594,\"height\":640},{\"@type\":\"BreadcrumbList\",\"@id\":\"https:\/\/videstehnika.lv\/katalogs\/buvmateriali-buvei-remontam-un-ieksdarbiem\/sausie-maisijumi-ara-darbiem-un-ieksdarbiem\/flizu-limes-uz-cementa-bazes\/ardex-s28-microtec-lime-liela-formata-flizem-c2fte-s1\/#breadcrumb\",\"itemListElement\":[{\"@type\":\"ListItem\",\"position\":1,\"name\":\"Home\",\"item\":\"https:\/\/videstehnika.lv\/lt\/\"},{\"@type\":\"ListItem\",\"position\":2,\"name\":\"Katalogas\",\"item\":\"https:\/\/videstehnika.lv\/lt\/katalogas\/\"},{\"@type\":\"ListItem\",\"position\":3,\"name\":\"ARDEX S28 MICROTEC l\u012bme liela form\u0101ta fl\u012bz\u0113m (C2FTE\/S1)\"}]},{\"@type\":\"WebSite\",\"@id\":\"https:\/\/videstehnika.lv\/lt\/#website\",\"url\":\"https:\/\/videstehnika.lv\/lt\/\",\"name\":\"Vides Tehnika\",\"description\":\"\",\"potentialAction\":[{\"@type\":\"SearchAction\",\"target\":{\"@type\":\"EntryPoint\",\"urlTemplate\":\"https:\/\/videstehnika.lv\/lt\/?s={search_term_string}\"},\"query-input\":{\"@type\":\"PropertyValueSpecification\",\"valueRequired\":true,\"valueName\":\"search_term_string\"}}],\"inLanguage\":\"lt-LT\"}]}<\/script>\n<!-- \/ Yoast SEO plugin. -->","yoast_head_json":{"title":"ARDEX S28 MICROTEC l\u012bme liela form\u0101ta fl\u012bz\u0113m (C2FTE\/S1) &#8226; Vides Tehnika","description":"Iek\u0161darbiem, sien\u0101m un gr\u012bd\u0101m. Liela form\u0101ta fl\u012b\u017eu l\u012bm\u0113\u0161anai uz pret mitrumu j\u016bt\u012bg\u0101m pamatn\u0113m.","robots":{"index":"index","follow":"follow","max-snippet":"max-snippet:-1","max-image-preview":"max-image-preview:large","max-video-preview":"max-video-preview:-1"},"canonical":"https:\/\/videstehnika.lv\/lt\/katalogs\/buvmateriali-buvei-remontam-un-ieksdarbiem\/sausie-maisijumi-ara-darbiem-un-ieksdarbiem\/flizu-limes-uz-cementa-bazes\/ardex-s28-microtec-lime-liela-formata-flizem-c2fte-s1\/","og_locale":"lt_LT","og_type":"article","og_title":"ARDEX S28 MICROTEC l\u012bme liela form\u0101ta fl\u012bz\u0113m (C2FTE\/S1) &#8226; Vides Tehnika","og_description":"Iek\u0161darbiem, sien\u0101m un gr\u012bd\u0101m. Liela form\u0101ta fl\u012b\u017eu l\u012bm\u0113\u0161anai uz pret mitrumu j\u016bt\u012bg\u0101m pamatn\u0113m.","og_url":"https:\/\/videstehnika.lv\/katalogs\/buvmateriali-buvei-remontam-un-ieksdarbiem\/sausie-maisijumi-ara-darbiem-un-ieksdarbiem\/flizu-limes-uz-cementa-bazes\/ardex-s28-microtec-lime-liela-formata-flizem-c2fte-s1\/","og_site_name":"Vides Tehnika","article_modified_time":"2025-11-20T09:58:47+00:00","og_image":[{"width":594,"height":640,"url":"https:\/\/videstehnika.lv\/wp-content\/uploads\/2025\/10\/ARDEX-S-28-web.png","type":"image\/png"}],"twitter_card":"summary_large_image","twitter_misc":{"Est. reading time":"1 minut\u0117"},"schema":{"@context":"https:\/\/schema.org","@graph":[{"@type":"WebPage","@id":"https:\/\/videstehnika.lv\/katalogs\/buvmateriali-buvei-remontam-un-ieksdarbiem\/sausie-maisijumi-ara-darbiem-un-ieksdarbiem\/flizu-limes-uz-cementa-bazes\/ardex-s28-microtec-lime-liela-formata-flizem-c2fte-s1\/","url":"https:\/\/videstehnika.lv\/katalogs\/buvmateriali-buvei-remontam-un-ieksdarbiem\/sausie-maisijumi-ara-darbiem-un-ieksdarbiem\/flizu-limes-uz-cementa-bazes\/ardex-s28-microtec-lime-liela-formata-flizem-c2fte-s1\/","name":"ARDEX S28 MICROTEC l\u012bme liela form\u0101ta fl\u012bz\u0113m (C2FTE\/S1) &#8226; Vides Tehnika","isPartOf":{"@id":"https:\/\/videstehnika.lv\/lt\/#website"},"primaryImageOfPage":{"@id":"https:\/\/videstehnika.lv\/katalogs\/buvmateriali-buvei-remontam-un-ieksdarbiem\/sausie-maisijumi-ara-darbiem-un-ieksdarbiem\/flizu-limes-uz-cementa-bazes\/ardex-s28-microtec-lime-liela-formata-flizem-c2fte-s1\/#primaryimage"},"image":{"@id":"https:\/\/videstehnika.lv\/katalogs\/buvmateriali-buvei-remontam-un-ieksdarbiem\/sausie-maisijumi-ara-darbiem-un-ieksdarbiem\/flizu-limes-uz-cementa-bazes\/ardex-s28-microtec-lime-liela-formata-flizem-c2fte-s1\/#primaryimage"},"thumbnailUrl":"https:\/\/videstehnika.lv\/wp-content\/uploads\/2025\/10\/ARDEX-S-28-web.png","datePublished":"2025-10-27T13:47:19+00:00","dateModified":"2025-11-20T09:58:47+00:00","description":"Iek\u0161darbiem, sien\u0101m un gr\u012bd\u0101m. Liela form\u0101ta fl\u012b\u017eu l\u012bm\u0113\u0161anai uz pret mitrumu j\u016bt\u012bg\u0101m pamatn\u0113m.","breadcrumb":{"@id":"https:\/\/videstehnika.lv\/katalogs\/buvmateriali-buvei-remontam-un-ieksdarbiem\/sausie-maisijumi-ara-darbiem-un-ieksdarbiem\/flizu-limes-uz-cementa-bazes\/ardex-s28-microtec-lime-liela-formata-flizem-c2fte-s1\/#breadcrumb"},"inLanguage":"lt-LT","potentialAction":[{"@type":"ReadAction","target":["https:\/\/videstehnika.lv\/katalogs\/buvmateriali-buvei-remontam-un-ieksdarbiem\/sausie-maisijumi-ara-darbiem-un-ieksdarbiem\/flizu-limes-uz-cementa-bazes\/ardex-s28-microtec-lime-liela-formata-flizem-c2fte-s1\/"]}]},{"@type":"ImageObject","inLanguage":"lt-LT","@id":"https:\/\/videstehnika.lv\/katalogs\/buvmateriali-buvei-remontam-un-ieksdarbiem\/sausie-maisijumi-ara-darbiem-un-ieksdarbiem\/flizu-limes-uz-cementa-bazes\/ardex-s28-microtec-lime-liela-formata-flizem-c2fte-s1\/#primaryimage","url":"https:\/\/videstehnika.lv\/wp-content\/uploads\/2025\/10\/ARDEX-S-28-web.png","contentUrl":"https:\/\/videstehnika.lv\/wp-content\/uploads\/2025\/10\/ARDEX-S-28-web.png","width":594,"height":640},{"@type":"BreadcrumbList","@id":"https:\/\/videstehnika.lv\/katalogs\/buvmateriali-buvei-remontam-un-ieksdarbiem\/sausie-maisijumi-ara-darbiem-un-ieksdarbiem\/flizu-limes-uz-cementa-bazes\/ardex-s28-microtec-lime-liela-formata-flizem-c2fte-s1\/#breadcrumb","itemListElement":[{"@type":"ListItem","position":1,"name":"Home","item":"https:\/\/videstehnika.lv\/lt\/"},{"@type":"ListItem","position":2,"name":"Katalogas","item":"https:\/\/videstehnika.lv\/lt\/katalogas\/"},{"@type":"ListItem","position":3,"name":"ARDEX S28 MICROTEC l\u012bme liela form\u0101ta fl\u012bz\u0113m (C2FTE\/S1)"}]},{"@type":"WebSite","@id":"https:\/\/videstehnika.lv\/lt\/#website","url":"https:\/\/videstehnika.lv\/lt\/","name":"Vides Tehnika","description":"","potentialAction":[{"@type":"SearchAction","target":{"@type":"EntryPoint","urlTemplate":"https:\/\/videstehnika.lv\/lt\/?s={search_term_string}"},"query-input":{"@type":"PropertyValueSpecification","valueRequired":true,"valueName":"search_term_string"}}],"inLanguage":"lt-LT"}]}},"_links":{"self":[{"href":"https:\/\/videstehnika.lv\/lt\/wp-json\/wp\/v2\/product\/80678","targetHints":{"allow":["GET"]}}],"collection":[{"href":"https:\/\/videstehnika.lv\/lt\/wp-json\/wp\/v2\/product"}],"about":[{"href":"https:\/\/videstehnika.lv\/lt\/wp-json\/wp\/v2\/types\/product"}],"wp:featuredmedia":[{"embeddable":true,"href":"https:\/\/videstehnika.lv\/lt\/wp-json\/wp\/v2\/media\/80679"}],"wp:attachment":[{"href":"https:\/\/videstehnika.lv\/lt\/wp-json\/wp\/v2\/media?parent=80678"}],"wp:term":[{"taxonomy":"product_cat","embeddable":true,"href":"https:\/\/videstehnika.lv\/lt\/wp-json\/wp\/v2\/product_cat?post=80678"},{"taxonomy":"product_tag","embeddable":true,"href":"https:\/\/videstehnika.lv\/lt\/wp-json\/wp\/v2\/product_tag?post=80678"}],"curies":[{"name":"wp","href":"https:\/\/api.w.org\/{rel}","templated":true}]}}