{"id":84683,"date":"2026-02-20T10:45:48","date_gmt":"2026-02-20T08:45:48","guid":{"rendered":"https:\/\/videstehnika.lv\/?post_type=product&#038;p=84683"},"modified":"2026-02-20T16:56:06","modified_gmt":"2026-02-20T14:56:06","slug":"dilex-ks-profils-deformacijas-suvem","status":"publish","type":"product","link":"https:\/\/videstehnika.lv\/katalogs\/buvmateriali-buvei-remontam-un-ieksdarbiem\/flizu-profili\/profili-deformacijas-suvem\/dilex-ks-profils-deformacijas-suvem\/","title":{"rendered":"DILEX-KS profils deform\u0101cijas \u0161uv\u0113m"},"content":{"rendered":"<h1><strong>DILEX-KS profils deform\u0101cijas \u0161uv\u0113m<\/strong><\/h1>\n<p><span dir=\"auto\">DILEX-KS profils deform\u0101cijas \u0161uv\u0113m<\/span> <strong><span dir=\"auto\">meh\u0101niski noslogotiem<\/span><\/strong><span dir=\"auto\"> segumiem no fl\u012bz\u0113m vai dab\u012bg\u0101 akmens pl\u0101ksn\u0113m. DILEX-KS nodro\u0161ina <\/span><strong><span dir=\"auto\">dro\u0161u blakus eso\u0161o seguma malu aizsardz\u012bbu<\/span><\/strong><span dir=\"auto\">, kas pak\u013cautas iekr\u0101v\u0113ju satiksmei, un t\u0101p\u0113c ir piem\u0113rots lieto\u0161anai noliktav\u0101s un ra\u017eo\u0161anas z\u0101l\u0113s, tirdzniec\u012bbas centros, pazemes autost\u0101vviet\u0101s vai virsm\u0101m, kuras tiek t\u012br\u012btas ar ma\u0161\u012bnu. Profilam ekspluat\u0101cijas laik\u0101 nav nepieca\u0161ama \u012bpa\u0161a apkope.<\/span><\/p>\n<p>DILEX-AKSN profilu s\u0101na stiprin\u0101\u0161anas k\u0101jas izgatavotas no alum\u012bnija.<br \/>\nDILEX-EKSN profilu s\u0101nu stiprin\u0101\u0161anas k\u0101jas izgatavotas no V2A ner\u016bs\u0113jo\u0161\u0101 t\u0113rauda.<br \/>\nDILEX-EKSN V4A profilu s\u0101nu stiprin\u0101\u0161anas k\u0101jas izgatavotas no V4A ner\u016bs\u0113jo\u0161\u0101 t\u0113rauda.<\/p>\n","protected":false},"excerpt":{"rendered":"<p>DILEX-KS profils deform\u0101cijas \u0161uv\u0113m DILEX-KS profils deform\u0101cijas \u0161uv\u0113m meh\u0101niski noslogotiem segumiem no fl\u012bz\u0113m vai dab\u012bg\u0101 akmens pl\u0101ksn\u0113m. DILEX-KS nodro\u0161ina dro\u0161u<\/p>\n","protected":false},"featured_media":84694,"template":"","meta":{"_acf_changed":false},"product_cat":[5556],"product_tag":[],"class_list":{"0":"post-84683","1":"product","2":"type-product","3":"status-publish","4":"has-post-thumbnail","6":"product_cat-profili-deformacijas-suvem","8":"first","9":"onbackorder","10":"taxable","11":"shipping-taxable","12":"purchasable","13":"product-type-variable"},"acf":[],"yoast_head":"<!-- This site is optimized with the Yoast SEO plugin v24.2 - https:\/\/yoast.com\/wordpress\/plugins\/seo\/ -->\n<title>DILEX-KS profils deform\u0101cijas \u0161uv\u0113m &#8226; Vides Tehnika<\/title>\n<meta name=\"description\" content=\"DILEX-KS profils deform\u0101cijas \u0161uv\u0113m\" \/>\n<meta name=\"robots\" content=\"index, follow, max-snippet:-1, max-image-preview:large, max-video-preview:-1\" \/>\n<link rel=\"canonical\" href=\"https:\/\/videstehnika.lv\/lt\/katalogs\/buvmateriali-buvei-remontam-un-ieksdarbiem\/flizu-profili\/profili-deformacijas-suvem\/dilex-ks-profils-deformacijas-suvem\/\" \/>\n<meta property=\"og:locale\" content=\"lt_LT\" \/>\n<meta property=\"og:type\" content=\"article\" \/>\n<meta property=\"og:title\" content=\"DILEX-KS profils deform\u0101cijas \u0161uv\u0113m &#8226; Vides Tehnika\" \/>\n<meta property=\"og:description\" content=\"DILEX-KS profils deform\u0101cijas \u0161uv\u0113m\" \/>\n<meta property=\"og:url\" content=\"https:\/\/videstehnika.lv\/katalogs\/buvmateriali-buvei-remontam-un-ieksdarbiem\/flizu-profili\/profili-deformacijas-suvem\/dilex-ks-profils-deformacijas-suvem\/\" \/>\n<meta property=\"og:site_name\" content=\"Vides Tehnika\" \/>\n<meta property=\"article:modified_time\" content=\"2026-02-20T14:56:06+00:00\" \/>\n<meta property=\"og:image\" content=\"https:\/\/videstehnika.lv\/wp-content\/uploads\/2026\/02\/Dilex-KS-profils-deformacijas-suvem.jpg\" \/>\n\t<meta property=\"og:image:width\" content=\"759\" \/>\n\t<meta property=\"og:image:height\" content=\"506\" \/>\n\t<meta property=\"og:image:type\" content=\"image\/jpeg\" \/>\n<meta name=\"twitter:card\" content=\"summary_large_image\" \/>\n<meta name=\"twitter:label1\" content=\"Est. reading time\" \/>\n\t<meta name=\"twitter:data1\" content=\"1 minut\u0117\" \/>\n<script type=\"application\/ld+json\" class=\"yoast-schema-graph\">{\"@context\":\"https:\/\/schema.org\",\"@graph\":[{\"@type\":\"WebPage\",\"@id\":\"https:\/\/videstehnika.lv\/katalogs\/buvmateriali-buvei-remontam-un-ieksdarbiem\/flizu-profili\/profili-deformacijas-suvem\/dilex-ks-profils-deformacijas-suvem\/\",\"url\":\"https:\/\/videstehnika.lv\/katalogs\/buvmateriali-buvei-remontam-un-ieksdarbiem\/flizu-profili\/profili-deformacijas-suvem\/dilex-ks-profils-deformacijas-suvem\/\",\"name\":\"DILEX-KS profils deform\u0101cijas \u0161uv\u0113m &#8226; Vides Tehnika\",\"isPartOf\":{\"@id\":\"https:\/\/videstehnika.lv\/lt\/#website\"},\"primaryImageOfPage\":{\"@id\":\"https:\/\/videstehnika.lv\/katalogs\/buvmateriali-buvei-remontam-un-ieksdarbiem\/flizu-profili\/profili-deformacijas-suvem\/dilex-ks-profils-deformacijas-suvem\/#primaryimage\"},\"image\":{\"@id\":\"https:\/\/videstehnika.lv\/katalogs\/buvmateriali-buvei-remontam-un-ieksdarbiem\/flizu-profili\/profili-deformacijas-suvem\/dilex-ks-profils-deformacijas-suvem\/#primaryimage\"},\"thumbnailUrl\":\"https:\/\/videstehnika.lv\/wp-content\/uploads\/2026\/02\/Dilex-KS-profils-deformacijas-suvem.jpg\",\"datePublished\":\"2026-02-20T08:45:48+00:00\",\"dateModified\":\"2026-02-20T14:56:06+00:00\",\"description\":\"DILEX-KS profils deform\u0101cijas \u0161uv\u0113m\",\"breadcrumb\":{\"@id\":\"https:\/\/videstehnika.lv\/katalogs\/buvmateriali-buvei-remontam-un-ieksdarbiem\/flizu-profili\/profili-deformacijas-suvem\/dilex-ks-profils-deformacijas-suvem\/#breadcrumb\"},\"inLanguage\":\"lt-LT\",\"potentialAction\":[{\"@type\":\"ReadAction\",\"target\":[\"https:\/\/videstehnika.lv\/katalogs\/buvmateriali-buvei-remontam-un-ieksdarbiem\/flizu-profili\/profili-deformacijas-suvem\/dilex-ks-profils-deformacijas-suvem\/\"]}]},{\"@type\":\"ImageObject\",\"inLanguage\":\"lt-LT\",\"@id\":\"https:\/\/videstehnika.lv\/katalogs\/buvmateriali-buvei-remontam-un-ieksdarbiem\/flizu-profili\/profili-deformacijas-suvem\/dilex-ks-profils-deformacijas-suvem\/#primaryimage\",\"url\":\"https:\/\/videstehnika.lv\/wp-content\/uploads\/2026\/02\/Dilex-KS-profils-deformacijas-suvem.jpg\",\"contentUrl\":\"https:\/\/videstehnika.lv\/wp-content\/uploads\/2026\/02\/Dilex-KS-profils-deformacijas-suvem.jpg\",\"width\":759,\"height\":506},{\"@type\":\"BreadcrumbList\",\"@id\":\"https:\/\/videstehnika.lv\/katalogs\/buvmateriali-buvei-remontam-un-ieksdarbiem\/flizu-profili\/profili-deformacijas-suvem\/dilex-ks-profils-deformacijas-suvem\/#breadcrumb\",\"itemListElement\":[{\"@type\":\"ListItem\",\"position\":1,\"name\":\"Home\",\"item\":\"https:\/\/videstehnika.lv\/lt\/\"},{\"@type\":\"ListItem\",\"position\":2,\"name\":\"Katalogas\",\"item\":\"https:\/\/videstehnika.lv\/lt\/katalogas\/\"},{\"@type\":\"ListItem\",\"position\":3,\"name\":\"DILEX-KS profils deform\u0101cijas \u0161uv\u0113m\"}]},{\"@type\":\"WebSite\",\"@id\":\"https:\/\/videstehnika.lv\/lt\/#website\",\"url\":\"https:\/\/videstehnika.lv\/lt\/\",\"name\":\"Vides Tehnika\",\"description\":\"\",\"potentialAction\":[{\"@type\":\"SearchAction\",\"target\":{\"@type\":\"EntryPoint\",\"urlTemplate\":\"https:\/\/videstehnika.lv\/lt\/?s={search_term_string}\"},\"query-input\":{\"@type\":\"PropertyValueSpecification\",\"valueRequired\":true,\"valueName\":\"search_term_string\"}}],\"inLanguage\":\"lt-LT\"}]}<\/script>\n<!-- \/ Yoast SEO plugin. -->","yoast_head_json":{"title":"DILEX-KS profils deform\u0101cijas \u0161uv\u0113m &#8226; Vides Tehnika","description":"DILEX-KS profils deform\u0101cijas \u0161uv\u0113m","robots":{"index":"index","follow":"follow","max-snippet":"max-snippet:-1","max-image-preview":"max-image-preview:large","max-video-preview":"max-video-preview:-1"},"canonical":"https:\/\/videstehnika.lv\/lt\/katalogs\/buvmateriali-buvei-remontam-un-ieksdarbiem\/flizu-profili\/profili-deformacijas-suvem\/dilex-ks-profils-deformacijas-suvem\/","og_locale":"lt_LT","og_type":"article","og_title":"DILEX-KS profils deform\u0101cijas \u0161uv\u0113m &#8226; Vides Tehnika","og_description":"DILEX-KS profils deform\u0101cijas \u0161uv\u0113m","og_url":"https:\/\/videstehnika.lv\/katalogs\/buvmateriali-buvei-remontam-un-ieksdarbiem\/flizu-profili\/profili-deformacijas-suvem\/dilex-ks-profils-deformacijas-suvem\/","og_site_name":"Vides Tehnika","article_modified_time":"2026-02-20T14:56:06+00:00","og_image":[{"width":759,"height":506,"url":"https:\/\/videstehnika.lv\/wp-content\/uploads\/2026\/02\/Dilex-KS-profils-deformacijas-suvem.jpg","type":"image\/jpeg"}],"twitter_card":"summary_large_image","twitter_misc":{"Est. reading time":"1 minut\u0117"},"schema":{"@context":"https:\/\/schema.org","@graph":[{"@type":"WebPage","@id":"https:\/\/videstehnika.lv\/katalogs\/buvmateriali-buvei-remontam-un-ieksdarbiem\/flizu-profili\/profili-deformacijas-suvem\/dilex-ks-profils-deformacijas-suvem\/","url":"https:\/\/videstehnika.lv\/katalogs\/buvmateriali-buvei-remontam-un-ieksdarbiem\/flizu-profili\/profili-deformacijas-suvem\/dilex-ks-profils-deformacijas-suvem\/","name":"DILEX-KS profils deform\u0101cijas \u0161uv\u0113m &#8226; Vides Tehnika","isPartOf":{"@id":"https:\/\/videstehnika.lv\/lt\/#website"},"primaryImageOfPage":{"@id":"https:\/\/videstehnika.lv\/katalogs\/buvmateriali-buvei-remontam-un-ieksdarbiem\/flizu-profili\/profili-deformacijas-suvem\/dilex-ks-profils-deformacijas-suvem\/#primaryimage"},"image":{"@id":"https:\/\/videstehnika.lv\/katalogs\/buvmateriali-buvei-remontam-un-ieksdarbiem\/flizu-profili\/profili-deformacijas-suvem\/dilex-ks-profils-deformacijas-suvem\/#primaryimage"},"thumbnailUrl":"https:\/\/videstehnika.lv\/wp-content\/uploads\/2026\/02\/Dilex-KS-profils-deformacijas-suvem.jpg","datePublished":"2026-02-20T08:45:48+00:00","dateModified":"2026-02-20T14:56:06+00:00","description":"DILEX-KS profils deform\u0101cijas \u0161uv\u0113m","breadcrumb":{"@id":"https:\/\/videstehnika.lv\/katalogs\/buvmateriali-buvei-remontam-un-ieksdarbiem\/flizu-profili\/profili-deformacijas-suvem\/dilex-ks-profils-deformacijas-suvem\/#breadcrumb"},"inLanguage":"lt-LT","potentialAction":[{"@type":"ReadAction","target":["https:\/\/videstehnika.lv\/katalogs\/buvmateriali-buvei-remontam-un-ieksdarbiem\/flizu-profili\/profili-deformacijas-suvem\/dilex-ks-profils-deformacijas-suvem\/"]}]},{"@type":"ImageObject","inLanguage":"lt-LT","@id":"https:\/\/videstehnika.lv\/katalogs\/buvmateriali-buvei-remontam-un-ieksdarbiem\/flizu-profili\/profili-deformacijas-suvem\/dilex-ks-profils-deformacijas-suvem\/#primaryimage","url":"https:\/\/videstehnika.lv\/wp-content\/uploads\/2026\/02\/Dilex-KS-profils-deformacijas-suvem.jpg","contentUrl":"https:\/\/videstehnika.lv\/wp-content\/uploads\/2026\/02\/Dilex-KS-profils-deformacijas-suvem.jpg","width":759,"height":506},{"@type":"BreadcrumbList","@id":"https:\/\/videstehnika.lv\/katalogs\/buvmateriali-buvei-remontam-un-ieksdarbiem\/flizu-profili\/profili-deformacijas-suvem\/dilex-ks-profils-deformacijas-suvem\/#breadcrumb","itemListElement":[{"@type":"ListItem","position":1,"name":"Home","item":"https:\/\/videstehnika.lv\/lt\/"},{"@type":"ListItem","position":2,"name":"Katalogas","item":"https:\/\/videstehnika.lv\/lt\/katalogas\/"},{"@type":"ListItem","position":3,"name":"DILEX-KS profils deform\u0101cijas \u0161uv\u0113m"}]},{"@type":"WebSite","@id":"https:\/\/videstehnika.lv\/lt\/#website","url":"https:\/\/videstehnika.lv\/lt\/","name":"Vides Tehnika","description":"","potentialAction":[{"@type":"SearchAction","target":{"@type":"EntryPoint","urlTemplate":"https:\/\/videstehnika.lv\/lt\/?s={search_term_string}"},"query-input":{"@type":"PropertyValueSpecification","valueRequired":true,"valueName":"search_term_string"}}],"inLanguage":"lt-LT"}]}},"_links":{"self":[{"href":"https:\/\/videstehnika.lv\/lt\/wp-json\/wp\/v2\/product\/84683","targetHints":{"allow":["GET"]}}],"collection":[{"href":"https:\/\/videstehnika.lv\/lt\/wp-json\/wp\/v2\/product"}],"about":[{"href":"https:\/\/videstehnika.lv\/lt\/wp-json\/wp\/v2\/types\/product"}],"wp:featuredmedia":[{"embeddable":true,"href":"https:\/\/videstehnika.lv\/lt\/wp-json\/wp\/v2\/media\/84694"}],"wp:attachment":[{"href":"https:\/\/videstehnika.lv\/lt\/wp-json\/wp\/v2\/media?parent=84683"}],"wp:term":[{"taxonomy":"product_cat","embeddable":true,"href":"https:\/\/videstehnika.lv\/lt\/wp-json\/wp\/v2\/product_cat?post=84683"},{"taxonomy":"product_tag","embeddable":true,"href":"https:\/\/videstehnika.lv\/lt\/wp-json\/wp\/v2\/product_tag?post=84683"}],"curies":[{"name":"wp","href":"https:\/\/api.w.org\/{rel}","templated":true}]}}