{"id":84808,"date":"2026-02-20T12:05:19","date_gmt":"2026-02-20T10:05:19","guid":{"rendered":"https:\/\/videstehnika.lv\/?post_type=product&#038;p=84808"},"modified":"2026-02-20T12:05:20","modified_gmt":"2026-02-20T10:05:20","slug":"dilex-bts-profils-strukturalam-deformacijas-suvem","status":"publish","type":"product","link":"https:\/\/videstehnika.lv\/katalogs\/buvmateriali-buvei-remontam-un-ieksdarbiem\/flizu-profili\/profili-deformacijas-suvem\/dilex-bts-profils-strukturalam-deformacijas-suvem\/","title":{"rendered":"DILEX-BTS profils struktur\u0101l\u0101m deform\u0101cijas \u0161uv\u0113m"},"content":{"rendered":"<h1>DILEX-BTS profils struktur\u0101l\u0101m deform\u0101cijas \u0161uv\u0113m<br \/>\nno alum\u012bnija<\/h1>\n<p><span dir=\"auto\">DILEX-BTS deform\u0101cijas \u0161uvju profils, kas izgatavots no alum\u012bnija<\/span><strong><span dir=\"auto\">, un paredz\u0113ts uzst\u0101d\u012b\u0161anai<\/span><\/strong><span dir=\"auto\"> jau uz gatav\u0101m virsm\u0101m.\u00a0<\/span><span dir=\"auto\">Tas sp\u0113j <\/span><strong><span dir=\"auto\">absorb\u0113t kust\u012bbu tr\u012bs dimensij\u0101s.<\/span><\/strong><\/p>\n<p>Profils pieejams 2,5 m garum\u0101.<\/p>\n","protected":false},"excerpt":{"rendered":"<p>DILEX-BTS profils struktur\u0101l\u0101m deform\u0101cijas \u0161uv\u0113m no alum\u012bnija DILEX-BTS deform\u0101cijas \u0161uvju profils, kas izgatavots no alum\u012bnija, un paredz\u0113ts uzst\u0101d\u012b\u0161anai jau uz<\/p>\n","protected":false},"featured_media":84814,"template":"","meta":{"_acf_changed":false},"product_cat":[5556],"product_tag":[],"class_list":{"0":"post-84808","1":"product","2":"type-product","3":"status-publish","4":"has-post-thumbnail","6":"product_cat-profili-deformacijas-suvem","8":"first","9":"instock","10":"taxable","11":"shipping-taxable","12":"product-type-simple"},"acf":[],"yoast_head":"<!-- This site is optimized with the Yoast SEO plugin v24.2 - https:\/\/yoast.com\/wordpress\/plugins\/seo\/ -->\n<title>DILEX-BTS profils struktur\u0101l\u0101m deform\u0101cijas \u0161uv\u0113m &#8226; Vides Tehnika<\/title>\n<meta name=\"description\" content=\"DILEX-BTS profils struktur\u0101l\u0101m deform\u0101cijas \u0161uv\u0113m\" \/>\n<meta name=\"robots\" content=\"index, follow, max-snippet:-1, max-image-preview:large, max-video-preview:-1\" \/>\n<link rel=\"canonical\" href=\"https:\/\/videstehnika.lv\/lt\/katalogs\/buvmateriali-buvei-remontam-un-ieksdarbiem\/flizu-profili\/profili-deformacijas-suvem\/dilex-bts-profils-strukturalam-deformacijas-suvem\/\" \/>\n<meta property=\"og:locale\" content=\"lt_LT\" \/>\n<meta property=\"og:type\" content=\"article\" \/>\n<meta property=\"og:title\" content=\"DILEX-BTS profils struktur\u0101l\u0101m deform\u0101cijas \u0161uv\u0113m &#8226; Vides Tehnika\" \/>\n<meta property=\"og:description\" content=\"DILEX-BTS profils struktur\u0101l\u0101m deform\u0101cijas \u0161uv\u0113m\" \/>\n<meta property=\"og:url\" content=\"https:\/\/videstehnika.lv\/katalogs\/buvmateriali-buvei-remontam-un-ieksdarbiem\/flizu-profili\/profili-deformacijas-suvem\/dilex-bts-profils-strukturalam-deformacijas-suvem\/\" \/>\n<meta property=\"og:site_name\" content=\"Vides Tehnika\" \/>\n<meta property=\"article:modified_time\" content=\"2026-02-20T10:05:20+00:00\" \/>\n<meta property=\"og:image\" content=\"https:\/\/videstehnika.lv\/wp-content\/uploads\/2026\/02\/DILEX-BTS-profils-deformacijas-suvem.webp\" \/>\n\t<meta property=\"og:image:width\" content=\"1358\" \/>\n\t<meta property=\"og:image:height\" content=\"905\" \/>\n\t<meta property=\"og:image:type\" content=\"image\/webp\" \/>\n<meta name=\"twitter:card\" content=\"summary_large_image\" \/>\n<meta name=\"twitter:label1\" content=\"Est. reading time\" \/>\n\t<meta name=\"twitter:data1\" content=\"1 minut\u0117\" \/>\n<script type=\"application\/ld+json\" class=\"yoast-schema-graph\">{\"@context\":\"https:\/\/schema.org\",\"@graph\":[{\"@type\":\"WebPage\",\"@id\":\"https:\/\/videstehnika.lv\/katalogs\/buvmateriali-buvei-remontam-un-ieksdarbiem\/flizu-profili\/profili-deformacijas-suvem\/dilex-bts-profils-strukturalam-deformacijas-suvem\/\",\"url\":\"https:\/\/videstehnika.lv\/katalogs\/buvmateriali-buvei-remontam-un-ieksdarbiem\/flizu-profili\/profili-deformacijas-suvem\/dilex-bts-profils-strukturalam-deformacijas-suvem\/\",\"name\":\"DILEX-BTS profils struktur\u0101l\u0101m deform\u0101cijas \u0161uv\u0113m &#8226; Vides Tehnika\",\"isPartOf\":{\"@id\":\"https:\/\/videstehnika.lv\/lt\/#website\"},\"primaryImageOfPage\":{\"@id\":\"https:\/\/videstehnika.lv\/katalogs\/buvmateriali-buvei-remontam-un-ieksdarbiem\/flizu-profili\/profili-deformacijas-suvem\/dilex-bts-profils-strukturalam-deformacijas-suvem\/#primaryimage\"},\"image\":{\"@id\":\"https:\/\/videstehnika.lv\/katalogs\/buvmateriali-buvei-remontam-un-ieksdarbiem\/flizu-profili\/profili-deformacijas-suvem\/dilex-bts-profils-strukturalam-deformacijas-suvem\/#primaryimage\"},\"thumbnailUrl\":\"https:\/\/videstehnika.lv\/wp-content\/uploads\/2026\/02\/DILEX-BTS-profils-deformacijas-suvem.webp\",\"datePublished\":\"2026-02-20T10:05:19+00:00\",\"dateModified\":\"2026-02-20T10:05:20+00:00\",\"description\":\"DILEX-BTS profils struktur\u0101l\u0101m deform\u0101cijas \u0161uv\u0113m\",\"breadcrumb\":{\"@id\":\"https:\/\/videstehnika.lv\/katalogs\/buvmateriali-buvei-remontam-un-ieksdarbiem\/flizu-profili\/profili-deformacijas-suvem\/dilex-bts-profils-strukturalam-deformacijas-suvem\/#breadcrumb\"},\"inLanguage\":\"lt-LT\",\"potentialAction\":[{\"@type\":\"ReadAction\",\"target\":[\"https:\/\/videstehnika.lv\/katalogs\/buvmateriali-buvei-remontam-un-ieksdarbiem\/flizu-profili\/profili-deformacijas-suvem\/dilex-bts-profils-strukturalam-deformacijas-suvem\/\"]}]},{\"@type\":\"ImageObject\",\"inLanguage\":\"lt-LT\",\"@id\":\"https:\/\/videstehnika.lv\/katalogs\/buvmateriali-buvei-remontam-un-ieksdarbiem\/flizu-profili\/profili-deformacijas-suvem\/dilex-bts-profils-strukturalam-deformacijas-suvem\/#primaryimage\",\"url\":\"https:\/\/videstehnika.lv\/wp-content\/uploads\/2026\/02\/DILEX-BTS-profils-deformacijas-suvem.webp\",\"contentUrl\":\"https:\/\/videstehnika.lv\/wp-content\/uploads\/2026\/02\/DILEX-BTS-profils-deformacijas-suvem.webp\",\"width\":1358,\"height\":905},{\"@type\":\"BreadcrumbList\",\"@id\":\"https:\/\/videstehnika.lv\/katalogs\/buvmateriali-buvei-remontam-un-ieksdarbiem\/flizu-profili\/profili-deformacijas-suvem\/dilex-bts-profils-strukturalam-deformacijas-suvem\/#breadcrumb\",\"itemListElement\":[{\"@type\":\"ListItem\",\"position\":1,\"name\":\"Home\",\"item\":\"https:\/\/videstehnika.lv\/lt\/\"},{\"@type\":\"ListItem\",\"position\":2,\"name\":\"Katalogas\",\"item\":\"https:\/\/videstehnika.lv\/lt\/katalogas\/\"},{\"@type\":\"ListItem\",\"position\":3,\"name\":\"DILEX-BTS profils struktur\u0101l\u0101m deform\u0101cijas \u0161uv\u0113m\"}]},{\"@type\":\"WebSite\",\"@id\":\"https:\/\/videstehnika.lv\/lt\/#website\",\"url\":\"https:\/\/videstehnika.lv\/lt\/\",\"name\":\"Vides Tehnika\",\"description\":\"\",\"potentialAction\":[{\"@type\":\"SearchAction\",\"target\":{\"@type\":\"EntryPoint\",\"urlTemplate\":\"https:\/\/videstehnika.lv\/lt\/?s={search_term_string}\"},\"query-input\":{\"@type\":\"PropertyValueSpecification\",\"valueRequired\":true,\"valueName\":\"search_term_string\"}}],\"inLanguage\":\"lt-LT\"}]}<\/script>\n<!-- \/ Yoast SEO plugin. -->","yoast_head_json":{"title":"DILEX-BTS profils struktur\u0101l\u0101m deform\u0101cijas \u0161uv\u0113m &#8226; Vides Tehnika","description":"DILEX-BTS profils struktur\u0101l\u0101m deform\u0101cijas \u0161uv\u0113m","robots":{"index":"index","follow":"follow","max-snippet":"max-snippet:-1","max-image-preview":"max-image-preview:large","max-video-preview":"max-video-preview:-1"},"canonical":"https:\/\/videstehnika.lv\/lt\/katalogs\/buvmateriali-buvei-remontam-un-ieksdarbiem\/flizu-profili\/profili-deformacijas-suvem\/dilex-bts-profils-strukturalam-deformacijas-suvem\/","og_locale":"lt_LT","og_type":"article","og_title":"DILEX-BTS profils struktur\u0101l\u0101m deform\u0101cijas \u0161uv\u0113m &#8226; Vides Tehnika","og_description":"DILEX-BTS profils struktur\u0101l\u0101m deform\u0101cijas \u0161uv\u0113m","og_url":"https:\/\/videstehnika.lv\/katalogs\/buvmateriali-buvei-remontam-un-ieksdarbiem\/flizu-profili\/profili-deformacijas-suvem\/dilex-bts-profils-strukturalam-deformacijas-suvem\/","og_site_name":"Vides Tehnika","article_modified_time":"2026-02-20T10:05:20+00:00","og_image":[{"width":1358,"height":905,"url":"https:\/\/videstehnika.lv\/wp-content\/uploads\/2026\/02\/DILEX-BTS-profils-deformacijas-suvem.webp","type":"image\/webp"}],"twitter_card":"summary_large_image","twitter_misc":{"Est. reading time":"1 minut\u0117"},"schema":{"@context":"https:\/\/schema.org","@graph":[{"@type":"WebPage","@id":"https:\/\/videstehnika.lv\/katalogs\/buvmateriali-buvei-remontam-un-ieksdarbiem\/flizu-profili\/profili-deformacijas-suvem\/dilex-bts-profils-strukturalam-deformacijas-suvem\/","url":"https:\/\/videstehnika.lv\/katalogs\/buvmateriali-buvei-remontam-un-ieksdarbiem\/flizu-profili\/profili-deformacijas-suvem\/dilex-bts-profils-strukturalam-deformacijas-suvem\/","name":"DILEX-BTS profils struktur\u0101l\u0101m deform\u0101cijas \u0161uv\u0113m &#8226; Vides Tehnika","isPartOf":{"@id":"https:\/\/videstehnika.lv\/lt\/#website"},"primaryImageOfPage":{"@id":"https:\/\/videstehnika.lv\/katalogs\/buvmateriali-buvei-remontam-un-ieksdarbiem\/flizu-profili\/profili-deformacijas-suvem\/dilex-bts-profils-strukturalam-deformacijas-suvem\/#primaryimage"},"image":{"@id":"https:\/\/videstehnika.lv\/katalogs\/buvmateriali-buvei-remontam-un-ieksdarbiem\/flizu-profili\/profili-deformacijas-suvem\/dilex-bts-profils-strukturalam-deformacijas-suvem\/#primaryimage"},"thumbnailUrl":"https:\/\/videstehnika.lv\/wp-content\/uploads\/2026\/02\/DILEX-BTS-profils-deformacijas-suvem.webp","datePublished":"2026-02-20T10:05:19+00:00","dateModified":"2026-02-20T10:05:20+00:00","description":"DILEX-BTS profils struktur\u0101l\u0101m deform\u0101cijas \u0161uv\u0113m","breadcrumb":{"@id":"https:\/\/videstehnika.lv\/katalogs\/buvmateriali-buvei-remontam-un-ieksdarbiem\/flizu-profili\/profili-deformacijas-suvem\/dilex-bts-profils-strukturalam-deformacijas-suvem\/#breadcrumb"},"inLanguage":"lt-LT","potentialAction":[{"@type":"ReadAction","target":["https:\/\/videstehnika.lv\/katalogs\/buvmateriali-buvei-remontam-un-ieksdarbiem\/flizu-profili\/profili-deformacijas-suvem\/dilex-bts-profils-strukturalam-deformacijas-suvem\/"]}]},{"@type":"ImageObject","inLanguage":"lt-LT","@id":"https:\/\/videstehnika.lv\/katalogs\/buvmateriali-buvei-remontam-un-ieksdarbiem\/flizu-profili\/profili-deformacijas-suvem\/dilex-bts-profils-strukturalam-deformacijas-suvem\/#primaryimage","url":"https:\/\/videstehnika.lv\/wp-content\/uploads\/2026\/02\/DILEX-BTS-profils-deformacijas-suvem.webp","contentUrl":"https:\/\/videstehnika.lv\/wp-content\/uploads\/2026\/02\/DILEX-BTS-profils-deformacijas-suvem.webp","width":1358,"height":905},{"@type":"BreadcrumbList","@id":"https:\/\/videstehnika.lv\/katalogs\/buvmateriali-buvei-remontam-un-ieksdarbiem\/flizu-profili\/profili-deformacijas-suvem\/dilex-bts-profils-strukturalam-deformacijas-suvem\/#breadcrumb","itemListElement":[{"@type":"ListItem","position":1,"name":"Home","item":"https:\/\/videstehnika.lv\/lt\/"},{"@type":"ListItem","position":2,"name":"Katalogas","item":"https:\/\/videstehnika.lv\/lt\/katalogas\/"},{"@type":"ListItem","position":3,"name":"DILEX-BTS profils struktur\u0101l\u0101m deform\u0101cijas \u0161uv\u0113m"}]},{"@type":"WebSite","@id":"https:\/\/videstehnika.lv\/lt\/#website","url":"https:\/\/videstehnika.lv\/lt\/","name":"Vides Tehnika","description":"","potentialAction":[{"@type":"SearchAction","target":{"@type":"EntryPoint","urlTemplate":"https:\/\/videstehnika.lv\/lt\/?s={search_term_string}"},"query-input":{"@type":"PropertyValueSpecification","valueRequired":true,"valueName":"search_term_string"}}],"inLanguage":"lt-LT"}]}},"_links":{"self":[{"href":"https:\/\/videstehnika.lv\/lt\/wp-json\/wp\/v2\/product\/84808","targetHints":{"allow":["GET"]}}],"collection":[{"href":"https:\/\/videstehnika.lv\/lt\/wp-json\/wp\/v2\/product"}],"about":[{"href":"https:\/\/videstehnika.lv\/lt\/wp-json\/wp\/v2\/types\/product"}],"wp:featuredmedia":[{"embeddable":true,"href":"https:\/\/videstehnika.lv\/lt\/wp-json\/wp\/v2\/media\/84814"}],"wp:attachment":[{"href":"https:\/\/videstehnika.lv\/lt\/wp-json\/wp\/v2\/media?parent=84808"}],"wp:term":[{"taxonomy":"product_cat","embeddable":true,"href":"https:\/\/videstehnika.lv\/lt\/wp-json\/wp\/v2\/product_cat?post=84808"},{"taxonomy":"product_tag","embeddable":true,"href":"https:\/\/videstehnika.lv\/lt\/wp-json\/wp\/v2\/product_tag?post=84808"}],"curies":[{"name":"wp","href":"https:\/\/api.w.org\/{rel}","templated":true}]}}