{"id":8699,"date":"2021-03-03T11:17:28","date_gmt":"2021-03-03T09:17:28","guid":{"rendered":"https:\/\/videstehnika.lv\/?post_type=product&#038;p=8699"},"modified":"2024-08-14T13:09:15","modified_gmt":"2024-08-14T10:09:15","slug":"keramisko-dumvadu-sistemas-erfe","status":"publish","type":"product","link":"https:\/\/videstehnika.lv\/katalogs\/apkure-un-siltumapgades-risinajumi\/dumvadi\/keramisko-dumvadu-sistemas-erfe\/","title":{"rendered":"Keramisko d\u016bmvadu komplekti &#8222;ERFE&#8221;"},"content":{"rendered":"<h2>Keramisko d\u016bmvadu sist\u0113mas &#8222;ERFE&#8221;<\/h2>\n<p>Keramisko d\u016bmvadu sist\u0113mas &#8222;ERFE&#8221; paredz\u0113tas ne tikai m\u016bsdien\u012bg\u0101m ciet\u0101 un \u0161\u0137idr\u0101 kurin\u0101m\u0101 kr\u0101sn\u012bm ar zemu sadeg\u0161anas temperat\u016bru, bet ar\u012b tradicion\u0101laj\u0101m apkures iek\u0101rt\u0101m.<\/p>\n<h2>D\u016bmvadu daudzveid\u012bba<\/h2>\n<p>M\u016bsdienu apkures sist\u0113mu tirg\u016b pieejami da\u017e\u0101di produkti un risin\u0101jumi. D\u016bmvadi \u0161odien ir daudzveid\u012bg\u0101ki nek\u0101 agr\u0101k, jo tiem j\u0101b\u016bt atbilsto\u0161iem augst\u0101m ugunsdro\u0161\u012bbas pras\u012bb\u0101m un da\u017e\u0101du \u0113ku specifikai. Ar\u012b apkures sist\u0113mas veids nosaka savas nianses atkar\u012bb\u0101 no t\u0101, vai tiek izmantots \u0161\u0137idrais vai cietais kurin\u0101mais. Ne maz\u0101k svar\u012bga pras\u012bba ir uzst\u0101d\u012b\u0161anas sare\u017e\u0123\u012bt\u012bba un tas, cik daudz laika tai vajadz\u012bgs. \u0160odien visi v\u0113las \u0101tru un kvalitat\u012bvu rezult\u0101tu.<\/p>\n<h3>Keramiskie d\u016bmvadi<\/h3>\n<p>Pateicoties to priek\u0161roc\u012bb\u0101m, \u0161obr\u012bd popul\u0101r\u0101kie ir keramiskie d\u016bmvadi. Tie ir viegli, kas samazina konstrukcijas rad\u012bto slodzi uz t\u0101s pamatu un \u0113kas da\u013c\u0101m. Keramisko d\u016bmvadu mont\u0101\u017ea ir \u0101tra, un tie tiek ra\u017eoti t\u0101, lai tos b\u016btu \u0113rti uzst\u0101d\u012bt. \u012apa\u0161a uzman\u012bba tiek velt\u012bta salaiduma vietu izstr\u0101dei. T\u0101s izgatavo prec\u012bzi sastiprin\u0101mas, kas \u013cauj veidot vienl\u012bdz kvalitat\u012bvu d\u016bmvadu, neatkar\u012bgi no t\u0101, cik gar\u0161 tas ir paredz\u0113ts. Keramiskie d\u016bmvadi ir izmantojami visiem apkures veidiem \u2013 ar\u012b pie zem\u0101m d\u016bmg\u0101z\u0113m.<\/p>\n","protected":false},"excerpt":{"rendered":"<p><strong>Komplekta cen\u0101 ir iek\u013cauts:<\/strong><br \/>\nModu\u013cbloki, caurules, izol\u0101cija, t\u012br\u012b\u0161anas T-gabals, piesl\u0113guma T-gabals, kondens\u0101ta trauks, ventil\u0101cijas reste, t\u012br\u012b\u0161anas l\u016bka, konuss, keramikas l\u012bme, m\u016brjava blokiem, piesl\u0113guma vate, bl\u012bv\u0113juma stri\u0137is, nosegpl\u0101ksne, jumti\u0146\u0161.<\/p>\n<p>&nbsp;<\/p>\n","protected":false},"featured_media":8708,"template":"","meta":{"_acf_changed":false},"product_cat":[789,69],"product_tag":[],"class_list":{"0":"post-8699","1":"product","2":"type-product","3":"status-publish","4":"has-post-thumbnail","6":"product_cat-dumvadi","7":"product_cat-apkure-un-siltumapgades-risinajumi","9":"first","10":"instock","11":"taxable","12":"shipping-taxable","13":"purchasable","14":"product-type-variable"},"acf":[],"yoast_head":"<!-- This site is optimized with the Yoast SEO plugin v24.2 - https:\/\/yoast.com\/wordpress\/plugins\/seo\/ -->\n<title>Keramisko d\u016bmvadu sist\u0113mas &quot;ERFE&quot; &#8226; Vides Tehnika<\/title>\n<meta name=\"description\" content=\"Keramisko d\u016bmvadu sist\u0113mas &quot;ERFE&quot; paredz\u0113tas tradicion\u0101laj\u0101m apkures iek\u0101rt\u0101m un m\u016bsdien\u012bg\u0101m apkures sist\u0113m\u0101m.\" \/>\n<meta name=\"robots\" content=\"index, follow, max-snippet:-1, max-image-preview:large, max-video-preview:-1\" \/>\n<link rel=\"canonical\" href=\"https:\/\/videstehnika.lv\/lt\/katalogs\/apkure-un-siltumapgades-risinajumi\/dumvadi\/keramisko-dumvadu-sistemas-erfe\/\" \/>\n<meta property=\"og:locale\" content=\"lt_LT\" \/>\n<meta property=\"og:type\" content=\"article\" \/>\n<meta property=\"og:title\" content=\"Keramisko d\u016bmvadu sist\u0113mas &quot;ERFE&quot; &#8226; Vides Tehnika\" \/>\n<meta property=\"og:description\" content=\"Keramisko d\u016bmvadu sist\u0113mas &quot;ERFE&quot; paredz\u0113tas tradicion\u0101laj\u0101m apkures iek\u0101rt\u0101m un m\u016bsdien\u012bg\u0101m apkures sist\u0113m\u0101m.\" \/>\n<meta property=\"og:url\" content=\"https:\/\/videstehnika.lv\/katalogs\/apkure-un-siltumapgades-risinajumi\/dumvadi\/keramisko-dumvadu-sistemas-erfe\/\" \/>\n<meta property=\"og:site_name\" content=\"Vides Tehnika\" \/>\n<meta property=\"article:modified_time\" content=\"2024-08-14T10:09:15+00:00\" \/>\n<meta property=\"og:image\" content=\"https:\/\/videstehnika.lv\/wp-content\/uploads\/2021\/03\/keramiskie-dumvadi-erfe-vides-tehnika.jpg\" \/>\n\t<meta property=\"og:image:width\" content=\"900\" \/>\n\t<meta property=\"og:image:height\" content=\"900\" \/>\n\t<meta property=\"og:image:type\" content=\"image\/jpeg\" \/>\n<meta name=\"twitter:card\" content=\"summary_large_image\" \/>\n<meta name=\"twitter:label1\" content=\"Est. reading time\" \/>\n\t<meta name=\"twitter:data1\" content=\"1 minut\u0117\" \/>\n<script type=\"application\/ld+json\" class=\"yoast-schema-graph\">{\"@context\":\"https:\/\/schema.org\",\"@graph\":[{\"@type\":\"WebPage\",\"@id\":\"https:\/\/videstehnika.lv\/katalogs\/apkure-un-siltumapgades-risinajumi\/dumvadi\/keramisko-dumvadu-sistemas-erfe\/\",\"url\":\"https:\/\/videstehnika.lv\/katalogs\/apkure-un-siltumapgades-risinajumi\/dumvadi\/keramisko-dumvadu-sistemas-erfe\/\",\"name\":\"Keramisko d\u016bmvadu sist\u0113mas \\\"ERFE\\\" &#8226; Vides Tehnika\",\"isPartOf\":{\"@id\":\"https:\/\/videstehnika.lv\/lt\/#website\"},\"primaryImageOfPage\":{\"@id\":\"https:\/\/videstehnika.lv\/katalogs\/apkure-un-siltumapgades-risinajumi\/dumvadi\/keramisko-dumvadu-sistemas-erfe\/#primaryimage\"},\"image\":{\"@id\":\"https:\/\/videstehnika.lv\/katalogs\/apkure-un-siltumapgades-risinajumi\/dumvadi\/keramisko-dumvadu-sistemas-erfe\/#primaryimage\"},\"thumbnailUrl\":\"https:\/\/videstehnika.lv\/wp-content\/uploads\/2021\/03\/keramiskie-dumvadi-erfe-vides-tehnika.jpg\",\"datePublished\":\"2021-03-03T09:17:28+00:00\",\"dateModified\":\"2024-08-14T10:09:15+00:00\",\"description\":\"Keramisko d\u016bmvadu sist\u0113mas \\\"ERFE\\\" paredz\u0113tas tradicion\u0101laj\u0101m apkures iek\u0101rt\u0101m un m\u016bsdien\u012bg\u0101m apkures sist\u0113m\u0101m.\",\"breadcrumb\":{\"@id\":\"https:\/\/videstehnika.lv\/katalogs\/apkure-un-siltumapgades-risinajumi\/dumvadi\/keramisko-dumvadu-sistemas-erfe\/#breadcrumb\"},\"inLanguage\":\"lt-LT\",\"potentialAction\":[{\"@type\":\"ReadAction\",\"target\":[\"https:\/\/videstehnika.lv\/katalogs\/apkure-un-siltumapgades-risinajumi\/dumvadi\/keramisko-dumvadu-sistemas-erfe\/\"]}]},{\"@type\":\"ImageObject\",\"inLanguage\":\"lt-LT\",\"@id\":\"https:\/\/videstehnika.lv\/katalogs\/apkure-un-siltumapgades-risinajumi\/dumvadi\/keramisko-dumvadu-sistemas-erfe\/#primaryimage\",\"url\":\"https:\/\/videstehnika.lv\/wp-content\/uploads\/2021\/03\/keramiskie-dumvadi-erfe-vides-tehnika.jpg\",\"contentUrl\":\"https:\/\/videstehnika.lv\/wp-content\/uploads\/2021\/03\/keramiskie-dumvadi-erfe-vides-tehnika.jpg\",\"width\":900,\"height\":900,\"caption\":\"ERFE keramisko d\u016bmvadu komplekti\"},{\"@type\":\"BreadcrumbList\",\"@id\":\"https:\/\/videstehnika.lv\/katalogs\/apkure-un-siltumapgades-risinajumi\/dumvadi\/keramisko-dumvadu-sistemas-erfe\/#breadcrumb\",\"itemListElement\":[{\"@type\":\"ListItem\",\"position\":1,\"name\":\"Home\",\"item\":\"https:\/\/videstehnika.lv\/lt\/\"},{\"@type\":\"ListItem\",\"position\":2,\"name\":\"Katalogas\",\"item\":\"https:\/\/videstehnika.lv\/lt\/katalogas\/\"},{\"@type\":\"ListItem\",\"position\":3,\"name\":\"Keramisko d\u016bmvadu komplekti &#8220;ERFE&#8221;\"}]},{\"@type\":\"WebSite\",\"@id\":\"https:\/\/videstehnika.lv\/lt\/#website\",\"url\":\"https:\/\/videstehnika.lv\/lt\/\",\"name\":\"Vides Tehnika\",\"description\":\"\",\"potentialAction\":[{\"@type\":\"SearchAction\",\"target\":{\"@type\":\"EntryPoint\",\"urlTemplate\":\"https:\/\/videstehnika.lv\/lt\/?s={search_term_string}\"},\"query-input\":{\"@type\":\"PropertyValueSpecification\",\"valueRequired\":true,\"valueName\":\"search_term_string\"}}],\"inLanguage\":\"lt-LT\"}]}<\/script>\n<!-- \/ Yoast SEO plugin. -->","yoast_head_json":{"title":"Keramisko d\u016bmvadu sist\u0113mas \"ERFE\" &#8226; Vides Tehnika","description":"Keramisko d\u016bmvadu sist\u0113mas \"ERFE\" paredz\u0113tas tradicion\u0101laj\u0101m apkures iek\u0101rt\u0101m un m\u016bsdien\u012bg\u0101m apkures sist\u0113m\u0101m.","robots":{"index":"index","follow":"follow","max-snippet":"max-snippet:-1","max-image-preview":"max-image-preview:large","max-video-preview":"max-video-preview:-1"},"canonical":"https:\/\/videstehnika.lv\/lt\/katalogs\/apkure-un-siltumapgades-risinajumi\/dumvadi\/keramisko-dumvadu-sistemas-erfe\/","og_locale":"lt_LT","og_type":"article","og_title":"Keramisko d\u016bmvadu sist\u0113mas \"ERFE\" &#8226; Vides Tehnika","og_description":"Keramisko d\u016bmvadu sist\u0113mas \"ERFE\" paredz\u0113tas tradicion\u0101laj\u0101m apkures iek\u0101rt\u0101m un m\u016bsdien\u012bg\u0101m apkures sist\u0113m\u0101m.","og_url":"https:\/\/videstehnika.lv\/katalogs\/apkure-un-siltumapgades-risinajumi\/dumvadi\/keramisko-dumvadu-sistemas-erfe\/","og_site_name":"Vides Tehnika","article_modified_time":"2024-08-14T10:09:15+00:00","og_image":[{"width":900,"height":900,"url":"https:\/\/videstehnika.lv\/wp-content\/uploads\/2021\/03\/keramiskie-dumvadi-erfe-vides-tehnika.jpg","type":"image\/jpeg"}],"twitter_card":"summary_large_image","twitter_misc":{"Est. reading time":"1 minut\u0117"},"schema":{"@context":"https:\/\/schema.org","@graph":[{"@type":"WebPage","@id":"https:\/\/videstehnika.lv\/katalogs\/apkure-un-siltumapgades-risinajumi\/dumvadi\/keramisko-dumvadu-sistemas-erfe\/","url":"https:\/\/videstehnika.lv\/katalogs\/apkure-un-siltumapgades-risinajumi\/dumvadi\/keramisko-dumvadu-sistemas-erfe\/","name":"Keramisko d\u016bmvadu sist\u0113mas \"ERFE\" &#8226; Vides Tehnika","isPartOf":{"@id":"https:\/\/videstehnika.lv\/lt\/#website"},"primaryImageOfPage":{"@id":"https:\/\/videstehnika.lv\/katalogs\/apkure-un-siltumapgades-risinajumi\/dumvadi\/keramisko-dumvadu-sistemas-erfe\/#primaryimage"},"image":{"@id":"https:\/\/videstehnika.lv\/katalogs\/apkure-un-siltumapgades-risinajumi\/dumvadi\/keramisko-dumvadu-sistemas-erfe\/#primaryimage"},"thumbnailUrl":"https:\/\/videstehnika.lv\/wp-content\/uploads\/2021\/03\/keramiskie-dumvadi-erfe-vides-tehnika.jpg","datePublished":"2021-03-03T09:17:28+00:00","dateModified":"2024-08-14T10:09:15+00:00","description":"Keramisko d\u016bmvadu sist\u0113mas \"ERFE\" paredz\u0113tas tradicion\u0101laj\u0101m apkures iek\u0101rt\u0101m un m\u016bsdien\u012bg\u0101m apkures sist\u0113m\u0101m.","breadcrumb":{"@id":"https:\/\/videstehnika.lv\/katalogs\/apkure-un-siltumapgades-risinajumi\/dumvadi\/keramisko-dumvadu-sistemas-erfe\/#breadcrumb"},"inLanguage":"lt-LT","potentialAction":[{"@type":"ReadAction","target":["https:\/\/videstehnika.lv\/katalogs\/apkure-un-siltumapgades-risinajumi\/dumvadi\/keramisko-dumvadu-sistemas-erfe\/"]}]},{"@type":"ImageObject","inLanguage":"lt-LT","@id":"https:\/\/videstehnika.lv\/katalogs\/apkure-un-siltumapgades-risinajumi\/dumvadi\/keramisko-dumvadu-sistemas-erfe\/#primaryimage","url":"https:\/\/videstehnika.lv\/wp-content\/uploads\/2021\/03\/keramiskie-dumvadi-erfe-vides-tehnika.jpg","contentUrl":"https:\/\/videstehnika.lv\/wp-content\/uploads\/2021\/03\/keramiskie-dumvadi-erfe-vides-tehnika.jpg","width":900,"height":900,"caption":"ERFE keramisko d\u016bmvadu komplekti"},{"@type":"BreadcrumbList","@id":"https:\/\/videstehnika.lv\/katalogs\/apkure-un-siltumapgades-risinajumi\/dumvadi\/keramisko-dumvadu-sistemas-erfe\/#breadcrumb","itemListElement":[{"@type":"ListItem","position":1,"name":"Home","item":"https:\/\/videstehnika.lv\/lt\/"},{"@type":"ListItem","position":2,"name":"Katalogas","item":"https:\/\/videstehnika.lv\/lt\/katalogas\/"},{"@type":"ListItem","position":3,"name":"Keramisko d\u016bmvadu komplekti &#8220;ERFE&#8221;"}]},{"@type":"WebSite","@id":"https:\/\/videstehnika.lv\/lt\/#website","url":"https:\/\/videstehnika.lv\/lt\/","name":"Vides Tehnika","description":"","potentialAction":[{"@type":"SearchAction","target":{"@type":"EntryPoint","urlTemplate":"https:\/\/videstehnika.lv\/lt\/?s={search_term_string}"},"query-input":{"@type":"PropertyValueSpecification","valueRequired":true,"valueName":"search_term_string"}}],"inLanguage":"lt-LT"}]}},"_links":{"self":[{"href":"https:\/\/videstehnika.lv\/lt\/wp-json\/wp\/v2\/product\/8699","targetHints":{"allow":["GET"]}}],"collection":[{"href":"https:\/\/videstehnika.lv\/lt\/wp-json\/wp\/v2\/product"}],"about":[{"href":"https:\/\/videstehnika.lv\/lt\/wp-json\/wp\/v2\/types\/product"}],"wp:featuredmedia":[{"embeddable":true,"href":"https:\/\/videstehnika.lv\/lt\/wp-json\/wp\/v2\/media\/8708"}],"wp:attachment":[{"href":"https:\/\/videstehnika.lv\/lt\/wp-json\/wp\/v2\/media?parent=8699"}],"wp:term":[{"taxonomy":"product_cat","embeddable":true,"href":"https:\/\/videstehnika.lv\/lt\/wp-json\/wp\/v2\/product_cat?post=8699"},{"taxonomy":"product_tag","embeddable":true,"href":"https:\/\/videstehnika.lv\/lt\/wp-json\/wp\/v2\/product_tag?post=8699"}],"curies":[{"name":"wp","href":"https:\/\/api.w.org\/{rel}","templated":true}]}}