{"id":8857,"date":"2021-03-17T20:17:14","date_gmt":"2021-03-17T18:17:14","guid":{"rendered":"https:\/\/videstehnika.lv\/?post_type=product&#038;p=8857"},"modified":"2021-04-16T10:21:42","modified_gmt":"2021-04-16T07:21:42","slug":"oventrop","status":"publish","type":"product","link":"https:\/\/videstehnika.lv\/katalogs\/apkure\/oventrop\/","title":{"rendered":"Oventrop"},"content":{"rendered":"","protected":false},"excerpt":{"rendered":"<p>Oventrop GmbH &amp; Co. KG ir viens no vado\u0161ajiem apkures sist\u0113mu armat\u016bru, regulatoru un \u0113ku tehnisk\u0101 apr\u012bkojuma sist\u0113mu ra\u017eot\u0101jiem Eirop\u0101. Apkures un santehnikas nozarei, k\u0101 ar\u012b r\u016bpniecisk\u0101m vajadz\u012bb\u0101m firma pied\u0101v\u0101 pla\u0161u sortimentu, kas ietver vair\u0101k nek\u0101 4000 produktu.<\/p>\n","protected":false},"featured_media":8858,"template":"","meta":{"_acf_changed":false},"product_cat":[1422,69],"product_tag":[],"class_list":{"0":"post-8857","1":"product","2":"type-product","3":"status-publish","4":"has-post-thumbnail","6":"product_cat-apkures-un-dzesesanas-sistemu-aprikojums","7":"product_cat-apkure-un-siltumapgades-risinajumi","9":"first","10":"instock","11":"taxable","12":"shipping-taxable","13":"product-type-external"},"acf":[],"yoast_head":"<!-- This site is optimized with the Yoast SEO plugin v24.2 - https:\/\/yoast.com\/wordpress\/plugins\/seo\/ -->\n<title>Oventrop - apkures sist\u0113mu tehniskais apr\u012bkojums &#8226; Vides Tehnika<\/title>\n<meta name=\"description\" content=\"Oventrop GmbH &amp; Co. KG ir viens no vado\u0161ajiem apkures sist\u0113mu armat\u016bru, regulatoru un \u0113ku tehnisk\u0101 apr\u012bkojuma sist\u0113mu ra\u017eot\u0101jiem Eirop\u0101.\" \/>\n<meta name=\"robots\" content=\"index, follow, max-snippet:-1, max-image-preview:large, max-video-preview:-1\" \/>\n<link rel=\"canonical\" href=\"https:\/\/videstehnika.lv\/lt\/katalogs\/apkure\/oventrop\/\" \/>\n<meta property=\"og:locale\" content=\"lt_LT\" \/>\n<meta property=\"og:type\" content=\"article\" \/>\n<meta property=\"og:title\" content=\"Oventrop - apkures sist\u0113mu tehniskais apr\u012bkojums &#8226; Vides Tehnika\" \/>\n<meta property=\"og:description\" content=\"Oventrop GmbH &amp; Co. KG ir viens no vado\u0161ajiem apkures sist\u0113mu armat\u016bru, regulatoru un \u0113ku tehnisk\u0101 apr\u012bkojuma sist\u0113mu ra\u017eot\u0101jiem Eirop\u0101.\" \/>\n<meta property=\"og:url\" content=\"https:\/\/videstehnika.lv\/katalogs\/apkure\/oventrop\/\" \/>\n<meta property=\"og:site_name\" content=\"Vides Tehnika\" \/>\n<meta property=\"article:modified_time\" content=\"2021-04-16T07:21:42+00:00\" \/>\n<meta property=\"og:image\" content=\"https:\/\/videstehnika.lv\/wp-content\/uploads\/2021\/03\/oventrop-logo.jpg\" \/>\n\t<meta property=\"og:image:width\" content=\"900\" \/>\n\t<meta property=\"og:image:height\" content=\"900\" \/>\n\t<meta property=\"og:image:type\" content=\"image\/jpeg\" \/>\n<meta name=\"twitter:card\" content=\"summary_large_image\" \/>\n<script type=\"application\/ld+json\" class=\"yoast-schema-graph\">{\"@context\":\"https:\/\/schema.org\",\"@graph\":[{\"@type\":\"WebPage\",\"@id\":\"https:\/\/videstehnika.lv\/katalogs\/apkure\/oventrop\/\",\"url\":\"https:\/\/videstehnika.lv\/katalogs\/apkure\/oventrop\/\",\"name\":\"Oventrop - apkures sist\u0113mu tehniskais apr\u012bkojums &#8226; Vides Tehnika\",\"isPartOf\":{\"@id\":\"https:\/\/videstehnika.lv\/lt\/#website\"},\"primaryImageOfPage\":{\"@id\":\"https:\/\/videstehnika.lv\/katalogs\/apkure\/oventrop\/#primaryimage\"},\"image\":{\"@id\":\"https:\/\/videstehnika.lv\/katalogs\/apkure\/oventrop\/#primaryimage\"},\"thumbnailUrl\":\"https:\/\/videstehnika.lv\/wp-content\/uploads\/2021\/03\/oventrop-logo.jpg\",\"datePublished\":\"2021-03-17T18:17:14+00:00\",\"dateModified\":\"2021-04-16T07:21:42+00:00\",\"description\":\"Oventrop GmbH & Co. KG ir viens no vado\u0161ajiem apkures sist\u0113mu armat\u016bru, regulatoru un \u0113ku tehnisk\u0101 apr\u012bkojuma sist\u0113mu ra\u017eot\u0101jiem Eirop\u0101.\",\"breadcrumb\":{\"@id\":\"https:\/\/videstehnika.lv\/katalogs\/apkure\/oventrop\/#breadcrumb\"},\"inLanguage\":\"lt-LT\",\"potentialAction\":[{\"@type\":\"ReadAction\",\"target\":[\"https:\/\/videstehnika.lv\/katalogs\/apkure\/oventrop\/\"]}]},{\"@type\":\"ImageObject\",\"inLanguage\":\"lt-LT\",\"@id\":\"https:\/\/videstehnika.lv\/katalogs\/apkure\/oventrop\/#primaryimage\",\"url\":\"https:\/\/videstehnika.lv\/wp-content\/uploads\/2021\/03\/oventrop-logo.jpg\",\"contentUrl\":\"https:\/\/videstehnika.lv\/wp-content\/uploads\/2021\/03\/oventrop-logo.jpg\",\"width\":900,\"height\":900,\"caption\":\"Oventrop\"},{\"@type\":\"BreadcrumbList\",\"@id\":\"https:\/\/videstehnika.lv\/katalogs\/apkure\/oventrop\/#breadcrumb\",\"itemListElement\":[{\"@type\":\"ListItem\",\"position\":1,\"name\":\"Home\",\"item\":\"https:\/\/videstehnika.lv\/lt\/\"},{\"@type\":\"ListItem\",\"position\":2,\"name\":\"Katalogas\",\"item\":\"https:\/\/videstehnika.lv\/lt\/katalogas\/\"},{\"@type\":\"ListItem\",\"position\":3,\"name\":\"Oventrop\"}]},{\"@type\":\"WebSite\",\"@id\":\"https:\/\/videstehnika.lv\/lt\/#website\",\"url\":\"https:\/\/videstehnika.lv\/lt\/\",\"name\":\"Vides Tehnika\",\"description\":\"\",\"potentialAction\":[{\"@type\":\"SearchAction\",\"target\":{\"@type\":\"EntryPoint\",\"urlTemplate\":\"https:\/\/videstehnika.lv\/lt\/?s={search_term_string}\"},\"query-input\":{\"@type\":\"PropertyValueSpecification\",\"valueRequired\":true,\"valueName\":\"search_term_string\"}}],\"inLanguage\":\"lt-LT\"}]}<\/script>\n<!-- \/ Yoast SEO plugin. -->","yoast_head_json":{"title":"Oventrop - apkures sist\u0113mu tehniskais apr\u012bkojums &#8226; Vides Tehnika","description":"Oventrop GmbH & Co. KG ir viens no vado\u0161ajiem apkures sist\u0113mu armat\u016bru, regulatoru un \u0113ku tehnisk\u0101 apr\u012bkojuma sist\u0113mu ra\u017eot\u0101jiem Eirop\u0101.","robots":{"index":"index","follow":"follow","max-snippet":"max-snippet:-1","max-image-preview":"max-image-preview:large","max-video-preview":"max-video-preview:-1"},"canonical":"https:\/\/videstehnika.lv\/lt\/katalogs\/apkure\/oventrop\/","og_locale":"lt_LT","og_type":"article","og_title":"Oventrop - apkures sist\u0113mu tehniskais apr\u012bkojums &#8226; Vides Tehnika","og_description":"Oventrop GmbH & Co. KG ir viens no vado\u0161ajiem apkures sist\u0113mu armat\u016bru, regulatoru un \u0113ku tehnisk\u0101 apr\u012bkojuma sist\u0113mu ra\u017eot\u0101jiem Eirop\u0101.","og_url":"https:\/\/videstehnika.lv\/katalogs\/apkure\/oventrop\/","og_site_name":"Vides Tehnika","article_modified_time":"2021-04-16T07:21:42+00:00","og_image":[{"width":900,"height":900,"url":"https:\/\/videstehnika.lv\/wp-content\/uploads\/2021\/03\/oventrop-logo.jpg","type":"image\/jpeg"}],"twitter_card":"summary_large_image","schema":{"@context":"https:\/\/schema.org","@graph":[{"@type":"WebPage","@id":"https:\/\/videstehnika.lv\/katalogs\/apkure\/oventrop\/","url":"https:\/\/videstehnika.lv\/katalogs\/apkure\/oventrop\/","name":"Oventrop - apkures sist\u0113mu tehniskais apr\u012bkojums &#8226; Vides Tehnika","isPartOf":{"@id":"https:\/\/videstehnika.lv\/lt\/#website"},"primaryImageOfPage":{"@id":"https:\/\/videstehnika.lv\/katalogs\/apkure\/oventrop\/#primaryimage"},"image":{"@id":"https:\/\/videstehnika.lv\/katalogs\/apkure\/oventrop\/#primaryimage"},"thumbnailUrl":"https:\/\/videstehnika.lv\/wp-content\/uploads\/2021\/03\/oventrop-logo.jpg","datePublished":"2021-03-17T18:17:14+00:00","dateModified":"2021-04-16T07:21:42+00:00","description":"Oventrop GmbH & Co. KG ir viens no vado\u0161ajiem apkures sist\u0113mu armat\u016bru, regulatoru un \u0113ku tehnisk\u0101 apr\u012bkojuma sist\u0113mu ra\u017eot\u0101jiem Eirop\u0101.","breadcrumb":{"@id":"https:\/\/videstehnika.lv\/katalogs\/apkure\/oventrop\/#breadcrumb"},"inLanguage":"lt-LT","potentialAction":[{"@type":"ReadAction","target":["https:\/\/videstehnika.lv\/katalogs\/apkure\/oventrop\/"]}]},{"@type":"ImageObject","inLanguage":"lt-LT","@id":"https:\/\/videstehnika.lv\/katalogs\/apkure\/oventrop\/#primaryimage","url":"https:\/\/videstehnika.lv\/wp-content\/uploads\/2021\/03\/oventrop-logo.jpg","contentUrl":"https:\/\/videstehnika.lv\/wp-content\/uploads\/2021\/03\/oventrop-logo.jpg","width":900,"height":900,"caption":"Oventrop"},{"@type":"BreadcrumbList","@id":"https:\/\/videstehnika.lv\/katalogs\/apkure\/oventrop\/#breadcrumb","itemListElement":[{"@type":"ListItem","position":1,"name":"Home","item":"https:\/\/videstehnika.lv\/lt\/"},{"@type":"ListItem","position":2,"name":"Katalogas","item":"https:\/\/videstehnika.lv\/lt\/katalogas\/"},{"@type":"ListItem","position":3,"name":"Oventrop"}]},{"@type":"WebSite","@id":"https:\/\/videstehnika.lv\/lt\/#website","url":"https:\/\/videstehnika.lv\/lt\/","name":"Vides Tehnika","description":"","potentialAction":[{"@type":"SearchAction","target":{"@type":"EntryPoint","urlTemplate":"https:\/\/videstehnika.lv\/lt\/?s={search_term_string}"},"query-input":{"@type":"PropertyValueSpecification","valueRequired":true,"valueName":"search_term_string"}}],"inLanguage":"lt-LT"}]}},"_links":{"self":[{"href":"https:\/\/videstehnika.lv\/lt\/wp-json\/wp\/v2\/product\/8857","targetHints":{"allow":["GET"]}}],"collection":[{"href":"https:\/\/videstehnika.lv\/lt\/wp-json\/wp\/v2\/product"}],"about":[{"href":"https:\/\/videstehnika.lv\/lt\/wp-json\/wp\/v2\/types\/product"}],"wp:featuredmedia":[{"embeddable":true,"href":"https:\/\/videstehnika.lv\/lt\/wp-json\/wp\/v2\/media\/8858"}],"wp:attachment":[{"href":"https:\/\/videstehnika.lv\/lt\/wp-json\/wp\/v2\/media?parent=8857"}],"wp:term":[{"taxonomy":"product_cat","embeddable":true,"href":"https:\/\/videstehnika.lv\/lt\/wp-json\/wp\/v2\/product_cat?post=8857"},{"taxonomy":"product_tag","embeddable":true,"href":"https:\/\/videstehnika.lv\/lt\/wp-json\/wp\/v2\/product_tag?post=8857"}],"curies":[{"name":"wp","href":"https:\/\/api.w.org\/{rel}","templated":true}]}}