{"id":8861,"date":"2021-03-17T20:33:40","date_gmt":"2021-03-17T18:33:40","guid":{"rendered":"https:\/\/videstehnika.lv\/?post_type=product&#038;p=8861"},"modified":"2021-04-16T10:21:31","modified_gmt":"2021-04-16T07:21:31","slug":"reflex","status":"publish","type":"product","link":"https:\/\/videstehnika.lv\/katalogs\/apkure\/reflex\/","title":{"rendered":"Reflex"},"content":{"rendered":"","protected":false},"excerpt":{"rendered":"<p>Reflex Winkelmann GmbH ir viens no vado\u0161ajiem, starptautiskajiem risin\u0101jumu nodro\u0161in\u0101t\u0101jiem \u0113ku \u016bdens apg\u0101des sist\u0113mu att\u012bst\u012bb\u0101 un uztur\u0113\u0161an\u0101, k\u0101 ar\u012b pieg\u0101des tehnolo\u0123ij\u0101.<\/p>\n<p>Uz\u0146\u0113muma portfelis sniedzas no spiediena uztur\u0113\u0161anas un degaz\u0113\u0161anas l\u012bdz atdal\u012b\u0161anas tehnolo\u0123ijai, no konstrukciju un \u016bdens apstr\u0101des un karst\u0101 \u016bdens glab\u0101\u0161anas l\u012bdz pat \u012bpa\u0161i piel\u0101gotai cauru\u013cvadu tehnolo\u0123ijai. Reflex risin\u0101jumus tagad iesp\u0113jams atrast vis\u0101 pasaul\u0113 apkures un dzes\u0113\u0161anas sist\u0113m\u0101s, k\u0101 ar\u012b saules ener\u0123ijas r\u016bpn\u012bc\u0101s un \u016bdens apg\u0101des iest\u0101d\u0113s.<\/p>\n","protected":false},"featured_media":8862,"template":"","meta":{"_acf_changed":false},"product_cat":[1422,69],"product_tag":[],"class_list":{"0":"post-8861","1":"product","2":"type-product","3":"status-publish","4":"has-post-thumbnail","6":"product_cat-apkures-un-dzesesanas-sistemu-aprikojums","7":"product_cat-apkure-un-siltumapgades-risinajumi","9":"first","10":"instock","11":"taxable","12":"shipping-taxable","13":"product-type-external"},"acf":[],"yoast_head":"<!-- This site is optimized with the Yoast SEO plugin v24.2 - https:\/\/yoast.com\/wordpress\/plugins\/seo\/ -->\n<title>Reflex - apkures un dzes\u0113\u0161anas sist\u0113mas &#8226; Vides Tehnika<\/title>\n<meta name=\"description\" content=\"Reflex iesp\u0113jams atrast vis\u0101 pasaul\u0113 apkures un dzes\u0113\u0161anas sist\u0113m\u0101s, k\u0101 ar\u012b saules ener\u0123ijas r\u016bpn\u012bc\u0101s un \u016bdens apg\u0101des iest\u0101d\u0113s.\" \/>\n<meta name=\"robots\" content=\"index, follow, max-snippet:-1, max-image-preview:large, max-video-preview:-1\" \/>\n<link rel=\"canonical\" href=\"https:\/\/videstehnika.lv\/lt\/katalogs\/apkure\/reflex\/\" \/>\n<meta property=\"og:locale\" content=\"lt_LT\" \/>\n<meta property=\"og:type\" content=\"article\" \/>\n<meta property=\"og:title\" content=\"Reflex - apkures un dzes\u0113\u0161anas sist\u0113mas &#8226; Vides Tehnika\" \/>\n<meta property=\"og:description\" content=\"Reflex iesp\u0113jams atrast vis\u0101 pasaul\u0113 apkures un dzes\u0113\u0161anas sist\u0113m\u0101s, k\u0101 ar\u012b saules ener\u0123ijas r\u016bpn\u012bc\u0101s un \u016bdens apg\u0101des iest\u0101d\u0113s.\" \/>\n<meta property=\"og:url\" content=\"https:\/\/videstehnika.lv\/katalogs\/apkure\/reflex\/\" \/>\n<meta property=\"og:site_name\" content=\"Vides Tehnika\" \/>\n<meta property=\"article:modified_time\" content=\"2021-04-16T07:21:31+00:00\" \/>\n<meta property=\"og:image\" content=\"https:\/\/videstehnika.lv\/wp-content\/uploads\/2021\/03\/reflex-logo.jpg\" \/>\n\t<meta property=\"og:image:width\" content=\"900\" \/>\n\t<meta property=\"og:image:height\" content=\"900\" \/>\n\t<meta property=\"og:image:type\" content=\"image\/jpeg\" \/>\n<meta name=\"twitter:card\" content=\"summary_large_image\" \/>\n<script type=\"application\/ld+json\" class=\"yoast-schema-graph\">{\"@context\":\"https:\/\/schema.org\",\"@graph\":[{\"@type\":\"WebPage\",\"@id\":\"https:\/\/videstehnika.lv\/katalogs\/apkure\/reflex\/\",\"url\":\"https:\/\/videstehnika.lv\/katalogs\/apkure\/reflex\/\",\"name\":\"Reflex - apkures un dzes\u0113\u0161anas sist\u0113mas &#8226; Vides Tehnika\",\"isPartOf\":{\"@id\":\"https:\/\/videstehnika.lv\/lt\/#website\"},\"primaryImageOfPage\":{\"@id\":\"https:\/\/videstehnika.lv\/katalogs\/apkure\/reflex\/#primaryimage\"},\"image\":{\"@id\":\"https:\/\/videstehnika.lv\/katalogs\/apkure\/reflex\/#primaryimage\"},\"thumbnailUrl\":\"https:\/\/videstehnika.lv\/wp-content\/uploads\/2021\/03\/reflex-logo.jpg\",\"datePublished\":\"2021-03-17T18:33:40+00:00\",\"dateModified\":\"2021-04-16T07:21:31+00:00\",\"description\":\"Reflex iesp\u0113jams atrast vis\u0101 pasaul\u0113 apkures un dzes\u0113\u0161anas sist\u0113m\u0101s, k\u0101 ar\u012b saules ener\u0123ijas r\u016bpn\u012bc\u0101s un \u016bdens apg\u0101des iest\u0101d\u0113s.\",\"breadcrumb\":{\"@id\":\"https:\/\/videstehnika.lv\/katalogs\/apkure\/reflex\/#breadcrumb\"},\"inLanguage\":\"lt-LT\",\"potentialAction\":[{\"@type\":\"ReadAction\",\"target\":[\"https:\/\/videstehnika.lv\/katalogs\/apkure\/reflex\/\"]}]},{\"@type\":\"ImageObject\",\"inLanguage\":\"lt-LT\",\"@id\":\"https:\/\/videstehnika.lv\/katalogs\/apkure\/reflex\/#primaryimage\",\"url\":\"https:\/\/videstehnika.lv\/wp-content\/uploads\/2021\/03\/reflex-logo.jpg\",\"contentUrl\":\"https:\/\/videstehnika.lv\/wp-content\/uploads\/2021\/03\/reflex-logo.jpg\",\"width\":900,\"height\":900,\"caption\":\"Reflex\"},{\"@type\":\"BreadcrumbList\",\"@id\":\"https:\/\/videstehnika.lv\/katalogs\/apkure\/reflex\/#breadcrumb\",\"itemListElement\":[{\"@type\":\"ListItem\",\"position\":1,\"name\":\"Home\",\"item\":\"https:\/\/videstehnika.lv\/lt\/\"},{\"@type\":\"ListItem\",\"position\":2,\"name\":\"Katalogas\",\"item\":\"https:\/\/videstehnika.lv\/lt\/katalogas\/\"},{\"@type\":\"ListItem\",\"position\":3,\"name\":\"Reflex\"}]},{\"@type\":\"WebSite\",\"@id\":\"https:\/\/videstehnika.lv\/lt\/#website\",\"url\":\"https:\/\/videstehnika.lv\/lt\/\",\"name\":\"Vides Tehnika\",\"description\":\"\",\"potentialAction\":[{\"@type\":\"SearchAction\",\"target\":{\"@type\":\"EntryPoint\",\"urlTemplate\":\"https:\/\/videstehnika.lv\/lt\/?s={search_term_string}\"},\"query-input\":{\"@type\":\"PropertyValueSpecification\",\"valueRequired\":true,\"valueName\":\"search_term_string\"}}],\"inLanguage\":\"lt-LT\"}]}<\/script>\n<!-- \/ Yoast SEO plugin. -->","yoast_head_json":{"title":"Reflex - apkures un dzes\u0113\u0161anas sist\u0113mas &#8226; Vides Tehnika","description":"Reflex iesp\u0113jams atrast vis\u0101 pasaul\u0113 apkures un dzes\u0113\u0161anas sist\u0113m\u0101s, k\u0101 ar\u012b saules ener\u0123ijas r\u016bpn\u012bc\u0101s un \u016bdens apg\u0101des iest\u0101d\u0113s.","robots":{"index":"index","follow":"follow","max-snippet":"max-snippet:-1","max-image-preview":"max-image-preview:large","max-video-preview":"max-video-preview:-1"},"canonical":"https:\/\/videstehnika.lv\/lt\/katalogs\/apkure\/reflex\/","og_locale":"lt_LT","og_type":"article","og_title":"Reflex - apkures un dzes\u0113\u0161anas sist\u0113mas &#8226; Vides Tehnika","og_description":"Reflex iesp\u0113jams atrast vis\u0101 pasaul\u0113 apkures un dzes\u0113\u0161anas sist\u0113m\u0101s, k\u0101 ar\u012b saules ener\u0123ijas r\u016bpn\u012bc\u0101s un \u016bdens apg\u0101des iest\u0101d\u0113s.","og_url":"https:\/\/videstehnika.lv\/katalogs\/apkure\/reflex\/","og_site_name":"Vides Tehnika","article_modified_time":"2021-04-16T07:21:31+00:00","og_image":[{"width":900,"height":900,"url":"https:\/\/videstehnika.lv\/wp-content\/uploads\/2021\/03\/reflex-logo.jpg","type":"image\/jpeg"}],"twitter_card":"summary_large_image","schema":{"@context":"https:\/\/schema.org","@graph":[{"@type":"WebPage","@id":"https:\/\/videstehnika.lv\/katalogs\/apkure\/reflex\/","url":"https:\/\/videstehnika.lv\/katalogs\/apkure\/reflex\/","name":"Reflex - apkures un dzes\u0113\u0161anas sist\u0113mas &#8226; Vides Tehnika","isPartOf":{"@id":"https:\/\/videstehnika.lv\/lt\/#website"},"primaryImageOfPage":{"@id":"https:\/\/videstehnika.lv\/katalogs\/apkure\/reflex\/#primaryimage"},"image":{"@id":"https:\/\/videstehnika.lv\/katalogs\/apkure\/reflex\/#primaryimage"},"thumbnailUrl":"https:\/\/videstehnika.lv\/wp-content\/uploads\/2021\/03\/reflex-logo.jpg","datePublished":"2021-03-17T18:33:40+00:00","dateModified":"2021-04-16T07:21:31+00:00","description":"Reflex iesp\u0113jams atrast vis\u0101 pasaul\u0113 apkures un dzes\u0113\u0161anas sist\u0113m\u0101s, k\u0101 ar\u012b saules ener\u0123ijas r\u016bpn\u012bc\u0101s un \u016bdens apg\u0101des iest\u0101d\u0113s.","breadcrumb":{"@id":"https:\/\/videstehnika.lv\/katalogs\/apkure\/reflex\/#breadcrumb"},"inLanguage":"lt-LT","potentialAction":[{"@type":"ReadAction","target":["https:\/\/videstehnika.lv\/katalogs\/apkure\/reflex\/"]}]},{"@type":"ImageObject","inLanguage":"lt-LT","@id":"https:\/\/videstehnika.lv\/katalogs\/apkure\/reflex\/#primaryimage","url":"https:\/\/videstehnika.lv\/wp-content\/uploads\/2021\/03\/reflex-logo.jpg","contentUrl":"https:\/\/videstehnika.lv\/wp-content\/uploads\/2021\/03\/reflex-logo.jpg","width":900,"height":900,"caption":"Reflex"},{"@type":"BreadcrumbList","@id":"https:\/\/videstehnika.lv\/katalogs\/apkure\/reflex\/#breadcrumb","itemListElement":[{"@type":"ListItem","position":1,"name":"Home","item":"https:\/\/videstehnika.lv\/lt\/"},{"@type":"ListItem","position":2,"name":"Katalogas","item":"https:\/\/videstehnika.lv\/lt\/katalogas\/"},{"@type":"ListItem","position":3,"name":"Reflex"}]},{"@type":"WebSite","@id":"https:\/\/videstehnika.lv\/lt\/#website","url":"https:\/\/videstehnika.lv\/lt\/","name":"Vides Tehnika","description":"","potentialAction":[{"@type":"SearchAction","target":{"@type":"EntryPoint","urlTemplate":"https:\/\/videstehnika.lv\/lt\/?s={search_term_string}"},"query-input":{"@type":"PropertyValueSpecification","valueRequired":true,"valueName":"search_term_string"}}],"inLanguage":"lt-LT"}]}},"_links":{"self":[{"href":"https:\/\/videstehnika.lv\/lt\/wp-json\/wp\/v2\/product\/8861","targetHints":{"allow":["GET"]}}],"collection":[{"href":"https:\/\/videstehnika.lv\/lt\/wp-json\/wp\/v2\/product"}],"about":[{"href":"https:\/\/videstehnika.lv\/lt\/wp-json\/wp\/v2\/types\/product"}],"wp:featuredmedia":[{"embeddable":true,"href":"https:\/\/videstehnika.lv\/lt\/wp-json\/wp\/v2\/media\/8862"}],"wp:attachment":[{"href":"https:\/\/videstehnika.lv\/lt\/wp-json\/wp\/v2\/media?parent=8861"}],"wp:term":[{"taxonomy":"product_cat","embeddable":true,"href":"https:\/\/videstehnika.lv\/lt\/wp-json\/wp\/v2\/product_cat?post=8861"},{"taxonomy":"product_tag","embeddable":true,"href":"https:\/\/videstehnika.lv\/lt\/wp-json\/wp\/v2\/product_tag?post=8861"}],"curies":[{"name":"wp","href":"https:\/\/api.w.org\/{rel}","templated":true}]}}