{"id":8865,"date":"2021-03-17T20:46:50","date_gmt":"2021-03-17T18:46:50","guid":{"rendered":"https:\/\/videstehnika.lv\/?post_type=product&#038;p=8865"},"modified":"2021-04-16T10:21:19","modified_gmt":"2021-04-16T07:21:19","slug":"tecofi-2","status":"publish","type":"product","link":"https:\/\/videstehnika.lv\/katalogs\/apkure\/tecofi-2\/","title":{"rendered":"Tecofi"},"content":{"rendered":"","protected":false},"excerpt":{"rendered":"<p>Tecofi ir Francij\u0101 b\u0101z\u0113ts, r\u016bpniecisko v\u0101rstu ra\u017eot\u0101js, kas veic piln\u012bgu v\u0101rstu kl\u0101sta projekt\u0113\u0161anu, ra\u017eo\u0161anu un tirdzniec\u012bbu visu veidu nozar\u0113m.<\/p>\n<p>Vieni no galvenajiem dal\u012bbniekiem \u016bdens, klimata tehnolo\u0123iju, pap\u012bra, \u0137\u012bmijas, t\u0113rauda un ener\u0123\u0113tikas nozar\u0113s. Sadarb\u012bb\u0101 ar viet\u0113jo partneru starpniec\u012bbu, Tecofi produkcija pieejama vair\u0101k nek\u0101 80 valst\u012bs.<\/p>\n","protected":false},"featured_media":8866,"template":"","meta":{"_acf_changed":false},"product_cat":[102,101,1422,71,69],"product_tag":[],"class_list":{"0":"post-8865","1":"product","2":"type-product","3":"status-publish","4":"has-post-thumbnail","6":"product_cat-eku-areja-udensapgade-un-kanalizacija","7":"product_cat-eku-iekseja-udensapgade-un-kanalizacija","8":"product_cat-apkures-un-dzesesanas-sistemu-aprikojums","9":"product_cat-kanalizacijas-montazas-materiali-komplektejosie-elementi","10":"product_cat-apkure-un-siltumapgades-risinajumi","12":"first","13":"instock","14":"taxable","15":"shipping-taxable","16":"product-type-external"},"acf":[],"yoast_head":"<!-- This site is optimized with the Yoast SEO plugin v24.2 - https:\/\/yoast.com\/wordpress\/plugins\/seo\/ -->\n<title>Tecofi - r\u016bpniecisko v\u0101rstu ra\u017eot\u0101js &#8226; Vides Tehnika<\/title>\n<meta name=\"description\" content=\"Tecofi - r\u016bpniecisko v\u0101rstu ra\u017eot\u0101js. Francij\u0101 b\u0101z\u0113ts ra\u017eot\u0101js, kas veic v\u0101rstu projekt\u0113\u0161anu, ra\u017eo\u0161anu un tirdzniec\u012bbu visu veidu nozar\u0113m.\" \/>\n<meta name=\"robots\" content=\"index, follow, max-snippet:-1, max-image-preview:large, max-video-preview:-1\" \/>\n<link rel=\"canonical\" href=\"https:\/\/videstehnika.lv\/lt\/katalogs\/apkure\/tecofi-2\/\" \/>\n<meta property=\"og:locale\" content=\"lt_LT\" \/>\n<meta property=\"og:type\" content=\"article\" \/>\n<meta property=\"og:title\" content=\"Tecofi - r\u016bpniecisko v\u0101rstu ra\u017eot\u0101js &#8226; Vides Tehnika\" \/>\n<meta property=\"og:description\" content=\"Tecofi - r\u016bpniecisko v\u0101rstu ra\u017eot\u0101js. Francij\u0101 b\u0101z\u0113ts ra\u017eot\u0101js, kas veic v\u0101rstu projekt\u0113\u0161anu, ra\u017eo\u0161anu un tirdzniec\u012bbu visu veidu nozar\u0113m.\" \/>\n<meta property=\"og:url\" content=\"https:\/\/videstehnika.lv\/katalogs\/apkure\/tecofi-2\/\" \/>\n<meta property=\"og:site_name\" content=\"Vides Tehnika\" \/>\n<meta property=\"article:modified_time\" content=\"2021-04-16T07:21:19+00:00\" \/>\n<meta property=\"og:image\" content=\"https:\/\/videstehnika.lv\/wp-content\/uploads\/2021\/03\/Tecofi-logo.jpg\" \/>\n\t<meta property=\"og:image:width\" content=\"900\" \/>\n\t<meta property=\"og:image:height\" content=\"900\" \/>\n\t<meta property=\"og:image:type\" content=\"image\/jpeg\" \/>\n<meta name=\"twitter:card\" content=\"summary_large_image\" \/>\n<script type=\"application\/ld+json\" class=\"yoast-schema-graph\">{\"@context\":\"https:\/\/schema.org\",\"@graph\":[{\"@type\":\"WebPage\",\"@id\":\"https:\/\/videstehnika.lv\/katalogs\/apkure\/tecofi-2\/\",\"url\":\"https:\/\/videstehnika.lv\/katalogs\/apkure\/tecofi-2\/\",\"name\":\"Tecofi - r\u016bpniecisko v\u0101rstu ra\u017eot\u0101js &#8226; Vides Tehnika\",\"isPartOf\":{\"@id\":\"https:\/\/videstehnika.lv\/lt\/#website\"},\"primaryImageOfPage\":{\"@id\":\"https:\/\/videstehnika.lv\/katalogs\/apkure\/tecofi-2\/#primaryimage\"},\"image\":{\"@id\":\"https:\/\/videstehnika.lv\/katalogs\/apkure\/tecofi-2\/#primaryimage\"},\"thumbnailUrl\":\"https:\/\/videstehnika.lv\/wp-content\/uploads\/2021\/03\/Tecofi-logo.jpg\",\"datePublished\":\"2021-03-17T18:46:50+00:00\",\"dateModified\":\"2021-04-16T07:21:19+00:00\",\"description\":\"Tecofi - r\u016bpniecisko v\u0101rstu ra\u017eot\u0101js. Francij\u0101 b\u0101z\u0113ts ra\u017eot\u0101js, kas veic v\u0101rstu projekt\u0113\u0161anu, ra\u017eo\u0161anu un tirdzniec\u012bbu visu veidu nozar\u0113m.\",\"breadcrumb\":{\"@id\":\"https:\/\/videstehnika.lv\/katalogs\/apkure\/tecofi-2\/#breadcrumb\"},\"inLanguage\":\"lt-LT\",\"potentialAction\":[{\"@type\":\"ReadAction\",\"target\":[\"https:\/\/videstehnika.lv\/katalogs\/apkure\/tecofi-2\/\"]}]},{\"@type\":\"ImageObject\",\"inLanguage\":\"lt-LT\",\"@id\":\"https:\/\/videstehnika.lv\/katalogs\/apkure\/tecofi-2\/#primaryimage\",\"url\":\"https:\/\/videstehnika.lv\/wp-content\/uploads\/2021\/03\/Tecofi-logo.jpg\",\"contentUrl\":\"https:\/\/videstehnika.lv\/wp-content\/uploads\/2021\/03\/Tecofi-logo.jpg\",\"width\":900,\"height\":900,\"caption\":\"Tecofi\"},{\"@type\":\"BreadcrumbList\",\"@id\":\"https:\/\/videstehnika.lv\/katalogs\/apkure\/tecofi-2\/#breadcrumb\",\"itemListElement\":[{\"@type\":\"ListItem\",\"position\":1,\"name\":\"Home\",\"item\":\"https:\/\/videstehnika.lv\/lt\/\"},{\"@type\":\"ListItem\",\"position\":2,\"name\":\"Katalogas\",\"item\":\"https:\/\/videstehnika.lv\/lt\/katalogas\/\"},{\"@type\":\"ListItem\",\"position\":3,\"name\":\"Tecofi\"}]},{\"@type\":\"WebSite\",\"@id\":\"https:\/\/videstehnika.lv\/lt\/#website\",\"url\":\"https:\/\/videstehnika.lv\/lt\/\",\"name\":\"Vides Tehnika\",\"description\":\"\",\"potentialAction\":[{\"@type\":\"SearchAction\",\"target\":{\"@type\":\"EntryPoint\",\"urlTemplate\":\"https:\/\/videstehnika.lv\/lt\/?s={search_term_string}\"},\"query-input\":{\"@type\":\"PropertyValueSpecification\",\"valueRequired\":true,\"valueName\":\"search_term_string\"}}],\"inLanguage\":\"lt-LT\"}]}<\/script>\n<!-- \/ Yoast SEO plugin. -->","yoast_head_json":{"title":"Tecofi - r\u016bpniecisko v\u0101rstu ra\u017eot\u0101js &#8226; Vides Tehnika","description":"Tecofi - r\u016bpniecisko v\u0101rstu ra\u017eot\u0101js. Francij\u0101 b\u0101z\u0113ts ra\u017eot\u0101js, kas veic v\u0101rstu projekt\u0113\u0161anu, ra\u017eo\u0161anu un tirdzniec\u012bbu visu veidu nozar\u0113m.","robots":{"index":"index","follow":"follow","max-snippet":"max-snippet:-1","max-image-preview":"max-image-preview:large","max-video-preview":"max-video-preview:-1"},"canonical":"https:\/\/videstehnika.lv\/lt\/katalogs\/apkure\/tecofi-2\/","og_locale":"lt_LT","og_type":"article","og_title":"Tecofi - r\u016bpniecisko v\u0101rstu ra\u017eot\u0101js &#8226; Vides Tehnika","og_description":"Tecofi - r\u016bpniecisko v\u0101rstu ra\u017eot\u0101js. Francij\u0101 b\u0101z\u0113ts ra\u017eot\u0101js, kas veic v\u0101rstu projekt\u0113\u0161anu, ra\u017eo\u0161anu un tirdzniec\u012bbu visu veidu nozar\u0113m.","og_url":"https:\/\/videstehnika.lv\/katalogs\/apkure\/tecofi-2\/","og_site_name":"Vides Tehnika","article_modified_time":"2021-04-16T07:21:19+00:00","og_image":[{"width":900,"height":900,"url":"https:\/\/videstehnika.lv\/wp-content\/uploads\/2021\/03\/Tecofi-logo.jpg","type":"image\/jpeg"}],"twitter_card":"summary_large_image","schema":{"@context":"https:\/\/schema.org","@graph":[{"@type":"WebPage","@id":"https:\/\/videstehnika.lv\/katalogs\/apkure\/tecofi-2\/","url":"https:\/\/videstehnika.lv\/katalogs\/apkure\/tecofi-2\/","name":"Tecofi - r\u016bpniecisko v\u0101rstu ra\u017eot\u0101js &#8226; Vides Tehnika","isPartOf":{"@id":"https:\/\/videstehnika.lv\/lt\/#website"},"primaryImageOfPage":{"@id":"https:\/\/videstehnika.lv\/katalogs\/apkure\/tecofi-2\/#primaryimage"},"image":{"@id":"https:\/\/videstehnika.lv\/katalogs\/apkure\/tecofi-2\/#primaryimage"},"thumbnailUrl":"https:\/\/videstehnika.lv\/wp-content\/uploads\/2021\/03\/Tecofi-logo.jpg","datePublished":"2021-03-17T18:46:50+00:00","dateModified":"2021-04-16T07:21:19+00:00","description":"Tecofi - r\u016bpniecisko v\u0101rstu ra\u017eot\u0101js. Francij\u0101 b\u0101z\u0113ts ra\u017eot\u0101js, kas veic v\u0101rstu projekt\u0113\u0161anu, ra\u017eo\u0161anu un tirdzniec\u012bbu visu veidu nozar\u0113m.","breadcrumb":{"@id":"https:\/\/videstehnika.lv\/katalogs\/apkure\/tecofi-2\/#breadcrumb"},"inLanguage":"lt-LT","potentialAction":[{"@type":"ReadAction","target":["https:\/\/videstehnika.lv\/katalogs\/apkure\/tecofi-2\/"]}]},{"@type":"ImageObject","inLanguage":"lt-LT","@id":"https:\/\/videstehnika.lv\/katalogs\/apkure\/tecofi-2\/#primaryimage","url":"https:\/\/videstehnika.lv\/wp-content\/uploads\/2021\/03\/Tecofi-logo.jpg","contentUrl":"https:\/\/videstehnika.lv\/wp-content\/uploads\/2021\/03\/Tecofi-logo.jpg","width":900,"height":900,"caption":"Tecofi"},{"@type":"BreadcrumbList","@id":"https:\/\/videstehnika.lv\/katalogs\/apkure\/tecofi-2\/#breadcrumb","itemListElement":[{"@type":"ListItem","position":1,"name":"Home","item":"https:\/\/videstehnika.lv\/lt\/"},{"@type":"ListItem","position":2,"name":"Katalogas","item":"https:\/\/videstehnika.lv\/lt\/katalogas\/"},{"@type":"ListItem","position":3,"name":"Tecofi"}]},{"@type":"WebSite","@id":"https:\/\/videstehnika.lv\/lt\/#website","url":"https:\/\/videstehnika.lv\/lt\/","name":"Vides Tehnika","description":"","potentialAction":[{"@type":"SearchAction","target":{"@type":"EntryPoint","urlTemplate":"https:\/\/videstehnika.lv\/lt\/?s={search_term_string}"},"query-input":{"@type":"PropertyValueSpecification","valueRequired":true,"valueName":"search_term_string"}}],"inLanguage":"lt-LT"}]}},"_links":{"self":[{"href":"https:\/\/videstehnika.lv\/lt\/wp-json\/wp\/v2\/product\/8865","targetHints":{"allow":["GET"]}}],"collection":[{"href":"https:\/\/videstehnika.lv\/lt\/wp-json\/wp\/v2\/product"}],"about":[{"href":"https:\/\/videstehnika.lv\/lt\/wp-json\/wp\/v2\/types\/product"}],"wp:featuredmedia":[{"embeddable":true,"href":"https:\/\/videstehnika.lv\/lt\/wp-json\/wp\/v2\/media\/8866"}],"wp:attachment":[{"href":"https:\/\/videstehnika.lv\/lt\/wp-json\/wp\/v2\/media?parent=8865"}],"wp:term":[{"taxonomy":"product_cat","embeddable":true,"href":"https:\/\/videstehnika.lv\/lt\/wp-json\/wp\/v2\/product_cat?post=8865"},{"taxonomy":"product_tag","embeddable":true,"href":"https:\/\/videstehnika.lv\/lt\/wp-json\/wp\/v2\/product_tag?post=8865"}],"curies":[{"name":"wp","href":"https:\/\/api.w.org\/{rel}","templated":true}]}}