{"id":8874,"date":"2021-03-19T10:54:19","date_gmt":"2021-03-19T08:54:19","guid":{"rendered":"https:\/\/videstehnika.lv\/?post_type=product&#038;p=8874"},"modified":"2021-04-16T10:21:05","modified_gmt":"2021-04-16T07:21:05","slug":"grundfos","status":"publish","type":"product","link":"https:\/\/videstehnika.lv\/katalogs\/apkure\/grundfos\/","title":{"rendered":"Grundfos"},"content":{"rendered":"","protected":false},"excerpt":{"rendered":"<p>GRUNDFOS pied\u0101v\u0101 pla\u0161u kl\u0101stu ar pakalpojumiem un produktiem, kas uzlabo \u016bdens un ener\u0123ijas izmanto\u0161anas efektivit\u0101ti.<\/p>\n<p>\u016adensapg\u0101des nozar\u0113 uz\u0146\u0113mums darbojas no 1940. gada un saviem klientiem pied\u0101v\u0101 visa veida \u016bdens s\u016bk\u0146us, kas paredz\u0113ti uzst\u0101d\u012b\u0161anai vienas m\u0101jsaimniec\u012bbas ietvaros, k\u0101 ar\u012b \u016bdensapg\u0101des sist\u0113mas, kas paredz\u0113tas industri\u0101l\u0101m b\u016bv\u0113m un ra\u017eo\u0161anas kompleksiem.<\/p>\n","protected":false},"featured_media":8875,"template":"","meta":{"_acf_changed":false},"product_cat":[1430,1422,69],"product_tag":[],"class_list":{"0":"post-8874","1":"product","2":"type-product","3":"status-publish","4":"has-post-thumbnail","6":"product_cat-sukni-udensapgades-risinajumiem","7":"product_cat-apkures-un-dzesesanas-sistemu-aprikojums","8":"product_cat-apkure-un-siltumapgades-risinajumi","10":"first","11":"instock","12":"taxable","13":"shipping-taxable","14":"product-type-external"},"acf":[],"yoast_head":"<!-- This site is optimized with the Yoast SEO plugin v24.2 - https:\/\/yoast.com\/wordpress\/plugins\/seo\/ -->\n<title>Grundfos - \u016bdensapg\u0101de un \u016bdens s\u016bk\u0146i &#8226; Vides Tehnika<\/title>\n<meta name=\"description\" content=\"GRUNDFOS pied\u0101v\u0101 visa veida \u016bdens s\u016bk\u0146us un \u016bdensapg\u0101des sist\u0113mas, kas paredz\u0113tas gan m\u0101jsaimniec\u012bb\u0101m, gan industri\u0101l\u0101m b\u016bv\u0113m.\" \/>\n<meta name=\"robots\" content=\"index, follow, max-snippet:-1, max-image-preview:large, max-video-preview:-1\" \/>\n<link rel=\"canonical\" href=\"https:\/\/videstehnika.lv\/lt\/katalogs\/apkure\/grundfos\/\" \/>\n<meta property=\"og:locale\" content=\"lt_LT\" \/>\n<meta property=\"og:type\" content=\"article\" \/>\n<meta property=\"og:title\" content=\"Grundfos - \u016bdensapg\u0101de un \u016bdens s\u016bk\u0146i &#8226; Vides Tehnika\" \/>\n<meta property=\"og:description\" content=\"GRUNDFOS pied\u0101v\u0101 visa veida \u016bdens s\u016bk\u0146us un \u016bdensapg\u0101des sist\u0113mas, kas paredz\u0113tas gan m\u0101jsaimniec\u012bb\u0101m, gan industri\u0101l\u0101m b\u016bv\u0113m.\" \/>\n<meta property=\"og:url\" content=\"https:\/\/videstehnika.lv\/katalogs\/apkure\/grundfos\/\" \/>\n<meta property=\"og:site_name\" content=\"Vides Tehnika\" \/>\n<meta property=\"article:modified_time\" content=\"2021-04-16T07:21:05+00:00\" \/>\n<meta property=\"og:image\" content=\"https:\/\/videstehnika.lv\/wp-content\/uploads\/2021\/03\/grudfos-logo.jpg\" \/>\n\t<meta property=\"og:image:width\" content=\"900\" \/>\n\t<meta property=\"og:image:height\" content=\"900\" \/>\n\t<meta property=\"og:image:type\" content=\"image\/jpeg\" \/>\n<meta name=\"twitter:card\" content=\"summary_large_image\" \/>\n<script type=\"application\/ld+json\" class=\"yoast-schema-graph\">{\"@context\":\"https:\/\/schema.org\",\"@graph\":[{\"@type\":\"WebPage\",\"@id\":\"https:\/\/videstehnika.lv\/katalogs\/apkure\/grundfos\/\",\"url\":\"https:\/\/videstehnika.lv\/katalogs\/apkure\/grundfos\/\",\"name\":\"Grundfos - \u016bdensapg\u0101de un \u016bdens s\u016bk\u0146i &#8226; Vides Tehnika\",\"isPartOf\":{\"@id\":\"https:\/\/videstehnika.lv\/lt\/#website\"},\"primaryImageOfPage\":{\"@id\":\"https:\/\/videstehnika.lv\/katalogs\/apkure\/grundfos\/#primaryimage\"},\"image\":{\"@id\":\"https:\/\/videstehnika.lv\/katalogs\/apkure\/grundfos\/#primaryimage\"},\"thumbnailUrl\":\"https:\/\/videstehnika.lv\/wp-content\/uploads\/2021\/03\/grudfos-logo.jpg\",\"datePublished\":\"2021-03-19T08:54:19+00:00\",\"dateModified\":\"2021-04-16T07:21:05+00:00\",\"description\":\"GRUNDFOS pied\u0101v\u0101 visa veida \u016bdens s\u016bk\u0146us un \u016bdensapg\u0101des sist\u0113mas, kas paredz\u0113tas gan m\u0101jsaimniec\u012bb\u0101m, gan industri\u0101l\u0101m b\u016bv\u0113m.\",\"breadcrumb\":{\"@id\":\"https:\/\/videstehnika.lv\/katalogs\/apkure\/grundfos\/#breadcrumb\"},\"inLanguage\":\"lt-LT\",\"potentialAction\":[{\"@type\":\"ReadAction\",\"target\":[\"https:\/\/videstehnika.lv\/katalogs\/apkure\/grundfos\/\"]}]},{\"@type\":\"ImageObject\",\"inLanguage\":\"lt-LT\",\"@id\":\"https:\/\/videstehnika.lv\/katalogs\/apkure\/grundfos\/#primaryimage\",\"url\":\"https:\/\/videstehnika.lv\/wp-content\/uploads\/2021\/03\/grudfos-logo.jpg\",\"contentUrl\":\"https:\/\/videstehnika.lv\/wp-content\/uploads\/2021\/03\/grudfos-logo.jpg\",\"width\":900,\"height\":900,\"caption\":\"Grundfos\"},{\"@type\":\"BreadcrumbList\",\"@id\":\"https:\/\/videstehnika.lv\/katalogs\/apkure\/grundfos\/#breadcrumb\",\"itemListElement\":[{\"@type\":\"ListItem\",\"position\":1,\"name\":\"Home\",\"item\":\"https:\/\/videstehnika.lv\/lt\/\"},{\"@type\":\"ListItem\",\"position\":2,\"name\":\"Katalogas\",\"item\":\"https:\/\/videstehnika.lv\/lt\/katalogas\/\"},{\"@type\":\"ListItem\",\"position\":3,\"name\":\"Grundfos\"}]},{\"@type\":\"WebSite\",\"@id\":\"https:\/\/videstehnika.lv\/lt\/#website\",\"url\":\"https:\/\/videstehnika.lv\/lt\/\",\"name\":\"Vides Tehnika\",\"description\":\"\",\"potentialAction\":[{\"@type\":\"SearchAction\",\"target\":{\"@type\":\"EntryPoint\",\"urlTemplate\":\"https:\/\/videstehnika.lv\/lt\/?s={search_term_string}\"},\"query-input\":{\"@type\":\"PropertyValueSpecification\",\"valueRequired\":true,\"valueName\":\"search_term_string\"}}],\"inLanguage\":\"lt-LT\"}]}<\/script>\n<!-- \/ Yoast SEO plugin. -->","yoast_head_json":{"title":"Grundfos - \u016bdensapg\u0101de un \u016bdens s\u016bk\u0146i &#8226; Vides Tehnika","description":"GRUNDFOS pied\u0101v\u0101 visa veida \u016bdens s\u016bk\u0146us un \u016bdensapg\u0101des sist\u0113mas, kas paredz\u0113tas gan m\u0101jsaimniec\u012bb\u0101m, gan industri\u0101l\u0101m b\u016bv\u0113m.","robots":{"index":"index","follow":"follow","max-snippet":"max-snippet:-1","max-image-preview":"max-image-preview:large","max-video-preview":"max-video-preview:-1"},"canonical":"https:\/\/videstehnika.lv\/lt\/katalogs\/apkure\/grundfos\/","og_locale":"lt_LT","og_type":"article","og_title":"Grundfos - \u016bdensapg\u0101de un \u016bdens s\u016bk\u0146i &#8226; Vides Tehnika","og_description":"GRUNDFOS pied\u0101v\u0101 visa veida \u016bdens s\u016bk\u0146us un \u016bdensapg\u0101des sist\u0113mas, kas paredz\u0113tas gan m\u0101jsaimniec\u012bb\u0101m, gan industri\u0101l\u0101m b\u016bv\u0113m.","og_url":"https:\/\/videstehnika.lv\/katalogs\/apkure\/grundfos\/","og_site_name":"Vides Tehnika","article_modified_time":"2021-04-16T07:21:05+00:00","og_image":[{"width":900,"height":900,"url":"https:\/\/videstehnika.lv\/wp-content\/uploads\/2021\/03\/grudfos-logo.jpg","type":"image\/jpeg"}],"twitter_card":"summary_large_image","schema":{"@context":"https:\/\/schema.org","@graph":[{"@type":"WebPage","@id":"https:\/\/videstehnika.lv\/katalogs\/apkure\/grundfos\/","url":"https:\/\/videstehnika.lv\/katalogs\/apkure\/grundfos\/","name":"Grundfos - \u016bdensapg\u0101de un \u016bdens s\u016bk\u0146i &#8226; Vides Tehnika","isPartOf":{"@id":"https:\/\/videstehnika.lv\/lt\/#website"},"primaryImageOfPage":{"@id":"https:\/\/videstehnika.lv\/katalogs\/apkure\/grundfos\/#primaryimage"},"image":{"@id":"https:\/\/videstehnika.lv\/katalogs\/apkure\/grundfos\/#primaryimage"},"thumbnailUrl":"https:\/\/videstehnika.lv\/wp-content\/uploads\/2021\/03\/grudfos-logo.jpg","datePublished":"2021-03-19T08:54:19+00:00","dateModified":"2021-04-16T07:21:05+00:00","description":"GRUNDFOS pied\u0101v\u0101 visa veida \u016bdens s\u016bk\u0146us un \u016bdensapg\u0101des sist\u0113mas, kas paredz\u0113tas gan m\u0101jsaimniec\u012bb\u0101m, gan industri\u0101l\u0101m b\u016bv\u0113m.","breadcrumb":{"@id":"https:\/\/videstehnika.lv\/katalogs\/apkure\/grundfos\/#breadcrumb"},"inLanguage":"lt-LT","potentialAction":[{"@type":"ReadAction","target":["https:\/\/videstehnika.lv\/katalogs\/apkure\/grundfos\/"]}]},{"@type":"ImageObject","inLanguage":"lt-LT","@id":"https:\/\/videstehnika.lv\/katalogs\/apkure\/grundfos\/#primaryimage","url":"https:\/\/videstehnika.lv\/wp-content\/uploads\/2021\/03\/grudfos-logo.jpg","contentUrl":"https:\/\/videstehnika.lv\/wp-content\/uploads\/2021\/03\/grudfos-logo.jpg","width":900,"height":900,"caption":"Grundfos"},{"@type":"BreadcrumbList","@id":"https:\/\/videstehnika.lv\/katalogs\/apkure\/grundfos\/#breadcrumb","itemListElement":[{"@type":"ListItem","position":1,"name":"Home","item":"https:\/\/videstehnika.lv\/lt\/"},{"@type":"ListItem","position":2,"name":"Katalogas","item":"https:\/\/videstehnika.lv\/lt\/katalogas\/"},{"@type":"ListItem","position":3,"name":"Grundfos"}]},{"@type":"WebSite","@id":"https:\/\/videstehnika.lv\/lt\/#website","url":"https:\/\/videstehnika.lv\/lt\/","name":"Vides Tehnika","description":"","potentialAction":[{"@type":"SearchAction","target":{"@type":"EntryPoint","urlTemplate":"https:\/\/videstehnika.lv\/lt\/?s={search_term_string}"},"query-input":{"@type":"PropertyValueSpecification","valueRequired":true,"valueName":"search_term_string"}}],"inLanguage":"lt-LT"}]}},"_links":{"self":[{"href":"https:\/\/videstehnika.lv\/lt\/wp-json\/wp\/v2\/product\/8874","targetHints":{"allow":["GET"]}}],"collection":[{"href":"https:\/\/videstehnika.lv\/lt\/wp-json\/wp\/v2\/product"}],"about":[{"href":"https:\/\/videstehnika.lv\/lt\/wp-json\/wp\/v2\/types\/product"}],"wp:featuredmedia":[{"embeddable":true,"href":"https:\/\/videstehnika.lv\/lt\/wp-json\/wp\/v2\/media\/8875"}],"wp:attachment":[{"href":"https:\/\/videstehnika.lv\/lt\/wp-json\/wp\/v2\/media?parent=8874"}],"wp:term":[{"taxonomy":"product_cat","embeddable":true,"href":"https:\/\/videstehnika.lv\/lt\/wp-json\/wp\/v2\/product_cat?post=8874"},{"taxonomy":"product_tag","embeddable":true,"href":"https:\/\/videstehnika.lv\/lt\/wp-json\/wp\/v2\/product_tag?post=8874"}],"curies":[{"name":"wp","href":"https:\/\/api.w.org\/{rel}","templated":true}]}}