{"id":8971,"date":"2021-03-30T13:44:46","date_gmt":"2021-03-30T10:44:46","guid":{"rendered":"https:\/\/videstehnika.lv\/?post_type=product&#038;p=8971"},"modified":"2021-04-16T10:20:52","modified_gmt":"2021-04-16T07:20:52","slug":"buderus","status":"publish","type":"product","link":"https:\/\/videstehnika.lv\/katalogs\/apkure\/buderus\/","title":{"rendered":"Buderus"},"content":{"rendered":"","protected":false},"excerpt":{"rendered":"<p>Buderus \u2013 kompleksu, m\u016bsdien\u012bgu un energoefekt\u012bvu apkures sist\u0113mu ra\u017eot\u0101js un pieg\u0101d\u0101t\u0101js. Z\u012bmols, kura v\u0101rds simboliz\u0113 siltumtehnikas un tehnolo\u0123iju komponentu programmu, vispla\u0161\u0101kaj\u0101 un dzi\u013c\u0101kaj\u0101 t\u0101s noz\u012bm\u0113, un vienlaic\u012bgi ar\u012b visaptvero\u0161us, kompleksus un piln\u012bgus apkures sist\u0113mu risin\u0101jumus.<\/p>\n","protected":false},"featured_media":8972,"template":"","meta":{"_acf_changed":false},"product_cat":[1423,1428,1425,93,1422,94,69],"product_tag":[],"class_list":{"0":"post-8971","1":"product","2":"type-product","3":"status-publish","4":"has-post-thumbnail","6":"product_cat-karsta-udens-boileri","7":"product_cat-gazes-apkures-katli","8":"product_cat-siltumsukni","9":"product_cat-apkures-katli","10":"product_cat-apkures-un-dzesesanas-sistemu-aprikojums","11":"product_cat-solaras-sistemas-energijas-resursu-neatkariba","12":"product_cat-apkure-un-siltumapgades-risinajumi","14":"first","15":"instock","16":"taxable","17":"shipping-taxable","18":"product-type-external"},"acf":[],"yoast_head":"<!-- This site is optimized with the Yoast SEO plugin v24.2 - https:\/\/yoast.com\/wordpress\/plugins\/seo\/ -->\n<title>Buderus - apkures sist\u0113mu apr\u012bkojums &#8226; Vides Tehnika<\/title>\n<meta name=\"description\" content=\"Buderus \u2013 kompleksu, m\u016bsdien\u012bgu un energoefekt\u012bvu apkures sist\u0113mu ra\u017eot\u0101js un pieg\u0101d\u0101t\u0101js. Kompleksi un piln\u012bgi apkures sist\u0113mu risin\u0101jumi.\" \/>\n<meta name=\"robots\" content=\"index, follow, max-snippet:-1, max-image-preview:large, max-video-preview:-1\" \/>\n<link rel=\"canonical\" href=\"https:\/\/videstehnika.lv\/lt\/katalogs\/apkure\/buderus\/\" \/>\n<meta property=\"og:locale\" content=\"lt_LT\" \/>\n<meta property=\"og:type\" content=\"article\" \/>\n<meta property=\"og:title\" content=\"Buderus - apkures sist\u0113mu apr\u012bkojums &#8226; Vides Tehnika\" \/>\n<meta property=\"og:description\" content=\"Buderus \u2013 kompleksu, m\u016bsdien\u012bgu un energoefekt\u012bvu apkures sist\u0113mu ra\u017eot\u0101js un pieg\u0101d\u0101t\u0101js. Kompleksi un piln\u012bgi apkures sist\u0113mu risin\u0101jumi.\" \/>\n<meta property=\"og:url\" content=\"https:\/\/videstehnika.lv\/katalogs\/apkure\/buderus\/\" \/>\n<meta property=\"og:site_name\" content=\"Vides Tehnika\" \/>\n<meta property=\"article:modified_time\" content=\"2021-04-16T07:20:52+00:00\" \/>\n<meta property=\"og:image\" content=\"https:\/\/videstehnika.lv\/wp-content\/uploads\/2021\/03\/buderus-logo.jpg\" \/>\n\t<meta property=\"og:image:width\" content=\"900\" \/>\n\t<meta property=\"og:image:height\" content=\"900\" \/>\n\t<meta property=\"og:image:type\" content=\"image\/jpeg\" \/>\n<meta name=\"twitter:card\" content=\"summary_large_image\" \/>\n<script type=\"application\/ld+json\" class=\"yoast-schema-graph\">{\"@context\":\"https:\/\/schema.org\",\"@graph\":[{\"@type\":\"WebPage\",\"@id\":\"https:\/\/videstehnika.lv\/katalogs\/apkure\/buderus\/\",\"url\":\"https:\/\/videstehnika.lv\/katalogs\/apkure\/buderus\/\",\"name\":\"Buderus - apkures sist\u0113mu apr\u012bkojums &#8226; Vides Tehnika\",\"isPartOf\":{\"@id\":\"https:\/\/videstehnika.lv\/lt\/#website\"},\"primaryImageOfPage\":{\"@id\":\"https:\/\/videstehnika.lv\/katalogs\/apkure\/buderus\/#primaryimage\"},\"image\":{\"@id\":\"https:\/\/videstehnika.lv\/katalogs\/apkure\/buderus\/#primaryimage\"},\"thumbnailUrl\":\"https:\/\/videstehnika.lv\/wp-content\/uploads\/2021\/03\/buderus-logo.jpg\",\"datePublished\":\"2021-03-30T10:44:46+00:00\",\"dateModified\":\"2021-04-16T07:20:52+00:00\",\"description\":\"Buderus \u2013 kompleksu, m\u016bsdien\u012bgu un energoefekt\u012bvu apkures sist\u0113mu ra\u017eot\u0101js un pieg\u0101d\u0101t\u0101js. Kompleksi un piln\u012bgi apkures sist\u0113mu risin\u0101jumi.\",\"breadcrumb\":{\"@id\":\"https:\/\/videstehnika.lv\/katalogs\/apkure\/buderus\/#breadcrumb\"},\"inLanguage\":\"lt-LT\",\"potentialAction\":[{\"@type\":\"ReadAction\",\"target\":[\"https:\/\/videstehnika.lv\/katalogs\/apkure\/buderus\/\"]}]},{\"@type\":\"ImageObject\",\"inLanguage\":\"lt-LT\",\"@id\":\"https:\/\/videstehnika.lv\/katalogs\/apkure\/buderus\/#primaryimage\",\"url\":\"https:\/\/videstehnika.lv\/wp-content\/uploads\/2021\/03\/buderus-logo.jpg\",\"contentUrl\":\"https:\/\/videstehnika.lv\/wp-content\/uploads\/2021\/03\/buderus-logo.jpg\",\"width\":900,\"height\":900},{\"@type\":\"BreadcrumbList\",\"@id\":\"https:\/\/videstehnika.lv\/katalogs\/apkure\/buderus\/#breadcrumb\",\"itemListElement\":[{\"@type\":\"ListItem\",\"position\":1,\"name\":\"Home\",\"item\":\"https:\/\/videstehnika.lv\/lt\/\"},{\"@type\":\"ListItem\",\"position\":2,\"name\":\"Katalogas\",\"item\":\"https:\/\/videstehnika.lv\/lt\/katalogas\/\"},{\"@type\":\"ListItem\",\"position\":3,\"name\":\"Buderus\"}]},{\"@type\":\"WebSite\",\"@id\":\"https:\/\/videstehnika.lv\/lt\/#website\",\"url\":\"https:\/\/videstehnika.lv\/lt\/\",\"name\":\"Vides Tehnika\",\"description\":\"\",\"potentialAction\":[{\"@type\":\"SearchAction\",\"target\":{\"@type\":\"EntryPoint\",\"urlTemplate\":\"https:\/\/videstehnika.lv\/lt\/?s={search_term_string}\"},\"query-input\":{\"@type\":\"PropertyValueSpecification\",\"valueRequired\":true,\"valueName\":\"search_term_string\"}}],\"inLanguage\":\"lt-LT\"}]}<\/script>\n<!-- \/ Yoast SEO plugin. -->","yoast_head_json":{"title":"Buderus - apkures sist\u0113mu apr\u012bkojums &#8226; Vides Tehnika","description":"Buderus \u2013 kompleksu, m\u016bsdien\u012bgu un energoefekt\u012bvu apkures sist\u0113mu ra\u017eot\u0101js un pieg\u0101d\u0101t\u0101js. Kompleksi un piln\u012bgi apkures sist\u0113mu risin\u0101jumi.","robots":{"index":"index","follow":"follow","max-snippet":"max-snippet:-1","max-image-preview":"max-image-preview:large","max-video-preview":"max-video-preview:-1"},"canonical":"https:\/\/videstehnika.lv\/lt\/katalogs\/apkure\/buderus\/","og_locale":"lt_LT","og_type":"article","og_title":"Buderus - apkures sist\u0113mu apr\u012bkojums &#8226; Vides Tehnika","og_description":"Buderus \u2013 kompleksu, m\u016bsdien\u012bgu un energoefekt\u012bvu apkures sist\u0113mu ra\u017eot\u0101js un pieg\u0101d\u0101t\u0101js. Kompleksi un piln\u012bgi apkures sist\u0113mu risin\u0101jumi.","og_url":"https:\/\/videstehnika.lv\/katalogs\/apkure\/buderus\/","og_site_name":"Vides Tehnika","article_modified_time":"2021-04-16T07:20:52+00:00","og_image":[{"width":900,"height":900,"url":"https:\/\/videstehnika.lv\/wp-content\/uploads\/2021\/03\/buderus-logo.jpg","type":"image\/jpeg"}],"twitter_card":"summary_large_image","schema":{"@context":"https:\/\/schema.org","@graph":[{"@type":"WebPage","@id":"https:\/\/videstehnika.lv\/katalogs\/apkure\/buderus\/","url":"https:\/\/videstehnika.lv\/katalogs\/apkure\/buderus\/","name":"Buderus - apkures sist\u0113mu apr\u012bkojums &#8226; Vides Tehnika","isPartOf":{"@id":"https:\/\/videstehnika.lv\/lt\/#website"},"primaryImageOfPage":{"@id":"https:\/\/videstehnika.lv\/katalogs\/apkure\/buderus\/#primaryimage"},"image":{"@id":"https:\/\/videstehnika.lv\/katalogs\/apkure\/buderus\/#primaryimage"},"thumbnailUrl":"https:\/\/videstehnika.lv\/wp-content\/uploads\/2021\/03\/buderus-logo.jpg","datePublished":"2021-03-30T10:44:46+00:00","dateModified":"2021-04-16T07:20:52+00:00","description":"Buderus \u2013 kompleksu, m\u016bsdien\u012bgu un energoefekt\u012bvu apkures sist\u0113mu ra\u017eot\u0101js un pieg\u0101d\u0101t\u0101js. Kompleksi un piln\u012bgi apkures sist\u0113mu risin\u0101jumi.","breadcrumb":{"@id":"https:\/\/videstehnika.lv\/katalogs\/apkure\/buderus\/#breadcrumb"},"inLanguage":"lt-LT","potentialAction":[{"@type":"ReadAction","target":["https:\/\/videstehnika.lv\/katalogs\/apkure\/buderus\/"]}]},{"@type":"ImageObject","inLanguage":"lt-LT","@id":"https:\/\/videstehnika.lv\/katalogs\/apkure\/buderus\/#primaryimage","url":"https:\/\/videstehnika.lv\/wp-content\/uploads\/2021\/03\/buderus-logo.jpg","contentUrl":"https:\/\/videstehnika.lv\/wp-content\/uploads\/2021\/03\/buderus-logo.jpg","width":900,"height":900},{"@type":"BreadcrumbList","@id":"https:\/\/videstehnika.lv\/katalogs\/apkure\/buderus\/#breadcrumb","itemListElement":[{"@type":"ListItem","position":1,"name":"Home","item":"https:\/\/videstehnika.lv\/lt\/"},{"@type":"ListItem","position":2,"name":"Katalogas","item":"https:\/\/videstehnika.lv\/lt\/katalogas\/"},{"@type":"ListItem","position":3,"name":"Buderus"}]},{"@type":"WebSite","@id":"https:\/\/videstehnika.lv\/lt\/#website","url":"https:\/\/videstehnika.lv\/lt\/","name":"Vides Tehnika","description":"","potentialAction":[{"@type":"SearchAction","target":{"@type":"EntryPoint","urlTemplate":"https:\/\/videstehnika.lv\/lt\/?s={search_term_string}"},"query-input":{"@type":"PropertyValueSpecification","valueRequired":true,"valueName":"search_term_string"}}],"inLanguage":"lt-LT"}]}},"_links":{"self":[{"href":"https:\/\/videstehnika.lv\/lt\/wp-json\/wp\/v2\/product\/8971","targetHints":{"allow":["GET"]}}],"collection":[{"href":"https:\/\/videstehnika.lv\/lt\/wp-json\/wp\/v2\/product"}],"about":[{"href":"https:\/\/videstehnika.lv\/lt\/wp-json\/wp\/v2\/types\/product"}],"wp:featuredmedia":[{"embeddable":true,"href":"https:\/\/videstehnika.lv\/lt\/wp-json\/wp\/v2\/media\/8972"}],"wp:attachment":[{"href":"https:\/\/videstehnika.lv\/lt\/wp-json\/wp\/v2\/media?parent=8971"}],"wp:term":[{"taxonomy":"product_cat","embeddable":true,"href":"https:\/\/videstehnika.lv\/lt\/wp-json\/wp\/v2\/product_cat?post=8971"},{"taxonomy":"product_tag","embeddable":true,"href":"https:\/\/videstehnika.lv\/lt\/wp-json\/wp\/v2\/product_tag?post=8971"}],"curies":[{"name":"wp","href":"https:\/\/api.w.org\/{rel}","templated":true}]}}