{"id":8980,"date":"2021-03-30T14:52:51","date_gmt":"2021-03-30T11:52:51","guid":{"rendered":"https:\/\/videstehnika.lv\/?post_type=product&#038;p=8980"},"modified":"2021-04-16T10:20:19","modified_gmt":"2021-04-16T07:20:19","slug":"irsap-s-p-a","status":"publish","type":"product","link":"https:\/\/videstehnika.lv\/katalogs\/apkure\/irsap-s-p-a\/","title":{"rendered":"IRSAP"},"content":{"rendered":"","protected":false},"excerpt":{"rendered":"<p>IRSAP grupa ir viena no liel\u0101kaj\u0101m It\u0101lij\u0101, vado\u0161\u0101 apkures un gaisa kondicion\u0113\u0161anas nozar\u0113 Eirop\u0101. IRSAP grupa nodarbojas ar dizaina radiatoru ra\u017eo\u0161anu. IRSAP radiatori ir ide\u0101ls risin\u0101jums jaun\u0101k\u0101s paaudzes \u0113k\u0101m un modern\u0101kaj\u0101m zemas temperat\u016bras sist\u0113m\u0101m. Uz\u0146\u0113mums izmanto bag\u0101t\u012bgo zin\u0101\u0161anu mantojumu un p\u0101rv\u0113r\u0161 to novatoriskos produktos, kas paredz\u0113ti ener\u0123ijas taup\u012b\u0161anai, vad\u012bbas izmaksu ierobe\u017eo\u0161anai un vides saudz\u0113\u0161anai.<\/p>\n","protected":false},"featured_media":8981,"template":"","meta":{"_acf_changed":false},"product_cat":[1443,69],"product_tag":[],"class_list":{"0":"post-8980","1":"product","2":"type-product","3":"status-publish","4":"has-post-thumbnail","6":"product_cat-radiatori","7":"product_cat-apkure-un-siltumapgades-risinajumi","9":"first","10":"instock","11":"taxable","12":"shipping-taxable","13":"product-type-external"},"acf":[],"yoast_head":"<!-- This site is optimized with the Yoast SEO plugin v24.2 - https:\/\/yoast.com\/wordpress\/plugins\/seo\/ -->\n<title>IRSAP - apkures un gaisa kondicion\u0113\u0161anas sist\u0113mas &#8226; Vides Tehnika<\/title>\n<meta name=\"description\" content=\"IRSAP grupa ir viena no liel\u0101kaj\u0101m It\u0101lij\u0101, vado\u0161\u0101 apkures un gaisa kondicion\u0113\u0161anas nozar\u0113 Eirop\u0101, kas nodarbojas ar radiatoru ra\u017eo\u0161anu.\" \/>\n<meta name=\"robots\" content=\"index, follow, max-snippet:-1, max-image-preview:large, max-video-preview:-1\" \/>\n<link rel=\"canonical\" href=\"https:\/\/videstehnika.lv\/lt\/katalogs\/apkure\/irsap-s-p-a\/\" \/>\n<meta property=\"og:locale\" content=\"lt_LT\" \/>\n<meta property=\"og:type\" content=\"article\" \/>\n<meta property=\"og:title\" content=\"IRSAP - apkures un gaisa kondicion\u0113\u0161anas sist\u0113mas &#8226; Vides Tehnika\" \/>\n<meta property=\"og:description\" content=\"IRSAP grupa ir viena no liel\u0101kaj\u0101m It\u0101lij\u0101, vado\u0161\u0101 apkures un gaisa kondicion\u0113\u0161anas nozar\u0113 Eirop\u0101, kas nodarbojas ar radiatoru ra\u017eo\u0161anu.\" \/>\n<meta property=\"og:url\" content=\"https:\/\/videstehnika.lv\/katalogs\/apkure\/irsap-s-p-a\/\" \/>\n<meta property=\"og:site_name\" content=\"Vides Tehnika\" \/>\n<meta property=\"article:modified_time\" content=\"2021-04-16T07:20:19+00:00\" \/>\n<meta property=\"og:image\" content=\"https:\/\/videstehnika.lv\/wp-content\/uploads\/2021\/03\/irsap-logo.jpg\" \/>\n\t<meta property=\"og:image:width\" content=\"900\" \/>\n\t<meta property=\"og:image:height\" content=\"900\" \/>\n\t<meta property=\"og:image:type\" content=\"image\/jpeg\" \/>\n<meta name=\"twitter:card\" content=\"summary_large_image\" \/>\n<script type=\"application\/ld+json\" class=\"yoast-schema-graph\">{\"@context\":\"https:\/\/schema.org\",\"@graph\":[{\"@type\":\"WebPage\",\"@id\":\"https:\/\/videstehnika.lv\/katalogs\/apkure\/irsap-s-p-a\/\",\"url\":\"https:\/\/videstehnika.lv\/katalogs\/apkure\/irsap-s-p-a\/\",\"name\":\"IRSAP - apkures un gaisa kondicion\u0113\u0161anas sist\u0113mas &#8226; Vides Tehnika\",\"isPartOf\":{\"@id\":\"https:\/\/videstehnika.lv\/lt\/#website\"},\"primaryImageOfPage\":{\"@id\":\"https:\/\/videstehnika.lv\/katalogs\/apkure\/irsap-s-p-a\/#primaryimage\"},\"image\":{\"@id\":\"https:\/\/videstehnika.lv\/katalogs\/apkure\/irsap-s-p-a\/#primaryimage\"},\"thumbnailUrl\":\"https:\/\/videstehnika.lv\/wp-content\/uploads\/2021\/03\/irsap-logo.jpg\",\"datePublished\":\"2021-03-30T11:52:51+00:00\",\"dateModified\":\"2021-04-16T07:20:19+00:00\",\"description\":\"IRSAP grupa ir viena no liel\u0101kaj\u0101m It\u0101lij\u0101, vado\u0161\u0101 apkures un gaisa kondicion\u0113\u0161anas nozar\u0113 Eirop\u0101, kas nodarbojas ar radiatoru ra\u017eo\u0161anu.\",\"breadcrumb\":{\"@id\":\"https:\/\/videstehnika.lv\/katalogs\/apkure\/irsap-s-p-a\/#breadcrumb\"},\"inLanguage\":\"lt-LT\",\"potentialAction\":[{\"@type\":\"ReadAction\",\"target\":[\"https:\/\/videstehnika.lv\/katalogs\/apkure\/irsap-s-p-a\/\"]}]},{\"@type\":\"ImageObject\",\"inLanguage\":\"lt-LT\",\"@id\":\"https:\/\/videstehnika.lv\/katalogs\/apkure\/irsap-s-p-a\/#primaryimage\",\"url\":\"https:\/\/videstehnika.lv\/wp-content\/uploads\/2021\/03\/irsap-logo.jpg\",\"contentUrl\":\"https:\/\/videstehnika.lv\/wp-content\/uploads\/2021\/03\/irsap-logo.jpg\",\"width\":900,\"height\":900,\"caption\":\"IRSAP grupa ir viena no liel\u0101kaj\u0101m It\u0101lij\u0101, vado\u0161\u0101 apkures un gaisa kondicion\u0113\u0161anas nozar\u0113 Eirop\u0101. IRSAP grupa nodarbojas ar radiatoru ra\u017eo\u0161anu.\"},{\"@type\":\"BreadcrumbList\",\"@id\":\"https:\/\/videstehnika.lv\/katalogs\/apkure\/irsap-s-p-a\/#breadcrumb\",\"itemListElement\":[{\"@type\":\"ListItem\",\"position\":1,\"name\":\"Home\",\"item\":\"https:\/\/videstehnika.lv\/lt\/\"},{\"@type\":\"ListItem\",\"position\":2,\"name\":\"Katalogas\",\"item\":\"https:\/\/videstehnika.lv\/lt\/katalogas\/\"},{\"@type\":\"ListItem\",\"position\":3,\"name\":\"IRSAP\"}]},{\"@type\":\"WebSite\",\"@id\":\"https:\/\/videstehnika.lv\/lt\/#website\",\"url\":\"https:\/\/videstehnika.lv\/lt\/\",\"name\":\"Vides Tehnika\",\"description\":\"\",\"potentialAction\":[{\"@type\":\"SearchAction\",\"target\":{\"@type\":\"EntryPoint\",\"urlTemplate\":\"https:\/\/videstehnika.lv\/lt\/?s={search_term_string}\"},\"query-input\":{\"@type\":\"PropertyValueSpecification\",\"valueRequired\":true,\"valueName\":\"search_term_string\"}}],\"inLanguage\":\"lt-LT\"}]}<\/script>\n<!-- \/ Yoast SEO plugin. -->","yoast_head_json":{"title":"IRSAP - apkures un gaisa kondicion\u0113\u0161anas sist\u0113mas &#8226; Vides Tehnika","description":"IRSAP grupa ir viena no liel\u0101kaj\u0101m It\u0101lij\u0101, vado\u0161\u0101 apkures un gaisa kondicion\u0113\u0161anas nozar\u0113 Eirop\u0101, kas nodarbojas ar radiatoru ra\u017eo\u0161anu.","robots":{"index":"index","follow":"follow","max-snippet":"max-snippet:-1","max-image-preview":"max-image-preview:large","max-video-preview":"max-video-preview:-1"},"canonical":"https:\/\/videstehnika.lv\/lt\/katalogs\/apkure\/irsap-s-p-a\/","og_locale":"lt_LT","og_type":"article","og_title":"IRSAP - apkures un gaisa kondicion\u0113\u0161anas sist\u0113mas &#8226; Vides Tehnika","og_description":"IRSAP grupa ir viena no liel\u0101kaj\u0101m It\u0101lij\u0101, vado\u0161\u0101 apkures un gaisa kondicion\u0113\u0161anas nozar\u0113 Eirop\u0101, kas nodarbojas ar radiatoru ra\u017eo\u0161anu.","og_url":"https:\/\/videstehnika.lv\/katalogs\/apkure\/irsap-s-p-a\/","og_site_name":"Vides Tehnika","article_modified_time":"2021-04-16T07:20:19+00:00","og_image":[{"width":900,"height":900,"url":"https:\/\/videstehnika.lv\/wp-content\/uploads\/2021\/03\/irsap-logo.jpg","type":"image\/jpeg"}],"twitter_card":"summary_large_image","schema":{"@context":"https:\/\/schema.org","@graph":[{"@type":"WebPage","@id":"https:\/\/videstehnika.lv\/katalogs\/apkure\/irsap-s-p-a\/","url":"https:\/\/videstehnika.lv\/katalogs\/apkure\/irsap-s-p-a\/","name":"IRSAP - apkures un gaisa kondicion\u0113\u0161anas sist\u0113mas &#8226; Vides Tehnika","isPartOf":{"@id":"https:\/\/videstehnika.lv\/lt\/#website"},"primaryImageOfPage":{"@id":"https:\/\/videstehnika.lv\/katalogs\/apkure\/irsap-s-p-a\/#primaryimage"},"image":{"@id":"https:\/\/videstehnika.lv\/katalogs\/apkure\/irsap-s-p-a\/#primaryimage"},"thumbnailUrl":"https:\/\/videstehnika.lv\/wp-content\/uploads\/2021\/03\/irsap-logo.jpg","datePublished":"2021-03-30T11:52:51+00:00","dateModified":"2021-04-16T07:20:19+00:00","description":"IRSAP grupa ir viena no liel\u0101kaj\u0101m It\u0101lij\u0101, vado\u0161\u0101 apkures un gaisa kondicion\u0113\u0161anas nozar\u0113 Eirop\u0101, kas nodarbojas ar radiatoru ra\u017eo\u0161anu.","breadcrumb":{"@id":"https:\/\/videstehnika.lv\/katalogs\/apkure\/irsap-s-p-a\/#breadcrumb"},"inLanguage":"lt-LT","potentialAction":[{"@type":"ReadAction","target":["https:\/\/videstehnika.lv\/katalogs\/apkure\/irsap-s-p-a\/"]}]},{"@type":"ImageObject","inLanguage":"lt-LT","@id":"https:\/\/videstehnika.lv\/katalogs\/apkure\/irsap-s-p-a\/#primaryimage","url":"https:\/\/videstehnika.lv\/wp-content\/uploads\/2021\/03\/irsap-logo.jpg","contentUrl":"https:\/\/videstehnika.lv\/wp-content\/uploads\/2021\/03\/irsap-logo.jpg","width":900,"height":900,"caption":"IRSAP grupa ir viena no liel\u0101kaj\u0101m It\u0101lij\u0101, vado\u0161\u0101 apkures un gaisa kondicion\u0113\u0161anas nozar\u0113 Eirop\u0101. IRSAP grupa nodarbojas ar radiatoru ra\u017eo\u0161anu."},{"@type":"BreadcrumbList","@id":"https:\/\/videstehnika.lv\/katalogs\/apkure\/irsap-s-p-a\/#breadcrumb","itemListElement":[{"@type":"ListItem","position":1,"name":"Home","item":"https:\/\/videstehnika.lv\/lt\/"},{"@type":"ListItem","position":2,"name":"Katalogas","item":"https:\/\/videstehnika.lv\/lt\/katalogas\/"},{"@type":"ListItem","position":3,"name":"IRSAP"}]},{"@type":"WebSite","@id":"https:\/\/videstehnika.lv\/lt\/#website","url":"https:\/\/videstehnika.lv\/lt\/","name":"Vides Tehnika","description":"","potentialAction":[{"@type":"SearchAction","target":{"@type":"EntryPoint","urlTemplate":"https:\/\/videstehnika.lv\/lt\/?s={search_term_string}"},"query-input":{"@type":"PropertyValueSpecification","valueRequired":true,"valueName":"search_term_string"}}],"inLanguage":"lt-LT"}]}},"_links":{"self":[{"href":"https:\/\/videstehnika.lv\/lt\/wp-json\/wp\/v2\/product\/8980","targetHints":{"allow":["GET"]}}],"collection":[{"href":"https:\/\/videstehnika.lv\/lt\/wp-json\/wp\/v2\/product"}],"about":[{"href":"https:\/\/videstehnika.lv\/lt\/wp-json\/wp\/v2\/types\/product"}],"wp:featuredmedia":[{"embeddable":true,"href":"https:\/\/videstehnika.lv\/lt\/wp-json\/wp\/v2\/media\/8981"}],"wp:attachment":[{"href":"https:\/\/videstehnika.lv\/lt\/wp-json\/wp\/v2\/media?parent=8980"}],"wp:term":[{"taxonomy":"product_cat","embeddable":true,"href":"https:\/\/videstehnika.lv\/lt\/wp-json\/wp\/v2\/product_cat?post=8980"},{"taxonomy":"product_tag","embeddable":true,"href":"https:\/\/videstehnika.lv\/lt\/wp-json\/wp\/v2\/product_tag?post=8980"}],"curies":[{"name":"wp","href":"https:\/\/api.w.org\/{rel}","templated":true}]}}