{"id":9113,"date":"2021-05-06T16:26:19","date_gmt":"2021-05-06T13:26:19","guid":{"rendered":"https:\/\/videstehnika.lv\/?post_type=product&#038;p=9113"},"modified":"2024-10-30T12:00:42","modified_gmt":"2024-10-30T10:00:42","slug":"logu-un-durvju-montazas-putas-penosil-window-door-elastic","status":"publish","type":"product","link":"https:\/\/videstehnika.lv\/katalogs\/buvmateriali-buvei-remontam-un-ieksdarbiem\/logu-un-durvju-montazas-putas-penosil-window-door-elastic\/","title":{"rendered":"Logu un durvju mont\u0101\u017eas putas PENOSIL Window &#038; Door Elastic"},"content":{"rendered":"<h2>Logu un durvju mont\u0101\u017eas putas PENOSIL Window &amp; Door Elastic<\/h2>\n<p>Viegli saspie\u017eamas, elast\u012bgas izol\u0101cijas putas logu un durvju uzst\u0101d\u012b\u0161anai un bl\u012bv\u0113\u0161anai. Piem\u0113rots spiedienjut\u012bgiem un kust\u012bgiem savienojumiem. Sa\u0137ere ar: koku, betonu, visiem met\u0101liem, PVC, \u0137ie\u0123e\u013ciem, \u0123ip\u0161a pl\u0101ksn\u0113m, EPS, jumta daksti\u0146iem.<\/p>\n<h2>PENOSIL Window &amp; Door Elastic priek\u0161roc\u012bbas<\/h2>\n<ul>\n<li>Elast\u012bgas, viegli saspie\u017eamas, p\u0113c saspie\u0161anas atjauno s\u0101kotn\u0113jo formu;<\/li>\n<li>Zema izple\u0161an\u0101s spiediena d\u0113\u013c ir piem\u0113rotas izmanto\u0161anai trausl\u0101s konstrukcij\u0101s;<\/li>\n<li>\u0100tra saciet\u0113\u0161ana;<\/li>\n<li>Prec\u012bza doz\u0113\u0161ana un ekonomiska izmanto\u0161ana;<\/li>\n<li>Labi iztur vibr\u0101cijas;<\/li>\n<li>Laba sa\u0137ere ar da\u017e\u0101diem celtniec\u012bbas materi\u0101liem. Izmanto\u0161anai ar putu pistoli.<\/li>\n<\/ul>\n<h3>PENOSIL Window &amp; Door Elastic pielietojums<\/h3>\n<ul>\n<li>Logu un durvju uzst\u0101d\u012b\u0161anai un bl\u012bv\u0113\u0161anai;<\/li>\n<li>Iev\u0113rojami kust\u012bgu \u0161uvju un caurumu aizpild\u012b\u0161anai;<\/li>\n<li>Siltuma un akustiskajai izol\u0101cijai;<\/li>\n<li>Spiedienjut\u012bgu un \u0161auru savienojumu aizpild\u012b\u0161anai;<\/li>\n<li>Ventil\u0101cijas ier\u012b\u010du un cauru\u013cu izol\u0101cijai.<\/li>\n<\/ul>\n","protected":false},"excerpt":{"rendered":"<p>Logu un durvju mont\u0101\u017eas putas PENOSIL Window &amp; Door Elastic Viegli saspie\u017eamas, elast\u012bgas izol\u0101cijas putas logu un durvju uzst\u0101d\u012b\u0161anai un<\/p>\n","protected":false},"featured_media":9117,"template":"","meta":{"_acf_changed":false},"product_cat":[70,1462],"product_tag":[],"class_list":{"0":"post-9113","1":"product","2":"type-product","3":"status-publish","4":"has-post-thumbnail","6":"product_cat-buvmateriali-buvei-remontam-un-ieksdarbiem","7":"product_cat-montazas-putas-limesanai-vai-blivesanai-hermetiki","9":"first","10":"instock","11":"taxable","12":"shipping-taxable","13":"purchasable","14":"product-type-simple"},"acf":[],"yoast_head":"<!-- This site is optimized with the Yoast SEO plugin v24.2 - https:\/\/yoast.com\/wordpress\/plugins\/seo\/ -->\n<title>PENOSIL Window &amp; Door Elastic mont\u0101\u017eas putas &#8226; Vides Tehnika<\/title>\n<meta name=\"description\" content=\"PENOSILWindow &amp; Door Elastic mont\u0101\u017eas putas ir viegli saspie\u017eamas, elast\u012bgas izol\u0101cijas putas logu un durvju uzst\u0101d\u012b\u0161anai un bl\u012bv\u0113\u0161anai.\" \/>\n<meta name=\"robots\" content=\"index, follow, max-snippet:-1, max-image-preview:large, max-video-preview:-1\" \/>\n<link rel=\"canonical\" href=\"https:\/\/videstehnika.lv\/lt\/katalogs\/buvmateriali-buvei-remontam-un-ieksdarbiem\/logu-un-durvju-montazas-putas-penosil-window-door-elastic\/\" \/>\n<meta property=\"og:locale\" content=\"lt_LT\" \/>\n<meta property=\"og:type\" content=\"article\" \/>\n<meta property=\"og:title\" content=\"PENOSIL Window &amp; Door Elastic mont\u0101\u017eas putas &#8226; Vides Tehnika\" \/>\n<meta property=\"og:description\" content=\"PENOSILWindow &amp; Door Elastic mont\u0101\u017eas putas ir viegli saspie\u017eamas, elast\u012bgas izol\u0101cijas putas logu un durvju uzst\u0101d\u012b\u0161anai un bl\u012bv\u0113\u0161anai.\" \/>\n<meta property=\"og:url\" content=\"https:\/\/videstehnika.lv\/katalogs\/buvmateriali-buvei-remontam-un-ieksdarbiem\/logu-un-durvju-montazas-putas-penosil-window-door-elastic\/\" \/>\n<meta property=\"og:site_name\" content=\"Vides Tehnika\" \/>\n<meta property=\"article:modified_time\" content=\"2024-10-30T10:00:42+00:00\" \/>\n<meta property=\"og:image\" content=\"https:\/\/videstehnika.lv\/wp-content\/uploads\/2021\/05\/PENOSIL-Window-Door-Elastic.jpg\" \/>\n\t<meta property=\"og:image:width\" content=\"900\" \/>\n\t<meta property=\"og:image:height\" content=\"900\" \/>\n\t<meta property=\"og:image:type\" content=\"image\/jpeg\" \/>\n<meta name=\"twitter:card\" content=\"summary_large_image\" \/>\n<meta name=\"twitter:label1\" content=\"Est. reading time\" \/>\n\t<meta name=\"twitter:data1\" content=\"1 minut\u0117\" \/>\n<script type=\"application\/ld+json\" class=\"yoast-schema-graph\">{\"@context\":\"https:\/\/schema.org\",\"@graph\":[{\"@type\":\"WebPage\",\"@id\":\"https:\/\/videstehnika.lv\/katalogs\/buvmateriali-buvei-remontam-un-ieksdarbiem\/logu-un-durvju-montazas-putas-penosil-window-door-elastic\/\",\"url\":\"https:\/\/videstehnika.lv\/katalogs\/buvmateriali-buvei-remontam-un-ieksdarbiem\/logu-un-durvju-montazas-putas-penosil-window-door-elastic\/\",\"name\":\"PENOSIL Window & Door Elastic mont\u0101\u017eas putas &#8226; Vides Tehnika\",\"isPartOf\":{\"@id\":\"https:\/\/videstehnika.lv\/lt\/#website\"},\"primaryImageOfPage\":{\"@id\":\"https:\/\/videstehnika.lv\/katalogs\/buvmateriali-buvei-remontam-un-ieksdarbiem\/logu-un-durvju-montazas-putas-penosil-window-door-elastic\/#primaryimage\"},\"image\":{\"@id\":\"https:\/\/videstehnika.lv\/katalogs\/buvmateriali-buvei-remontam-un-ieksdarbiem\/logu-un-durvju-montazas-putas-penosil-window-door-elastic\/#primaryimage\"},\"thumbnailUrl\":\"https:\/\/videstehnika.lv\/wp-content\/uploads\/2021\/05\/PENOSIL-Window-Door-Elastic.jpg\",\"datePublished\":\"2021-05-06T13:26:19+00:00\",\"dateModified\":\"2024-10-30T10:00:42+00:00\",\"description\":\"PENOSILWindow & Door Elastic mont\u0101\u017eas putas ir viegli saspie\u017eamas, elast\u012bgas izol\u0101cijas putas logu un durvju uzst\u0101d\u012b\u0161anai un bl\u012bv\u0113\u0161anai.\",\"breadcrumb\":{\"@id\":\"https:\/\/videstehnika.lv\/katalogs\/buvmateriali-buvei-remontam-un-ieksdarbiem\/logu-un-durvju-montazas-putas-penosil-window-door-elastic\/#breadcrumb\"},\"inLanguage\":\"lt-LT\",\"potentialAction\":[{\"@type\":\"ReadAction\",\"target\":[\"https:\/\/videstehnika.lv\/katalogs\/buvmateriali-buvei-remontam-un-ieksdarbiem\/logu-un-durvju-montazas-putas-penosil-window-door-elastic\/\"]}]},{\"@type\":\"ImageObject\",\"inLanguage\":\"lt-LT\",\"@id\":\"https:\/\/videstehnika.lv\/katalogs\/buvmateriali-buvei-remontam-un-ieksdarbiem\/logu-un-durvju-montazas-putas-penosil-window-door-elastic\/#primaryimage\",\"url\":\"https:\/\/videstehnika.lv\/wp-content\/uploads\/2021\/05\/PENOSIL-Window-Door-Elastic.jpg\",\"contentUrl\":\"https:\/\/videstehnika.lv\/wp-content\/uploads\/2021\/05\/PENOSIL-Window-Door-Elastic.jpg\",\"width\":900,\"height\":900},{\"@type\":\"BreadcrumbList\",\"@id\":\"https:\/\/videstehnika.lv\/katalogs\/buvmateriali-buvei-remontam-un-ieksdarbiem\/logu-un-durvju-montazas-putas-penosil-window-door-elastic\/#breadcrumb\",\"itemListElement\":[{\"@type\":\"ListItem\",\"position\":1,\"name\":\"Home\",\"item\":\"https:\/\/videstehnika.lv\/lt\/\"},{\"@type\":\"ListItem\",\"position\":2,\"name\":\"Katalogas\",\"item\":\"https:\/\/videstehnika.lv\/lt\/katalogas\/\"},{\"@type\":\"ListItem\",\"position\":3,\"name\":\"Logu un durvju mont\u0101\u017eas putas PENOSIL Window &#038; Door Elastic\"}]},{\"@type\":\"WebSite\",\"@id\":\"https:\/\/videstehnika.lv\/lt\/#website\",\"url\":\"https:\/\/videstehnika.lv\/lt\/\",\"name\":\"Vides Tehnika\",\"description\":\"\",\"potentialAction\":[{\"@type\":\"SearchAction\",\"target\":{\"@type\":\"EntryPoint\",\"urlTemplate\":\"https:\/\/videstehnika.lv\/lt\/?s={search_term_string}\"},\"query-input\":{\"@type\":\"PropertyValueSpecification\",\"valueRequired\":true,\"valueName\":\"search_term_string\"}}],\"inLanguage\":\"lt-LT\"}]}<\/script>\n<!-- \/ Yoast SEO plugin. -->","yoast_head_json":{"title":"PENOSIL Window & Door Elastic mont\u0101\u017eas putas &#8226; Vides Tehnika","description":"PENOSILWindow & Door Elastic mont\u0101\u017eas putas ir viegli saspie\u017eamas, elast\u012bgas izol\u0101cijas putas logu un durvju uzst\u0101d\u012b\u0161anai un bl\u012bv\u0113\u0161anai.","robots":{"index":"index","follow":"follow","max-snippet":"max-snippet:-1","max-image-preview":"max-image-preview:large","max-video-preview":"max-video-preview:-1"},"canonical":"https:\/\/videstehnika.lv\/lt\/katalogs\/buvmateriali-buvei-remontam-un-ieksdarbiem\/logu-un-durvju-montazas-putas-penosil-window-door-elastic\/","og_locale":"lt_LT","og_type":"article","og_title":"PENOSIL Window & Door Elastic mont\u0101\u017eas putas &#8226; Vides Tehnika","og_description":"PENOSILWindow & Door Elastic mont\u0101\u017eas putas ir viegli saspie\u017eamas, elast\u012bgas izol\u0101cijas putas logu un durvju uzst\u0101d\u012b\u0161anai un bl\u012bv\u0113\u0161anai.","og_url":"https:\/\/videstehnika.lv\/katalogs\/buvmateriali-buvei-remontam-un-ieksdarbiem\/logu-un-durvju-montazas-putas-penosil-window-door-elastic\/","og_site_name":"Vides Tehnika","article_modified_time":"2024-10-30T10:00:42+00:00","og_image":[{"width":900,"height":900,"url":"https:\/\/videstehnika.lv\/wp-content\/uploads\/2021\/05\/PENOSIL-Window-Door-Elastic.jpg","type":"image\/jpeg"}],"twitter_card":"summary_large_image","twitter_misc":{"Est. reading time":"1 minut\u0117"},"schema":{"@context":"https:\/\/schema.org","@graph":[{"@type":"WebPage","@id":"https:\/\/videstehnika.lv\/katalogs\/buvmateriali-buvei-remontam-un-ieksdarbiem\/logu-un-durvju-montazas-putas-penosil-window-door-elastic\/","url":"https:\/\/videstehnika.lv\/katalogs\/buvmateriali-buvei-remontam-un-ieksdarbiem\/logu-un-durvju-montazas-putas-penosil-window-door-elastic\/","name":"PENOSIL Window & Door Elastic mont\u0101\u017eas putas &#8226; Vides Tehnika","isPartOf":{"@id":"https:\/\/videstehnika.lv\/lt\/#website"},"primaryImageOfPage":{"@id":"https:\/\/videstehnika.lv\/katalogs\/buvmateriali-buvei-remontam-un-ieksdarbiem\/logu-un-durvju-montazas-putas-penosil-window-door-elastic\/#primaryimage"},"image":{"@id":"https:\/\/videstehnika.lv\/katalogs\/buvmateriali-buvei-remontam-un-ieksdarbiem\/logu-un-durvju-montazas-putas-penosil-window-door-elastic\/#primaryimage"},"thumbnailUrl":"https:\/\/videstehnika.lv\/wp-content\/uploads\/2021\/05\/PENOSIL-Window-Door-Elastic.jpg","datePublished":"2021-05-06T13:26:19+00:00","dateModified":"2024-10-30T10:00:42+00:00","description":"PENOSILWindow & Door Elastic mont\u0101\u017eas putas ir viegli saspie\u017eamas, elast\u012bgas izol\u0101cijas putas logu un durvju uzst\u0101d\u012b\u0161anai un bl\u012bv\u0113\u0161anai.","breadcrumb":{"@id":"https:\/\/videstehnika.lv\/katalogs\/buvmateriali-buvei-remontam-un-ieksdarbiem\/logu-un-durvju-montazas-putas-penosil-window-door-elastic\/#breadcrumb"},"inLanguage":"lt-LT","potentialAction":[{"@type":"ReadAction","target":["https:\/\/videstehnika.lv\/katalogs\/buvmateriali-buvei-remontam-un-ieksdarbiem\/logu-un-durvju-montazas-putas-penosil-window-door-elastic\/"]}]},{"@type":"ImageObject","inLanguage":"lt-LT","@id":"https:\/\/videstehnika.lv\/katalogs\/buvmateriali-buvei-remontam-un-ieksdarbiem\/logu-un-durvju-montazas-putas-penosil-window-door-elastic\/#primaryimage","url":"https:\/\/videstehnika.lv\/wp-content\/uploads\/2021\/05\/PENOSIL-Window-Door-Elastic.jpg","contentUrl":"https:\/\/videstehnika.lv\/wp-content\/uploads\/2021\/05\/PENOSIL-Window-Door-Elastic.jpg","width":900,"height":900},{"@type":"BreadcrumbList","@id":"https:\/\/videstehnika.lv\/katalogs\/buvmateriali-buvei-remontam-un-ieksdarbiem\/logu-un-durvju-montazas-putas-penosil-window-door-elastic\/#breadcrumb","itemListElement":[{"@type":"ListItem","position":1,"name":"Home","item":"https:\/\/videstehnika.lv\/lt\/"},{"@type":"ListItem","position":2,"name":"Katalogas","item":"https:\/\/videstehnika.lv\/lt\/katalogas\/"},{"@type":"ListItem","position":3,"name":"Logu un durvju mont\u0101\u017eas putas PENOSIL Window &#038; Door Elastic"}]},{"@type":"WebSite","@id":"https:\/\/videstehnika.lv\/lt\/#website","url":"https:\/\/videstehnika.lv\/lt\/","name":"Vides Tehnika","description":"","potentialAction":[{"@type":"SearchAction","target":{"@type":"EntryPoint","urlTemplate":"https:\/\/videstehnika.lv\/lt\/?s={search_term_string}"},"query-input":{"@type":"PropertyValueSpecification","valueRequired":true,"valueName":"search_term_string"}}],"inLanguage":"lt-LT"}]}},"_links":{"self":[{"href":"https:\/\/videstehnika.lv\/lt\/wp-json\/wp\/v2\/product\/9113","targetHints":{"allow":["GET"]}}],"collection":[{"href":"https:\/\/videstehnika.lv\/lt\/wp-json\/wp\/v2\/product"}],"about":[{"href":"https:\/\/videstehnika.lv\/lt\/wp-json\/wp\/v2\/types\/product"}],"wp:featuredmedia":[{"embeddable":true,"href":"https:\/\/videstehnika.lv\/lt\/wp-json\/wp\/v2\/media\/9117"}],"wp:attachment":[{"href":"https:\/\/videstehnika.lv\/lt\/wp-json\/wp\/v2\/media?parent=9113"}],"wp:term":[{"taxonomy":"product_cat","embeddable":true,"href":"https:\/\/videstehnika.lv\/lt\/wp-json\/wp\/v2\/product_cat?post=9113"},{"taxonomy":"product_tag","embeddable":true,"href":"https:\/\/videstehnika.lv\/lt\/wp-json\/wp\/v2\/product_tag?post=9113"}],"curies":[{"name":"wp","href":"https:\/\/api.w.org\/{rel}","templated":true}]}}