{"id":9353,"date":"2021-05-31T13:45:21","date_gmt":"2021-05-31T10:45:21","guid":{"rendered":"https:\/\/videstehnika.lv\/?post_type=product&#038;p=9353"},"modified":"2021-11-05T07:39:09","modified_gmt":"2021-11-05T05:39:09","slug":"velux-jumta-logs-standard-plus-glu-0061b-ar-apaksejo-rokturi","status":"publish","type":"product","link":"https:\/\/videstehnika.lv\/katalogs\/logi\/velux-jumta-logs-standard-plus-glu-0061b-ar-apaksejo-rokturi\/","title":{"rendered":"VELUX jumta logs Standard Plus GLU 0061B ar apak\u0161\u0113jo rokturi"},"content":{"rendered":"<h2>VELUX jumta logs Standard Plus GLU 0061B ar apak\u0161\u0113jo rokturi<\/h2>\n<p>Koka logs ar baltu poliuret\u0101na p\u0101rkl\u0101jumu ar rokturi apak\u0161\u0101 ir mitrumiztur\u012bgs un viegli kopjams, t\u0101p\u0113c b\u016bs ide\u0101li piem\u0113rots vannas istabai un virtuvei, k\u0101 ar\u012b telp\u0101s, kur dizain\u0101 iederas baltie logi. Rokturis v\u0113rtnes apak\u0161\u0101 to padara par piem\u0113rotu, ja att\u0101lums no gr\u012bdas l\u012bdz logam ir no 120-150 cm. Pateicoties loga p\u0101rkl\u0101jumam un divkameru stikla paketei, tam ir laba siltumizol\u0101cija un fiziska iztur\u012bba.<\/p>\n<h2>VELUX jumta loga Standard Plus GLU 0061B priek\u0161roc\u012bbas:<\/h2>\n<ul>\n<li>Koka logs ar poliuret\u0101na p\u0101rkl\u0101jumu;<\/li>\n<li>Kvalitat\u012bvi kalpo visos laika apst\u0101k\u013cos;<\/li>\n<li>Ieb\u016bv\u0113ta ventil\u0101cija;<\/li>\n<li>Poz\u012bcija vienk\u0101r\u0161ai loga t\u012br\u012b\u0161anai;<\/li>\n<li>Stiprin\u0101jumi \u017eal\u016bziju uzst\u0101d\u012b\u0161anai;<\/li>\n<li>Uzlabota ska\u0146as izol\u0101cija;<\/li>\n<li>Papildu bl\u012bvgumija uzlabotam herm\u0113tiskumam;<\/li>\n<li>Mitrumiztur\u012bgs, viegli kopjams;<\/li>\n<li>Iesp\u0113jams atsevi\u0161\u0137i ieg\u0101d\u0101ties apak\u0161\u0113jo rokturi;<\/li>\n<li>Energoefekt\u012bva divkameru stikla pakete;<\/li>\n<li>Logs ar lielisku siltumizol\u0101ciju &#8211; Uw 1.1;<\/li>\n<li>15 gadu garantija.<\/li>\n<\/ul>\n","protected":false},"excerpt":{"rendered":"<p>VELUX jumta logs Standard Plus GLU 0061B ar apak\u0161\u0113jo rokturi Koka logs ar baltu poliuret\u0101na p\u0101rkl\u0101jumu ar rokturi apak\u0161\u0101 ir<\/p>\n","protected":false},"featured_media":9398,"template":"","meta":{"_acf_changed":false},"product_cat":[1468,1467],"product_tag":[],"class_list":{"0":"post-9353","1":"product","2":"type-product","3":"status-publish","4":"has-post-thumbnail","6":"product_cat-jumta-logi","7":"product_cat-logi","9":"first","10":"onbackorder","11":"taxable","12":"shipping-taxable","13":"purchasable","14":"product-type-variable"},"acf":[],"yoast_head":"<!-- This site is optimized with the Yoast SEO plugin v24.2 - https:\/\/yoast.com\/wordpress\/plugins\/seo\/ -->\n<title>VELUX jumta logs Standard Plus ar apak\u0161\u0113jo rokturi &#8226; Vides Tehnika<\/title>\n<meta name=\"description\" content=\"VELUX jumta logs Standard Plus ar apak\u0161\u0113jo rokturi - koka logs ar baltu poliuret\u0101na p\u0101rkl\u0101jumu, mitrumiztur\u012bgs ar divkameru stikla paketi.\" \/>\n<meta name=\"robots\" content=\"index, follow, max-snippet:-1, max-image-preview:large, max-video-preview:-1\" \/>\n<link rel=\"canonical\" href=\"https:\/\/videstehnika.lv\/lt\/katalogs\/logi\/velux-jumta-logs-standard-plus-glu-0061b-ar-apaksejo-rokturi\/\" \/>\n<meta property=\"og:locale\" content=\"lt_LT\" \/>\n<meta property=\"og:type\" content=\"article\" \/>\n<meta property=\"og:title\" content=\"VELUX jumta logs Standard Plus ar apak\u0161\u0113jo rokturi &#8226; Vides Tehnika\" \/>\n<meta property=\"og:description\" content=\"VELUX jumta logs Standard Plus ar apak\u0161\u0113jo rokturi - koka logs ar baltu poliuret\u0101na p\u0101rkl\u0101jumu, mitrumiztur\u012bgs ar divkameru stikla paketi.\" \/>\n<meta property=\"og:url\" content=\"https:\/\/videstehnika.lv\/katalogs\/logi\/velux-jumta-logs-standard-plus-glu-0061b-ar-apaksejo-rokturi\/\" \/>\n<meta property=\"og:site_name\" content=\"Vides Tehnika\" \/>\n<meta property=\"article:modified_time\" content=\"2021-11-05T05:39:09+00:00\" \/>\n<meta property=\"og:image\" content=\"https:\/\/videstehnika.lv\/wp-content\/uploads\/2021\/05\/121139-01-L.jpg\" \/>\n\t<meta property=\"og:image:width\" content=\"1280\" \/>\n\t<meta property=\"og:image:height\" content=\"960\" \/>\n\t<meta property=\"og:image:type\" content=\"image\/jpeg\" \/>\n<meta name=\"twitter:card\" content=\"summary_large_image\" \/>\n<meta name=\"twitter:label1\" content=\"Est. reading time\" \/>\n\t<meta name=\"twitter:data1\" content=\"1 minut\u0117\" \/>\n<script type=\"application\/ld+json\" class=\"yoast-schema-graph\">{\"@context\":\"https:\/\/schema.org\",\"@graph\":[{\"@type\":\"WebPage\",\"@id\":\"https:\/\/videstehnika.lv\/katalogs\/logi\/velux-jumta-logs-standard-plus-glu-0061b-ar-apaksejo-rokturi\/\",\"url\":\"https:\/\/videstehnika.lv\/katalogs\/logi\/velux-jumta-logs-standard-plus-glu-0061b-ar-apaksejo-rokturi\/\",\"name\":\"VELUX jumta logs Standard Plus ar apak\u0161\u0113jo rokturi &#8226; Vides Tehnika\",\"isPartOf\":{\"@id\":\"https:\/\/videstehnika.lv\/lt\/#website\"},\"primaryImageOfPage\":{\"@id\":\"https:\/\/videstehnika.lv\/katalogs\/logi\/velux-jumta-logs-standard-plus-glu-0061b-ar-apaksejo-rokturi\/#primaryimage\"},\"image\":{\"@id\":\"https:\/\/videstehnika.lv\/katalogs\/logi\/velux-jumta-logs-standard-plus-glu-0061b-ar-apaksejo-rokturi\/#primaryimage\"},\"thumbnailUrl\":\"https:\/\/videstehnika.lv\/wp-content\/uploads\/2021\/05\/121139-01-L.jpg\",\"datePublished\":\"2021-05-31T10:45:21+00:00\",\"dateModified\":\"2021-11-05T05:39:09+00:00\",\"description\":\"VELUX jumta logs Standard Plus ar apak\u0161\u0113jo rokturi - koka logs ar baltu poliuret\u0101na p\u0101rkl\u0101jumu, mitrumiztur\u012bgs ar divkameru stikla paketi.\",\"breadcrumb\":{\"@id\":\"https:\/\/videstehnika.lv\/katalogs\/logi\/velux-jumta-logs-standard-plus-glu-0061b-ar-apaksejo-rokturi\/#breadcrumb\"},\"inLanguage\":\"lt-LT\",\"potentialAction\":[{\"@type\":\"ReadAction\",\"target\":[\"https:\/\/videstehnika.lv\/katalogs\/logi\/velux-jumta-logs-standard-plus-glu-0061b-ar-apaksejo-rokturi\/\"]}]},{\"@type\":\"ImageObject\",\"inLanguage\":\"lt-LT\",\"@id\":\"https:\/\/videstehnika.lv\/katalogs\/logi\/velux-jumta-logs-standard-plus-glu-0061b-ar-apaksejo-rokturi\/#primaryimage\",\"url\":\"https:\/\/videstehnika.lv\/wp-content\/uploads\/2021\/05\/121139-01-L.jpg\",\"contentUrl\":\"https:\/\/videstehnika.lv\/wp-content\/uploads\/2021\/05\/121139-01-L.jpg\",\"width\":1280,\"height\":960,\"caption\":\"VELUX jumta logs Standard Plus GLU 0061B ar apak\u0161\u0113jo rokturi\"},{\"@type\":\"BreadcrumbList\",\"@id\":\"https:\/\/videstehnika.lv\/katalogs\/logi\/velux-jumta-logs-standard-plus-glu-0061b-ar-apaksejo-rokturi\/#breadcrumb\",\"itemListElement\":[{\"@type\":\"ListItem\",\"position\":1,\"name\":\"Home\",\"item\":\"https:\/\/videstehnika.lv\/lt\/\"},{\"@type\":\"ListItem\",\"position\":2,\"name\":\"Katalogas\",\"item\":\"https:\/\/videstehnika.lv\/lt\/katalogas\/\"},{\"@type\":\"ListItem\",\"position\":3,\"name\":\"VELUX jumta logs Standard Plus GLU 0061B ar apak\u0161\u0113jo rokturi\"}]},{\"@type\":\"WebSite\",\"@id\":\"https:\/\/videstehnika.lv\/lt\/#website\",\"url\":\"https:\/\/videstehnika.lv\/lt\/\",\"name\":\"Vides Tehnika\",\"description\":\"\",\"potentialAction\":[{\"@type\":\"SearchAction\",\"target\":{\"@type\":\"EntryPoint\",\"urlTemplate\":\"https:\/\/videstehnika.lv\/lt\/?s={search_term_string}\"},\"query-input\":{\"@type\":\"PropertyValueSpecification\",\"valueRequired\":true,\"valueName\":\"search_term_string\"}}],\"inLanguage\":\"lt-LT\"}]}<\/script>\n<!-- \/ Yoast SEO plugin. -->","yoast_head_json":{"title":"VELUX jumta logs Standard Plus ar apak\u0161\u0113jo rokturi &#8226; Vides Tehnika","description":"VELUX jumta logs Standard Plus ar apak\u0161\u0113jo rokturi - koka logs ar baltu poliuret\u0101na p\u0101rkl\u0101jumu, mitrumiztur\u012bgs ar divkameru stikla paketi.","robots":{"index":"index","follow":"follow","max-snippet":"max-snippet:-1","max-image-preview":"max-image-preview:large","max-video-preview":"max-video-preview:-1"},"canonical":"https:\/\/videstehnika.lv\/lt\/katalogs\/logi\/velux-jumta-logs-standard-plus-glu-0061b-ar-apaksejo-rokturi\/","og_locale":"lt_LT","og_type":"article","og_title":"VELUX jumta logs Standard Plus ar apak\u0161\u0113jo rokturi &#8226; Vides Tehnika","og_description":"VELUX jumta logs Standard Plus ar apak\u0161\u0113jo rokturi - koka logs ar baltu poliuret\u0101na p\u0101rkl\u0101jumu, mitrumiztur\u012bgs ar divkameru stikla paketi.","og_url":"https:\/\/videstehnika.lv\/katalogs\/logi\/velux-jumta-logs-standard-plus-glu-0061b-ar-apaksejo-rokturi\/","og_site_name":"Vides Tehnika","article_modified_time":"2021-11-05T05:39:09+00:00","og_image":[{"width":1280,"height":960,"url":"https:\/\/videstehnika.lv\/wp-content\/uploads\/2021\/05\/121139-01-L.jpg","type":"image\/jpeg"}],"twitter_card":"summary_large_image","twitter_misc":{"Est. reading time":"1 minut\u0117"},"schema":{"@context":"https:\/\/schema.org","@graph":[{"@type":"WebPage","@id":"https:\/\/videstehnika.lv\/katalogs\/logi\/velux-jumta-logs-standard-plus-glu-0061b-ar-apaksejo-rokturi\/","url":"https:\/\/videstehnika.lv\/katalogs\/logi\/velux-jumta-logs-standard-plus-glu-0061b-ar-apaksejo-rokturi\/","name":"VELUX jumta logs Standard Plus ar apak\u0161\u0113jo rokturi &#8226; Vides Tehnika","isPartOf":{"@id":"https:\/\/videstehnika.lv\/lt\/#website"},"primaryImageOfPage":{"@id":"https:\/\/videstehnika.lv\/katalogs\/logi\/velux-jumta-logs-standard-plus-glu-0061b-ar-apaksejo-rokturi\/#primaryimage"},"image":{"@id":"https:\/\/videstehnika.lv\/katalogs\/logi\/velux-jumta-logs-standard-plus-glu-0061b-ar-apaksejo-rokturi\/#primaryimage"},"thumbnailUrl":"https:\/\/videstehnika.lv\/wp-content\/uploads\/2021\/05\/121139-01-L.jpg","datePublished":"2021-05-31T10:45:21+00:00","dateModified":"2021-11-05T05:39:09+00:00","description":"VELUX jumta logs Standard Plus ar apak\u0161\u0113jo rokturi - koka logs ar baltu poliuret\u0101na p\u0101rkl\u0101jumu, mitrumiztur\u012bgs ar divkameru stikla paketi.","breadcrumb":{"@id":"https:\/\/videstehnika.lv\/katalogs\/logi\/velux-jumta-logs-standard-plus-glu-0061b-ar-apaksejo-rokturi\/#breadcrumb"},"inLanguage":"lt-LT","potentialAction":[{"@type":"ReadAction","target":["https:\/\/videstehnika.lv\/katalogs\/logi\/velux-jumta-logs-standard-plus-glu-0061b-ar-apaksejo-rokturi\/"]}]},{"@type":"ImageObject","inLanguage":"lt-LT","@id":"https:\/\/videstehnika.lv\/katalogs\/logi\/velux-jumta-logs-standard-plus-glu-0061b-ar-apaksejo-rokturi\/#primaryimage","url":"https:\/\/videstehnika.lv\/wp-content\/uploads\/2021\/05\/121139-01-L.jpg","contentUrl":"https:\/\/videstehnika.lv\/wp-content\/uploads\/2021\/05\/121139-01-L.jpg","width":1280,"height":960,"caption":"VELUX jumta logs Standard Plus GLU 0061B ar apak\u0161\u0113jo rokturi"},{"@type":"BreadcrumbList","@id":"https:\/\/videstehnika.lv\/katalogs\/logi\/velux-jumta-logs-standard-plus-glu-0061b-ar-apaksejo-rokturi\/#breadcrumb","itemListElement":[{"@type":"ListItem","position":1,"name":"Home","item":"https:\/\/videstehnika.lv\/lt\/"},{"@type":"ListItem","position":2,"name":"Katalogas","item":"https:\/\/videstehnika.lv\/lt\/katalogas\/"},{"@type":"ListItem","position":3,"name":"VELUX jumta logs Standard Plus GLU 0061B ar apak\u0161\u0113jo rokturi"}]},{"@type":"WebSite","@id":"https:\/\/videstehnika.lv\/lt\/#website","url":"https:\/\/videstehnika.lv\/lt\/","name":"Vides Tehnika","description":"","potentialAction":[{"@type":"SearchAction","target":{"@type":"EntryPoint","urlTemplate":"https:\/\/videstehnika.lv\/lt\/?s={search_term_string}"},"query-input":{"@type":"PropertyValueSpecification","valueRequired":true,"valueName":"search_term_string"}}],"inLanguage":"lt-LT"}]}},"_links":{"self":[{"href":"https:\/\/videstehnika.lv\/lt\/wp-json\/wp\/v2\/product\/9353","targetHints":{"allow":["GET"]}}],"collection":[{"href":"https:\/\/videstehnika.lv\/lt\/wp-json\/wp\/v2\/product"}],"about":[{"href":"https:\/\/videstehnika.lv\/lt\/wp-json\/wp\/v2\/types\/product"}],"wp:featuredmedia":[{"embeddable":true,"href":"https:\/\/videstehnika.lv\/lt\/wp-json\/wp\/v2\/media\/9398"}],"wp:attachment":[{"href":"https:\/\/videstehnika.lv\/lt\/wp-json\/wp\/v2\/media?parent=9353"}],"wp:term":[{"taxonomy":"product_cat","embeddable":true,"href":"https:\/\/videstehnika.lv\/lt\/wp-json\/wp\/v2\/product_cat?post=9353"},{"taxonomy":"product_tag","embeddable":true,"href":"https:\/\/videstehnika.lv\/lt\/wp-json\/wp\/v2\/product_tag?post=9353"}],"curies":[{"name":"wp","href":"https:\/\/api.w.org\/{rel}","templated":true}]}}