{"id":9435,"date":"2021-05-31T16:37:20","date_gmt":"2021-05-31T13:37:20","guid":{"rendered":"https:\/\/videstehnika.lv\/?post_type=product&#038;p=9435"},"modified":"2021-11-05T07:39:37","modified_gmt":"2021-11-05T05:39:37","slug":"velux-logs-premium-ggu-0068-ar-augsejo-rokturi","status":"publish","type":"product","link":"https:\/\/videstehnika.lv\/katalogs\/logi\/velux-logs-premium-ggu-0068-ar-augsejo-rokturi\/","title":{"rendered":"VELUX logs Premium GGU 0068 ar aug\u0161\u0113jo rokturi"},"content":{"rendered":"<h2>VELUX logs Premium GGU 0068 ar aug\u0161\u0113jo rokturi<\/h2>\n<p>Tikai viegls piesk\u0101riens un svaigs gaiss iepl\u016bst caur VELUX jumta logu ar rokturi v\u0113rtnes aug\u0161\u0101. Premium jumta logs ar rokturi \u00a0aug\u0161\u0101 ir \u0113rti lietojams ar\u012b gad\u012bjumos, ja zem t\u0101 atrodas m\u0113beles. Unik\u0101l\u0101 dizaina rokturis v\u0113rtnes aug\u0161\u0101 \u013cauj uzst\u0101d\u012bt logu zem\u0101k nek\u0101 l\u012bdzv\u0113rt\u012bgu logu ar rokturi v\u0113rtnes apak\u0161\u0101 un tas \u013cauj baud\u012bt lielisku skatu pa logu gan st\u0101vot, gan s\u0113\u017eot.<\/p>\n<p>Koka logs ar baltu poliuret\u0101na p\u0101rkl\u0101jumu ir mitrumiztur\u012bgs un viegli kopjams, t\u0101p\u0113c b\u016bs ide\u0101li piem\u0113rots vannas istabai un virtuvei, k\u0101 ar\u012b telp\u0101s, kur dizain\u0101 iederas baltie logi. Iesak\u0101m logus ar rokturi v\u0113rtnes aug\u0161\u0101, ja v\u0113laties novietot logu zemu, piem\u0113ram, telp\u0101s ar zemiem griestiem vai, ja v\u0113lies baud\u012bt skatu pa logu. Jumta logs ar rokturi aug\u0161\u0101, b\u016bs vispiem\u0113rot\u0101kais, ja ieb\u016bv\u0113\u0161anas augstums b\u016bs l\u012bdz 150cm.<\/p>\n<h2>VELUX jumta loga Premium GGU 0068 priek\u0161roc\u012bbas:<\/h2>\n<ul>\n<li>Lamin\u0113ts stikls dro\u0161\u012bbai;<\/li>\n<li>Elegants dizains, ergonomisks rokturis;<\/li>\n<li>Balts, ar poliuret\u0101na p\u0101rkl\u0101jumu;<\/li>\n<li>Rokturis v\u0113rtnes aug\u0161\u0101;<\/li>\n<li>Kvalitat\u012bvi kalpo visos laika apst\u0101k\u013cos;<\/li>\n<li>Uzlabota ska\u0146as izol\u0101cija;<\/li>\n<li>Ieb\u016bv\u0113ta ventil\u0101cija;<\/li>\n<li>Putek\u013cu un insektu filtrs;<\/li>\n<li>ThermoTechnology\u2122 uzlabotai energoefektivit\u0101tei;<\/li>\n<li>Energoefekt\u012bva divkameru stikla pakete, logs ar lielisku siltumizol\u0101ciju \u2013 Uw 1,1;<\/li>\n<li>Papildu bl\u012bvgumija uzlabotam herm\u0113tiskumam;<\/li>\n<li>Iesp\u0113jams uzst\u0101d\u012bt t\u0101lvad\u012bbu;<\/li>\n<li>Garantija 10 gadi.<\/li>\n<\/ul>\n","protected":false},"excerpt":{"rendered":"<p>VELUX logs Premium GGU 0068 ar aug\u0161\u0113jo rokturi Tikai viegls piesk\u0101riens un svaigs gaiss iepl\u016bst caur VELUX jumta logu ar<\/p>\n","protected":false},"featured_media":9460,"template":"","meta":{"_acf_changed":false},"product_cat":[1468,1467],"product_tag":[],"class_list":{"0":"post-9435","1":"product","2":"type-product","3":"status-publish","4":"has-post-thumbnail","6":"product_cat-jumta-logi","7":"product_cat-logi","9":"first","10":"onbackorder","11":"taxable","12":"shipping-taxable","13":"purchasable","14":"product-type-variable"},"acf":[],"yoast_head":"<!-- This site is optimized with the Yoast SEO plugin v24.2 - https:\/\/yoast.com\/wordpress\/plugins\/seo\/ -->\n<title>VELUX logs Premium GGU 0068 ar aug\u0161\u0113jo rokturi &#8226; Vides Tehnika<\/title>\n<meta name=\"description\" content=\"VELUX logs Premium GGU 0068 ar aug\u0161\u0113jo rokturi - koka logs ar baltu poliuret\u0101na p\u0101rkl\u0101jumu ir mitrumiztur\u012bgs un viegli kopjams.\" \/>\n<meta name=\"robots\" content=\"index, follow, max-snippet:-1, max-image-preview:large, max-video-preview:-1\" \/>\n<link rel=\"canonical\" href=\"https:\/\/videstehnika.lv\/lt\/katalogs\/logi\/velux-logs-premium-ggu-0068-ar-augsejo-rokturi\/\" \/>\n<meta property=\"og:locale\" content=\"lt_LT\" \/>\n<meta property=\"og:type\" content=\"article\" \/>\n<meta property=\"og:title\" content=\"VELUX logs Premium GGU 0068 ar aug\u0161\u0113jo rokturi &#8226; Vides Tehnika\" \/>\n<meta property=\"og:description\" content=\"VELUX logs Premium GGU 0068 ar aug\u0161\u0113jo rokturi - koka logs ar baltu poliuret\u0101na p\u0101rkl\u0101jumu ir mitrumiztur\u012bgs un viegli kopjams.\" \/>\n<meta property=\"og:url\" content=\"https:\/\/videstehnika.lv\/katalogs\/logi\/velux-logs-premium-ggu-0068-ar-augsejo-rokturi\/\" \/>\n<meta property=\"og:site_name\" content=\"Vides Tehnika\" \/>\n<meta property=\"article:modified_time\" content=\"2021-11-05T05:39:37+00:00\" \/>\n<meta property=\"og:image\" content=\"https:\/\/videstehnika.lv\/wp-content\/uploads\/2021\/05\/116394-01-L-1.jpg\" \/>\n\t<meta property=\"og:image:width\" content=\"900\" \/>\n\t<meta property=\"og:image:height\" content=\"900\" \/>\n\t<meta property=\"og:image:type\" content=\"image\/jpeg\" \/>\n<meta name=\"twitter:card\" content=\"summary_large_image\" \/>\n<meta name=\"twitter:label1\" content=\"Est. reading time\" \/>\n\t<meta name=\"twitter:data1\" content=\"1 minut\u0117\" \/>\n<script type=\"application\/ld+json\" class=\"yoast-schema-graph\">{\"@context\":\"https:\/\/schema.org\",\"@graph\":[{\"@type\":\"WebPage\",\"@id\":\"https:\/\/videstehnika.lv\/katalogs\/logi\/velux-logs-premium-ggu-0068-ar-augsejo-rokturi\/\",\"url\":\"https:\/\/videstehnika.lv\/katalogs\/logi\/velux-logs-premium-ggu-0068-ar-augsejo-rokturi\/\",\"name\":\"VELUX logs Premium GGU 0068 ar aug\u0161\u0113jo rokturi &#8226; Vides Tehnika\",\"isPartOf\":{\"@id\":\"https:\/\/videstehnika.lv\/lt\/#website\"},\"primaryImageOfPage\":{\"@id\":\"https:\/\/videstehnika.lv\/katalogs\/logi\/velux-logs-premium-ggu-0068-ar-augsejo-rokturi\/#primaryimage\"},\"image\":{\"@id\":\"https:\/\/videstehnika.lv\/katalogs\/logi\/velux-logs-premium-ggu-0068-ar-augsejo-rokturi\/#primaryimage\"},\"thumbnailUrl\":\"https:\/\/videstehnika.lv\/wp-content\/uploads\/2021\/05\/116394-01-L-1.jpg\",\"datePublished\":\"2021-05-31T13:37:20+00:00\",\"dateModified\":\"2021-11-05T05:39:37+00:00\",\"description\":\"VELUX logs Premium GGU 0068 ar aug\u0161\u0113jo rokturi - koka logs ar baltu poliuret\u0101na p\u0101rkl\u0101jumu ir mitrumiztur\u012bgs un viegli kopjams.\",\"breadcrumb\":{\"@id\":\"https:\/\/videstehnika.lv\/katalogs\/logi\/velux-logs-premium-ggu-0068-ar-augsejo-rokturi\/#breadcrumb\"},\"inLanguage\":\"lt-LT\",\"potentialAction\":[{\"@type\":\"ReadAction\",\"target\":[\"https:\/\/videstehnika.lv\/katalogs\/logi\/velux-logs-premium-ggu-0068-ar-augsejo-rokturi\/\"]}]},{\"@type\":\"ImageObject\",\"inLanguage\":\"lt-LT\",\"@id\":\"https:\/\/videstehnika.lv\/katalogs\/logi\/velux-logs-premium-ggu-0068-ar-augsejo-rokturi\/#primaryimage\",\"url\":\"https:\/\/videstehnika.lv\/wp-content\/uploads\/2021\/05\/116394-01-L-1.jpg\",\"contentUrl\":\"https:\/\/videstehnika.lv\/wp-content\/uploads\/2021\/05\/116394-01-L-1.jpg\",\"width\":900,\"height\":900,\"caption\":\"VELUX GGU 0068 Jumta logs Premium\"},{\"@type\":\"BreadcrumbList\",\"@id\":\"https:\/\/videstehnika.lv\/katalogs\/logi\/velux-logs-premium-ggu-0068-ar-augsejo-rokturi\/#breadcrumb\",\"itemListElement\":[{\"@type\":\"ListItem\",\"position\":1,\"name\":\"Home\",\"item\":\"https:\/\/videstehnika.lv\/lt\/\"},{\"@type\":\"ListItem\",\"position\":2,\"name\":\"Katalogas\",\"item\":\"https:\/\/videstehnika.lv\/lt\/katalogas\/\"},{\"@type\":\"ListItem\",\"position\":3,\"name\":\"VELUX logs Premium GGU 0068 ar aug\u0161\u0113jo rokturi\"}]},{\"@type\":\"WebSite\",\"@id\":\"https:\/\/videstehnika.lv\/lt\/#website\",\"url\":\"https:\/\/videstehnika.lv\/lt\/\",\"name\":\"Vides Tehnika\",\"description\":\"\",\"potentialAction\":[{\"@type\":\"SearchAction\",\"target\":{\"@type\":\"EntryPoint\",\"urlTemplate\":\"https:\/\/videstehnika.lv\/lt\/?s={search_term_string}\"},\"query-input\":{\"@type\":\"PropertyValueSpecification\",\"valueRequired\":true,\"valueName\":\"search_term_string\"}}],\"inLanguage\":\"lt-LT\"}]}<\/script>\n<!-- \/ Yoast SEO plugin. -->","yoast_head_json":{"title":"VELUX logs Premium GGU 0068 ar aug\u0161\u0113jo rokturi &#8226; Vides Tehnika","description":"VELUX logs Premium GGU 0068 ar aug\u0161\u0113jo rokturi - koka logs ar baltu poliuret\u0101na p\u0101rkl\u0101jumu ir mitrumiztur\u012bgs un viegli kopjams.","robots":{"index":"index","follow":"follow","max-snippet":"max-snippet:-1","max-image-preview":"max-image-preview:large","max-video-preview":"max-video-preview:-1"},"canonical":"https:\/\/videstehnika.lv\/lt\/katalogs\/logi\/velux-logs-premium-ggu-0068-ar-augsejo-rokturi\/","og_locale":"lt_LT","og_type":"article","og_title":"VELUX logs Premium GGU 0068 ar aug\u0161\u0113jo rokturi &#8226; Vides Tehnika","og_description":"VELUX logs Premium GGU 0068 ar aug\u0161\u0113jo rokturi - koka logs ar baltu poliuret\u0101na p\u0101rkl\u0101jumu ir mitrumiztur\u012bgs un viegli kopjams.","og_url":"https:\/\/videstehnika.lv\/katalogs\/logi\/velux-logs-premium-ggu-0068-ar-augsejo-rokturi\/","og_site_name":"Vides Tehnika","article_modified_time":"2021-11-05T05:39:37+00:00","og_image":[{"width":900,"height":900,"url":"https:\/\/videstehnika.lv\/wp-content\/uploads\/2021\/05\/116394-01-L-1.jpg","type":"image\/jpeg"}],"twitter_card":"summary_large_image","twitter_misc":{"Est. reading time":"1 minut\u0117"},"schema":{"@context":"https:\/\/schema.org","@graph":[{"@type":"WebPage","@id":"https:\/\/videstehnika.lv\/katalogs\/logi\/velux-logs-premium-ggu-0068-ar-augsejo-rokturi\/","url":"https:\/\/videstehnika.lv\/katalogs\/logi\/velux-logs-premium-ggu-0068-ar-augsejo-rokturi\/","name":"VELUX logs Premium GGU 0068 ar aug\u0161\u0113jo rokturi &#8226; Vides Tehnika","isPartOf":{"@id":"https:\/\/videstehnika.lv\/lt\/#website"},"primaryImageOfPage":{"@id":"https:\/\/videstehnika.lv\/katalogs\/logi\/velux-logs-premium-ggu-0068-ar-augsejo-rokturi\/#primaryimage"},"image":{"@id":"https:\/\/videstehnika.lv\/katalogs\/logi\/velux-logs-premium-ggu-0068-ar-augsejo-rokturi\/#primaryimage"},"thumbnailUrl":"https:\/\/videstehnika.lv\/wp-content\/uploads\/2021\/05\/116394-01-L-1.jpg","datePublished":"2021-05-31T13:37:20+00:00","dateModified":"2021-11-05T05:39:37+00:00","description":"VELUX logs Premium GGU 0068 ar aug\u0161\u0113jo rokturi - koka logs ar baltu poliuret\u0101na p\u0101rkl\u0101jumu ir mitrumiztur\u012bgs un viegli kopjams.","breadcrumb":{"@id":"https:\/\/videstehnika.lv\/katalogs\/logi\/velux-logs-premium-ggu-0068-ar-augsejo-rokturi\/#breadcrumb"},"inLanguage":"lt-LT","potentialAction":[{"@type":"ReadAction","target":["https:\/\/videstehnika.lv\/katalogs\/logi\/velux-logs-premium-ggu-0068-ar-augsejo-rokturi\/"]}]},{"@type":"ImageObject","inLanguage":"lt-LT","@id":"https:\/\/videstehnika.lv\/katalogs\/logi\/velux-logs-premium-ggu-0068-ar-augsejo-rokturi\/#primaryimage","url":"https:\/\/videstehnika.lv\/wp-content\/uploads\/2021\/05\/116394-01-L-1.jpg","contentUrl":"https:\/\/videstehnika.lv\/wp-content\/uploads\/2021\/05\/116394-01-L-1.jpg","width":900,"height":900,"caption":"VELUX GGU 0068 Jumta logs Premium"},{"@type":"BreadcrumbList","@id":"https:\/\/videstehnika.lv\/katalogs\/logi\/velux-logs-premium-ggu-0068-ar-augsejo-rokturi\/#breadcrumb","itemListElement":[{"@type":"ListItem","position":1,"name":"Home","item":"https:\/\/videstehnika.lv\/lt\/"},{"@type":"ListItem","position":2,"name":"Katalogas","item":"https:\/\/videstehnika.lv\/lt\/katalogas\/"},{"@type":"ListItem","position":3,"name":"VELUX logs Premium GGU 0068 ar aug\u0161\u0113jo rokturi"}]},{"@type":"WebSite","@id":"https:\/\/videstehnika.lv\/lt\/#website","url":"https:\/\/videstehnika.lv\/lt\/","name":"Vides Tehnika","description":"","potentialAction":[{"@type":"SearchAction","target":{"@type":"EntryPoint","urlTemplate":"https:\/\/videstehnika.lv\/lt\/?s={search_term_string}"},"query-input":{"@type":"PropertyValueSpecification","valueRequired":true,"valueName":"search_term_string"}}],"inLanguage":"lt-LT"}]}},"_links":{"self":[{"href":"https:\/\/videstehnika.lv\/lt\/wp-json\/wp\/v2\/product\/9435","targetHints":{"allow":["GET"]}}],"collection":[{"href":"https:\/\/videstehnika.lv\/lt\/wp-json\/wp\/v2\/product"}],"about":[{"href":"https:\/\/videstehnika.lv\/lt\/wp-json\/wp\/v2\/types\/product"}],"wp:featuredmedia":[{"embeddable":true,"href":"https:\/\/videstehnika.lv\/lt\/wp-json\/wp\/v2\/media\/9460"}],"wp:attachment":[{"href":"https:\/\/videstehnika.lv\/lt\/wp-json\/wp\/v2\/media?parent=9435"}],"wp:term":[{"taxonomy":"product_cat","embeddable":true,"href":"https:\/\/videstehnika.lv\/lt\/wp-json\/wp\/v2\/product_cat?post=9435"},{"taxonomy":"product_tag","embeddable":true,"href":"https:\/\/videstehnika.lv\/lt\/wp-json\/wp\/v2\/product_tag?post=9435"}],"curies":[{"name":"wp","href":"https:\/\/api.w.org\/{rel}","templated":true}]}}