{"id":9642,"date":"2021-06-02T11:12:07","date_gmt":"2021-06-02T08:12:07","guid":{"rendered":"https:\/\/videstehnika.lv\/?post_type=product&#038;p=9642"},"modified":"2021-11-05T07:42:07","modified_gmt":"2021-11-05T05:42:07","slug":"velux-pasivas-majas-jumta-logs-ggu-008230","status":"publish","type":"product","link":"https:\/\/videstehnika.lv\/katalogs\/logi\/velux-pasivas-majas-jumta-logs-ggu-008230\/","title":{"rendered":"VELUX pas\u012bv\u0101s m\u0101jas jumta logs GGU 008230"},"content":{"rendered":"<h2>VELUX pas\u012bv\u0101s m\u0101jas jumta logs GGU 008230<\/h2>\n<p>Jumta logs GGU 008230 ir ide\u0101li piem\u0113rots situ\u0101cij\u0101s, kad nepiecie\u0161ami pas\u012bvajai m\u0101jai sertific\u0113tie b\u016bvelementi. \u0160is ir pirmais un vien\u012bgais jumta logs tirg\u016b, kas ir sertific\u0113ts izmanto\u0161anai A klases pas\u012bv\u0101s m\u0101jas b\u016bvkonstrukcij\u0101s aukst\u0101 klimata re\u0123ionos. \u0160is jumta logs sast\u0101v no tr\u012bsk\u0101r\u0161\u0101s \u0101r\u0113j\u0101s stikla paketes un papildu divk\u0101r\u0161\u0101s iek\u0161\u0113j\u0101s stikla paketes. Pa\u0161a jumta loga Uw r\u0101d\u012bt\u0101js ir 0,51 W\/(m2K) (EN ISO 12567-2), kas ir lab\u0101kais r\u0101d\u012bt\u0101js tirg\u016b. Jumta logs darbojas uz saules baterij\u0101m. Lai paaugstin\u0101tu komforta l\u012bmeni, var tikt pievienoti ar saules baterij\u0101m darbin\u0101mie sl\u0113\u0123i vai saulessargi.<\/p>\n","protected":false},"excerpt":{"rendered":"<p>VELUX pas\u012bv\u0101s m\u0101jas jumta logs GGU 008230 Jumta logs GGU 008230 ir ide\u0101li piem\u0113rots situ\u0101cij\u0101s, kad nepiecie\u0161ami pas\u012bvajai m\u0101jai sertific\u0113tie<\/p>\n","protected":false},"featured_media":9647,"template":"","meta":{"_acf_changed":false},"product_cat":[1468,1467],"product_tag":[],"class_list":{"0":"post-9642","1":"product","2":"type-product","3":"status-publish","4":"has-post-thumbnail","6":"product_cat-jumta-logi","7":"product_cat-logi","9":"first","10":"onbackorder","11":"taxable","12":"shipping-taxable","13":"purchasable","14":"product-type-variable"},"acf":[],"yoast_head":"<!-- This site is optimized with the Yoast SEO plugin v24.2 - https:\/\/yoast.com\/wordpress\/plugins\/seo\/ -->\n<title>VELUX pas\u012bv\u0101s m\u0101jas jumta logs GGU 008230 &#8226; Vides Tehnika<\/title>\n<meta name=\"description\" content=\"VELUX pas\u012bv\u0101s m\u0101jas jumta logs GGU 008230 ir ide\u0101li piem\u0113rots situ\u0101cij\u0101s, kad nepiecie\u0161ami pas\u012bvajai m\u0101jai sertific\u0113tie b\u016bvelementi.\" \/>\n<meta name=\"robots\" content=\"index, follow, max-snippet:-1, max-image-preview:large, max-video-preview:-1\" \/>\n<link rel=\"canonical\" href=\"https:\/\/videstehnika.lv\/lt\/katalogs\/logi\/velux-pasivas-majas-jumta-logs-ggu-008230\/\" \/>\n<meta property=\"og:locale\" content=\"lt_LT\" \/>\n<meta property=\"og:type\" content=\"article\" \/>\n<meta property=\"og:title\" content=\"VELUX pas\u012bv\u0101s m\u0101jas jumta logs GGU 008230 &#8226; Vides Tehnika\" \/>\n<meta property=\"og:description\" content=\"VELUX pas\u012bv\u0101s m\u0101jas jumta logs GGU 008230 ir ide\u0101li piem\u0113rots situ\u0101cij\u0101s, kad nepiecie\u0161ami pas\u012bvajai m\u0101jai sertific\u0113tie b\u016bvelementi.\" \/>\n<meta property=\"og:url\" content=\"https:\/\/videstehnika.lv\/katalogs\/logi\/velux-pasivas-majas-jumta-logs-ggu-008230\/\" \/>\n<meta property=\"og:site_name\" content=\"Vides Tehnika\" \/>\n<meta property=\"article:modified_time\" content=\"2021-11-05T05:42:07+00:00\" \/>\n<meta property=\"og:image\" content=\"https:\/\/videstehnika.lv\/wp-content\/uploads\/2021\/06\/VELUX-pasivas-majas-jumta-logs-GGU-008230.jpg\" \/>\n\t<meta property=\"og:image:width\" content=\"900\" \/>\n\t<meta property=\"og:image:height\" content=\"900\" \/>\n\t<meta property=\"og:image:type\" content=\"image\/jpeg\" \/>\n<meta name=\"twitter:card\" content=\"summary_large_image\" \/>\n<meta name=\"twitter:label1\" content=\"Est. reading time\" \/>\n\t<meta name=\"twitter:data1\" content=\"1 minut\u0117\" \/>\n<script type=\"application\/ld+json\" class=\"yoast-schema-graph\">{\"@context\":\"https:\/\/schema.org\",\"@graph\":[{\"@type\":\"WebPage\",\"@id\":\"https:\/\/videstehnika.lv\/katalogs\/logi\/velux-pasivas-majas-jumta-logs-ggu-008230\/\",\"url\":\"https:\/\/videstehnika.lv\/katalogs\/logi\/velux-pasivas-majas-jumta-logs-ggu-008230\/\",\"name\":\"VELUX pas\u012bv\u0101s m\u0101jas jumta logs GGU 008230 &#8226; Vides Tehnika\",\"isPartOf\":{\"@id\":\"https:\/\/videstehnika.lv\/lt\/#website\"},\"primaryImageOfPage\":{\"@id\":\"https:\/\/videstehnika.lv\/katalogs\/logi\/velux-pasivas-majas-jumta-logs-ggu-008230\/#primaryimage\"},\"image\":{\"@id\":\"https:\/\/videstehnika.lv\/katalogs\/logi\/velux-pasivas-majas-jumta-logs-ggu-008230\/#primaryimage\"},\"thumbnailUrl\":\"https:\/\/videstehnika.lv\/wp-content\/uploads\/2021\/06\/VELUX-pasivas-majas-jumta-logs-GGU-008230.jpg\",\"datePublished\":\"2021-06-02T08:12:07+00:00\",\"dateModified\":\"2021-11-05T05:42:07+00:00\",\"description\":\"VELUX pas\u012bv\u0101s m\u0101jas jumta logs GGU 008230 ir ide\u0101li piem\u0113rots situ\u0101cij\u0101s, kad nepiecie\u0161ami pas\u012bvajai m\u0101jai sertific\u0113tie b\u016bvelementi.\",\"breadcrumb\":{\"@id\":\"https:\/\/videstehnika.lv\/katalogs\/logi\/velux-pasivas-majas-jumta-logs-ggu-008230\/#breadcrumb\"},\"inLanguage\":\"lt-LT\",\"potentialAction\":[{\"@type\":\"ReadAction\",\"target\":[\"https:\/\/videstehnika.lv\/katalogs\/logi\/velux-pasivas-majas-jumta-logs-ggu-008230\/\"]}]},{\"@type\":\"ImageObject\",\"inLanguage\":\"lt-LT\",\"@id\":\"https:\/\/videstehnika.lv\/katalogs\/logi\/velux-pasivas-majas-jumta-logs-ggu-008230\/#primaryimage\",\"url\":\"https:\/\/videstehnika.lv\/wp-content\/uploads\/2021\/06\/VELUX-pasivas-majas-jumta-logs-GGU-008230.jpg\",\"contentUrl\":\"https:\/\/videstehnika.lv\/wp-content\/uploads\/2021\/06\/VELUX-pasivas-majas-jumta-logs-GGU-008230.jpg\",\"width\":900,\"height\":900,\"caption\":\"VELUX pas\u012bv\u0101s m\u0101jas jumta logs GGU 008230\"},{\"@type\":\"BreadcrumbList\",\"@id\":\"https:\/\/videstehnika.lv\/katalogs\/logi\/velux-pasivas-majas-jumta-logs-ggu-008230\/#breadcrumb\",\"itemListElement\":[{\"@type\":\"ListItem\",\"position\":1,\"name\":\"Home\",\"item\":\"https:\/\/videstehnika.lv\/lt\/\"},{\"@type\":\"ListItem\",\"position\":2,\"name\":\"Katalogas\",\"item\":\"https:\/\/videstehnika.lv\/lt\/katalogas\/\"},{\"@type\":\"ListItem\",\"position\":3,\"name\":\"VELUX pas\u012bv\u0101s m\u0101jas jumta logs GGU 008230\"}]},{\"@type\":\"WebSite\",\"@id\":\"https:\/\/videstehnika.lv\/lt\/#website\",\"url\":\"https:\/\/videstehnika.lv\/lt\/\",\"name\":\"Vides Tehnika\",\"description\":\"\",\"potentialAction\":[{\"@type\":\"SearchAction\",\"target\":{\"@type\":\"EntryPoint\",\"urlTemplate\":\"https:\/\/videstehnika.lv\/lt\/?s={search_term_string}\"},\"query-input\":{\"@type\":\"PropertyValueSpecification\",\"valueRequired\":true,\"valueName\":\"search_term_string\"}}],\"inLanguage\":\"lt-LT\"}]}<\/script>\n<!-- \/ Yoast SEO plugin. -->","yoast_head_json":{"title":"VELUX pas\u012bv\u0101s m\u0101jas jumta logs GGU 008230 &#8226; Vides Tehnika","description":"VELUX pas\u012bv\u0101s m\u0101jas jumta logs GGU 008230 ir ide\u0101li piem\u0113rots situ\u0101cij\u0101s, kad nepiecie\u0161ami pas\u012bvajai m\u0101jai sertific\u0113tie b\u016bvelementi.","robots":{"index":"index","follow":"follow","max-snippet":"max-snippet:-1","max-image-preview":"max-image-preview:large","max-video-preview":"max-video-preview:-1"},"canonical":"https:\/\/videstehnika.lv\/lt\/katalogs\/logi\/velux-pasivas-majas-jumta-logs-ggu-008230\/","og_locale":"lt_LT","og_type":"article","og_title":"VELUX pas\u012bv\u0101s m\u0101jas jumta logs GGU 008230 &#8226; Vides Tehnika","og_description":"VELUX pas\u012bv\u0101s m\u0101jas jumta logs GGU 008230 ir ide\u0101li piem\u0113rots situ\u0101cij\u0101s, kad nepiecie\u0161ami pas\u012bvajai m\u0101jai sertific\u0113tie b\u016bvelementi.","og_url":"https:\/\/videstehnika.lv\/katalogs\/logi\/velux-pasivas-majas-jumta-logs-ggu-008230\/","og_site_name":"Vides Tehnika","article_modified_time":"2021-11-05T05:42:07+00:00","og_image":[{"width":900,"height":900,"url":"https:\/\/videstehnika.lv\/wp-content\/uploads\/2021\/06\/VELUX-pasivas-majas-jumta-logs-GGU-008230.jpg","type":"image\/jpeg"}],"twitter_card":"summary_large_image","twitter_misc":{"Est. reading time":"1 minut\u0117"},"schema":{"@context":"https:\/\/schema.org","@graph":[{"@type":"WebPage","@id":"https:\/\/videstehnika.lv\/katalogs\/logi\/velux-pasivas-majas-jumta-logs-ggu-008230\/","url":"https:\/\/videstehnika.lv\/katalogs\/logi\/velux-pasivas-majas-jumta-logs-ggu-008230\/","name":"VELUX pas\u012bv\u0101s m\u0101jas jumta logs GGU 008230 &#8226; Vides Tehnika","isPartOf":{"@id":"https:\/\/videstehnika.lv\/lt\/#website"},"primaryImageOfPage":{"@id":"https:\/\/videstehnika.lv\/katalogs\/logi\/velux-pasivas-majas-jumta-logs-ggu-008230\/#primaryimage"},"image":{"@id":"https:\/\/videstehnika.lv\/katalogs\/logi\/velux-pasivas-majas-jumta-logs-ggu-008230\/#primaryimage"},"thumbnailUrl":"https:\/\/videstehnika.lv\/wp-content\/uploads\/2021\/06\/VELUX-pasivas-majas-jumta-logs-GGU-008230.jpg","datePublished":"2021-06-02T08:12:07+00:00","dateModified":"2021-11-05T05:42:07+00:00","description":"VELUX pas\u012bv\u0101s m\u0101jas jumta logs GGU 008230 ir ide\u0101li piem\u0113rots situ\u0101cij\u0101s, kad nepiecie\u0161ami pas\u012bvajai m\u0101jai sertific\u0113tie b\u016bvelementi.","breadcrumb":{"@id":"https:\/\/videstehnika.lv\/katalogs\/logi\/velux-pasivas-majas-jumta-logs-ggu-008230\/#breadcrumb"},"inLanguage":"lt-LT","potentialAction":[{"@type":"ReadAction","target":["https:\/\/videstehnika.lv\/katalogs\/logi\/velux-pasivas-majas-jumta-logs-ggu-008230\/"]}]},{"@type":"ImageObject","inLanguage":"lt-LT","@id":"https:\/\/videstehnika.lv\/katalogs\/logi\/velux-pasivas-majas-jumta-logs-ggu-008230\/#primaryimage","url":"https:\/\/videstehnika.lv\/wp-content\/uploads\/2021\/06\/VELUX-pasivas-majas-jumta-logs-GGU-008230.jpg","contentUrl":"https:\/\/videstehnika.lv\/wp-content\/uploads\/2021\/06\/VELUX-pasivas-majas-jumta-logs-GGU-008230.jpg","width":900,"height":900,"caption":"VELUX pas\u012bv\u0101s m\u0101jas jumta logs GGU 008230"},{"@type":"BreadcrumbList","@id":"https:\/\/videstehnika.lv\/katalogs\/logi\/velux-pasivas-majas-jumta-logs-ggu-008230\/#breadcrumb","itemListElement":[{"@type":"ListItem","position":1,"name":"Home","item":"https:\/\/videstehnika.lv\/lt\/"},{"@type":"ListItem","position":2,"name":"Katalogas","item":"https:\/\/videstehnika.lv\/lt\/katalogas\/"},{"@type":"ListItem","position":3,"name":"VELUX pas\u012bv\u0101s m\u0101jas jumta logs GGU 008230"}]},{"@type":"WebSite","@id":"https:\/\/videstehnika.lv\/lt\/#website","url":"https:\/\/videstehnika.lv\/lt\/","name":"Vides Tehnika","description":"","potentialAction":[{"@type":"SearchAction","target":{"@type":"EntryPoint","urlTemplate":"https:\/\/videstehnika.lv\/lt\/?s={search_term_string}"},"query-input":{"@type":"PropertyValueSpecification","valueRequired":true,"valueName":"search_term_string"}}],"inLanguage":"lt-LT"}]}},"_links":{"self":[{"href":"https:\/\/videstehnika.lv\/lt\/wp-json\/wp\/v2\/product\/9642","targetHints":{"allow":["GET"]}}],"collection":[{"href":"https:\/\/videstehnika.lv\/lt\/wp-json\/wp\/v2\/product"}],"about":[{"href":"https:\/\/videstehnika.lv\/lt\/wp-json\/wp\/v2\/types\/product"}],"wp:featuredmedia":[{"embeddable":true,"href":"https:\/\/videstehnika.lv\/lt\/wp-json\/wp\/v2\/media\/9647"}],"wp:attachment":[{"href":"https:\/\/videstehnika.lv\/lt\/wp-json\/wp\/v2\/media?parent=9642"}],"wp:term":[{"taxonomy":"product_cat","embeddable":true,"href":"https:\/\/videstehnika.lv\/lt\/wp-json\/wp\/v2\/product_cat?post=9642"},{"taxonomy":"product_tag","embeddable":true,"href":"https:\/\/videstehnika.lv\/lt\/wp-json\/wp\/v2\/product_tag?post=9642"}],"curies":[{"name":"wp","href":"https:\/\/api.w.org\/{rel}","templated":true}]}}