{"id":9662,"date":"2021-06-02T11:51:11","date_gmt":"2021-06-02T08:51:11","guid":{"rendered":"https:\/\/videstehnika.lv\/?post_type=product&#038;p=9662"},"modified":"2021-11-05T07:42:33","modified_gmt":"2021-11-05T05:42:33","slug":"velux-jumta-logs-studio-ggls-2066-tris-viena","status":"publish","type":"product","link":"https:\/\/videstehnika.lv\/katalogs\/logi\/velux-jumta-logs-studio-ggls-2066-tris-viena\/","title":{"rendered":"VELUX jumta logs Studio GGLS 2066 tr\u012bs vien\u0101"},"content":{"rendered":"<h2>VELUX jumta logs Studio GGLS 2066 tr\u012bs vien\u0101<\/h2>\n<p>Jaunais VELUX Studio tr\u012bs vien\u0101 risin\u0101jums ienes\u012bs telp\u0101 vair\u0101k dienasgaismas un svaigu gaisu un nodro\u0161in\u0101s pla\u0161\u0101ku skatu pa logu. R\u0101m\u012b ir ieb\u016bv\u0113ti 3 jumta logi, no kuriem vid\u0113jais logs ir neverams loga elements, un mal\u0113jie jumta logi ir verami no aug\u0161as. Pateicoties \u012bpa\u0161ajiem ieb\u016bv\u0113\u0161anas produktiem, jumta logu risin\u0101jums ir vienk\u0101r\u0161s un \u0101tri uzst\u0101d\u0101ms. Tr\u012bs logu kombin\u0101cija ir \u013coti eleganta, t\u0101 optiski palielina telpu un lieliski iederas m\u016bsdien\u012bg\u0101 interjer\u0101. \u0160\u0101ds risin\u0101jums ir piem\u0113rots telp\u0101m, kur\u0101s ir nepiecie\u0161ama dienas gaisma. Pieejami balti kr\u0101soti ar vienkameru vai divkameru stikla paketi, divos da\u017e\u0101dos izm\u0113ros. GGLS 2066 Uw v\u0113rt\u012bba ir 1,2, GGLS 2070 Uw v\u0113rt\u012bba ir 1,5.<\/p>\n","protected":false},"excerpt":{"rendered":"<p>VELUX jumta logs Studio GGLS 2066 tr\u012bs vien\u0101 Jaunais VELUX Studio tr\u012bs vien\u0101 risin\u0101jums ienes\u012bs telp\u0101 vair\u0101k dienasgaismas un svaigu<\/p>\n","protected":false},"featured_media":9665,"template":"","meta":{"_acf_changed":false},"product_cat":[1468,1467],"product_tag":[],"class_list":{"0":"post-9662","1":"product","2":"type-product","3":"status-publish","4":"has-post-thumbnail","6":"product_cat-jumta-logi","7":"product_cat-logi","9":"first","10":"onbackorder","11":"taxable","12":"shipping-taxable","13":"purchasable","14":"product-type-variable"},"acf":[],"yoast_head":"<!-- This site is optimized with the Yoast SEO plugin v24.2 - https:\/\/yoast.com\/wordpress\/plugins\/seo\/ -->\n<title>VELUX jumta logs Studio GGLS 2066 tr\u012bs vien\u0101 &#8226; Vides Tehnika<\/title>\n<meta name=\"description\" content=\"VELUX jumta logs Studio GGLS 2066 tr\u012bs vien\u0101 ienes\u012bs telp\u0101 vair\u0101k dienasgaismas un svaigu gaisu un nodro\u0161in\u0101s pla\u0161\u0101ku skatu pa logu.\" \/>\n<meta name=\"robots\" content=\"index, follow, max-snippet:-1, max-image-preview:large, max-video-preview:-1\" \/>\n<link rel=\"canonical\" href=\"https:\/\/videstehnika.lv\/lt\/katalogs\/logi\/velux-jumta-logs-studio-ggls-2066-tris-viena\/\" \/>\n<meta property=\"og:locale\" content=\"lt_LT\" \/>\n<meta property=\"og:type\" content=\"article\" \/>\n<meta property=\"og:title\" content=\"VELUX jumta logs Studio GGLS 2066 tr\u012bs vien\u0101 &#8226; Vides Tehnika\" \/>\n<meta property=\"og:description\" content=\"VELUX jumta logs Studio GGLS 2066 tr\u012bs vien\u0101 ienes\u012bs telp\u0101 vair\u0101k dienasgaismas un svaigu gaisu un nodro\u0161in\u0101s pla\u0161\u0101ku skatu pa logu.\" \/>\n<meta property=\"og:url\" content=\"https:\/\/videstehnika.lv\/katalogs\/logi\/velux-jumta-logs-studio-ggls-2066-tris-viena\/\" \/>\n<meta property=\"og:site_name\" content=\"Vides Tehnika\" \/>\n<meta property=\"article:modified_time\" content=\"2021-11-05T05:42:33+00:00\" \/>\n<meta property=\"og:image\" content=\"https:\/\/videstehnika.lv\/wp-content\/uploads\/2021\/06\/VELUX-jumta-logs-Studio-GGLS-2066-1.jpg\" \/>\n\t<meta property=\"og:image:width\" content=\"900\" \/>\n\t<meta property=\"og:image:height\" content=\"900\" \/>\n\t<meta property=\"og:image:type\" content=\"image\/jpeg\" \/>\n<meta name=\"twitter:card\" content=\"summary_large_image\" \/>\n<meta name=\"twitter:label1\" content=\"Est. reading time\" \/>\n\t<meta name=\"twitter:data1\" content=\"1 minut\u0117\" \/>\n<script type=\"application\/ld+json\" class=\"yoast-schema-graph\">{\"@context\":\"https:\/\/schema.org\",\"@graph\":[{\"@type\":\"WebPage\",\"@id\":\"https:\/\/videstehnika.lv\/katalogs\/logi\/velux-jumta-logs-studio-ggls-2066-tris-viena\/\",\"url\":\"https:\/\/videstehnika.lv\/katalogs\/logi\/velux-jumta-logs-studio-ggls-2066-tris-viena\/\",\"name\":\"VELUX jumta logs Studio GGLS 2066 tr\u012bs vien\u0101 &#8226; Vides Tehnika\",\"isPartOf\":{\"@id\":\"https:\/\/videstehnika.lv\/lt\/#website\"},\"primaryImageOfPage\":{\"@id\":\"https:\/\/videstehnika.lv\/katalogs\/logi\/velux-jumta-logs-studio-ggls-2066-tris-viena\/#primaryimage\"},\"image\":{\"@id\":\"https:\/\/videstehnika.lv\/katalogs\/logi\/velux-jumta-logs-studio-ggls-2066-tris-viena\/#primaryimage\"},\"thumbnailUrl\":\"https:\/\/videstehnika.lv\/wp-content\/uploads\/2021\/06\/VELUX-jumta-logs-Studio-GGLS-2066-1.jpg\",\"datePublished\":\"2021-06-02T08:51:11+00:00\",\"dateModified\":\"2021-11-05T05:42:33+00:00\",\"description\":\"VELUX jumta logs Studio GGLS 2066 tr\u012bs vien\u0101 ienes\u012bs telp\u0101 vair\u0101k dienasgaismas un svaigu gaisu un nodro\u0161in\u0101s pla\u0161\u0101ku skatu pa logu.\",\"breadcrumb\":{\"@id\":\"https:\/\/videstehnika.lv\/katalogs\/logi\/velux-jumta-logs-studio-ggls-2066-tris-viena\/#breadcrumb\"},\"inLanguage\":\"lt-LT\",\"potentialAction\":[{\"@type\":\"ReadAction\",\"target\":[\"https:\/\/videstehnika.lv\/katalogs\/logi\/velux-jumta-logs-studio-ggls-2066-tris-viena\/\"]}]},{\"@type\":\"ImageObject\",\"inLanguage\":\"lt-LT\",\"@id\":\"https:\/\/videstehnika.lv\/katalogs\/logi\/velux-jumta-logs-studio-ggls-2066-tris-viena\/#primaryimage\",\"url\":\"https:\/\/videstehnika.lv\/wp-content\/uploads\/2021\/06\/VELUX-jumta-logs-Studio-GGLS-2066-1.jpg\",\"contentUrl\":\"https:\/\/videstehnika.lv\/wp-content\/uploads\/2021\/06\/VELUX-jumta-logs-Studio-GGLS-2066-1.jpg\",\"width\":900,\"height\":900,\"caption\":\"VELUX jumta logs Studio GGLS 2066\"},{\"@type\":\"BreadcrumbList\",\"@id\":\"https:\/\/videstehnika.lv\/katalogs\/logi\/velux-jumta-logs-studio-ggls-2066-tris-viena\/#breadcrumb\",\"itemListElement\":[{\"@type\":\"ListItem\",\"position\":1,\"name\":\"Home\",\"item\":\"https:\/\/videstehnika.lv\/lt\/\"},{\"@type\":\"ListItem\",\"position\":2,\"name\":\"Katalogas\",\"item\":\"https:\/\/videstehnika.lv\/lt\/katalogas\/\"},{\"@type\":\"ListItem\",\"position\":3,\"name\":\"VELUX jumta logs Studio GGLS 2066 tr\u012bs vien\u0101\"}]},{\"@type\":\"WebSite\",\"@id\":\"https:\/\/videstehnika.lv\/lt\/#website\",\"url\":\"https:\/\/videstehnika.lv\/lt\/\",\"name\":\"Vides Tehnika\",\"description\":\"\",\"potentialAction\":[{\"@type\":\"SearchAction\",\"target\":{\"@type\":\"EntryPoint\",\"urlTemplate\":\"https:\/\/videstehnika.lv\/lt\/?s={search_term_string}\"},\"query-input\":{\"@type\":\"PropertyValueSpecification\",\"valueRequired\":true,\"valueName\":\"search_term_string\"}}],\"inLanguage\":\"lt-LT\"}]}<\/script>\n<!-- \/ Yoast SEO plugin. -->","yoast_head_json":{"title":"VELUX jumta logs Studio GGLS 2066 tr\u012bs vien\u0101 &#8226; Vides Tehnika","description":"VELUX jumta logs Studio GGLS 2066 tr\u012bs vien\u0101 ienes\u012bs telp\u0101 vair\u0101k dienasgaismas un svaigu gaisu un nodro\u0161in\u0101s pla\u0161\u0101ku skatu pa logu.","robots":{"index":"index","follow":"follow","max-snippet":"max-snippet:-1","max-image-preview":"max-image-preview:large","max-video-preview":"max-video-preview:-1"},"canonical":"https:\/\/videstehnika.lv\/lt\/katalogs\/logi\/velux-jumta-logs-studio-ggls-2066-tris-viena\/","og_locale":"lt_LT","og_type":"article","og_title":"VELUX jumta logs Studio GGLS 2066 tr\u012bs vien\u0101 &#8226; Vides Tehnika","og_description":"VELUX jumta logs Studio GGLS 2066 tr\u012bs vien\u0101 ienes\u012bs telp\u0101 vair\u0101k dienasgaismas un svaigu gaisu un nodro\u0161in\u0101s pla\u0161\u0101ku skatu pa logu.","og_url":"https:\/\/videstehnika.lv\/katalogs\/logi\/velux-jumta-logs-studio-ggls-2066-tris-viena\/","og_site_name":"Vides Tehnika","article_modified_time":"2021-11-05T05:42:33+00:00","og_image":[{"width":900,"height":900,"url":"https:\/\/videstehnika.lv\/wp-content\/uploads\/2021\/06\/VELUX-jumta-logs-Studio-GGLS-2066-1.jpg","type":"image\/jpeg"}],"twitter_card":"summary_large_image","twitter_misc":{"Est. reading time":"1 minut\u0117"},"schema":{"@context":"https:\/\/schema.org","@graph":[{"@type":"WebPage","@id":"https:\/\/videstehnika.lv\/katalogs\/logi\/velux-jumta-logs-studio-ggls-2066-tris-viena\/","url":"https:\/\/videstehnika.lv\/katalogs\/logi\/velux-jumta-logs-studio-ggls-2066-tris-viena\/","name":"VELUX jumta logs Studio GGLS 2066 tr\u012bs vien\u0101 &#8226; Vides Tehnika","isPartOf":{"@id":"https:\/\/videstehnika.lv\/lt\/#website"},"primaryImageOfPage":{"@id":"https:\/\/videstehnika.lv\/katalogs\/logi\/velux-jumta-logs-studio-ggls-2066-tris-viena\/#primaryimage"},"image":{"@id":"https:\/\/videstehnika.lv\/katalogs\/logi\/velux-jumta-logs-studio-ggls-2066-tris-viena\/#primaryimage"},"thumbnailUrl":"https:\/\/videstehnika.lv\/wp-content\/uploads\/2021\/06\/VELUX-jumta-logs-Studio-GGLS-2066-1.jpg","datePublished":"2021-06-02T08:51:11+00:00","dateModified":"2021-11-05T05:42:33+00:00","description":"VELUX jumta logs Studio GGLS 2066 tr\u012bs vien\u0101 ienes\u012bs telp\u0101 vair\u0101k dienasgaismas un svaigu gaisu un nodro\u0161in\u0101s pla\u0161\u0101ku skatu pa logu.","breadcrumb":{"@id":"https:\/\/videstehnika.lv\/katalogs\/logi\/velux-jumta-logs-studio-ggls-2066-tris-viena\/#breadcrumb"},"inLanguage":"lt-LT","potentialAction":[{"@type":"ReadAction","target":["https:\/\/videstehnika.lv\/katalogs\/logi\/velux-jumta-logs-studio-ggls-2066-tris-viena\/"]}]},{"@type":"ImageObject","inLanguage":"lt-LT","@id":"https:\/\/videstehnika.lv\/katalogs\/logi\/velux-jumta-logs-studio-ggls-2066-tris-viena\/#primaryimage","url":"https:\/\/videstehnika.lv\/wp-content\/uploads\/2021\/06\/VELUX-jumta-logs-Studio-GGLS-2066-1.jpg","contentUrl":"https:\/\/videstehnika.lv\/wp-content\/uploads\/2021\/06\/VELUX-jumta-logs-Studio-GGLS-2066-1.jpg","width":900,"height":900,"caption":"VELUX jumta logs Studio GGLS 2066"},{"@type":"BreadcrumbList","@id":"https:\/\/videstehnika.lv\/katalogs\/logi\/velux-jumta-logs-studio-ggls-2066-tris-viena\/#breadcrumb","itemListElement":[{"@type":"ListItem","position":1,"name":"Home","item":"https:\/\/videstehnika.lv\/lt\/"},{"@type":"ListItem","position":2,"name":"Katalogas","item":"https:\/\/videstehnika.lv\/lt\/katalogas\/"},{"@type":"ListItem","position":3,"name":"VELUX jumta logs Studio GGLS 2066 tr\u012bs vien\u0101"}]},{"@type":"WebSite","@id":"https:\/\/videstehnika.lv\/lt\/#website","url":"https:\/\/videstehnika.lv\/lt\/","name":"Vides Tehnika","description":"","potentialAction":[{"@type":"SearchAction","target":{"@type":"EntryPoint","urlTemplate":"https:\/\/videstehnika.lv\/lt\/?s={search_term_string}"},"query-input":{"@type":"PropertyValueSpecification","valueRequired":true,"valueName":"search_term_string"}}],"inLanguage":"lt-LT"}]}},"_links":{"self":[{"href":"https:\/\/videstehnika.lv\/lt\/wp-json\/wp\/v2\/product\/9662","targetHints":{"allow":["GET"]}}],"collection":[{"href":"https:\/\/videstehnika.lv\/lt\/wp-json\/wp\/v2\/product"}],"about":[{"href":"https:\/\/videstehnika.lv\/lt\/wp-json\/wp\/v2\/types\/product"}],"wp:featuredmedia":[{"embeddable":true,"href":"https:\/\/videstehnika.lv\/lt\/wp-json\/wp\/v2\/media\/9665"}],"wp:attachment":[{"href":"https:\/\/videstehnika.lv\/lt\/wp-json\/wp\/v2\/media?parent=9662"}],"wp:term":[{"taxonomy":"product_cat","embeddable":true,"href":"https:\/\/videstehnika.lv\/lt\/wp-json\/wp\/v2\/product_cat?post=9662"},{"taxonomy":"product_tag","embeddable":true,"href":"https:\/\/videstehnika.lv\/lt\/wp-json\/wp\/v2\/product_tag?post=9662"}],"curies":[{"name":"wp","href":"https:\/\/api.w.org\/{rel}","templated":true}]}}