{"id":9701,"date":"2021-06-02T15:19:41","date_gmt":"2021-06-02T12:19:41","guid":{"rendered":"https:\/\/videstehnika.lv\/?post_type=product&#038;p=9701"},"modified":"2021-11-05T07:46:02","modified_gmt":"2021-11-05T05:46:02","slug":"elektriskas-vadibas-virsgaismas-logs-velux-cvp-0673q","status":"publish","type":"product","link":"https:\/\/videstehnika.lv\/katalogs\/logi\/elektriskas-vadibas-virsgaismas-logs-velux-cvp-0673q\/","title":{"rendered":"Elektrisk\u0101s vad\u012bbas virsgaismas logs VELUX CVP 0673Q"},"content":{"rendered":"<h2>Elektrisk\u0101s vad\u012bbas virsgaismas logs VELUX CVP 0673Q<\/h2>\n<p>VELUX virsgaismas logs ar t\u0101lvad\u012bbus plakanam jumtam ir lielisks dienasgaismas avots telp\u0101m, kur zem\u0101 jumta sl\u012bpuma d\u0113\u013c nav iesp\u0113jams uzst\u0101d\u012bt klasiskos jumta logus. Logu darbina elektr\u012bba, tam ir lietus sensors, kas aizver logu, tikl\u012bdz s\u0101k l\u012bt. M\u0113s iesak\u0101m uzst\u0101d\u012bt plakanu jumtu logus uz jumtiem ar sl\u012bpumu no 0 l\u012bdz 15 gr\u0101diem. Vienkameras stikla pakete un inovat\u012bv\u0101 tehnolo\u0123ija \u013cauj pasarg\u0101t telpu no siltuma zudumiem un p\u0101rkar\u0161anas, k\u0101 ar\u012b \u013caut nok\u013c\u016bt dienasgaism\u0101. T\u0101d\u0101 veid\u0101 tiek sasniegts ener\u0123ijas l\u012bdzsvars. Virsgaismas logiem ir \u0161aurs r\u0101mis, t\u0101p\u0113c telp\u0101 iek\u013c\u016bst vair\u0101k gaismas un siltuma. Loga izol\u0101ciju uzlabo unik\u0101l\u0101 ThermoTechnology \u2122 sist\u0113ma. Jumta logs ir pieejams ar klasisku akrila kupolu, plakanu vai izliektu stikla virsmu. Logu ir iesp\u0113jams apr\u012bkot ar saulessargu un \u017eal\u016bzij\u0101m.<\/p>\n","protected":false},"excerpt":{"rendered":"<p>Elektrisk\u0101s vad\u012bbas virsgaismas logs VELUX CVP 0673Q VELUX virsgaismas logs ar t\u0101lvad\u012bbus plakanam jumtam ir lielisks dienasgaismas avots telp\u0101m, kur<\/p>\n","protected":false},"featured_media":9711,"template":"","meta":{"_acf_changed":false},"product_cat":[1497,1467],"product_tag":[],"class_list":{"0":"post-9701","1":"product","2":"type-product","3":"status-publish","4":"has-post-thumbnail","6":"product_cat-virsgaismas-logi","7":"product_cat-logi","9":"first","10":"onbackorder","11":"taxable","12":"shipping-taxable","13":"purchasable","14":"product-type-variable"},"acf":[],"yoast_head":"<!-- This site is optimized with the Yoast SEO plugin v24.2 - https:\/\/yoast.com\/wordpress\/plugins\/seo\/ -->\n<title>Elektrisk\u0101s vad\u012bbas virsgaismas logs VELUX CVP 0673Q &#8226; Vides Tehnika<\/title>\n<meta name=\"description\" content=\"Elektrisk\u0101s vad\u012bbas virsgaismas logs VELUX - lielisks dienasgaismas avots telp\u0101m, kur nav iesp\u0113jams uzst\u0101d\u012bt klasiskos jumta logus.\" \/>\n<meta name=\"robots\" content=\"index, follow, max-snippet:-1, max-image-preview:large, max-video-preview:-1\" \/>\n<link rel=\"canonical\" href=\"https:\/\/videstehnika.lv\/lt\/katalogs\/logi\/elektriskas-vadibas-virsgaismas-logs-velux-cvp-0673q\/\" \/>\n<meta property=\"og:locale\" content=\"lt_LT\" \/>\n<meta property=\"og:type\" content=\"article\" \/>\n<meta property=\"og:title\" content=\"Elektrisk\u0101s vad\u012bbas virsgaismas logs VELUX CVP 0673Q &#8226; Vides Tehnika\" \/>\n<meta property=\"og:description\" content=\"Elektrisk\u0101s vad\u012bbas virsgaismas logs VELUX - lielisks dienasgaismas avots telp\u0101m, kur nav iesp\u0113jams uzst\u0101d\u012bt klasiskos jumta logus.\" \/>\n<meta property=\"og:url\" content=\"https:\/\/videstehnika.lv\/katalogs\/logi\/elektriskas-vadibas-virsgaismas-logs-velux-cvp-0673q\/\" \/>\n<meta property=\"og:site_name\" content=\"Vides Tehnika\" \/>\n<meta property=\"article:modified_time\" content=\"2021-11-05T05:46:02+00:00\" \/>\n<meta property=\"og:image\" content=\"https:\/\/videstehnika.lv\/wp-content\/uploads\/2021\/06\/Elektriskas-vadibas-virsgaismas-logs-VELUX-CVP-0673Q.jpg\" \/>\n\t<meta property=\"og:image:width\" content=\"900\" \/>\n\t<meta property=\"og:image:height\" content=\"900\" \/>\n\t<meta property=\"og:image:type\" content=\"image\/jpeg\" \/>\n<meta name=\"twitter:card\" content=\"summary_large_image\" \/>\n<meta name=\"twitter:label1\" content=\"Est. reading time\" \/>\n\t<meta name=\"twitter:data1\" content=\"1 minut\u0117\" \/>\n<script type=\"application\/ld+json\" class=\"yoast-schema-graph\">{\"@context\":\"https:\/\/schema.org\",\"@graph\":[{\"@type\":\"WebPage\",\"@id\":\"https:\/\/videstehnika.lv\/katalogs\/logi\/elektriskas-vadibas-virsgaismas-logs-velux-cvp-0673q\/\",\"url\":\"https:\/\/videstehnika.lv\/katalogs\/logi\/elektriskas-vadibas-virsgaismas-logs-velux-cvp-0673q\/\",\"name\":\"Elektrisk\u0101s vad\u012bbas virsgaismas logs VELUX CVP 0673Q &#8226; Vides Tehnika\",\"isPartOf\":{\"@id\":\"https:\/\/videstehnika.lv\/lt\/#website\"},\"primaryImageOfPage\":{\"@id\":\"https:\/\/videstehnika.lv\/katalogs\/logi\/elektriskas-vadibas-virsgaismas-logs-velux-cvp-0673q\/#primaryimage\"},\"image\":{\"@id\":\"https:\/\/videstehnika.lv\/katalogs\/logi\/elektriskas-vadibas-virsgaismas-logs-velux-cvp-0673q\/#primaryimage\"},\"thumbnailUrl\":\"https:\/\/videstehnika.lv\/wp-content\/uploads\/2021\/06\/Elektriskas-vadibas-virsgaismas-logs-VELUX-CVP-0673Q.jpg\",\"datePublished\":\"2021-06-02T12:19:41+00:00\",\"dateModified\":\"2021-11-05T05:46:02+00:00\",\"description\":\"Elektrisk\u0101s vad\u012bbas virsgaismas logs VELUX - lielisks dienasgaismas avots telp\u0101m, kur nav iesp\u0113jams uzst\u0101d\u012bt klasiskos jumta logus.\",\"breadcrumb\":{\"@id\":\"https:\/\/videstehnika.lv\/katalogs\/logi\/elektriskas-vadibas-virsgaismas-logs-velux-cvp-0673q\/#breadcrumb\"},\"inLanguage\":\"lt-LT\",\"potentialAction\":[{\"@type\":\"ReadAction\",\"target\":[\"https:\/\/videstehnika.lv\/katalogs\/logi\/elektriskas-vadibas-virsgaismas-logs-velux-cvp-0673q\/\"]}]},{\"@type\":\"ImageObject\",\"inLanguage\":\"lt-LT\",\"@id\":\"https:\/\/videstehnika.lv\/katalogs\/logi\/elektriskas-vadibas-virsgaismas-logs-velux-cvp-0673q\/#primaryimage\",\"url\":\"https:\/\/videstehnika.lv\/wp-content\/uploads\/2021\/06\/Elektriskas-vadibas-virsgaismas-logs-VELUX-CVP-0673Q.jpg\",\"contentUrl\":\"https:\/\/videstehnika.lv\/wp-content\/uploads\/2021\/06\/Elektriskas-vadibas-virsgaismas-logs-VELUX-CVP-0673Q.jpg\",\"width\":900,\"height\":900,\"caption\":\"Elektrisk\u0101s vad\u012bbas virsgaismas logs VELUX CVP 0673Q\"},{\"@type\":\"BreadcrumbList\",\"@id\":\"https:\/\/videstehnika.lv\/katalogs\/logi\/elektriskas-vadibas-virsgaismas-logs-velux-cvp-0673q\/#breadcrumb\",\"itemListElement\":[{\"@type\":\"ListItem\",\"position\":1,\"name\":\"Home\",\"item\":\"https:\/\/videstehnika.lv\/lt\/\"},{\"@type\":\"ListItem\",\"position\":2,\"name\":\"Katalogas\",\"item\":\"https:\/\/videstehnika.lv\/lt\/katalogas\/\"},{\"@type\":\"ListItem\",\"position\":3,\"name\":\"Elektrisk\u0101s vad\u012bbas virsgaismas logs VELUX CVP 0673Q\"}]},{\"@type\":\"WebSite\",\"@id\":\"https:\/\/videstehnika.lv\/lt\/#website\",\"url\":\"https:\/\/videstehnika.lv\/lt\/\",\"name\":\"Vides Tehnika\",\"description\":\"\",\"potentialAction\":[{\"@type\":\"SearchAction\",\"target\":{\"@type\":\"EntryPoint\",\"urlTemplate\":\"https:\/\/videstehnika.lv\/lt\/?s={search_term_string}\"},\"query-input\":{\"@type\":\"PropertyValueSpecification\",\"valueRequired\":true,\"valueName\":\"search_term_string\"}}],\"inLanguage\":\"lt-LT\"}]}<\/script>\n<!-- \/ Yoast SEO plugin. -->","yoast_head_json":{"title":"Elektrisk\u0101s vad\u012bbas virsgaismas logs VELUX CVP 0673Q &#8226; Vides Tehnika","description":"Elektrisk\u0101s vad\u012bbas virsgaismas logs VELUX - lielisks dienasgaismas avots telp\u0101m, kur nav iesp\u0113jams uzst\u0101d\u012bt klasiskos jumta logus.","robots":{"index":"index","follow":"follow","max-snippet":"max-snippet:-1","max-image-preview":"max-image-preview:large","max-video-preview":"max-video-preview:-1"},"canonical":"https:\/\/videstehnika.lv\/lt\/katalogs\/logi\/elektriskas-vadibas-virsgaismas-logs-velux-cvp-0673q\/","og_locale":"lt_LT","og_type":"article","og_title":"Elektrisk\u0101s vad\u012bbas virsgaismas logs VELUX CVP 0673Q &#8226; Vides Tehnika","og_description":"Elektrisk\u0101s vad\u012bbas virsgaismas logs VELUX - lielisks dienasgaismas avots telp\u0101m, kur nav iesp\u0113jams uzst\u0101d\u012bt klasiskos jumta logus.","og_url":"https:\/\/videstehnika.lv\/katalogs\/logi\/elektriskas-vadibas-virsgaismas-logs-velux-cvp-0673q\/","og_site_name":"Vides Tehnika","article_modified_time":"2021-11-05T05:46:02+00:00","og_image":[{"width":900,"height":900,"url":"https:\/\/videstehnika.lv\/wp-content\/uploads\/2021\/06\/Elektriskas-vadibas-virsgaismas-logs-VELUX-CVP-0673Q.jpg","type":"image\/jpeg"}],"twitter_card":"summary_large_image","twitter_misc":{"Est. reading time":"1 minut\u0117"},"schema":{"@context":"https:\/\/schema.org","@graph":[{"@type":"WebPage","@id":"https:\/\/videstehnika.lv\/katalogs\/logi\/elektriskas-vadibas-virsgaismas-logs-velux-cvp-0673q\/","url":"https:\/\/videstehnika.lv\/katalogs\/logi\/elektriskas-vadibas-virsgaismas-logs-velux-cvp-0673q\/","name":"Elektrisk\u0101s vad\u012bbas virsgaismas logs VELUX CVP 0673Q &#8226; Vides Tehnika","isPartOf":{"@id":"https:\/\/videstehnika.lv\/lt\/#website"},"primaryImageOfPage":{"@id":"https:\/\/videstehnika.lv\/katalogs\/logi\/elektriskas-vadibas-virsgaismas-logs-velux-cvp-0673q\/#primaryimage"},"image":{"@id":"https:\/\/videstehnika.lv\/katalogs\/logi\/elektriskas-vadibas-virsgaismas-logs-velux-cvp-0673q\/#primaryimage"},"thumbnailUrl":"https:\/\/videstehnika.lv\/wp-content\/uploads\/2021\/06\/Elektriskas-vadibas-virsgaismas-logs-VELUX-CVP-0673Q.jpg","datePublished":"2021-06-02T12:19:41+00:00","dateModified":"2021-11-05T05:46:02+00:00","description":"Elektrisk\u0101s vad\u012bbas virsgaismas logs VELUX - lielisks dienasgaismas avots telp\u0101m, kur nav iesp\u0113jams uzst\u0101d\u012bt klasiskos jumta logus.","breadcrumb":{"@id":"https:\/\/videstehnika.lv\/katalogs\/logi\/elektriskas-vadibas-virsgaismas-logs-velux-cvp-0673q\/#breadcrumb"},"inLanguage":"lt-LT","potentialAction":[{"@type":"ReadAction","target":["https:\/\/videstehnika.lv\/katalogs\/logi\/elektriskas-vadibas-virsgaismas-logs-velux-cvp-0673q\/"]}]},{"@type":"ImageObject","inLanguage":"lt-LT","@id":"https:\/\/videstehnika.lv\/katalogs\/logi\/elektriskas-vadibas-virsgaismas-logs-velux-cvp-0673q\/#primaryimage","url":"https:\/\/videstehnika.lv\/wp-content\/uploads\/2021\/06\/Elektriskas-vadibas-virsgaismas-logs-VELUX-CVP-0673Q.jpg","contentUrl":"https:\/\/videstehnika.lv\/wp-content\/uploads\/2021\/06\/Elektriskas-vadibas-virsgaismas-logs-VELUX-CVP-0673Q.jpg","width":900,"height":900,"caption":"Elektrisk\u0101s vad\u012bbas virsgaismas logs VELUX CVP 0673Q"},{"@type":"BreadcrumbList","@id":"https:\/\/videstehnika.lv\/katalogs\/logi\/elektriskas-vadibas-virsgaismas-logs-velux-cvp-0673q\/#breadcrumb","itemListElement":[{"@type":"ListItem","position":1,"name":"Home","item":"https:\/\/videstehnika.lv\/lt\/"},{"@type":"ListItem","position":2,"name":"Katalogas","item":"https:\/\/videstehnika.lv\/lt\/katalogas\/"},{"@type":"ListItem","position":3,"name":"Elektrisk\u0101s vad\u012bbas virsgaismas logs VELUX CVP 0673Q"}]},{"@type":"WebSite","@id":"https:\/\/videstehnika.lv\/lt\/#website","url":"https:\/\/videstehnika.lv\/lt\/","name":"Vides Tehnika","description":"","potentialAction":[{"@type":"SearchAction","target":{"@type":"EntryPoint","urlTemplate":"https:\/\/videstehnika.lv\/lt\/?s={search_term_string}"},"query-input":{"@type":"PropertyValueSpecification","valueRequired":true,"valueName":"search_term_string"}}],"inLanguage":"lt-LT"}]}},"_links":{"self":[{"href":"https:\/\/videstehnika.lv\/lt\/wp-json\/wp\/v2\/product\/9701","targetHints":{"allow":["GET"]}}],"collection":[{"href":"https:\/\/videstehnika.lv\/lt\/wp-json\/wp\/v2\/product"}],"about":[{"href":"https:\/\/videstehnika.lv\/lt\/wp-json\/wp\/v2\/types\/product"}],"wp:featuredmedia":[{"embeddable":true,"href":"https:\/\/videstehnika.lv\/lt\/wp-json\/wp\/v2\/media\/9711"}],"wp:attachment":[{"href":"https:\/\/videstehnika.lv\/lt\/wp-json\/wp\/v2\/media?parent=9701"}],"wp:term":[{"taxonomy":"product_cat","embeddable":true,"href":"https:\/\/videstehnika.lv\/lt\/wp-json\/wp\/v2\/product_cat?post=9701"},{"taxonomy":"product_tag","embeddable":true,"href":"https:\/\/videstehnika.lv\/lt\/wp-json\/wp\/v2\/product_tag?post=9701"}],"curies":[{"name":"wp","href":"https:\/\/api.w.org\/{rel}","templated":true}]}}