{"id":9717,"date":"2021-06-02T15:38:17","date_gmt":"2021-06-02T12:38:17","guid":{"rendered":"https:\/\/videstehnika.lv\/?post_type=product&#038;p=9717"},"modified":"2024-07-10T15:20:03","modified_gmt":"2024-07-10T12:20:03","slug":"klasiskais-akrila-kupols-velux-isd-0000","status":"publish","type":"product","link":"https:\/\/videstehnika.lv\/katalogs\/logi\/klasiskais-akrila-kupols-velux-isd-0000\/","title":{"rendered":"Klasiskais akrila kupols VELUX ISD 0000"},"content":{"rendered":"<h2>Klasiskais akrila kupols VELUX ISD 0000<\/h2>\n<ul>\n<li>Iztur\u012bgs akrila kupols;<\/li>\n<li>Kupola dizains nodro\u0161ina lab\u0101ku \u016bdens novadi;<\/li>\n<li>Pieejams pienbalts (necaursp\u012bd\u012bgs) vai caursp\u012bd\u012bgs kupols;<\/li>\n<li>Siltumnotur\u012bbas koeficients Uw 1,2 &#8211; 1,4 W\/(m2K);<\/li>\n<li>Piem\u0113rots uzst\u0101d\u012b\u0161anai jumtos ar sl\u012bpumu 00 &#8211; 150;<\/li>\n<li>Apr\u012bkojams ar saulessargu (MSG) un \u017eal\u016bzij\u0101m (FMG, FSK).<\/li>\n<\/ul>\n","protected":false},"excerpt":{"rendered":"<p>Klasiskais akrila kupols VELUX ISD 0000 Iztur\u012bgs akrila kupols; Kupola dizains nodro\u0161ina lab\u0101ku \u016bdens novadi; Pieejams pienbalts (necaursp\u012bd\u012bgs) vai caursp\u012bd\u012bgs<\/p>\n","protected":false},"featured_media":9727,"template":"","meta":{"_acf_changed":false},"product_cat":[1497,1467],"product_tag":[],"class_list":{"0":"post-9717","1":"product","2":"type-product","3":"status-publish","4":"has-post-thumbnail","6":"product_cat-virsgaismas-logi","7":"product_cat-logi","9":"first","10":"onbackorder","11":"taxable","12":"shipping-taxable","13":"purchasable","14":"product-type-variable"},"acf":[],"yoast_head":"<!-- This site is optimized with the Yoast SEO plugin v24.2 - https:\/\/yoast.com\/wordpress\/plugins\/seo\/ -->\n<title>Klasiskais akrila kupols VELUX ISD 0000 &#8226; Vides Tehnika<\/title>\n<meta name=\"description\" content=\"Klasiskais akrila kupols VELUX ISD 0000 - dizains nodro\u0161ina lab\u0101ku \u016bdens novadi, piem\u0113rots uzst\u0101d\u012b\u0161anai jumtos ar sl\u012bpumu 00 - 150.\" \/>\n<meta name=\"robots\" content=\"index, follow, max-snippet:-1, max-image-preview:large, max-video-preview:-1\" \/>\n<link rel=\"canonical\" href=\"https:\/\/videstehnika.lv\/lt\/katalogs\/logi\/klasiskais-akrila-kupols-velux-isd-0000\/\" \/>\n<meta property=\"og:locale\" content=\"lt_LT\" \/>\n<meta property=\"og:type\" content=\"article\" \/>\n<meta property=\"og:title\" content=\"Klasiskais akrila kupols VELUX ISD 0000 &#8226; Vides Tehnika\" \/>\n<meta property=\"og:description\" content=\"Klasiskais akrila kupols VELUX ISD 0000 - dizains nodro\u0161ina lab\u0101ku \u016bdens novadi, piem\u0113rots uzst\u0101d\u012b\u0161anai jumtos ar sl\u012bpumu 00 - 150.\" \/>\n<meta property=\"og:url\" content=\"https:\/\/videstehnika.lv\/katalogs\/logi\/klasiskais-akrila-kupols-velux-isd-0000\/\" \/>\n<meta property=\"og:site_name\" content=\"Vides Tehnika\" \/>\n<meta property=\"article:modified_time\" content=\"2024-07-10T12:20:03+00:00\" \/>\n<meta property=\"og:image\" content=\"https:\/\/videstehnika.lv\/wp-content\/uploads\/2021\/06\/Klasiskais-akrila-kupols-VELUX-ISD-0000-1.jpg\" \/>\n\t<meta property=\"og:image:width\" content=\"900\" \/>\n\t<meta property=\"og:image:height\" content=\"900\" \/>\n\t<meta property=\"og:image:type\" content=\"image\/jpeg\" \/>\n<meta name=\"twitter:card\" content=\"summary_large_image\" \/>\n<meta name=\"twitter:label1\" content=\"Est. reading time\" \/>\n\t<meta name=\"twitter:data1\" content=\"1 minut\u0117\" \/>\n<script type=\"application\/ld+json\" class=\"yoast-schema-graph\">{\"@context\":\"https:\/\/schema.org\",\"@graph\":[{\"@type\":\"WebPage\",\"@id\":\"https:\/\/videstehnika.lv\/katalogs\/logi\/klasiskais-akrila-kupols-velux-isd-0000\/\",\"url\":\"https:\/\/videstehnika.lv\/katalogs\/logi\/klasiskais-akrila-kupols-velux-isd-0000\/\",\"name\":\"Klasiskais akrila kupols VELUX ISD 0000 &#8226; Vides Tehnika\",\"isPartOf\":{\"@id\":\"https:\/\/videstehnika.lv\/lt\/#website\"},\"primaryImageOfPage\":{\"@id\":\"https:\/\/videstehnika.lv\/katalogs\/logi\/klasiskais-akrila-kupols-velux-isd-0000\/#primaryimage\"},\"image\":{\"@id\":\"https:\/\/videstehnika.lv\/katalogs\/logi\/klasiskais-akrila-kupols-velux-isd-0000\/#primaryimage\"},\"thumbnailUrl\":\"https:\/\/videstehnika.lv\/wp-content\/uploads\/2021\/06\/Klasiskais-akrila-kupols-VELUX-ISD-0000-1.jpg\",\"datePublished\":\"2021-06-02T12:38:17+00:00\",\"dateModified\":\"2024-07-10T12:20:03+00:00\",\"description\":\"Klasiskais akrila kupols VELUX ISD 0000 - dizains nodro\u0161ina lab\u0101ku \u016bdens novadi, piem\u0113rots uzst\u0101d\u012b\u0161anai jumtos ar sl\u012bpumu 00 - 150.\",\"breadcrumb\":{\"@id\":\"https:\/\/videstehnika.lv\/katalogs\/logi\/klasiskais-akrila-kupols-velux-isd-0000\/#breadcrumb\"},\"inLanguage\":\"lt-LT\",\"potentialAction\":[{\"@type\":\"ReadAction\",\"target\":[\"https:\/\/videstehnika.lv\/katalogs\/logi\/klasiskais-akrila-kupols-velux-isd-0000\/\"]}]},{\"@type\":\"ImageObject\",\"inLanguage\":\"lt-LT\",\"@id\":\"https:\/\/videstehnika.lv\/katalogs\/logi\/klasiskais-akrila-kupols-velux-isd-0000\/#primaryimage\",\"url\":\"https:\/\/videstehnika.lv\/wp-content\/uploads\/2021\/06\/Klasiskais-akrila-kupols-VELUX-ISD-0000-1.jpg\",\"contentUrl\":\"https:\/\/videstehnika.lv\/wp-content\/uploads\/2021\/06\/Klasiskais-akrila-kupols-VELUX-ISD-0000-1.jpg\",\"width\":900,\"height\":900,\"caption\":\"Klasiskais akrila kupols VELUX ISD 0000\"},{\"@type\":\"BreadcrumbList\",\"@id\":\"https:\/\/videstehnika.lv\/katalogs\/logi\/klasiskais-akrila-kupols-velux-isd-0000\/#breadcrumb\",\"itemListElement\":[{\"@type\":\"ListItem\",\"position\":1,\"name\":\"Home\",\"item\":\"https:\/\/videstehnika.lv\/lt\/\"},{\"@type\":\"ListItem\",\"position\":2,\"name\":\"Katalogas\",\"item\":\"https:\/\/videstehnika.lv\/lt\/katalogas\/\"},{\"@type\":\"ListItem\",\"position\":3,\"name\":\"Klasiskais akrila kupols VELUX ISD 0000\"}]},{\"@type\":\"WebSite\",\"@id\":\"https:\/\/videstehnika.lv\/lt\/#website\",\"url\":\"https:\/\/videstehnika.lv\/lt\/\",\"name\":\"Vides Tehnika\",\"description\":\"\",\"potentialAction\":[{\"@type\":\"SearchAction\",\"target\":{\"@type\":\"EntryPoint\",\"urlTemplate\":\"https:\/\/videstehnika.lv\/lt\/?s={search_term_string}\"},\"query-input\":{\"@type\":\"PropertyValueSpecification\",\"valueRequired\":true,\"valueName\":\"search_term_string\"}}],\"inLanguage\":\"lt-LT\"}]}<\/script>\n<!-- \/ Yoast SEO plugin. -->","yoast_head_json":{"title":"Klasiskais akrila kupols VELUX ISD 0000 &#8226; Vides Tehnika","description":"Klasiskais akrila kupols VELUX ISD 0000 - dizains nodro\u0161ina lab\u0101ku \u016bdens novadi, piem\u0113rots uzst\u0101d\u012b\u0161anai jumtos ar sl\u012bpumu 00 - 150.","robots":{"index":"index","follow":"follow","max-snippet":"max-snippet:-1","max-image-preview":"max-image-preview:large","max-video-preview":"max-video-preview:-1"},"canonical":"https:\/\/videstehnika.lv\/lt\/katalogs\/logi\/klasiskais-akrila-kupols-velux-isd-0000\/","og_locale":"lt_LT","og_type":"article","og_title":"Klasiskais akrila kupols VELUX ISD 0000 &#8226; Vides Tehnika","og_description":"Klasiskais akrila kupols VELUX ISD 0000 - dizains nodro\u0161ina lab\u0101ku \u016bdens novadi, piem\u0113rots uzst\u0101d\u012b\u0161anai jumtos ar sl\u012bpumu 00 - 150.","og_url":"https:\/\/videstehnika.lv\/katalogs\/logi\/klasiskais-akrila-kupols-velux-isd-0000\/","og_site_name":"Vides Tehnika","article_modified_time":"2024-07-10T12:20:03+00:00","og_image":[{"width":900,"height":900,"url":"https:\/\/videstehnika.lv\/wp-content\/uploads\/2021\/06\/Klasiskais-akrila-kupols-VELUX-ISD-0000-1.jpg","type":"image\/jpeg"}],"twitter_card":"summary_large_image","twitter_misc":{"Est. reading time":"1 minut\u0117"},"schema":{"@context":"https:\/\/schema.org","@graph":[{"@type":"WebPage","@id":"https:\/\/videstehnika.lv\/katalogs\/logi\/klasiskais-akrila-kupols-velux-isd-0000\/","url":"https:\/\/videstehnika.lv\/katalogs\/logi\/klasiskais-akrila-kupols-velux-isd-0000\/","name":"Klasiskais akrila kupols VELUX ISD 0000 &#8226; Vides Tehnika","isPartOf":{"@id":"https:\/\/videstehnika.lv\/lt\/#website"},"primaryImageOfPage":{"@id":"https:\/\/videstehnika.lv\/katalogs\/logi\/klasiskais-akrila-kupols-velux-isd-0000\/#primaryimage"},"image":{"@id":"https:\/\/videstehnika.lv\/katalogs\/logi\/klasiskais-akrila-kupols-velux-isd-0000\/#primaryimage"},"thumbnailUrl":"https:\/\/videstehnika.lv\/wp-content\/uploads\/2021\/06\/Klasiskais-akrila-kupols-VELUX-ISD-0000-1.jpg","datePublished":"2021-06-02T12:38:17+00:00","dateModified":"2024-07-10T12:20:03+00:00","description":"Klasiskais akrila kupols VELUX ISD 0000 - dizains nodro\u0161ina lab\u0101ku \u016bdens novadi, piem\u0113rots uzst\u0101d\u012b\u0161anai jumtos ar sl\u012bpumu 00 - 150.","breadcrumb":{"@id":"https:\/\/videstehnika.lv\/katalogs\/logi\/klasiskais-akrila-kupols-velux-isd-0000\/#breadcrumb"},"inLanguage":"lt-LT","potentialAction":[{"@type":"ReadAction","target":["https:\/\/videstehnika.lv\/katalogs\/logi\/klasiskais-akrila-kupols-velux-isd-0000\/"]}]},{"@type":"ImageObject","inLanguage":"lt-LT","@id":"https:\/\/videstehnika.lv\/katalogs\/logi\/klasiskais-akrila-kupols-velux-isd-0000\/#primaryimage","url":"https:\/\/videstehnika.lv\/wp-content\/uploads\/2021\/06\/Klasiskais-akrila-kupols-VELUX-ISD-0000-1.jpg","contentUrl":"https:\/\/videstehnika.lv\/wp-content\/uploads\/2021\/06\/Klasiskais-akrila-kupols-VELUX-ISD-0000-1.jpg","width":900,"height":900,"caption":"Klasiskais akrila kupols VELUX ISD 0000"},{"@type":"BreadcrumbList","@id":"https:\/\/videstehnika.lv\/katalogs\/logi\/klasiskais-akrila-kupols-velux-isd-0000\/#breadcrumb","itemListElement":[{"@type":"ListItem","position":1,"name":"Home","item":"https:\/\/videstehnika.lv\/lt\/"},{"@type":"ListItem","position":2,"name":"Katalogas","item":"https:\/\/videstehnika.lv\/lt\/katalogas\/"},{"@type":"ListItem","position":3,"name":"Klasiskais akrila kupols VELUX ISD 0000"}]},{"@type":"WebSite","@id":"https:\/\/videstehnika.lv\/lt\/#website","url":"https:\/\/videstehnika.lv\/lt\/","name":"Vides Tehnika","description":"","potentialAction":[{"@type":"SearchAction","target":{"@type":"EntryPoint","urlTemplate":"https:\/\/videstehnika.lv\/lt\/?s={search_term_string}"},"query-input":{"@type":"PropertyValueSpecification","valueRequired":true,"valueName":"search_term_string"}}],"inLanguage":"lt-LT"}]}},"_links":{"self":[{"href":"https:\/\/videstehnika.lv\/lt\/wp-json\/wp\/v2\/product\/9717","targetHints":{"allow":["GET"]}}],"collection":[{"href":"https:\/\/videstehnika.lv\/lt\/wp-json\/wp\/v2\/product"}],"about":[{"href":"https:\/\/videstehnika.lv\/lt\/wp-json\/wp\/v2\/types\/product"}],"wp:featuredmedia":[{"embeddable":true,"href":"https:\/\/videstehnika.lv\/lt\/wp-json\/wp\/v2\/media\/9727"}],"wp:attachment":[{"href":"https:\/\/videstehnika.lv\/lt\/wp-json\/wp\/v2\/media?parent=9717"}],"wp:term":[{"taxonomy":"product_cat","embeddable":true,"href":"https:\/\/videstehnika.lv\/lt\/wp-json\/wp\/v2\/product_cat?post=9717"},{"taxonomy":"product_tag","embeddable":true,"href":"https:\/\/videstehnika.lv\/lt\/wp-json\/wp\/v2\/product_tag?post=9717"}],"curies":[{"name":"wp","href":"https:\/\/api.w.org\/{rel}","templated":true}]}}