{"id":12750,"date":"2021-09-27T17:21:02","date_gmt":"2021-09-28T17:51:27","guid":{"rendered":"https:\/\/videstehnika.lv\/?post_type=product&#038;p=12750"},"modified":"2024-07-04T08:46:32","modified_gmt":"2024-07-04T05:46:32","slug":"%d0%ba%d0%bb%d0%b5%d0%b9-%d0%b4%d0%bb%d1%8f-%d0%bf%d0%bb%d0%b8%d1%82%d0%ba%d0%b8-%d1%8d%d0%ba%d1%81%d1%82%d1%80%d0%b0-sakret-fke-c2te","status":"publish","type":"product","link":"https:\/\/videstehnika.lv\/ru\/magazin\/buvmateriali-ru\/%D1%81%D1%83%D1%85%D0%B8%D0%B5-%D1%81%D1%82%D1%80%D0%BE%D0%B8%D1%82%D0%B5%D0%BB%D1%8C%D0%BD%D1%8B%D0%B5-%D1%81%D0%BC%D0%B5%D1%81%D0%B8\/%D0%BA%D0%BB%D0%B5%D0%B8-%D0%B4%D0%BB%D1%8F-%D0%BF%D0%BB%D0%B8%D1%82%D0%BA%D0%B8\/%D0%BA%D0%BB%D0%B5%D0%B9-%D0%B4%D0%BB%D1%8F-%D0%BF%D0%BB%D0%B8%D1%82%D0%BA%D0%B8-%D1%8D%D0%BA%D1%81%D1%82%D1%80%D0%B0-sakret-fke-c2te\/","title":{"rendered":"\u041a\u043b\u0435\u0439 \u0434\u043b\u044f \u043f\u043b\u0438\u0442\u043a\u0438 \u044d\u043a\u0441\u0442\u0440\u0430 SAKRET FKE (C2TE)"},"content":{"rendered":"<h2>\u041a\u043b\u0435\u0439 \u0434\u043b\u044f \u043f\u043b\u0438\u0442\u043a\u0438 \u044d\u043a\u0441\u0442\u0440\u0430 SAKRET FKE<\/h2>\n<p>SAKRET FKE \u043e\u0441\u043d\u043e\u0432\u0430\u043d \u043d\u0430 \u0446\u0435\u043c\u0435\u043d\u0442\u0435 \u0438 \u043f\u0440\u0435\u0434\u043d\u0430\u0437\u043d\u0430\u0447\u0435\u043d \u0434\u043b\u044f \u0443\u043a\u043b\u0430\u0434\u043a\u0438 \u043f\u043b\u0438\u0442\u043a\u0438 \u043d\u0430 \u0433\u0438\u043f\u0441\u043e\u043a\u0430\u0440\u0442\u043e\u043d, \u043d\u0430 \u0441\u0442\u0430\u0440\u0443\u044e \u043f\u043b\u0438\u0442\u043a\u0443, \u043d\u0430 \u0433\u0438\u0434\u0440\u043e\u0438\u0437\u043e\u043b\u044f\u0446\u0438\u044e SAKRET OAD ELASTIC. \u041f\u043e\u0434\u0445\u043e\u0434\u0438\u0442 \u0434\u043b\u044f \u043a\u0435\u0440\u0430\u043c\u0438\u0447\u0435\u0441\u043a\u043e\u0439 \u0438 \u043a\u0435\u0440\u0430\u043c\u043e\u0433\u0440\u0430\u043d\u0438\u0442\u043d\u043e\u0439 \u043f\u043b\u0438\u0442\u043a\u0438, \u043e\u0442\u0434\u0435\u043b\u043e\u0447\u043d\u043e\u0439 \u043f\u043b\u0438\u0442\u043a\u0438 \u043f\u043e\u0434 \u043a\u0430\u043c\u0435\u043d\u044c, \u043a\u043b\u0438\u043d\u043a\u0435\u0440\u043d\u043e\u0439 \u043f\u043b\u0438\u0442\u043a\u0438 \u0438 \u043f\u043b\u0438\u0442, \u043f\u043e\u043b\u043e\u0432 \u0441 \u043f\u043e\u0434\u043e\u0433\u0440\u0435\u0432\u043e\u043c. \u041f\u0440\u0435\u0434\u043d\u0430\u0437\u043d\u0430\u0447\u0435\u043d \u0434\u043b\u044f \u0441\u043a\u043b\u0435\u0438\u0432\u0430\u043d\u0438\u044f \u0442\u043e\u043d\u043a\u0438\u043c\u0438 \u0438 \u0441\u0440\u0435\u0434\u043d\u0438\u043c\u0438 \u0441\u043b\u043e\u044f\u043c\u0438. \u041c\u043e\u0436\u043d\u043e \u0438\u0441\u043f\u043e\u043b\u044c\u0437\u043e\u0432\u0430\u0442\u044c \u043d\u0430 \u043f\u043e\u043b\u0430\u0445 \u0441 \u043f\u043e\u0434\u043e\u0433\u0440\u0435\u0432\u043e\u043c. \u041c\u043e\u0440\u043e\u0437\u043e\u0441\u0442\u043e\u0439\u043a\u043e\u0441\u0442\u044c \u0438 \u0432\u043b\u0430\u0433\u043e\u0441\u0442\u043e\u0439\u043a\u043e\u0441\u0442\u044c. \u0421\u0435\u0440\u044b\u0439 \u0446\u0432\u0435\u0442.<\/p>\n<h2>\u0412\u044b\u0440\u0430\u0431\u043e\u0442\u043a\u0430 SAKRET FKE:<\/h2>\n<ul>\n<li>\u0421\u0443\u0445\u0443\u044e \u0441\u043c\u0435\u0441\u044c \u0441\u043c\u0435\u0448\u0430\u0442\u044c \u0432 \u0435\u043c\u043a\u043e\u0441\u0442\u0438 \u0441 \u0447\u0438\u0441\u0442\u043e\u0439 \u043f\u0440\u043e\u0445\u043b\u0430\u0434\u043d\u043e\u0439 \u0432\u043e\u0434\u043e\u0439 \u0434\u043e \u043e\u0431\u0440\u0430\u0437\u043e\u0432\u0430\u043d\u0438\u044f \u043e\u0434\u043d\u043e\u0440\u043e\u0434\u043d\u043e\u0439 \u043c\u0430\u0441\u0441\u044b \u0431\u0435\u0437 \u043a\u043e\u043c\u043a\u043e\u0432. \u041f\u043e\u0441\u043b\u0435 \u0432\u044b\u0441\u0442\u0430\u0438\u0432\u0430\u043d\u0438\u044f \u043c\u0430\u0441\u0441\u0443 \u043f\u043e\u0432\u0442\u043e\u0440\u043d\u043e \u043f\u0435\u0440\u0435\u043c\u0435\u0448\u0430\u0442\u044c;<\/li>\n<li>\u041a\u043b\u0435\u0439 \u043d\u0430 \u043e\u0441\u043d\u043e\u0432\u0430\u043d\u0438\u0435 \u043d\u0430\u043d\u0435\u0441\u0442\u0438 \u0440\u043e\u0432\u043d\u043e\u0439 \u0438 \u0440\u0430\u0437\u0432\u0435\u0441\u0442\u0438 \u0437\u0443\u0431\u0447\u0430\u0442\u043e\u0439 \u0442\u0435\u0440\u043a\u043e\u0439, \u0432\u0441\u0442\u0430\u0432\u0438\u0442\u044c \u043f\u043b\u0438\u0442\u043a\u0443 \u0438 \u043d\u0430\u0436\u0430\u0442\u044c. \u0420\u0430\u0437\u043c\u0435\u0440 \u0437\u0443\u0431\u043a\u043e\u0432 \u043f\u043e\u0434\u0431\u0438\u0440\u0430\u0435\u0442\u0441\u044f \u043f\u043e \u0440\u0430\u0437\u043c\u0435\u0440\u0443 \u043f\u043b\u0438\u0442\u043a\u0438;<\/li>\n<li>\u0412 \u043e\u0434\u0438\u043d \u043f\u0440\u0438\u0435\u043c \u043f\u043e\u043a\u0440\u044b\u0432\u0430\u0442\u044c \u0441\u043c\u0435\u0441\u044c\u044e \u0442\u0430\u043a\u0443\u044e \u043f\u043b\u043e\u0449\u0430\u0434\u044c \u043e\u0441\u043d\u043e\u0432\u0430\u043d\u0438\u044f, \u043a\u0430\u043a\u0443\u044e \u043c\u043e\u0436\u043d\u043e \u043e\u0431\u043b\u0438\u0446\u0435\u0432\u0430\u0442\u044c \u043f\u043b\u0438\u0442\u043a\u043e\u0439 \u0432 \u0442\u0435\u0447\u0435\u043d\u0438\u0435 20 \u043c\u0438\u043d;<\/li>\n<li>\u0415\u0441\u043b\u0438 \u043f\u043e\u043a\u0440\u044b\u0442\u0438\u0435 \u043f\u043b\u0438\u0442\u043a\u043e\u0439 \u0431\u0443\u0434\u0435\u0442 \u044d\u043a\u0441\u043f\u043b\u043e\u0430\u0442\u0438\u0440\u043e\u0432\u0430\u0435\u0442\u0441\u044f \u0432 \u043f\u043e\u0432\u044b\u0448\u0435\u043d\u043d\u043e\u0439 \u0432\u043b\u0430\u0436\u043d\u043e\u0441\u0442\u0438 \u0438 \u043c\u043e\u0440\u043e\u0437\u0435 \u0438\u043b\u0438 \u043f\u0440\u0438\u043a\u043b\u0435\u0438\u0432\u0430\u0435\u0442\u0441\u044f \u043f\u043b\u0438\u0442\u043a\u0438 \u0431\u043e\u043b\u044c\u0448\u0438\u0445 \u0440\u0430\u0437\u043c\u0435\u0440\u043e\u0432, \u043a\u043b\u0435\u0439 \u043d\u0430\u0434\u043e \u043d\u0430\u043d\u043e\u0441\u0438\u0442\u044c \u043d\u0430 \u043e\u0441\u043d\u043e\u0432\u0430\u043d\u0438\u0435 \u0438 \u043f\u043e\u0434 \u043f\u0440\u044f\u043c\u044b\u043c \u0443\u0433\u043b\u043e\u043c \u043d\u0430 \u043f\u043b\u0438\u0442\u043a\u0443 (\u00ab\u0434\u0432\u0443\u0445\u0441\u0442\u043e\u0440\u043e\u043d\u043d\u0435\u0435 \u043f\u0440\u0438\u043a\u043b\u0435\u0438\u0432\u0430\u043d\u0438\u0435\u00bb).<\/li>\n<\/ul>\n<h3>\u0421\u0442\u0430\u043d\u0434\u0430\u0440\u0442\u043d\u0430\u044f \u0443\u043f\u0430\u043a\u043e\u0432\u043a\u0430:<\/h3>\n<ul>\n<li>5 \u043a\u0433 \u0431\u0443\u043c\u0430\u0436\u043d\u044b\u0439 \u043c\u0435\u0448\u043e\u043a \/ \u043f\u043e\u043b\u043d\u044b\u0439 \u043f\u043e\u0434\u0434\u043e\u043d 200 \u0448\u0442. (1000 \u043a\u0433).<\/li>\n<li>12,5 \u043a\u0433 \u0431\u0443\u043c\u0430\u0436\u043d\u044b\u0439 \u043c\u0435\u0448\u043e\u043a \/ \u043f\u043e\u043b\u043d\u044b\u0439 \u043f\u043e\u0434\u0434\u043e\u043d 96 \u0448\u0442. (1200 \u043a\u0433).<\/li>\n<li>25 \u043a\u0433 \u0431\u0443\u043c\u0430\u0436\u043d\u044b\u0439 \u043c\u0435\u0448\u043e\u043a \/ \u043f\u043e\u043b\u043d\u044b\u0439 \u043f\u043e\u0434\u0434\u043e\u043d 48 \u0448\u0442. (1200 \u043a\u0433).<\/li>\n<\/ul>\n","protected":false},"excerpt":{"rendered":"<p><strong>\u0426\u0435\u043d\u0430 \u0443\u043a\u0430\u0437\u0430\u043d\u0430 \u0437\u0430 \u043c\u0435\u0448\u043e\u043a (25 \u043a\u0433)<\/strong><\/p>\n","protected":false},"featured_media":12638,"template":"","meta":{"_acf_changed":false},"product_cat":[2092],"product_tag":[],"class_list":{"0":"post-12750","1":"product","2":"type-product","3":"status-publish","4":"has-post-thumbnail","6":"product_cat-2092","8":"first","9":"instock","10":"taxable","11":"shipping-taxable","12":"purchasable","13":"product-type-simple"},"acf":[],"yoast_head":"<!-- This site is optimized with the Yoast SEO plugin v24.2 - https:\/\/yoast.com\/wordpress\/plugins\/seo\/ -->\n<title>\u041a\u043b\u0435\u0439 \u0434\u043b\u044f \u043f\u043b\u0438\u0442\u043a\u0438 \u044d\u043a\u0441\u0442\u0440\u0430 SAKRET FKE (C2TE) &#8226; Vides Tehnika<\/title>\n<meta name=\"description\" content=\"SAKRET FKE \u043e\u0441\u043d\u043e\u0432\u0430\u043d \u043d\u0430 \u0446\u0435\u043c\u0435\u043d\u0442\u0435 \u0438 \u043f\u0440\u0435\u0434\u043d\u0430\u0437\u043d\u0430\u0447\u0435\u043d \u0434\u043b\u044f \u0443\u043a\u043b\u0430\u0434\u043a\u0438 \u043f\u043b\u0438\u0442\u043a\u0438 \u043d\u0430 \u0433\u0438\u043f\u0441\u043e\u043a\u0430\u0440\u0442\u043e\u043d, \u043d\u0430 \u0441\u0442\u0430\u0440\u0443\u044e \u043f\u043b\u0438\u0442\u043a\u0443, \u043d\u0430 \u0433\u0438\u0434\u0440\u043e\u0438\u0437\u043e\u043b\u044f\u0446\u0438\u044e SAKRET OAD ELASTIC.\" \/>\n<meta name=\"robots\" content=\"index, follow, max-snippet:-1, max-image-preview:large, max-video-preview:-1\" \/>\n<link rel=\"canonical\" href=\"https:\/\/videstehnika.lv\/ru\/magazin\/buvmateriali-ru\/\u0441\u0443\u0445\u0438\u0435-\u0441\u0442\u0440\u043e\u0438\u0442\u0435\u043b\u044c\u043d\u044b\u0435-\u0441\u043c\u0435\u0441\u0438\/\u043a\u043b\u0435\u0438-\u0434\u043b\u044f-\u043f\u043b\u0438\u0442\u043a\u0438\/\u043a\u043b\u0435\u0439-\u0434\u043b\u044f-\u043f\u043b\u0438\u0442\u043a\u0438-\u044d\u043a\u0441\u0442\u0440\u0430-sakret-fke-c2te\/\" \/>\n<meta property=\"og:locale\" content=\"ru_RU\" \/>\n<meta property=\"og:type\" content=\"article\" \/>\n<meta property=\"og:title\" content=\"\u041a\u043b\u0435\u0439 \u0434\u043b\u044f \u043f\u043b\u0438\u0442\u043a\u0438 \u044d\u043a\u0441\u0442\u0440\u0430 SAKRET FKE (C2TE) &#8226; Vides Tehnika\" \/>\n<meta property=\"og:description\" content=\"SAKRET FKE \u043e\u0441\u043d\u043e\u0432\u0430\u043d \u043d\u0430 \u0446\u0435\u043c\u0435\u043d\u0442\u0435 \u0438 \u043f\u0440\u0435\u0434\u043d\u0430\u0437\u043d\u0430\u0447\u0435\u043d \u0434\u043b\u044f \u0443\u043a\u043b\u0430\u0434\u043a\u0438 \u043f\u043b\u0438\u0442\u043a\u0438 \u043d\u0430 \u0433\u0438\u043f\u0441\u043e\u043a\u0430\u0440\u0442\u043e\u043d, \u043d\u0430 \u0441\u0442\u0430\u0440\u0443\u044e \u043f\u043b\u0438\u0442\u043a\u0443, \u043d\u0430 \u0433\u0438\u0434\u0440\u043e\u0438\u0437\u043e\u043b\u044f\u0446\u0438\u044e SAKRET OAD ELASTIC.\" \/>\n<meta property=\"og:url\" content=\"https:\/\/videstehnika.lv\/ru\/magazin\/buvmateriali-ru\/\u0441\u0443\u0445\u0438\u0435-\u0441\u0442\u0440\u043e\u0438\u0442\u0435\u043b\u044c\u043d\u044b\u0435-\u0441\u043c\u0435\u0441\u0438\/\u043a\u043b\u0435\u0438-\u0434\u043b\u044f-\u043f\u043b\u0438\u0442\u043a\u0438\/\u043a\u043b\u0435\u0439-\u0434\u043b\u044f-\u043f\u043b\u0438\u0442\u043a\u0438-\u044d\u043a\u0441\u0442\u0440\u0430-sakret-fke-c2te\/\" \/>\n<meta property=\"og:site_name\" content=\"Vides Tehnika\" \/>\n<meta property=\"article:modified_time\" content=\"2024-07-04T05:46:32+00:00\" \/>\n<meta property=\"og:image\" content=\"https:\/\/videstehnika.lv\/wp-content\/uploads\/2021\/09\/sakret-fke-flizu-lime.jpg\" \/>\n\t<meta property=\"og:image:width\" content=\"900\" \/>\n\t<meta property=\"og:image:height\" content=\"900\" \/>\n\t<meta property=\"og:image:type\" content=\"image\/jpeg\" \/>\n<meta name=\"twitter:card\" content=\"summary_large_image\" \/>\n<meta name=\"twitter:label1\" content=\"\u041f\u0440\u0438\u043c\u0435\u0440\u043d\u043e\u0435 \u0432\u0440\u0435\u043c\u044f \u0434\u043b\u044f \u0447\u0442\u0435\u043d\u0438\u044f\" \/>\n\t<meta name=\"twitter:data1\" content=\"1 \u043c\u0438\u043d\u0443\u0442\u0430\" \/>\n<script type=\"application\/ld+json\" class=\"yoast-schema-graph\">{\"@context\":\"https:\/\/schema.org\",\"@graph\":[{\"@type\":\"WebPage\",\"@id\":\"https:\/\/videstehnika.lv\/ru\/magazin\/buvmateriali-ru\/%D1%81%D1%83%D1%85%D0%B8%D0%B5-%D1%81%D1%82%D1%80%D0%BE%D0%B8%D1%82%D0%B5%D0%BB%D1%8C%D0%BD%D1%8B%D0%B5-%D1%81%D0%BC%D0%B5%D1%81%D0%B8\/%D0%BA%D0%BB%D0%B5%D0%B8-%D0%B4%D0%BB%D1%8F-%D0%BF%D0%BB%D0%B8%D1%82%D0%BA%D0%B8\/%D0%BA%D0%BB%D0%B5%D0%B9-%D0%B4%D0%BB%D1%8F-%D0%BF%D0%BB%D0%B8%D1%82%D0%BA%D0%B8-%D1%8D%D0%BA%D1%81%D1%82%D1%80%D0%B0-sakret-fke-c2te\/\",\"url\":\"https:\/\/videstehnika.lv\/ru\/magazin\/buvmateriali-ru\/%D1%81%D1%83%D1%85%D0%B8%D0%B5-%D1%81%D1%82%D1%80%D0%BE%D0%B8%D1%82%D0%B5%D0%BB%D1%8C%D0%BD%D1%8B%D0%B5-%D1%81%D0%BC%D0%B5%D1%81%D0%B8\/%D0%BA%D0%BB%D0%B5%D0%B8-%D0%B4%D0%BB%D1%8F-%D0%BF%D0%BB%D0%B8%D1%82%D0%BA%D0%B8\/%D0%BA%D0%BB%D0%B5%D0%B9-%D0%B4%D0%BB%D1%8F-%D0%BF%D0%BB%D0%B8%D1%82%D0%BA%D0%B8-%D1%8D%D0%BA%D1%81%D1%82%D1%80%D0%B0-sakret-fke-c2te\/\",\"name\":\"\u041a\u043b\u0435\u0439 \u0434\u043b\u044f \u043f\u043b\u0438\u0442\u043a\u0438 \u044d\u043a\u0441\u0442\u0440\u0430 SAKRET FKE (C2TE) &#8226; Vides Tehnika\",\"isPartOf\":{\"@id\":\"https:\/\/videstehnika.lv\/ru\/#website\"},\"primaryImageOfPage\":{\"@id\":\"https:\/\/videstehnika.lv\/ru\/magazin\/buvmateriali-ru\/%D1%81%D1%83%D1%85%D0%B8%D0%B5-%D1%81%D1%82%D1%80%D0%BE%D0%B8%D1%82%D0%B5%D0%BB%D1%8C%D0%BD%D1%8B%D0%B5-%D1%81%D0%BC%D0%B5%D1%81%D0%B8\/%D0%BA%D0%BB%D0%B5%D0%B8-%D0%B4%D0%BB%D1%8F-%D0%BF%D0%BB%D0%B8%D1%82%D0%BA%D0%B8\/%D0%BA%D0%BB%D0%B5%D0%B9-%D0%B4%D0%BB%D1%8F-%D0%BF%D0%BB%D0%B8%D1%82%D0%BA%D0%B8-%D1%8D%D0%BA%D1%81%D1%82%D1%80%D0%B0-sakret-fke-c2te\/#primaryimage\"},\"image\":{\"@id\":\"https:\/\/videstehnika.lv\/ru\/magazin\/buvmateriali-ru\/%D1%81%D1%83%D1%85%D0%B8%D0%B5-%D1%81%D1%82%D1%80%D0%BE%D0%B8%D1%82%D0%B5%D0%BB%D1%8C%D0%BD%D1%8B%D0%B5-%D1%81%D0%BC%D0%B5%D1%81%D0%B8\/%D0%BA%D0%BB%D0%B5%D0%B8-%D0%B4%D0%BB%D1%8F-%D0%BF%D0%BB%D0%B8%D1%82%D0%BA%D0%B8\/%D0%BA%D0%BB%D0%B5%D0%B9-%D0%B4%D0%BB%D1%8F-%D0%BF%D0%BB%D0%B8%D1%82%D0%BA%D0%B8-%D1%8D%D0%BA%D1%81%D1%82%D1%80%D0%B0-sakret-fke-c2te\/#primaryimage\"},\"thumbnailUrl\":\"https:\/\/videstehnika.lv\/wp-content\/uploads\/2021\/09\/sakret-fke-flizu-lime.jpg\",\"datePublished\":\"2021-09-28T17:51:27+00:00\",\"dateModified\":\"2024-07-04T05:46:32+00:00\",\"description\":\"SAKRET FKE \u043e\u0441\u043d\u043e\u0432\u0430\u043d \u043d\u0430 \u0446\u0435\u043c\u0435\u043d\u0442\u0435 \u0438 \u043f\u0440\u0435\u0434\u043d\u0430\u0437\u043d\u0430\u0447\u0435\u043d \u0434\u043b\u044f \u0443\u043a\u043b\u0430\u0434\u043a\u0438 \u043f\u043b\u0438\u0442\u043a\u0438 \u043d\u0430 \u0433\u0438\u043f\u0441\u043e\u043a\u0430\u0440\u0442\u043e\u043d, \u043d\u0430 \u0441\u0442\u0430\u0440\u0443\u044e \u043f\u043b\u0438\u0442\u043a\u0443, \u043d\u0430 \u0433\u0438\u0434\u0440\u043e\u0438\u0437\u043e\u043b\u044f\u0446\u0438\u044e SAKRET OAD ELASTIC.\",\"breadcrumb\":{\"@id\":\"https:\/\/videstehnika.lv\/ru\/magazin\/buvmateriali-ru\/%D1%81%D1%83%D1%85%D0%B8%D0%B5-%D1%81%D1%82%D1%80%D0%BE%D0%B8%D1%82%D0%B5%D0%BB%D1%8C%D0%BD%D1%8B%D0%B5-%D1%81%D0%BC%D0%B5%D1%81%D0%B8\/%D0%BA%D0%BB%D0%B5%D0%B8-%D0%B4%D0%BB%D1%8F-%D0%BF%D0%BB%D0%B8%D1%82%D0%BA%D0%B8\/%D0%BA%D0%BB%D0%B5%D0%B9-%D0%B4%D0%BB%D1%8F-%D0%BF%D0%BB%D0%B8%D1%82%D0%BA%D0%B8-%D1%8D%D0%BA%D1%81%D1%82%D1%80%D0%B0-sakret-fke-c2te\/#breadcrumb\"},\"inLanguage\":\"ru-RU\",\"potentialAction\":[{\"@type\":\"ReadAction\",\"target\":[\"https:\/\/videstehnika.lv\/ru\/magazin\/buvmateriali-ru\/%D1%81%D1%83%D1%85%D0%B8%D0%B5-%D1%81%D1%82%D1%80%D0%BE%D0%B8%D1%82%D0%B5%D0%BB%D1%8C%D0%BD%D1%8B%D0%B5-%D1%81%D0%BC%D0%B5%D1%81%D0%B8\/%D0%BA%D0%BB%D0%B5%D0%B8-%D0%B4%D0%BB%D1%8F-%D0%BF%D0%BB%D0%B8%D1%82%D0%BA%D0%B8\/%D0%BA%D0%BB%D0%B5%D0%B9-%D0%B4%D0%BB%D1%8F-%D0%BF%D0%BB%D0%B8%D1%82%D0%BA%D0%B8-%D1%8D%D0%BA%D1%81%D1%82%D1%80%D0%B0-sakret-fke-c2te\/\"]}]},{\"@type\":\"ImageObject\",\"inLanguage\":\"ru-RU\",\"@id\":\"https:\/\/videstehnika.lv\/ru\/magazin\/buvmateriali-ru\/%D1%81%D1%83%D1%85%D0%B8%D0%B5-%D1%81%D1%82%D1%80%D0%BE%D0%B8%D1%82%D0%B5%D0%BB%D1%8C%D0%BD%D1%8B%D0%B5-%D1%81%D0%BC%D0%B5%D1%81%D0%B8\/%D0%BA%D0%BB%D0%B5%D0%B8-%D0%B4%D0%BB%D1%8F-%D0%BF%D0%BB%D0%B8%D1%82%D0%BA%D0%B8\/%D0%BA%D0%BB%D0%B5%D0%B9-%D0%B4%D0%BB%D1%8F-%D0%BF%D0%BB%D0%B8%D1%82%D0%BA%D0%B8-%D1%8D%D0%BA%D1%81%D1%82%D1%80%D0%B0-sakret-fke-c2te\/#primaryimage\",\"url\":\"https:\/\/videstehnika.lv\/wp-content\/uploads\/2021\/09\/sakret-fke-flizu-lime.jpg\",\"contentUrl\":\"https:\/\/videstehnika.lv\/wp-content\/uploads\/2021\/09\/sakret-fke-flizu-lime.jpg\",\"width\":900,\"height\":900,\"caption\":\"SAKRET FKE fl\u012b\u017eu l\u012bme\"},{\"@type\":\"BreadcrumbList\",\"@id\":\"https:\/\/videstehnika.lv\/ru\/magazin\/buvmateriali-ru\/%D1%81%D1%83%D1%85%D0%B8%D0%B5-%D1%81%D1%82%D1%80%D0%BE%D0%B8%D1%82%D0%B5%D0%BB%D1%8C%D0%BD%D1%8B%D0%B5-%D1%81%D0%BC%D0%B5%D1%81%D0%B8\/%D0%BA%D0%BB%D0%B5%D0%B8-%D0%B4%D0%BB%D1%8F-%D0%BF%D0%BB%D0%B8%D1%82%D0%BA%D0%B8\/%D0%BA%D0%BB%D0%B5%D0%B9-%D0%B4%D0%BB%D1%8F-%D0%BF%D0%BB%D0%B8%D1%82%D0%BA%D0%B8-%D1%8D%D0%BA%D1%81%D1%82%D1%80%D0%B0-sakret-fke-c2te\/#breadcrumb\",\"itemListElement\":[{\"@type\":\"ListItem\",\"position\":1,\"name\":\"Home\",\"item\":\"https:\/\/videstehnika.lv\/ru\/\"},{\"@type\":\"ListItem\",\"position\":2,\"name\":\"Katalogs\",\"item\":\"https:\/\/videstehnika.lv\/ru\/katalogs\/\"},{\"@type\":\"ListItem\",\"position\":3,\"name\":\"\u041a\u043b\u0435\u0439 \u0434\u043b\u044f \u043f\u043b\u0438\u0442\u043a\u0438 \u044d\u043a\u0441\u0442\u0440\u0430 SAKRET FKE (C2TE)\"}]},{\"@type\":\"WebSite\",\"@id\":\"https:\/\/videstehnika.lv\/ru\/#website\",\"url\":\"https:\/\/videstehnika.lv\/ru\/\",\"name\":\"Vides Tehnika\",\"description\":\"\",\"potentialAction\":[{\"@type\":\"SearchAction\",\"target\":{\"@type\":\"EntryPoint\",\"urlTemplate\":\"https:\/\/videstehnika.lv\/ru\/?s={search_term_string}\"},\"query-input\":{\"@type\":\"PropertyValueSpecification\",\"valueRequired\":true,\"valueName\":\"search_term_string\"}}],\"inLanguage\":\"ru-RU\"}]}<\/script>\n<!-- \/ Yoast SEO plugin. -->","yoast_head_json":{"title":"\u041a\u043b\u0435\u0439 \u0434\u043b\u044f \u043f\u043b\u0438\u0442\u043a\u0438 \u044d\u043a\u0441\u0442\u0440\u0430 SAKRET FKE (C2TE) &#8226; Vides Tehnika","description":"SAKRET FKE \u043e\u0441\u043d\u043e\u0432\u0430\u043d \u043d\u0430 \u0446\u0435\u043c\u0435\u043d\u0442\u0435 \u0438 \u043f\u0440\u0435\u0434\u043d\u0430\u0437\u043d\u0430\u0447\u0435\u043d \u0434\u043b\u044f \u0443\u043a\u043b\u0430\u0434\u043a\u0438 \u043f\u043b\u0438\u0442\u043a\u0438 \u043d\u0430 \u0433\u0438\u043f\u0441\u043e\u043a\u0430\u0440\u0442\u043e\u043d, \u043d\u0430 \u0441\u0442\u0430\u0440\u0443\u044e \u043f\u043b\u0438\u0442\u043a\u0443, \u043d\u0430 \u0433\u0438\u0434\u0440\u043e\u0438\u0437\u043e\u043b\u044f\u0446\u0438\u044e SAKRET OAD ELASTIC.","robots":{"index":"index","follow":"follow","max-snippet":"max-snippet:-1","max-image-preview":"max-image-preview:large","max-video-preview":"max-video-preview:-1"},"canonical":"https:\/\/videstehnika.lv\/ru\/magazin\/buvmateriali-ru\/\u0441\u0443\u0445\u0438\u0435-\u0441\u0442\u0440\u043e\u0438\u0442\u0435\u043b\u044c\u043d\u044b\u0435-\u0441\u043c\u0435\u0441\u0438\/\u043a\u043b\u0435\u0438-\u0434\u043b\u044f-\u043f\u043b\u0438\u0442\u043a\u0438\/\u043a\u043b\u0435\u0439-\u0434\u043b\u044f-\u043f\u043b\u0438\u0442\u043a\u0438-\u044d\u043a\u0441\u0442\u0440\u0430-sakret-fke-c2te\/","og_locale":"ru_RU","og_type":"article","og_title":"\u041a\u043b\u0435\u0439 \u0434\u043b\u044f \u043f\u043b\u0438\u0442\u043a\u0438 \u044d\u043a\u0441\u0442\u0440\u0430 SAKRET FKE (C2TE) &#8226; Vides Tehnika","og_description":"SAKRET FKE \u043e\u0441\u043d\u043e\u0432\u0430\u043d \u043d\u0430 \u0446\u0435\u043c\u0435\u043d\u0442\u0435 \u0438 \u043f\u0440\u0435\u0434\u043d\u0430\u0437\u043d\u0430\u0447\u0435\u043d \u0434\u043b\u044f \u0443\u043a\u043b\u0430\u0434\u043a\u0438 \u043f\u043b\u0438\u0442\u043a\u0438 \u043d\u0430 \u0433\u0438\u043f\u0441\u043e\u043a\u0430\u0440\u0442\u043e\u043d, \u043d\u0430 \u0441\u0442\u0430\u0440\u0443\u044e \u043f\u043b\u0438\u0442\u043a\u0443, \u043d\u0430 \u0433\u0438\u0434\u0440\u043e\u0438\u0437\u043e\u043b\u044f\u0446\u0438\u044e SAKRET OAD ELASTIC.","og_url":"https:\/\/videstehnika.lv\/ru\/magazin\/buvmateriali-ru\/\u0441\u0443\u0445\u0438\u0435-\u0441\u0442\u0440\u043e\u0438\u0442\u0435\u043b\u044c\u043d\u044b\u0435-\u0441\u043c\u0435\u0441\u0438\/\u043a\u043b\u0435\u0438-\u0434\u043b\u044f-\u043f\u043b\u0438\u0442\u043a\u0438\/\u043a\u043b\u0435\u0439-\u0434\u043b\u044f-\u043f\u043b\u0438\u0442\u043a\u0438-\u044d\u043a\u0441\u0442\u0440\u0430-sakret-fke-c2te\/","og_site_name":"Vides Tehnika","article_modified_time":"2024-07-04T05:46:32+00:00","og_image":[{"width":900,"height":900,"url":"https:\/\/videstehnika.lv\/wp-content\/uploads\/2021\/09\/sakret-fke-flizu-lime.jpg","type":"image\/jpeg"}],"twitter_card":"summary_large_image","twitter_misc":{"\u041f\u0440\u0438\u043c\u0435\u0440\u043d\u043e\u0435 \u0432\u0440\u0435\u043c\u044f \u0434\u043b\u044f \u0447\u0442\u0435\u043d\u0438\u044f":"1 \u043c\u0438\u043d\u0443\u0442\u0430"},"schema":{"@context":"https:\/\/schema.org","@graph":[{"@type":"WebPage","@id":"https:\/\/videstehnika.lv\/ru\/magazin\/buvmateriali-ru\/%D1%81%D1%83%D1%85%D0%B8%D0%B5-%D1%81%D1%82%D1%80%D0%BE%D0%B8%D1%82%D0%B5%D0%BB%D1%8C%D0%BD%D1%8B%D0%B5-%D1%81%D0%BC%D0%B5%D1%81%D0%B8\/%D0%BA%D0%BB%D0%B5%D0%B8-%D0%B4%D0%BB%D1%8F-%D0%BF%D0%BB%D0%B8%D1%82%D0%BA%D0%B8\/%D0%BA%D0%BB%D0%B5%D0%B9-%D0%B4%D0%BB%D1%8F-%D0%BF%D0%BB%D0%B8%D1%82%D0%BA%D0%B8-%D1%8D%D0%BA%D1%81%D1%82%D1%80%D0%B0-sakret-fke-c2te\/","url":"https:\/\/videstehnika.lv\/ru\/magazin\/buvmateriali-ru\/%D1%81%D1%83%D1%85%D0%B8%D0%B5-%D1%81%D1%82%D1%80%D0%BE%D0%B8%D1%82%D0%B5%D0%BB%D1%8C%D0%BD%D1%8B%D0%B5-%D1%81%D0%BC%D0%B5%D1%81%D0%B8\/%D0%BA%D0%BB%D0%B5%D0%B8-%D0%B4%D0%BB%D1%8F-%D0%BF%D0%BB%D0%B8%D1%82%D0%BA%D0%B8\/%D0%BA%D0%BB%D0%B5%D0%B9-%D0%B4%D0%BB%D1%8F-%D0%BF%D0%BB%D0%B8%D1%82%D0%BA%D0%B8-%D1%8D%D0%BA%D1%81%D1%82%D1%80%D0%B0-sakret-fke-c2te\/","name":"\u041a\u043b\u0435\u0439 \u0434\u043b\u044f \u043f\u043b\u0438\u0442\u043a\u0438 \u044d\u043a\u0441\u0442\u0440\u0430 SAKRET FKE (C2TE) &#8226; Vides Tehnika","isPartOf":{"@id":"https:\/\/videstehnika.lv\/ru\/#website"},"primaryImageOfPage":{"@id":"https:\/\/videstehnika.lv\/ru\/magazin\/buvmateriali-ru\/%D1%81%D1%83%D1%85%D0%B8%D0%B5-%D1%81%D1%82%D1%80%D0%BE%D0%B8%D1%82%D0%B5%D0%BB%D1%8C%D0%BD%D1%8B%D0%B5-%D1%81%D0%BC%D0%B5%D1%81%D0%B8\/%D0%BA%D0%BB%D0%B5%D0%B8-%D0%B4%D0%BB%D1%8F-%D0%BF%D0%BB%D0%B8%D1%82%D0%BA%D0%B8\/%D0%BA%D0%BB%D0%B5%D0%B9-%D0%B4%D0%BB%D1%8F-%D0%BF%D0%BB%D0%B8%D1%82%D0%BA%D0%B8-%D1%8D%D0%BA%D1%81%D1%82%D1%80%D0%B0-sakret-fke-c2te\/#primaryimage"},"image":{"@id":"https:\/\/videstehnika.lv\/ru\/magazin\/buvmateriali-ru\/%D1%81%D1%83%D1%85%D0%B8%D0%B5-%D1%81%D1%82%D1%80%D0%BE%D0%B8%D1%82%D0%B5%D0%BB%D1%8C%D0%BD%D1%8B%D0%B5-%D1%81%D0%BC%D0%B5%D1%81%D0%B8\/%D0%BA%D0%BB%D0%B5%D0%B8-%D0%B4%D0%BB%D1%8F-%D0%BF%D0%BB%D0%B8%D1%82%D0%BA%D0%B8\/%D0%BA%D0%BB%D0%B5%D0%B9-%D0%B4%D0%BB%D1%8F-%D0%BF%D0%BB%D0%B8%D1%82%D0%BA%D0%B8-%D1%8D%D0%BA%D1%81%D1%82%D1%80%D0%B0-sakret-fke-c2te\/#primaryimage"},"thumbnailUrl":"https:\/\/videstehnika.lv\/wp-content\/uploads\/2021\/09\/sakret-fke-flizu-lime.jpg","datePublished":"2021-09-28T17:51:27+00:00","dateModified":"2024-07-04T05:46:32+00:00","description":"SAKRET FKE \u043e\u0441\u043d\u043e\u0432\u0430\u043d \u043d\u0430 \u0446\u0435\u043c\u0435\u043d\u0442\u0435 \u0438 \u043f\u0440\u0435\u0434\u043d\u0430\u0437\u043d\u0430\u0447\u0435\u043d \u0434\u043b\u044f \u0443\u043a\u043b\u0430\u0434\u043a\u0438 \u043f\u043b\u0438\u0442\u043a\u0438 \u043d\u0430 \u0433\u0438\u043f\u0441\u043e\u043a\u0430\u0440\u0442\u043e\u043d, \u043d\u0430 \u0441\u0442\u0430\u0440\u0443\u044e \u043f\u043b\u0438\u0442\u043a\u0443, \u043d\u0430 \u0433\u0438\u0434\u0440\u043e\u0438\u0437\u043e\u043b\u044f\u0446\u0438\u044e SAKRET OAD ELASTIC.","breadcrumb":{"@id":"https:\/\/videstehnika.lv\/ru\/magazin\/buvmateriali-ru\/%D1%81%D1%83%D1%85%D0%B8%D0%B5-%D1%81%D1%82%D1%80%D0%BE%D0%B8%D1%82%D0%B5%D0%BB%D1%8C%D0%BD%D1%8B%D0%B5-%D1%81%D0%BC%D0%B5%D1%81%D0%B8\/%D0%BA%D0%BB%D0%B5%D0%B8-%D0%B4%D0%BB%D1%8F-%D0%BF%D0%BB%D0%B8%D1%82%D0%BA%D0%B8\/%D0%BA%D0%BB%D0%B5%D0%B9-%D0%B4%D0%BB%D1%8F-%D0%BF%D0%BB%D0%B8%D1%82%D0%BA%D0%B8-%D1%8D%D0%BA%D1%81%D1%82%D1%80%D0%B0-sakret-fke-c2te\/#breadcrumb"},"inLanguage":"ru-RU","potentialAction":[{"@type":"ReadAction","target":["https:\/\/videstehnika.lv\/ru\/magazin\/buvmateriali-ru\/%D1%81%D1%83%D1%85%D0%B8%D0%B5-%D1%81%D1%82%D1%80%D0%BE%D0%B8%D1%82%D0%B5%D0%BB%D1%8C%D0%BD%D1%8B%D0%B5-%D1%81%D0%BC%D0%B5%D1%81%D0%B8\/%D0%BA%D0%BB%D0%B5%D0%B8-%D0%B4%D0%BB%D1%8F-%D0%BF%D0%BB%D0%B8%D1%82%D0%BA%D0%B8\/%D0%BA%D0%BB%D0%B5%D0%B9-%D0%B4%D0%BB%D1%8F-%D0%BF%D0%BB%D0%B8%D1%82%D0%BA%D0%B8-%D1%8D%D0%BA%D1%81%D1%82%D1%80%D0%B0-sakret-fke-c2te\/"]}]},{"@type":"ImageObject","inLanguage":"ru-RU","@id":"https:\/\/videstehnika.lv\/ru\/magazin\/buvmateriali-ru\/%D1%81%D1%83%D1%85%D0%B8%D0%B5-%D1%81%D1%82%D1%80%D0%BE%D0%B8%D1%82%D0%B5%D0%BB%D1%8C%D0%BD%D1%8B%D0%B5-%D1%81%D0%BC%D0%B5%D1%81%D0%B8\/%D0%BA%D0%BB%D0%B5%D0%B8-%D0%B4%D0%BB%D1%8F-%D0%BF%D0%BB%D0%B8%D1%82%D0%BA%D0%B8\/%D0%BA%D0%BB%D0%B5%D0%B9-%D0%B4%D0%BB%D1%8F-%D0%BF%D0%BB%D0%B8%D1%82%D0%BA%D0%B8-%D1%8D%D0%BA%D1%81%D1%82%D1%80%D0%B0-sakret-fke-c2te\/#primaryimage","url":"https:\/\/videstehnika.lv\/wp-content\/uploads\/2021\/09\/sakret-fke-flizu-lime.jpg","contentUrl":"https:\/\/videstehnika.lv\/wp-content\/uploads\/2021\/09\/sakret-fke-flizu-lime.jpg","width":900,"height":900,"caption":"SAKRET FKE fl\u012b\u017eu l\u012bme"},{"@type":"BreadcrumbList","@id":"https:\/\/videstehnika.lv\/ru\/magazin\/buvmateriali-ru\/%D1%81%D1%83%D1%85%D0%B8%D0%B5-%D1%81%D1%82%D1%80%D0%BE%D0%B8%D1%82%D0%B5%D0%BB%D1%8C%D0%BD%D1%8B%D0%B5-%D1%81%D0%BC%D0%B5%D1%81%D0%B8\/%D0%BA%D0%BB%D0%B5%D0%B8-%D0%B4%D0%BB%D1%8F-%D0%BF%D0%BB%D0%B8%D1%82%D0%BA%D0%B8\/%D0%BA%D0%BB%D0%B5%D0%B9-%D0%B4%D0%BB%D1%8F-%D0%BF%D0%BB%D0%B8%D1%82%D0%BA%D0%B8-%D1%8D%D0%BA%D1%81%D1%82%D1%80%D0%B0-sakret-fke-c2te\/#breadcrumb","itemListElement":[{"@type":"ListItem","position":1,"name":"Home","item":"https:\/\/videstehnika.lv\/ru\/"},{"@type":"ListItem","position":2,"name":"Katalogs","item":"https:\/\/videstehnika.lv\/ru\/katalogs\/"},{"@type":"ListItem","position":3,"name":"\u041a\u043b\u0435\u0439 \u0434\u043b\u044f \u043f\u043b\u0438\u0442\u043a\u0438 \u044d\u043a\u0441\u0442\u0440\u0430 SAKRET FKE (C2TE)"}]},{"@type":"WebSite","@id":"https:\/\/videstehnika.lv\/ru\/#website","url":"https:\/\/videstehnika.lv\/ru\/","name":"Vides Tehnika","description":"","potentialAction":[{"@type":"SearchAction","target":{"@type":"EntryPoint","urlTemplate":"https:\/\/videstehnika.lv\/ru\/?s={search_term_string}"},"query-input":{"@type":"PropertyValueSpecification","valueRequired":true,"valueName":"search_term_string"}}],"inLanguage":"ru-RU"}]}},"_links":{"self":[{"href":"https:\/\/videstehnika.lv\/ru\/wp-json\/wp\/v2\/product\/12750","targetHints":{"allow":["GET"]}}],"collection":[{"href":"https:\/\/videstehnika.lv\/ru\/wp-json\/wp\/v2\/product"}],"about":[{"href":"https:\/\/videstehnika.lv\/ru\/wp-json\/wp\/v2\/types\/product"}],"wp:featuredmedia":[{"embeddable":true,"href":"https:\/\/videstehnika.lv\/ru\/wp-json\/wp\/v2\/media\/12638"}],"wp:attachment":[{"href":"https:\/\/videstehnika.lv\/ru\/wp-json\/wp\/v2\/media?parent=12750"}],"wp:term":[{"taxonomy":"product_cat","embeddable":true,"href":"https:\/\/videstehnika.lv\/ru\/wp-json\/wp\/v2\/product_cat?post=12750"},{"taxonomy":"product_tag","embeddable":true,"href":"https:\/\/videstehnika.lv\/ru\/wp-json\/wp\/v2\/product_tag?post=12750"}],"curies":[{"name":"wp","href":"https:\/\/api.w.org\/{rel}","templated":true}]}}