{"id":34736,"date":"2024-05-23T13:23:51","date_gmt":"2024-05-23T10:23:51","guid":{"rendered":"https:\/\/videstehnika.lv\/?post_type=product&#038;p=34736"},"modified":"2025-05-01T22:49:14","modified_gmt":"2025-05-01T19:49:14","slug":"desbrozadora-bc-520-b-52cc","status":"publish","type":"product","link":"https:\/\/videstehnika.lv\/katalogs\/darza-tehnika\/krumgriezis-trimmeris-bc-520-b-52cc\/","title":{"rendered":"Basic BC-520-B 52CC kr\u016bmgriezis , trimmeris"},"content":{"rendered":"<h2>Basic Kr\u016bmgriezis , trimmeris BC-520-B 52CC<\/h2>\n<p>Benz\u012bna motors 52cc<br \/>\nMaksim\u0101l\u0101 jauda 2 ZS \/ 1,5 KW.<br \/>\nMaksim\u0101lais apgr.\/min. 11800 apgr.\/min<br \/>\nT\u0113rauda klo\u0137v\u0101rpsta un divsegmentu virzulis.<br \/>\nSpie\u0137is 28 mm.<br \/>\nKarburatora diafragma<br \/>\nDubult\u0101 st\u016bre<br \/>\nTrok\u0161\u0146a l\u012bmenis 113 db<br \/>\nSvars 12 kg.<\/p>\n<p>&nbsp;<\/p>\n<p>&nbsp;<\/p>\n","protected":false},"excerpt":{"rendered":"<p>Basic Kr\u016bmgriezis , trimmeris BC-520-B 52CC Benz\u012bna motors 52cc Maksim\u0101l\u0101 jauda 2 ZS \/ 1,5 KW. Maksim\u0101lais apgr.\/min. 11800 apgr.\/min<\/p>\n","protected":false},"featured_media":34737,"template":"","meta":{"_acf_changed":false},"product_cat":[5223,5227],"product_tag":[],"class_list":{"0":"post-34736","1":"product","2":"type-product","3":"status-publish","4":"has-post-thumbnail","6":"product_cat-darza-tehnika","7":"product_cat-trimmeri","9":"first","10":"instock","11":"taxable","12":"shipping-taxable","13":"purchasable","14":"product-type-simple"},"acf":[],"yoast_head":"<!-- This site is optimized with the Yoast SEO plugin v24.2 - https:\/\/yoast.com\/wordpress\/plugins\/seo\/ -->\n<title>Basic BC-520-B 52CC kr\u016bmgriezis , trimmeris &#8226; Vides Tehnika<\/title>\n<meta name=\"robots\" content=\"index, follow, max-snippet:-1, max-image-preview:large, max-video-preview:-1\" \/>\n<link rel=\"canonical\" href=\"https:\/\/videstehnika.lv\/ru\/katalogs\/darza-tehnika\/krumgriezis-trimmeris-bc-520-b-52cc\/\" \/>\n<meta property=\"og:locale\" content=\"ru_RU\" \/>\n<meta property=\"og:type\" content=\"article\" \/>\n<meta property=\"og:title\" content=\"Basic BC-520-B 52CC kr\u016bmgriezis , trimmeris &#8226; Vides Tehnika\" \/>\n<meta property=\"og:description\" content=\"Basic Kr\u016bmgriezis , trimmeris BC-520-B 52CC Benz\u012bna motors 52cc Maksim\u0101l\u0101 jauda 2 ZS \/ 1,5 KW. Maksim\u0101lais apgr.\/min. 11800 apgr.\/min\" \/>\n<meta property=\"og:url\" content=\"https:\/\/videstehnika.lv\/katalogs\/darza-tehnika\/krumgriezis-trimmeris-bc-520-b-52cc\/\" \/>\n<meta property=\"og:site_name\" content=\"Vides Tehnika\" \/>\n<meta property=\"article:modified_time\" content=\"2025-05-01T19:49:14+00:00\" \/>\n<meta property=\"og:image\" content=\"https:\/\/videstehnika.lv\/wp-content\/uploads\/2024\/05\/desbrozadora-recta-52cc-gasol-recta-omega-bc520b-jardin-maquinaria-ferreteria-chamartin-bricolaje-art.jpg\" \/>\n\t<meta property=\"og:image:width\" content=\"445\" \/>\n\t<meta property=\"og:image:height\" content=\"445\" \/>\n\t<meta property=\"og:image:type\" content=\"image\/jpeg\" \/>\n<meta name=\"twitter:card\" content=\"summary_large_image\" \/>\n<meta name=\"twitter:label1\" content=\"\u041f\u0440\u0438\u043c\u0435\u0440\u043d\u043e\u0435 \u0432\u0440\u0435\u043c\u044f \u0434\u043b\u044f \u0447\u0442\u0435\u043d\u0438\u044f\" \/>\n\t<meta name=\"twitter:data1\" content=\"1 \u043c\u0438\u043d\u0443\u0442\u0430\" \/>\n<script type=\"application\/ld+json\" class=\"yoast-schema-graph\">{\"@context\":\"https:\/\/schema.org\",\"@graph\":[{\"@type\":\"WebPage\",\"@id\":\"https:\/\/videstehnika.lv\/katalogs\/darza-tehnika\/krumgriezis-trimmeris-bc-520-b-52cc\/\",\"url\":\"https:\/\/videstehnika.lv\/katalogs\/darza-tehnika\/krumgriezis-trimmeris-bc-520-b-52cc\/\",\"name\":\"Basic BC-520-B 52CC kr\u016bmgriezis , trimmeris &#8226; Vides Tehnika\",\"isPartOf\":{\"@id\":\"https:\/\/videstehnika.lv\/ru\/#website\"},\"primaryImageOfPage\":{\"@id\":\"https:\/\/videstehnika.lv\/katalogs\/darza-tehnika\/krumgriezis-trimmeris-bc-520-b-52cc\/#primaryimage\"},\"image\":{\"@id\":\"https:\/\/videstehnika.lv\/katalogs\/darza-tehnika\/krumgriezis-trimmeris-bc-520-b-52cc\/#primaryimage\"},\"thumbnailUrl\":\"https:\/\/videstehnika.lv\/wp-content\/uploads\/2024\/05\/desbrozadora-recta-52cc-gasol-recta-omega-bc520b-jardin-maquinaria-ferreteria-chamartin-bricolaje-art.jpg\",\"datePublished\":\"2024-05-23T10:23:51+00:00\",\"dateModified\":\"2025-05-01T19:49:14+00:00\",\"breadcrumb\":{\"@id\":\"https:\/\/videstehnika.lv\/katalogs\/darza-tehnika\/krumgriezis-trimmeris-bc-520-b-52cc\/#breadcrumb\"},\"inLanguage\":\"ru-RU\",\"potentialAction\":[{\"@type\":\"ReadAction\",\"target\":[\"https:\/\/videstehnika.lv\/katalogs\/darza-tehnika\/krumgriezis-trimmeris-bc-520-b-52cc\/\"]}]},{\"@type\":\"ImageObject\",\"inLanguage\":\"ru-RU\",\"@id\":\"https:\/\/videstehnika.lv\/katalogs\/darza-tehnika\/krumgriezis-trimmeris-bc-520-b-52cc\/#primaryimage\",\"url\":\"https:\/\/videstehnika.lv\/wp-content\/uploads\/2024\/05\/desbrozadora-recta-52cc-gasol-recta-omega-bc520b-jardin-maquinaria-ferreteria-chamartin-bricolaje-art.jpg\",\"contentUrl\":\"https:\/\/videstehnika.lv\/wp-content\/uploads\/2024\/05\/desbrozadora-recta-52cc-gasol-recta-omega-bc520b-jardin-maquinaria-ferreteria-chamartin-bricolaje-art.jpg\",\"width\":445,\"height\":445},{\"@type\":\"BreadcrumbList\",\"@id\":\"https:\/\/videstehnika.lv\/katalogs\/darza-tehnika\/krumgriezis-trimmeris-bc-520-b-52cc\/#breadcrumb\",\"itemListElement\":[{\"@type\":\"ListItem\",\"position\":1,\"name\":\"Home\",\"item\":\"https:\/\/videstehnika.lv\/ru\/\"},{\"@type\":\"ListItem\",\"position\":2,\"name\":\"Katalogs\",\"item\":\"https:\/\/videstehnika.lv\/ru\/katalogs\/\"},{\"@type\":\"ListItem\",\"position\":3,\"name\":\"Basic BC-520-B 52CC kr\u016bmgriezis , trimmeris\"}]},{\"@type\":\"WebSite\",\"@id\":\"https:\/\/videstehnika.lv\/ru\/#website\",\"url\":\"https:\/\/videstehnika.lv\/ru\/\",\"name\":\"Vides Tehnika\",\"description\":\"\",\"potentialAction\":[{\"@type\":\"SearchAction\",\"target\":{\"@type\":\"EntryPoint\",\"urlTemplate\":\"https:\/\/videstehnika.lv\/ru\/?s={search_term_string}\"},\"query-input\":{\"@type\":\"PropertyValueSpecification\",\"valueRequired\":true,\"valueName\":\"search_term_string\"}}],\"inLanguage\":\"ru-RU\"}]}<\/script>\n<!-- \/ Yoast SEO plugin. -->","yoast_head_json":{"title":"Basic BC-520-B 52CC kr\u016bmgriezis , trimmeris &#8226; Vides Tehnika","robots":{"index":"index","follow":"follow","max-snippet":"max-snippet:-1","max-image-preview":"max-image-preview:large","max-video-preview":"max-video-preview:-1"},"canonical":"https:\/\/videstehnika.lv\/ru\/katalogs\/darza-tehnika\/krumgriezis-trimmeris-bc-520-b-52cc\/","og_locale":"ru_RU","og_type":"article","og_title":"Basic BC-520-B 52CC kr\u016bmgriezis , trimmeris &#8226; Vides Tehnika","og_description":"Basic Kr\u016bmgriezis , trimmeris BC-520-B 52CC Benz\u012bna motors 52cc Maksim\u0101l\u0101 jauda 2 ZS \/ 1,5 KW. Maksim\u0101lais apgr.\/min. 11800 apgr.\/min","og_url":"https:\/\/videstehnika.lv\/katalogs\/darza-tehnika\/krumgriezis-trimmeris-bc-520-b-52cc\/","og_site_name":"Vides Tehnika","article_modified_time":"2025-05-01T19:49:14+00:00","og_image":[{"width":445,"height":445,"url":"https:\/\/videstehnika.lv\/wp-content\/uploads\/2024\/05\/desbrozadora-recta-52cc-gasol-recta-omega-bc520b-jardin-maquinaria-ferreteria-chamartin-bricolaje-art.jpg","type":"image\/jpeg"}],"twitter_card":"summary_large_image","twitter_misc":{"\u041f\u0440\u0438\u043c\u0435\u0440\u043d\u043e\u0435 \u0432\u0440\u0435\u043c\u044f \u0434\u043b\u044f \u0447\u0442\u0435\u043d\u0438\u044f":"1 \u043c\u0438\u043d\u0443\u0442\u0430"},"schema":{"@context":"https:\/\/schema.org","@graph":[{"@type":"WebPage","@id":"https:\/\/videstehnika.lv\/katalogs\/darza-tehnika\/krumgriezis-trimmeris-bc-520-b-52cc\/","url":"https:\/\/videstehnika.lv\/katalogs\/darza-tehnika\/krumgriezis-trimmeris-bc-520-b-52cc\/","name":"Basic BC-520-B 52CC kr\u016bmgriezis , trimmeris &#8226; Vides Tehnika","isPartOf":{"@id":"https:\/\/videstehnika.lv\/ru\/#website"},"primaryImageOfPage":{"@id":"https:\/\/videstehnika.lv\/katalogs\/darza-tehnika\/krumgriezis-trimmeris-bc-520-b-52cc\/#primaryimage"},"image":{"@id":"https:\/\/videstehnika.lv\/katalogs\/darza-tehnika\/krumgriezis-trimmeris-bc-520-b-52cc\/#primaryimage"},"thumbnailUrl":"https:\/\/videstehnika.lv\/wp-content\/uploads\/2024\/05\/desbrozadora-recta-52cc-gasol-recta-omega-bc520b-jardin-maquinaria-ferreteria-chamartin-bricolaje-art.jpg","datePublished":"2024-05-23T10:23:51+00:00","dateModified":"2025-05-01T19:49:14+00:00","breadcrumb":{"@id":"https:\/\/videstehnika.lv\/katalogs\/darza-tehnika\/krumgriezis-trimmeris-bc-520-b-52cc\/#breadcrumb"},"inLanguage":"ru-RU","potentialAction":[{"@type":"ReadAction","target":["https:\/\/videstehnika.lv\/katalogs\/darza-tehnika\/krumgriezis-trimmeris-bc-520-b-52cc\/"]}]},{"@type":"ImageObject","inLanguage":"ru-RU","@id":"https:\/\/videstehnika.lv\/katalogs\/darza-tehnika\/krumgriezis-trimmeris-bc-520-b-52cc\/#primaryimage","url":"https:\/\/videstehnika.lv\/wp-content\/uploads\/2024\/05\/desbrozadora-recta-52cc-gasol-recta-omega-bc520b-jardin-maquinaria-ferreteria-chamartin-bricolaje-art.jpg","contentUrl":"https:\/\/videstehnika.lv\/wp-content\/uploads\/2024\/05\/desbrozadora-recta-52cc-gasol-recta-omega-bc520b-jardin-maquinaria-ferreteria-chamartin-bricolaje-art.jpg","width":445,"height":445},{"@type":"BreadcrumbList","@id":"https:\/\/videstehnika.lv\/katalogs\/darza-tehnika\/krumgriezis-trimmeris-bc-520-b-52cc\/#breadcrumb","itemListElement":[{"@type":"ListItem","position":1,"name":"Home","item":"https:\/\/videstehnika.lv\/ru\/"},{"@type":"ListItem","position":2,"name":"Katalogs","item":"https:\/\/videstehnika.lv\/ru\/katalogs\/"},{"@type":"ListItem","position":3,"name":"Basic BC-520-B 52CC kr\u016bmgriezis , trimmeris"}]},{"@type":"WebSite","@id":"https:\/\/videstehnika.lv\/ru\/#website","url":"https:\/\/videstehnika.lv\/ru\/","name":"Vides Tehnika","description":"","potentialAction":[{"@type":"SearchAction","target":{"@type":"EntryPoint","urlTemplate":"https:\/\/videstehnika.lv\/ru\/?s={search_term_string}"},"query-input":{"@type":"PropertyValueSpecification","valueRequired":true,"valueName":"search_term_string"}}],"inLanguage":"ru-RU"}]}},"_links":{"self":[{"href":"https:\/\/videstehnika.lv\/ru\/wp-json\/wp\/v2\/product\/34736","targetHints":{"allow":["GET"]}}],"collection":[{"href":"https:\/\/videstehnika.lv\/ru\/wp-json\/wp\/v2\/product"}],"about":[{"href":"https:\/\/videstehnika.lv\/ru\/wp-json\/wp\/v2\/types\/product"}],"wp:featuredmedia":[{"embeddable":true,"href":"https:\/\/videstehnika.lv\/ru\/wp-json\/wp\/v2\/media\/34737"}],"wp:attachment":[{"href":"https:\/\/videstehnika.lv\/ru\/wp-json\/wp\/v2\/media?parent=34736"}],"wp:term":[{"taxonomy":"product_cat","embeddable":true,"href":"https:\/\/videstehnika.lv\/ru\/wp-json\/wp\/v2\/product_cat?post=34736"},{"taxonomy":"product_tag","embeddable":true,"href":"https:\/\/videstehnika.lv\/ru\/wp-json\/wp\/v2\/product_tag?post=34736"}],"curies":[{"name":"wp","href":"https:\/\/api.w.org\/{rel}","templated":true}]}}