{"id":35875,"date":"2024-07-09T11:01:44","date_gmt":"2024-07-09T08:01:44","guid":{"rendered":"https:\/\/videstehnika.lv\/catalog\/uncategorized\/aerogrils-cecotec-advance-double-2850w\/"},"modified":"2024-09-02T10:37:23","modified_gmt":"2024-09-02T07:37:23","slug":"aerogrils-cecotec-advance-double-2850w","status":"publish","type":"product","link":"https:\/\/videstehnika.lv\/ru\/magazin\/majai-un-darzam\/aerogrils-cecotec-advance-double-2850w\/","title":{"rendered":"Aerogrils Cecotec Advance Double 2850W"},"content":{"rendered":"<h2 class=\"c-product__name\">Aerogrills bez e\u013c\u013cas Cecotec ADVANCE DOUBLE 2850 W<\/h2>\n<p>Kr\u0101sa: Melns<br \/>\nJauda: 2850 W<br \/>\nTemperat\u016bra.: 80 &#8212;\u00a0 200 \u00baC<br \/>\nTilpums: 9 L<br \/>\nRaksturlielumi: Viegli t\u012br\u012bt, ar dubultu grozu un dubultu temperat\u016bru &#8212; gatavo divus \u0113dienus vienlaikus<br \/>\nSk\u0101rienkontrole<br \/>\n6 iepriek\u0161 konfigur\u0113ti re\u017e\u012bmi, kas iestata da\u017e\u0101da veida \u0113dienu pagatavo\u0161anai nepiecie\u0161amo laiku un temperat\u016bru<br \/>\nRegul\u0113jams laiks no 0 l\u012bdz 60 min\u016bt\u0113m.<br \/>\nAr aizsardz\u012bbu pret p\u0101rkar\u0161anu<br \/>\nDarb\u012bbas taimeris<\/p>\n","protected":false},"excerpt":{"rendered":"<p>Aerogrills bez e\u013c\u013cas Cecotec ADVANCE DOUBLE 2850 W Kr\u0101sa: Melns Jauda: 2850 W Temperat\u016bra.: 80 &#8212;\u00a0 200 \u00baC Tilpums: 9<\/p>\n","protected":false},"featured_media":35867,"template":"","meta":{"_acf_changed":false},"product_cat":[5245,3004],"product_tag":[],"class_list":{"0":"post-35875","1":"product","2":"type-product","3":"status-publish","4":"has-post-thumbnail","6":"product_cat-5245","7":"product_cat-3004","9":"first","10":"outofstock","11":"taxable","12":"shipping-taxable","13":"purchasable","14":"product-type-simple"},"acf":[],"yoast_head":"<!-- This site is optimized with the Yoast SEO plugin v24.2 - https:\/\/yoast.com\/wordpress\/plugins\/seo\/ -->\n<title>Aerogrils Cecotec Advance Double 2850W &#8226; Vides Tehnika<\/title>\n<meta name=\"robots\" content=\"index, follow, max-snippet:-1, max-image-preview:large, max-video-preview:-1\" \/>\n<link rel=\"canonical\" href=\"https:\/\/videstehnika.lv\/ru\/magazin\/majai-un-darzam\/aerogrils-cecotec-advance-double-2850w\/\" \/>\n<meta property=\"og:locale\" content=\"ru_RU\" \/>\n<meta property=\"og:type\" content=\"article\" \/>\n<meta property=\"og:title\" content=\"Aerogrils Cecotec Advance Double 2850W &#8226; Vides Tehnika\" \/>\n<meta property=\"og:description\" content=\"Aerogrills bez e\u013c\u013cas Cecotec ADVANCE DOUBLE 2850 W Kr\u0101sa: Melns Jauda: 2850 W Temperat\u016bra.: 80 &#8212;\u00a0 200 \u00baC Tilpums: 9\" \/>\n<meta property=\"og:url\" content=\"https:\/\/videstehnika.lv\/ru\/magazin\/majai-un-darzam\/aerogrils-cecotec-advance-double-2850w\/\" \/>\n<meta property=\"og:site_name\" content=\"Vides Tehnika\" \/>\n<meta property=\"article:modified_time\" content=\"2024-09-02T07:37:23+00:00\" \/>\n<meta property=\"og:image\" content=\"https:\/\/videstehnika.lv\/wp-content\/uploads\/2024\/07\/Screenshot-2024-07-09-104322.jpg\" \/>\n\t<meta property=\"og:image:width\" content=\"835\" \/>\n\t<meta property=\"og:image:height\" content=\"727\" \/>\n\t<meta property=\"og:image:type\" content=\"image\/jpeg\" \/>\n<meta name=\"twitter:card\" content=\"summary_large_image\" \/>\n<meta name=\"twitter:label1\" content=\"\u041f\u0440\u0438\u043c\u0435\u0440\u043d\u043e\u0435 \u0432\u0440\u0435\u043c\u044f \u0434\u043b\u044f \u0447\u0442\u0435\u043d\u0438\u044f\" \/>\n\t<meta name=\"twitter:data1\" content=\"1 \u043c\u0438\u043d\u0443\u0442\u0430\" \/>\n<script type=\"application\/ld+json\" class=\"yoast-schema-graph\">{\"@context\":\"https:\/\/schema.org\",\"@graph\":[{\"@type\":\"WebPage\",\"@id\":\"https:\/\/videstehnika.lv\/ru\/magazin\/majai-un-darzam\/aerogrils-cecotec-advance-double-2850w\/\",\"url\":\"https:\/\/videstehnika.lv\/ru\/magazin\/majai-un-darzam\/aerogrils-cecotec-advance-double-2850w\/\",\"name\":\"Aerogrils Cecotec Advance Double 2850W &#8226; Vides Tehnika\",\"isPartOf\":{\"@id\":\"https:\/\/videstehnika.lv\/ru\/#website\"},\"primaryImageOfPage\":{\"@id\":\"https:\/\/videstehnika.lv\/ru\/magazin\/majai-un-darzam\/aerogrils-cecotec-advance-double-2850w\/#primaryimage\"},\"image\":{\"@id\":\"https:\/\/videstehnika.lv\/ru\/magazin\/majai-un-darzam\/aerogrils-cecotec-advance-double-2850w\/#primaryimage\"},\"thumbnailUrl\":\"https:\/\/videstehnika.lv\/wp-content\/uploads\/2024\/07\/Screenshot-2024-07-09-104322.jpg\",\"datePublished\":\"2024-07-09T08:01:44+00:00\",\"dateModified\":\"2024-09-02T07:37:23+00:00\",\"breadcrumb\":{\"@id\":\"https:\/\/videstehnika.lv\/ru\/magazin\/majai-un-darzam\/aerogrils-cecotec-advance-double-2850w\/#breadcrumb\"},\"inLanguage\":\"ru-RU\",\"potentialAction\":[{\"@type\":\"ReadAction\",\"target\":[\"https:\/\/videstehnika.lv\/ru\/magazin\/majai-un-darzam\/aerogrils-cecotec-advance-double-2850w\/\"]}]},{\"@type\":\"ImageObject\",\"inLanguage\":\"ru-RU\",\"@id\":\"https:\/\/videstehnika.lv\/ru\/magazin\/majai-un-darzam\/aerogrils-cecotec-advance-double-2850w\/#primaryimage\",\"url\":\"https:\/\/videstehnika.lv\/wp-content\/uploads\/2024\/07\/Screenshot-2024-07-09-104322.jpg\",\"contentUrl\":\"https:\/\/videstehnika.lv\/wp-content\/uploads\/2024\/07\/Screenshot-2024-07-09-104322.jpg\",\"width\":835,\"height\":727},{\"@type\":\"BreadcrumbList\",\"@id\":\"https:\/\/videstehnika.lv\/ru\/magazin\/majai-un-darzam\/aerogrils-cecotec-advance-double-2850w\/#breadcrumb\",\"itemListElement\":[{\"@type\":\"ListItem\",\"position\":1,\"name\":\"Home\",\"item\":\"https:\/\/videstehnika.lv\/ru\/\"},{\"@type\":\"ListItem\",\"position\":2,\"name\":\"Katalogs\",\"item\":\"https:\/\/videstehnika.lv\/ru\/katalogs\/\"},{\"@type\":\"ListItem\",\"position\":3,\"name\":\"Aerogrils Cecotec Advance Double 2850W\"}]},{\"@type\":\"WebSite\",\"@id\":\"https:\/\/videstehnika.lv\/ru\/#website\",\"url\":\"https:\/\/videstehnika.lv\/ru\/\",\"name\":\"Vides Tehnika\",\"description\":\"\",\"potentialAction\":[{\"@type\":\"SearchAction\",\"target\":{\"@type\":\"EntryPoint\",\"urlTemplate\":\"https:\/\/videstehnika.lv\/ru\/?s={search_term_string}\"},\"query-input\":{\"@type\":\"PropertyValueSpecification\",\"valueRequired\":true,\"valueName\":\"search_term_string\"}}],\"inLanguage\":\"ru-RU\"}]}<\/script>\n<!-- \/ Yoast SEO plugin. -->","yoast_head_json":{"title":"Aerogrils Cecotec Advance Double 2850W &#8226; Vides Tehnika","robots":{"index":"index","follow":"follow","max-snippet":"max-snippet:-1","max-image-preview":"max-image-preview:large","max-video-preview":"max-video-preview:-1"},"canonical":"https:\/\/videstehnika.lv\/ru\/magazin\/majai-un-darzam\/aerogrils-cecotec-advance-double-2850w\/","og_locale":"ru_RU","og_type":"article","og_title":"Aerogrils Cecotec Advance Double 2850W &#8226; Vides Tehnika","og_description":"Aerogrills bez e\u013c\u013cas Cecotec ADVANCE DOUBLE 2850 W Kr\u0101sa: Melns Jauda: 2850 W Temperat\u016bra.: 80 &#8212;\u00a0 200 \u00baC Tilpums: 9","og_url":"https:\/\/videstehnika.lv\/ru\/magazin\/majai-un-darzam\/aerogrils-cecotec-advance-double-2850w\/","og_site_name":"Vides Tehnika","article_modified_time":"2024-09-02T07:37:23+00:00","og_image":[{"width":835,"height":727,"url":"https:\/\/videstehnika.lv\/wp-content\/uploads\/2024\/07\/Screenshot-2024-07-09-104322.jpg","type":"image\/jpeg"}],"twitter_card":"summary_large_image","twitter_misc":{"\u041f\u0440\u0438\u043c\u0435\u0440\u043d\u043e\u0435 \u0432\u0440\u0435\u043c\u044f \u0434\u043b\u044f \u0447\u0442\u0435\u043d\u0438\u044f":"1 \u043c\u0438\u043d\u0443\u0442\u0430"},"schema":{"@context":"https:\/\/schema.org","@graph":[{"@type":"WebPage","@id":"https:\/\/videstehnika.lv\/ru\/magazin\/majai-un-darzam\/aerogrils-cecotec-advance-double-2850w\/","url":"https:\/\/videstehnika.lv\/ru\/magazin\/majai-un-darzam\/aerogrils-cecotec-advance-double-2850w\/","name":"Aerogrils Cecotec Advance Double 2850W &#8226; Vides Tehnika","isPartOf":{"@id":"https:\/\/videstehnika.lv\/ru\/#website"},"primaryImageOfPage":{"@id":"https:\/\/videstehnika.lv\/ru\/magazin\/majai-un-darzam\/aerogrils-cecotec-advance-double-2850w\/#primaryimage"},"image":{"@id":"https:\/\/videstehnika.lv\/ru\/magazin\/majai-un-darzam\/aerogrils-cecotec-advance-double-2850w\/#primaryimage"},"thumbnailUrl":"https:\/\/videstehnika.lv\/wp-content\/uploads\/2024\/07\/Screenshot-2024-07-09-104322.jpg","datePublished":"2024-07-09T08:01:44+00:00","dateModified":"2024-09-02T07:37:23+00:00","breadcrumb":{"@id":"https:\/\/videstehnika.lv\/ru\/magazin\/majai-un-darzam\/aerogrils-cecotec-advance-double-2850w\/#breadcrumb"},"inLanguage":"ru-RU","potentialAction":[{"@type":"ReadAction","target":["https:\/\/videstehnika.lv\/ru\/magazin\/majai-un-darzam\/aerogrils-cecotec-advance-double-2850w\/"]}]},{"@type":"ImageObject","inLanguage":"ru-RU","@id":"https:\/\/videstehnika.lv\/ru\/magazin\/majai-un-darzam\/aerogrils-cecotec-advance-double-2850w\/#primaryimage","url":"https:\/\/videstehnika.lv\/wp-content\/uploads\/2024\/07\/Screenshot-2024-07-09-104322.jpg","contentUrl":"https:\/\/videstehnika.lv\/wp-content\/uploads\/2024\/07\/Screenshot-2024-07-09-104322.jpg","width":835,"height":727},{"@type":"BreadcrumbList","@id":"https:\/\/videstehnika.lv\/ru\/magazin\/majai-un-darzam\/aerogrils-cecotec-advance-double-2850w\/#breadcrumb","itemListElement":[{"@type":"ListItem","position":1,"name":"Home","item":"https:\/\/videstehnika.lv\/ru\/"},{"@type":"ListItem","position":2,"name":"Katalogs","item":"https:\/\/videstehnika.lv\/ru\/katalogs\/"},{"@type":"ListItem","position":3,"name":"Aerogrils Cecotec Advance Double 2850W"}]},{"@type":"WebSite","@id":"https:\/\/videstehnika.lv\/ru\/#website","url":"https:\/\/videstehnika.lv\/ru\/","name":"Vides Tehnika","description":"","potentialAction":[{"@type":"SearchAction","target":{"@type":"EntryPoint","urlTemplate":"https:\/\/videstehnika.lv\/ru\/?s={search_term_string}"},"query-input":{"@type":"PropertyValueSpecification","valueRequired":true,"valueName":"search_term_string"}}],"inLanguage":"ru-RU"}]}},"_links":{"self":[{"href":"https:\/\/videstehnika.lv\/ru\/wp-json\/wp\/v2\/product\/35875","targetHints":{"allow":["GET"]}}],"collection":[{"href":"https:\/\/videstehnika.lv\/ru\/wp-json\/wp\/v2\/product"}],"about":[{"href":"https:\/\/videstehnika.lv\/ru\/wp-json\/wp\/v2\/types\/product"}],"wp:featuredmedia":[{"embeddable":true,"href":"https:\/\/videstehnika.lv\/ru\/wp-json\/wp\/v2\/media\/35867"}],"wp:attachment":[{"href":"https:\/\/videstehnika.lv\/ru\/wp-json\/wp\/v2\/media?parent=35875"}],"wp:term":[{"taxonomy":"product_cat","embeddable":true,"href":"https:\/\/videstehnika.lv\/ru\/wp-json\/wp\/v2\/product_cat?post=35875"},{"taxonomy":"product_tag","embeddable":true,"href":"https:\/\/videstehnika.lv\/ru\/wp-json\/wp\/v2\/product_tag?post=35875"}],"curies":[{"name":"wp","href":"https:\/\/api.w.org\/{rel}","templated":true}]}}