{"id":35888,"date":"2024-07-09T14:11:18","date_gmt":"2024-07-09T11:11:18","guid":{"rendered":"https:\/\/videstehnika.lv\/?post_type=product&#038;p=35888"},"modified":"2025-11-20T14:39:12","modified_gmt":"2025-11-20T12:39:12","slug":"ardex-ls-eps-betons-16kg-50l","status":"publish","type":"product","link":"https:\/\/videstehnika.lv\/katalogs\/buvmateriali-buvei-remontam-un-ieksdarbiem\/sausie-maisijumi-ara-darbiem-un-ieksdarbiem\/betons-gridu-betonesanai\/ardex-ls-eps-betons-16kg-50l\/","title":{"rendered":"ARDEX LS EPS betons 16kg (50L)"},"content":{"rendered":"<h3>Tehniskie dati:<\/h3>\n<p>&#171;Spiedes pretest\u012bba: 0,5 N\/mm\u00b2 \/ 500 kPa \/ 50 t\/m\u00b2<br \/>\nBl\u012bvums (iz\u017euvu\u0161ai k\u0101rtai): apm. 400 kg\/m3<br \/>\nPat\u0113ri\u0146\u0161: 11 l uz m2 1 cm biezai k\u0101rtai (apm. 3,5 kg\/m2\/cm) no viena iepakojuma 1 m2 \/45 mm biez\u0101 k\u0101rt\u0101<br \/>\nIzstr\u0101des laiks: apm. 60 min\u016btes<br \/>\nVar staig\u0101t: p\u0113c apm. 12 stund\u0101m<br \/>\nSekojosie apdares darbi: p\u0113c apm. 24 stund\u0101m<br \/>\nVisi raksturlielumi nor\u0101d\u012bti +20\u00b0C temperat\u016brai un relat\u012bvajam mitrumam no 50 l\u012bdz 65%.<br \/>\nTvaika dif\u016bzija: \u03bc = 5<br \/>\nEiropas tehnisk\u0101 standarta sertifik\u0101ts: ETA-022\/0113<br \/>\nUguns iztur\u012bbas klase: A2 \u2013 nedego\u0161s materi\u0101ls<br \/>\nHeksabromciklododek\u0101ns: bez HBCD<br \/>\nMinim\u0101lais k\u0101rtas biezums: 8 mm<br \/>\nMaksim\u0101lais k\u0101rtas biezums: 300 mm<br \/>\nSiltumvad\u012btsp\u0113ja:<br \/>\n\u03bb10, sausam, 90\/90 0,101 W\/mK<br \/>\n\u03bb23, 50 0,104 W\/mK<br \/>\nGranulu sast\u0101vs: no 100% p\u0101rstr\u0101d\u0101ta EPS&#187;<\/p>\n<p>&nbsp;<\/p>\n<h3>Pielietojums:<\/h3>\n<p>&#171;Iek\u0161darbiem un \u0101rdarbiem<br \/>\nARDEX STRONGLITE\u00ae sist\u0113mas sast\u0101vda\u013ca<br \/>\nIztur lielas slodzes<br \/>\nVien\u0101 darba pieg\u0101jien\u0101 no 8 &#8212; 300 mm biez\u0101m k\u0101rt\u0101m<br \/>\nEPS granulas no 100% p\u0101rstr\u0101d\u0101ta materi\u0101la bez HBCD.<br \/>\nLabas siltumizol\u0101cijas \u012bpa\u0161\u012bbas, siltumvad\u012btsp\u0113ja 0,10 W\/mK<br \/>\nNedego\u0161s materi\u0101ls \u2013 uguns iztur\u012bbas klase A2<br \/>\nViegla iestr\u0101de&#187;<\/p>\n<h3>Apraksts:<\/h3>\n<p>&#171;Vieglu, cementa b\u0101zes EPS betona gr\u012bdu izl\u012bdzino\u0161o k\u0101rtu ier\u012bko\u0161anai ar biezumu no 8 l\u012bdz 300 mm (vien\u0101 darba pieg\u0101jien\u0101):<br \/>\n\u2013 fiks\u0113jot pie pamatnes (k\u0101rt\u0101m no 8 mm)<br \/>\n&#8212; peldo\u0161a konstrukcija (k\u0101rt\u0101m no 20 mm)<br \/>\n\u2013 sl\u012bpumu veido\u0161anai,<br \/>\n\u2013 gr\u012bdu izl\u012bdzin\u0101\u0161anai, caurumu, tuk\u0161umu aizpild\u012b\u0161anai (piem., starp caurul\u0113m, kabe\u013ciem utt.).<br \/>\nARDEX LS ir piem\u0113rots izmano\u0161anai uz:<br \/>\n&#8212; smil\u0161betona, \u0123ip\u0161a vai epoks\u012bda gr\u012bd\u0101m,<br \/>\n\u2013 izol\u0101cijas sl\u0101\u0146iem,<br \/>\n\u2013 k\u0101 sist\u0113mas ARDEX STRONGLITE\u00ae sast\u0101vda\u013ca<br \/>\nPa iekl\u0101to ARDEX LS k\u0101rtu jau p\u0113c p\u0113c 12 stund\u0101m J\u016bs varat staig\u0101t un p\u0113c 24 stund\u0101m veikt t\u0101l\u0101kos darbus. &#171;<\/p>\n","protected":false},"excerpt":{"rendered":"<p>Tehniskie dati: &#171;Spiedes pretest\u012bba: 0,5 N\/mm\u00b2 \/ 500 kPa \/ 50 t\/m\u00b2 Bl\u012bvums (iz\u017euvu\u0161ai k\u0101rtai): apm. 400 kg\/m3 Pat\u0113ri\u0146\u0161: 11<\/p>\n","protected":false},"featured_media":35889,"template":"","meta":{"_acf_changed":false},"product_cat":[2053],"product_tag":[],"class_list":{"0":"post-35888","1":"product","2":"type-product","3":"status-publish","4":"has-post-thumbnail","6":"product_cat-betons-gridu-betonesanai","8":"first","9":"instock","10":"taxable","11":"shipping-taxable","12":"purchasable","13":"product-type-simple"},"acf":[],"yoast_head":"<!-- This site is optimized with the Yoast SEO plugin v24.2 - https:\/\/yoast.com\/wordpress\/plugins\/seo\/ -->\n<title>ARDEX LS EPS betons 16kg (50L) &#8226; Vides Tehnika<\/title>\n<meta name=\"description\" content=\"&quot;Vieglu, cementa b\u0101zes EPS betona gr\u012bdu izl\u012bdzino\u0161o k\u0101rtu ier\u012bko\u0161anai ar biezumu no 8 l\u012bdz 300 mm (vien\u0101 darba pieg\u0101jien\u0101)\" \/>\n<meta name=\"robots\" content=\"index, follow, max-snippet:-1, max-image-preview:large, max-video-preview:-1\" \/>\n<link rel=\"canonical\" href=\"https:\/\/videstehnika.lv\/ru\/katalogs\/buvmateriali-buvei-remontam-un-ieksdarbiem\/sausie-maisijumi-ara-darbiem-un-ieksdarbiem\/betons-gridu-betonesanai\/ardex-ls-eps-betons-16kg-50l\/\" \/>\n<meta property=\"og:locale\" content=\"ru_RU\" \/>\n<meta property=\"og:type\" content=\"article\" \/>\n<meta property=\"og:title\" content=\"ARDEX LS EPS betons 16kg (50L) &#8226; Vides Tehnika\" \/>\n<meta property=\"og:description\" content=\"&quot;Vieglu, cementa b\u0101zes EPS betona gr\u012bdu izl\u012bdzino\u0161o k\u0101rtu ier\u012bko\u0161anai ar biezumu no 8 l\u012bdz 300 mm (vien\u0101 darba pieg\u0101jien\u0101)\" \/>\n<meta property=\"og:url\" content=\"https:\/\/videstehnika.lv\/katalogs\/buvmateriali-buvei-remontam-un-ieksdarbiem\/sausie-maisijumi-ara-darbiem-un-ieksdarbiem\/betons-gridu-betonesanai\/ardex-ls-eps-betons-16kg-50l\/\" \/>\n<meta property=\"og:site_name\" content=\"Vides Tehnika\" \/>\n<meta property=\"article:modified_time\" content=\"2025-11-20T12:39:12+00:00\" \/>\n<meta property=\"og:image\" content=\"https:\/\/videstehnika.lv\/wp-content\/uploads\/2024\/07\/Screenshot-2024-07-09-140554.jpg\" \/>\n\t<meta property=\"og:image:width\" content=\"647\" \/>\n\t<meta property=\"og:image:height\" content=\"780\" \/>\n\t<meta property=\"og:image:type\" content=\"image\/jpeg\" \/>\n<meta name=\"twitter:card\" content=\"summary_large_image\" \/>\n<meta name=\"twitter:label1\" content=\"\u041f\u0440\u0438\u043c\u0435\u0440\u043d\u043e\u0435 \u0432\u0440\u0435\u043c\u044f \u0434\u043b\u044f \u0447\u0442\u0435\u043d\u0438\u044f\" \/>\n\t<meta name=\"twitter:data1\" content=\"2 \u043c\u0438\u043d\u0443\u0442\u044b\" \/>\n<script type=\"application\/ld+json\" class=\"yoast-schema-graph\">{\"@context\":\"https:\/\/schema.org\",\"@graph\":[{\"@type\":\"WebPage\",\"@id\":\"https:\/\/videstehnika.lv\/katalogs\/buvmateriali-buvei-remontam-un-ieksdarbiem\/sausie-maisijumi-ara-darbiem-un-ieksdarbiem\/betons-gridu-betonesanai\/ardex-ls-eps-betons-16kg-50l\/\",\"url\":\"https:\/\/videstehnika.lv\/katalogs\/buvmateriali-buvei-remontam-un-ieksdarbiem\/sausie-maisijumi-ara-darbiem-un-ieksdarbiem\/betons-gridu-betonesanai\/ardex-ls-eps-betons-16kg-50l\/\",\"name\":\"ARDEX LS EPS betons 16kg (50L) &#8226; Vides Tehnika\",\"isPartOf\":{\"@id\":\"https:\/\/videstehnika.lv\/ru\/#website\"},\"primaryImageOfPage\":{\"@id\":\"https:\/\/videstehnika.lv\/katalogs\/buvmateriali-buvei-remontam-un-ieksdarbiem\/sausie-maisijumi-ara-darbiem-un-ieksdarbiem\/betons-gridu-betonesanai\/ardex-ls-eps-betons-16kg-50l\/#primaryimage\"},\"image\":{\"@id\":\"https:\/\/videstehnika.lv\/katalogs\/buvmateriali-buvei-remontam-un-ieksdarbiem\/sausie-maisijumi-ara-darbiem-un-ieksdarbiem\/betons-gridu-betonesanai\/ardex-ls-eps-betons-16kg-50l\/#primaryimage\"},\"thumbnailUrl\":\"https:\/\/videstehnika.lv\/wp-content\/uploads\/2024\/07\/Screenshot-2024-07-09-140554.jpg\",\"datePublished\":\"2024-07-09T11:11:18+00:00\",\"dateModified\":\"2025-11-20T12:39:12+00:00\",\"description\":\"\\\"Vieglu, cementa b\u0101zes EPS betona gr\u012bdu izl\u012bdzino\u0161o k\u0101rtu ier\u012bko\u0161anai ar biezumu no 8 l\u012bdz 300 mm (vien\u0101 darba pieg\u0101jien\u0101)\",\"breadcrumb\":{\"@id\":\"https:\/\/videstehnika.lv\/katalogs\/buvmateriali-buvei-remontam-un-ieksdarbiem\/sausie-maisijumi-ara-darbiem-un-ieksdarbiem\/betons-gridu-betonesanai\/ardex-ls-eps-betons-16kg-50l\/#breadcrumb\"},\"inLanguage\":\"ru-RU\",\"potentialAction\":[{\"@type\":\"ReadAction\",\"target\":[\"https:\/\/videstehnika.lv\/katalogs\/buvmateriali-buvei-remontam-un-ieksdarbiem\/sausie-maisijumi-ara-darbiem-un-ieksdarbiem\/betons-gridu-betonesanai\/ardex-ls-eps-betons-16kg-50l\/\"]}]},{\"@type\":\"ImageObject\",\"inLanguage\":\"ru-RU\",\"@id\":\"https:\/\/videstehnika.lv\/katalogs\/buvmateriali-buvei-remontam-un-ieksdarbiem\/sausie-maisijumi-ara-darbiem-un-ieksdarbiem\/betons-gridu-betonesanai\/ardex-ls-eps-betons-16kg-50l\/#primaryimage\",\"url\":\"https:\/\/videstehnika.lv\/wp-content\/uploads\/2024\/07\/Screenshot-2024-07-09-140554.jpg\",\"contentUrl\":\"https:\/\/videstehnika.lv\/wp-content\/uploads\/2024\/07\/Screenshot-2024-07-09-140554.jpg\",\"width\":647,\"height\":780},{\"@type\":\"BreadcrumbList\",\"@id\":\"https:\/\/videstehnika.lv\/katalogs\/buvmateriali-buvei-remontam-un-ieksdarbiem\/sausie-maisijumi-ara-darbiem-un-ieksdarbiem\/betons-gridu-betonesanai\/ardex-ls-eps-betons-16kg-50l\/#breadcrumb\",\"itemListElement\":[{\"@type\":\"ListItem\",\"position\":1,\"name\":\"Home\",\"item\":\"https:\/\/videstehnika.lv\/ru\/\"},{\"@type\":\"ListItem\",\"position\":2,\"name\":\"Katalogs\",\"item\":\"https:\/\/videstehnika.lv\/ru\/katalogs\/\"},{\"@type\":\"ListItem\",\"position\":3,\"name\":\"ARDEX LS EPS betons 16kg (50L)\"}]},{\"@type\":\"WebSite\",\"@id\":\"https:\/\/videstehnika.lv\/ru\/#website\",\"url\":\"https:\/\/videstehnika.lv\/ru\/\",\"name\":\"Vides Tehnika\",\"description\":\"\",\"potentialAction\":[{\"@type\":\"SearchAction\",\"target\":{\"@type\":\"EntryPoint\",\"urlTemplate\":\"https:\/\/videstehnika.lv\/ru\/?s={search_term_string}\"},\"query-input\":{\"@type\":\"PropertyValueSpecification\",\"valueRequired\":true,\"valueName\":\"search_term_string\"}}],\"inLanguage\":\"ru-RU\"}]}<\/script>\n<!-- \/ Yoast SEO plugin. -->","yoast_head_json":{"title":"ARDEX LS EPS betons 16kg (50L) &#8226; Vides Tehnika","description":"\"Vieglu, cementa b\u0101zes EPS betona gr\u012bdu izl\u012bdzino\u0161o k\u0101rtu ier\u012bko\u0161anai ar biezumu no 8 l\u012bdz 300 mm (vien\u0101 darba pieg\u0101jien\u0101)","robots":{"index":"index","follow":"follow","max-snippet":"max-snippet:-1","max-image-preview":"max-image-preview:large","max-video-preview":"max-video-preview:-1"},"canonical":"https:\/\/videstehnika.lv\/ru\/katalogs\/buvmateriali-buvei-remontam-un-ieksdarbiem\/sausie-maisijumi-ara-darbiem-un-ieksdarbiem\/betons-gridu-betonesanai\/ardex-ls-eps-betons-16kg-50l\/","og_locale":"ru_RU","og_type":"article","og_title":"ARDEX LS EPS betons 16kg (50L) &#8226; Vides Tehnika","og_description":"\"Vieglu, cementa b\u0101zes EPS betona gr\u012bdu izl\u012bdzino\u0161o k\u0101rtu ier\u012bko\u0161anai ar biezumu no 8 l\u012bdz 300 mm (vien\u0101 darba pieg\u0101jien\u0101)","og_url":"https:\/\/videstehnika.lv\/katalogs\/buvmateriali-buvei-remontam-un-ieksdarbiem\/sausie-maisijumi-ara-darbiem-un-ieksdarbiem\/betons-gridu-betonesanai\/ardex-ls-eps-betons-16kg-50l\/","og_site_name":"Vides Tehnika","article_modified_time":"2025-11-20T12:39:12+00:00","og_image":[{"width":647,"height":780,"url":"https:\/\/videstehnika.lv\/wp-content\/uploads\/2024\/07\/Screenshot-2024-07-09-140554.jpg","type":"image\/jpeg"}],"twitter_card":"summary_large_image","twitter_misc":{"\u041f\u0440\u0438\u043c\u0435\u0440\u043d\u043e\u0435 \u0432\u0440\u0435\u043c\u044f \u0434\u043b\u044f \u0447\u0442\u0435\u043d\u0438\u044f":"2 \u043c\u0438\u043d\u0443\u0442\u044b"},"schema":{"@context":"https:\/\/schema.org","@graph":[{"@type":"WebPage","@id":"https:\/\/videstehnika.lv\/katalogs\/buvmateriali-buvei-remontam-un-ieksdarbiem\/sausie-maisijumi-ara-darbiem-un-ieksdarbiem\/betons-gridu-betonesanai\/ardex-ls-eps-betons-16kg-50l\/","url":"https:\/\/videstehnika.lv\/katalogs\/buvmateriali-buvei-remontam-un-ieksdarbiem\/sausie-maisijumi-ara-darbiem-un-ieksdarbiem\/betons-gridu-betonesanai\/ardex-ls-eps-betons-16kg-50l\/","name":"ARDEX LS EPS betons 16kg (50L) &#8226; Vides Tehnika","isPartOf":{"@id":"https:\/\/videstehnika.lv\/ru\/#website"},"primaryImageOfPage":{"@id":"https:\/\/videstehnika.lv\/katalogs\/buvmateriali-buvei-remontam-un-ieksdarbiem\/sausie-maisijumi-ara-darbiem-un-ieksdarbiem\/betons-gridu-betonesanai\/ardex-ls-eps-betons-16kg-50l\/#primaryimage"},"image":{"@id":"https:\/\/videstehnika.lv\/katalogs\/buvmateriali-buvei-remontam-un-ieksdarbiem\/sausie-maisijumi-ara-darbiem-un-ieksdarbiem\/betons-gridu-betonesanai\/ardex-ls-eps-betons-16kg-50l\/#primaryimage"},"thumbnailUrl":"https:\/\/videstehnika.lv\/wp-content\/uploads\/2024\/07\/Screenshot-2024-07-09-140554.jpg","datePublished":"2024-07-09T11:11:18+00:00","dateModified":"2025-11-20T12:39:12+00:00","description":"\"Vieglu, cementa b\u0101zes EPS betona gr\u012bdu izl\u012bdzino\u0161o k\u0101rtu ier\u012bko\u0161anai ar biezumu no 8 l\u012bdz 300 mm (vien\u0101 darba pieg\u0101jien\u0101)","breadcrumb":{"@id":"https:\/\/videstehnika.lv\/katalogs\/buvmateriali-buvei-remontam-un-ieksdarbiem\/sausie-maisijumi-ara-darbiem-un-ieksdarbiem\/betons-gridu-betonesanai\/ardex-ls-eps-betons-16kg-50l\/#breadcrumb"},"inLanguage":"ru-RU","potentialAction":[{"@type":"ReadAction","target":["https:\/\/videstehnika.lv\/katalogs\/buvmateriali-buvei-remontam-un-ieksdarbiem\/sausie-maisijumi-ara-darbiem-un-ieksdarbiem\/betons-gridu-betonesanai\/ardex-ls-eps-betons-16kg-50l\/"]}]},{"@type":"ImageObject","inLanguage":"ru-RU","@id":"https:\/\/videstehnika.lv\/katalogs\/buvmateriali-buvei-remontam-un-ieksdarbiem\/sausie-maisijumi-ara-darbiem-un-ieksdarbiem\/betons-gridu-betonesanai\/ardex-ls-eps-betons-16kg-50l\/#primaryimage","url":"https:\/\/videstehnika.lv\/wp-content\/uploads\/2024\/07\/Screenshot-2024-07-09-140554.jpg","contentUrl":"https:\/\/videstehnika.lv\/wp-content\/uploads\/2024\/07\/Screenshot-2024-07-09-140554.jpg","width":647,"height":780},{"@type":"BreadcrumbList","@id":"https:\/\/videstehnika.lv\/katalogs\/buvmateriali-buvei-remontam-un-ieksdarbiem\/sausie-maisijumi-ara-darbiem-un-ieksdarbiem\/betons-gridu-betonesanai\/ardex-ls-eps-betons-16kg-50l\/#breadcrumb","itemListElement":[{"@type":"ListItem","position":1,"name":"Home","item":"https:\/\/videstehnika.lv\/ru\/"},{"@type":"ListItem","position":2,"name":"Katalogs","item":"https:\/\/videstehnika.lv\/ru\/katalogs\/"},{"@type":"ListItem","position":3,"name":"ARDEX LS EPS betons 16kg (50L)"}]},{"@type":"WebSite","@id":"https:\/\/videstehnika.lv\/ru\/#website","url":"https:\/\/videstehnika.lv\/ru\/","name":"Vides Tehnika","description":"","potentialAction":[{"@type":"SearchAction","target":{"@type":"EntryPoint","urlTemplate":"https:\/\/videstehnika.lv\/ru\/?s={search_term_string}"},"query-input":{"@type":"PropertyValueSpecification","valueRequired":true,"valueName":"search_term_string"}}],"inLanguage":"ru-RU"}]}},"_links":{"self":[{"href":"https:\/\/videstehnika.lv\/ru\/wp-json\/wp\/v2\/product\/35888","targetHints":{"allow":["GET"]}}],"collection":[{"href":"https:\/\/videstehnika.lv\/ru\/wp-json\/wp\/v2\/product"}],"about":[{"href":"https:\/\/videstehnika.lv\/ru\/wp-json\/wp\/v2\/types\/product"}],"wp:featuredmedia":[{"embeddable":true,"href":"https:\/\/videstehnika.lv\/ru\/wp-json\/wp\/v2\/media\/35889"}],"wp:attachment":[{"href":"https:\/\/videstehnika.lv\/ru\/wp-json\/wp\/v2\/media?parent=35888"}],"wp:term":[{"taxonomy":"product_cat","embeddable":true,"href":"https:\/\/videstehnika.lv\/ru\/wp-json\/wp\/v2\/product_cat?post=35888"},{"taxonomy":"product_tag","embeddable":true,"href":"https:\/\/videstehnika.lv\/ru\/wp-json\/wp\/v2\/product_tag?post=35888"}],"curies":[{"name":"wp","href":"https:\/\/api.w.org\/{rel}","templated":true}]}}