{"id":36194,"date":"2024-07-10T14:31:28","date_gmt":"2024-07-10T11:31:28","guid":{"rendered":"https:\/\/videstehnika.lv\/catalog\/uncategorized\/styropmin-xps-300-sf-ekstrudetais-putupolistirols-styropmin-xps-300-sf-ekstrudetais-putupolistirols-ar-pus-spundi\/"},"modified":"2024-08-06T14:29:56","modified_gmt":"2024-08-06T11:29:56","slug":"styropmin-xps-300-sf-ekstrudetais-putupolistirols-styropmin-xps-300-sf-ekstrudetais-putupolistirols-ar-pus-spundi","status":"publish","type":"product","link":"https:\/\/videstehnika.lv\/ru\/magazin\/siltumizolacijas-materiali\/putuplasts-siltumizolacijai\/styropmin-xps-300-sf-ekstrudetais-putupolistirols-styropmin-xps-300-sf-ekstrudetais-putupolistirols-ar-pus-spundi\/","title":{"rendered":"STYROPMIN XPS 300 SF ekstrud\u0113tais putupolistirols (ar pus spundi)"},"content":{"rendered":"<p><strong>STYROPMIN XPS 300 SF<\/strong> &#8212; ekstrud\u0113tais putupolistirols, gluda virsma, (ar pus spundi) \/ Lieliski piem\u0113rots gr\u012bd\u0101m, Jumtiem un pamatu siltin\u0101\u0161anai<\/p>\n<p>*<strong>SF =<\/strong>\u00a0<strong>Malas ar pus spundi\u00a0<\/strong><\/p>\n<p>STYROPMIN &#8212; \u013coti pla\u0161i izmantojams termoizol\u0101cijas materi\u0101ls. Vien\u0101d\u0101s un regul\u0101r\u0101s formas izol\u0101cijas pl\u0101tnes ir piem\u0113rotas da\u017e\u0101diem darbiem \u2013 s\u0101kot no pret sala aizsardz\u012bbas l\u012bdz pat \u0113kas pamatu, pagraba, jumta, sienu u. c. da\u013cu termoizol\u0101cijai.<\/p>\n<ul>\n<li>Nodro\u0161ina efekt\u012bvu siltumizol\u0101ciju<\/li>\n<li>Zema \u016bdens absorbcija<\/li>\n<li>Iztur\u012bba pret slodz\u0113m (stipr\u012bba)<\/li>\n<li>Iztur\u012bba pret sasal\u0161anas un atku\u0161anas cikliem<\/li>\n<li>\u012apa\u0161\u012bbas nav atkar\u012bgas no apst\u0101k\u013cu mai\u0146as<\/li>\n<li>Neizdala vesel\u012bbai kait\u012bgas da\u013ci\u0146as un g\u0101zes<\/li>\n<li>Ilggad\u012bgas<\/li>\n<li>Viegli lietojamas<\/li>\n<li>Tiek ra\u017eotas, aizsarg\u0101jot vidi<\/li>\n<li>100% p\u0101rstr\u0101d\u0101jamas<\/li>\n<\/ul>\n<p>&nbsp;<\/p>\n","protected":false},"excerpt":{"rendered":"<p>STYROPMIN XPS 300 SF &#8212; ekstrud\u0113tais putupolistirols, gluda virsma, (ar pus spundi) \/ Lieliski piem\u0113rots gr\u012bd\u0101m, Jumtiem un pamatu siltin\u0101\u0161anai<\/p>\n","protected":false},"featured_media":36158,"template":"","meta":{"_acf_changed":false},"product_cat":[480,486],"product_tag":[],"class_list":{"0":"post-36194","1":"product","2":"type-product","3":"status-publish","4":"has-post-thumbnail","6":"product_cat-siltumizolacijas-materiali-ru","7":"product_cat-486","9":"first","10":"instock","11":"taxable","12":"shipping-taxable","13":"purchasable","14":"product-type-variable"},"acf":[],"yoast_head":"<!-- This site is optimized with the Yoast SEO plugin v24.2 - https:\/\/yoast.com\/wordpress\/plugins\/seo\/ -->\n<title>STYROPMIN XPS 300 SF ekstrud\u0113tais putupolistirols (ar pus spundi) &#8226; Vides Tehnika<\/title>\n<meta name=\"robots\" content=\"index, follow, max-snippet:-1, max-image-preview:large, max-video-preview:-1\" \/>\n<link rel=\"canonical\" href=\"https:\/\/videstehnika.lv\/ru\/magazin\/siltumizolacijas-materiali\/putuplasts-siltumizolacijai\/styropmin-xps-300-sf-ekstrudetais-putupolistirols-styropmin-xps-300-sf-ekstrudetais-putupolistirols-ar-pus-spundi\/\" \/>\n<meta property=\"og:locale\" content=\"ru_RU\" \/>\n<meta property=\"og:type\" content=\"article\" \/>\n<meta property=\"og:title\" content=\"STYROPMIN XPS 300 SF ekstrud\u0113tais putupolistirols (ar pus spundi) &#8226; Vides Tehnika\" \/>\n<meta property=\"og:description\" content=\"STYROPMIN XPS 300 SF &#8212; ekstrud\u0113tais putupolistirols, gluda virsma, (ar pus spundi) \/ Lieliski piem\u0113rots gr\u012bd\u0101m, Jumtiem un pamatu siltin\u0101\u0161anai\" \/>\n<meta property=\"og:url\" content=\"https:\/\/videstehnika.lv\/ru\/magazin\/siltumizolacijas-materiali\/putuplasts-siltumizolacijai\/styropmin-xps-300-sf-ekstrudetais-putupolistirols-styropmin-xps-300-sf-ekstrudetais-putupolistirols-ar-pus-spundi\/\" \/>\n<meta property=\"og:site_name\" content=\"Vides Tehnika\" \/>\n<meta property=\"article:modified_time\" content=\"2024-08-06T11:29:56+00:00\" \/>\n<meta property=\"og:image\" content=\"https:\/\/videstehnika.lv\/wp-content\/uploads\/2024\/07\/STYROPMIN_XPS300_SF-1.jpeg\" \/>\n\t<meta property=\"og:image:width\" content=\"2500\" \/>\n\t<meta property=\"og:image:height\" content=\"2000\" \/>\n\t<meta property=\"og:image:type\" content=\"image\/jpeg\" \/>\n<meta name=\"twitter:card\" content=\"summary_large_image\" \/>\n<meta name=\"twitter:label1\" content=\"\u041f\u0440\u0438\u043c\u0435\u0440\u043d\u043e\u0435 \u0432\u0440\u0435\u043c\u044f \u0434\u043b\u044f \u0447\u0442\u0435\u043d\u0438\u044f\" \/>\n\t<meta name=\"twitter:data1\" content=\"1 \u043c\u0438\u043d\u0443\u0442\u0430\" \/>\n<script type=\"application\/ld+json\" class=\"yoast-schema-graph\">{\"@context\":\"https:\/\/schema.org\",\"@graph\":[{\"@type\":\"WebPage\",\"@id\":\"https:\/\/videstehnika.lv\/ru\/magazin\/siltumizolacijas-materiali\/putuplasts-siltumizolacijai\/styropmin-xps-300-sf-ekstrudetais-putupolistirols-styropmin-xps-300-sf-ekstrudetais-putupolistirols-ar-pus-spundi\/\",\"url\":\"https:\/\/videstehnika.lv\/ru\/magazin\/siltumizolacijas-materiali\/putuplasts-siltumizolacijai\/styropmin-xps-300-sf-ekstrudetais-putupolistirols-styropmin-xps-300-sf-ekstrudetais-putupolistirols-ar-pus-spundi\/\",\"name\":\"STYROPMIN XPS 300 SF ekstrud\u0113tais putupolistirols (ar pus spundi) &#8226; Vides Tehnika\",\"isPartOf\":{\"@id\":\"https:\/\/videstehnika.lv\/ru\/#website\"},\"primaryImageOfPage\":{\"@id\":\"https:\/\/videstehnika.lv\/ru\/magazin\/siltumizolacijas-materiali\/putuplasts-siltumizolacijai\/styropmin-xps-300-sf-ekstrudetais-putupolistirols-styropmin-xps-300-sf-ekstrudetais-putupolistirols-ar-pus-spundi\/#primaryimage\"},\"image\":{\"@id\":\"https:\/\/videstehnika.lv\/ru\/magazin\/siltumizolacijas-materiali\/putuplasts-siltumizolacijai\/styropmin-xps-300-sf-ekstrudetais-putupolistirols-styropmin-xps-300-sf-ekstrudetais-putupolistirols-ar-pus-spundi\/#primaryimage\"},\"thumbnailUrl\":\"https:\/\/videstehnika.lv\/wp-content\/uploads\/2024\/07\/STYROPMIN_XPS300_SF-1.jpeg\",\"datePublished\":\"2024-07-10T11:31:28+00:00\",\"dateModified\":\"2024-08-06T11:29:56+00:00\",\"breadcrumb\":{\"@id\":\"https:\/\/videstehnika.lv\/ru\/magazin\/siltumizolacijas-materiali\/putuplasts-siltumizolacijai\/styropmin-xps-300-sf-ekstrudetais-putupolistirols-styropmin-xps-300-sf-ekstrudetais-putupolistirols-ar-pus-spundi\/#breadcrumb\"},\"inLanguage\":\"ru-RU\",\"potentialAction\":[{\"@type\":\"ReadAction\",\"target\":[\"https:\/\/videstehnika.lv\/ru\/magazin\/siltumizolacijas-materiali\/putuplasts-siltumizolacijai\/styropmin-xps-300-sf-ekstrudetais-putupolistirols-styropmin-xps-300-sf-ekstrudetais-putupolistirols-ar-pus-spundi\/\"]}]},{\"@type\":\"ImageObject\",\"inLanguage\":\"ru-RU\",\"@id\":\"https:\/\/videstehnika.lv\/ru\/magazin\/siltumizolacijas-materiali\/putuplasts-siltumizolacijai\/styropmin-xps-300-sf-ekstrudetais-putupolistirols-styropmin-xps-300-sf-ekstrudetais-putupolistirols-ar-pus-spundi\/#primaryimage\",\"url\":\"https:\/\/videstehnika.lv\/wp-content\/uploads\/2024\/07\/STYROPMIN_XPS300_SF-1.jpeg\",\"contentUrl\":\"https:\/\/videstehnika.lv\/wp-content\/uploads\/2024\/07\/STYROPMIN_XPS300_SF-1.jpeg\",\"width\":2500,\"height\":2000},{\"@type\":\"BreadcrumbList\",\"@id\":\"https:\/\/videstehnika.lv\/ru\/magazin\/siltumizolacijas-materiali\/putuplasts-siltumizolacijai\/styropmin-xps-300-sf-ekstrudetais-putupolistirols-styropmin-xps-300-sf-ekstrudetais-putupolistirols-ar-pus-spundi\/#breadcrumb\",\"itemListElement\":[{\"@type\":\"ListItem\",\"position\":1,\"name\":\"Home\",\"item\":\"https:\/\/videstehnika.lv\/ru\/\"},{\"@type\":\"ListItem\",\"position\":2,\"name\":\"Katalogs\",\"item\":\"https:\/\/videstehnika.lv\/ru\/katalogs\/\"},{\"@type\":\"ListItem\",\"position\":3,\"name\":\"STYROPMIN XPS 300 SF ekstrud\u0113tais putupolistirols (ar pus spundi)\"}]},{\"@type\":\"WebSite\",\"@id\":\"https:\/\/videstehnika.lv\/ru\/#website\",\"url\":\"https:\/\/videstehnika.lv\/ru\/\",\"name\":\"Vides Tehnika\",\"description\":\"\",\"potentialAction\":[{\"@type\":\"SearchAction\",\"target\":{\"@type\":\"EntryPoint\",\"urlTemplate\":\"https:\/\/videstehnika.lv\/ru\/?s={search_term_string}\"},\"query-input\":{\"@type\":\"PropertyValueSpecification\",\"valueRequired\":true,\"valueName\":\"search_term_string\"}}],\"inLanguage\":\"ru-RU\"}]}<\/script>\n<!-- \/ Yoast SEO plugin. -->","yoast_head_json":{"title":"STYROPMIN XPS 300 SF ekstrud\u0113tais putupolistirols (ar pus spundi) &#8226; Vides Tehnika","robots":{"index":"index","follow":"follow","max-snippet":"max-snippet:-1","max-image-preview":"max-image-preview:large","max-video-preview":"max-video-preview:-1"},"canonical":"https:\/\/videstehnika.lv\/ru\/magazin\/siltumizolacijas-materiali\/putuplasts-siltumizolacijai\/styropmin-xps-300-sf-ekstrudetais-putupolistirols-styropmin-xps-300-sf-ekstrudetais-putupolistirols-ar-pus-spundi\/","og_locale":"ru_RU","og_type":"article","og_title":"STYROPMIN XPS 300 SF ekstrud\u0113tais putupolistirols (ar pus spundi) &#8226; Vides Tehnika","og_description":"STYROPMIN XPS 300 SF &#8212; ekstrud\u0113tais putupolistirols, gluda virsma, (ar pus spundi) \/ Lieliski piem\u0113rots gr\u012bd\u0101m, Jumtiem un pamatu siltin\u0101\u0161anai","og_url":"https:\/\/videstehnika.lv\/ru\/magazin\/siltumizolacijas-materiali\/putuplasts-siltumizolacijai\/styropmin-xps-300-sf-ekstrudetais-putupolistirols-styropmin-xps-300-sf-ekstrudetais-putupolistirols-ar-pus-spundi\/","og_site_name":"Vides Tehnika","article_modified_time":"2024-08-06T11:29:56+00:00","og_image":[{"width":2500,"height":2000,"url":"https:\/\/videstehnika.lv\/wp-content\/uploads\/2024\/07\/STYROPMIN_XPS300_SF-1.jpeg","type":"image\/jpeg"}],"twitter_card":"summary_large_image","twitter_misc":{"\u041f\u0440\u0438\u043c\u0435\u0440\u043d\u043e\u0435 \u0432\u0440\u0435\u043c\u044f \u0434\u043b\u044f \u0447\u0442\u0435\u043d\u0438\u044f":"1 \u043c\u0438\u043d\u0443\u0442\u0430"},"schema":{"@context":"https:\/\/schema.org","@graph":[{"@type":"WebPage","@id":"https:\/\/videstehnika.lv\/ru\/magazin\/siltumizolacijas-materiali\/putuplasts-siltumizolacijai\/styropmin-xps-300-sf-ekstrudetais-putupolistirols-styropmin-xps-300-sf-ekstrudetais-putupolistirols-ar-pus-spundi\/","url":"https:\/\/videstehnika.lv\/ru\/magazin\/siltumizolacijas-materiali\/putuplasts-siltumizolacijai\/styropmin-xps-300-sf-ekstrudetais-putupolistirols-styropmin-xps-300-sf-ekstrudetais-putupolistirols-ar-pus-spundi\/","name":"STYROPMIN XPS 300 SF ekstrud\u0113tais putupolistirols (ar pus spundi) &#8226; Vides Tehnika","isPartOf":{"@id":"https:\/\/videstehnika.lv\/ru\/#website"},"primaryImageOfPage":{"@id":"https:\/\/videstehnika.lv\/ru\/magazin\/siltumizolacijas-materiali\/putuplasts-siltumizolacijai\/styropmin-xps-300-sf-ekstrudetais-putupolistirols-styropmin-xps-300-sf-ekstrudetais-putupolistirols-ar-pus-spundi\/#primaryimage"},"image":{"@id":"https:\/\/videstehnika.lv\/ru\/magazin\/siltumizolacijas-materiali\/putuplasts-siltumizolacijai\/styropmin-xps-300-sf-ekstrudetais-putupolistirols-styropmin-xps-300-sf-ekstrudetais-putupolistirols-ar-pus-spundi\/#primaryimage"},"thumbnailUrl":"https:\/\/videstehnika.lv\/wp-content\/uploads\/2024\/07\/STYROPMIN_XPS300_SF-1.jpeg","datePublished":"2024-07-10T11:31:28+00:00","dateModified":"2024-08-06T11:29:56+00:00","breadcrumb":{"@id":"https:\/\/videstehnika.lv\/ru\/magazin\/siltumizolacijas-materiali\/putuplasts-siltumizolacijai\/styropmin-xps-300-sf-ekstrudetais-putupolistirols-styropmin-xps-300-sf-ekstrudetais-putupolistirols-ar-pus-spundi\/#breadcrumb"},"inLanguage":"ru-RU","potentialAction":[{"@type":"ReadAction","target":["https:\/\/videstehnika.lv\/ru\/magazin\/siltumizolacijas-materiali\/putuplasts-siltumizolacijai\/styropmin-xps-300-sf-ekstrudetais-putupolistirols-styropmin-xps-300-sf-ekstrudetais-putupolistirols-ar-pus-spundi\/"]}]},{"@type":"ImageObject","inLanguage":"ru-RU","@id":"https:\/\/videstehnika.lv\/ru\/magazin\/siltumizolacijas-materiali\/putuplasts-siltumizolacijai\/styropmin-xps-300-sf-ekstrudetais-putupolistirols-styropmin-xps-300-sf-ekstrudetais-putupolistirols-ar-pus-spundi\/#primaryimage","url":"https:\/\/videstehnika.lv\/wp-content\/uploads\/2024\/07\/STYROPMIN_XPS300_SF-1.jpeg","contentUrl":"https:\/\/videstehnika.lv\/wp-content\/uploads\/2024\/07\/STYROPMIN_XPS300_SF-1.jpeg","width":2500,"height":2000},{"@type":"BreadcrumbList","@id":"https:\/\/videstehnika.lv\/ru\/magazin\/siltumizolacijas-materiali\/putuplasts-siltumizolacijai\/styropmin-xps-300-sf-ekstrudetais-putupolistirols-styropmin-xps-300-sf-ekstrudetais-putupolistirols-ar-pus-spundi\/#breadcrumb","itemListElement":[{"@type":"ListItem","position":1,"name":"Home","item":"https:\/\/videstehnika.lv\/ru\/"},{"@type":"ListItem","position":2,"name":"Katalogs","item":"https:\/\/videstehnika.lv\/ru\/katalogs\/"},{"@type":"ListItem","position":3,"name":"STYROPMIN XPS 300 SF ekstrud\u0113tais putupolistirols (ar pus spundi)"}]},{"@type":"WebSite","@id":"https:\/\/videstehnika.lv\/ru\/#website","url":"https:\/\/videstehnika.lv\/ru\/","name":"Vides Tehnika","description":"","potentialAction":[{"@type":"SearchAction","target":{"@type":"EntryPoint","urlTemplate":"https:\/\/videstehnika.lv\/ru\/?s={search_term_string}"},"query-input":{"@type":"PropertyValueSpecification","valueRequired":true,"valueName":"search_term_string"}}],"inLanguage":"ru-RU"}]}},"_links":{"self":[{"href":"https:\/\/videstehnika.lv\/ru\/wp-json\/wp\/v2\/product\/36194","targetHints":{"allow":["GET"]}}],"collection":[{"href":"https:\/\/videstehnika.lv\/ru\/wp-json\/wp\/v2\/product"}],"about":[{"href":"https:\/\/videstehnika.lv\/ru\/wp-json\/wp\/v2\/types\/product"}],"wp:featuredmedia":[{"embeddable":true,"href":"https:\/\/videstehnika.lv\/ru\/wp-json\/wp\/v2\/media\/36158"}],"wp:attachment":[{"href":"https:\/\/videstehnika.lv\/ru\/wp-json\/wp\/v2\/media?parent=36194"}],"wp:term":[{"taxonomy":"product_cat","embeddable":true,"href":"https:\/\/videstehnika.lv\/ru\/wp-json\/wp\/v2\/product_cat?post=36194"},{"taxonomy":"product_tag","embeddable":true,"href":"https:\/\/videstehnika.lv\/ru\/wp-json\/wp\/v2\/product_tag?post=36194"}],"curies":[{"name":"wp","href":"https:\/\/api.w.org\/{rel}","templated":true}]}}