{"id":37580,"date":"2024-07-25T16:11:02","date_gmt":"2024-07-25T13:11:02","guid":{"rendered":"https:\/\/videstehnika.lv\/?post_type=product&#038;p=37580"},"modified":"2024-07-25T16:11:02","modified_gmt":"2024-07-25T13:11:02","slug":"syd-viken-izvelkamais-aluminija-darza-galds-160-210x100-cm","status":"publish","type":"product","link":"https:\/\/videstehnika.lv\/katalogs\/darza-mebeles\/syd-viken-izvelkamais-aluminija-darza-galds-160-210x100-cm\/","title":{"rendered":"SYD Viken izvelkamais alum\u012bnija d\u0101rza galds, 160\/210&#215;100 cm"},"content":{"rendered":"<h2>SYD Viken izvelkamais pusdienu galds d\u0101rzam un \u0101ram, 160\/210&#215;100 cm<\/h2>\n<p>Augst\u0101k\u0101s kvalit\u0101tes alum\u012bnijs.<br \/>\nBalt\u0101 kr\u0101sa<br \/>\nIzm\u0113ri 160\/210&#215;100 cm<br \/>\nSvars 28kg<br \/>\n\u012apa\u0161\u012bbas: Izvelkams, elektrostatisk\u0101 pulverkr\u0101sa, 1,3 mm alum\u012bnijs ar dubultu iek\u0161\u0113jo staru, augsta laika apst\u0101k\u013cu iztur\u012bba, augst\u0101k\u0101s kvalit\u0101tes materi\u0101li<\/p>\n","protected":false},"excerpt":{"rendered":"<p>SYD Viken izvelkamais pusdienu galds d\u0101rzam un \u0101ram, 160\/210&#215;100 cm Augst\u0101k\u0101s kvalit\u0101tes alum\u012bnijs. Balt\u0101 kr\u0101sa Izm\u0113ri 160\/210&#215;100 cm Svars 28kg<\/p>\n","protected":false},"featured_media":37581,"template":"","meta":{"_acf_changed":false},"product_cat":[5294,5296],"product_tag":[],"class_list":{"0":"post-37580","1":"product","2":"type-product","3":"status-publish","4":"has-post-thumbnail","6":"product_cat-darza-mebeles","7":"product_cat-galdi","9":"first","10":"instock","11":"taxable","12":"shipping-taxable","13":"purchasable","14":"product-type-simple"},"acf":[],"yoast_head":"<!-- This site is optimized with the Yoast SEO plugin v24.2 - https:\/\/yoast.com\/wordpress\/plugins\/seo\/ -->\n<title>SYD Viken izvelkamais alum\u012bnija d\u0101rza galds, 160\/210x100 cm &#8226; Vides Tehnika<\/title>\n<meta name=\"robots\" content=\"index, follow, max-snippet:-1, max-image-preview:large, max-video-preview:-1\" \/>\n<link rel=\"canonical\" href=\"https:\/\/videstehnika.lv\/ru\/katalogs\/darza-mebeles\/syd-viken-izvelkamais-aluminija-darza-galds-160-210x100-cm\/\" \/>\n<meta property=\"og:locale\" content=\"ru_RU\" \/>\n<meta property=\"og:type\" content=\"article\" \/>\n<meta property=\"og:title\" content=\"SYD Viken izvelkamais alum\u012bnija d\u0101rza galds, 160\/210x100 cm &#8226; Vides Tehnika\" \/>\n<meta property=\"og:description\" content=\"SYD Viken izvelkamais pusdienu galds d\u0101rzam un \u0101ram, 160\/210&#215;100 cm Augst\u0101k\u0101s kvalit\u0101tes alum\u012bnijs. Balt\u0101 kr\u0101sa Izm\u0113ri 160\/210&#215;100 cm Svars 28kg\" \/>\n<meta property=\"og:url\" content=\"https:\/\/videstehnika.lv\/katalogs\/darza-mebeles\/syd-viken-izvelkamais-aluminija-darza-galds-160-210x100-cm\/\" \/>\n<meta property=\"og:site_name\" content=\"Vides Tehnika\" \/>\n<meta property=\"og:image\" content=\"https:\/\/videstehnika.lv\/wp-content\/uploads\/2024\/07\/51vJKsopqaL._AC_SL1500_.jpg\" \/>\n\t<meta property=\"og:image:width\" content=\"1500\" \/>\n\t<meta property=\"og:image:height\" content=\"802\" \/>\n\t<meta property=\"og:image:type\" content=\"image\/jpeg\" \/>\n<meta name=\"twitter:card\" content=\"summary_large_image\" \/>\n<meta name=\"twitter:label1\" content=\"\u041f\u0440\u0438\u043c\u0435\u0440\u043d\u043e\u0435 \u0432\u0440\u0435\u043c\u044f \u0434\u043b\u044f \u0447\u0442\u0435\u043d\u0438\u044f\" \/>\n\t<meta name=\"twitter:data1\" content=\"1 \u043c\u0438\u043d\u0443\u0442\u0430\" \/>\n<script type=\"application\/ld+json\" class=\"yoast-schema-graph\">{\"@context\":\"https:\/\/schema.org\",\"@graph\":[{\"@type\":\"WebPage\",\"@id\":\"https:\/\/videstehnika.lv\/katalogs\/darza-mebeles\/syd-viken-izvelkamais-aluminija-darza-galds-160-210x100-cm\/\",\"url\":\"https:\/\/videstehnika.lv\/katalogs\/darza-mebeles\/syd-viken-izvelkamais-aluminija-darza-galds-160-210x100-cm\/\",\"name\":\"SYD Viken izvelkamais alum\u012bnija d\u0101rza galds, 160\/210x100 cm &#8226; Vides Tehnika\",\"isPartOf\":{\"@id\":\"https:\/\/videstehnika.lv\/ru\/#website\"},\"primaryImageOfPage\":{\"@id\":\"https:\/\/videstehnika.lv\/katalogs\/darza-mebeles\/syd-viken-izvelkamais-aluminija-darza-galds-160-210x100-cm\/#primaryimage\"},\"image\":{\"@id\":\"https:\/\/videstehnika.lv\/katalogs\/darza-mebeles\/syd-viken-izvelkamais-aluminija-darza-galds-160-210x100-cm\/#primaryimage\"},\"thumbnailUrl\":\"https:\/\/videstehnika.lv\/wp-content\/uploads\/2024\/07\/51vJKsopqaL._AC_SL1500_.jpg\",\"datePublished\":\"2024-07-25T13:11:02+00:00\",\"dateModified\":\"2024-07-25T13:11:02+00:00\",\"breadcrumb\":{\"@id\":\"https:\/\/videstehnika.lv\/katalogs\/darza-mebeles\/syd-viken-izvelkamais-aluminija-darza-galds-160-210x100-cm\/#breadcrumb\"},\"inLanguage\":\"ru-RU\",\"potentialAction\":[{\"@type\":\"ReadAction\",\"target\":[\"https:\/\/videstehnika.lv\/katalogs\/darza-mebeles\/syd-viken-izvelkamais-aluminija-darza-galds-160-210x100-cm\/\"]}]},{\"@type\":\"ImageObject\",\"inLanguage\":\"ru-RU\",\"@id\":\"https:\/\/videstehnika.lv\/katalogs\/darza-mebeles\/syd-viken-izvelkamais-aluminija-darza-galds-160-210x100-cm\/#primaryimage\",\"url\":\"https:\/\/videstehnika.lv\/wp-content\/uploads\/2024\/07\/51vJKsopqaL._AC_SL1500_.jpg\",\"contentUrl\":\"https:\/\/videstehnika.lv\/wp-content\/uploads\/2024\/07\/51vJKsopqaL._AC_SL1500_.jpg\",\"width\":1500,\"height\":802},{\"@type\":\"BreadcrumbList\",\"@id\":\"https:\/\/videstehnika.lv\/katalogs\/darza-mebeles\/syd-viken-izvelkamais-aluminija-darza-galds-160-210x100-cm\/#breadcrumb\",\"itemListElement\":[{\"@type\":\"ListItem\",\"position\":1,\"name\":\"Home\",\"item\":\"https:\/\/videstehnika.lv\/ru\/\"},{\"@type\":\"ListItem\",\"position\":2,\"name\":\"Katalogs\",\"item\":\"https:\/\/videstehnika.lv\/ru\/katalogs\/\"},{\"@type\":\"ListItem\",\"position\":3,\"name\":\"SYD Viken izvelkamais alum\u012bnija d\u0101rza galds, 160\/210&#215;100 cm\"}]},{\"@type\":\"WebSite\",\"@id\":\"https:\/\/videstehnika.lv\/ru\/#website\",\"url\":\"https:\/\/videstehnika.lv\/ru\/\",\"name\":\"Vides Tehnika\",\"description\":\"\",\"potentialAction\":[{\"@type\":\"SearchAction\",\"target\":{\"@type\":\"EntryPoint\",\"urlTemplate\":\"https:\/\/videstehnika.lv\/ru\/?s={search_term_string}\"},\"query-input\":{\"@type\":\"PropertyValueSpecification\",\"valueRequired\":true,\"valueName\":\"search_term_string\"}}],\"inLanguage\":\"ru-RU\"}]}<\/script>\n<!-- \/ Yoast SEO plugin. -->","yoast_head_json":{"title":"SYD Viken izvelkamais alum\u012bnija d\u0101rza galds, 160\/210x100 cm &#8226; Vides Tehnika","robots":{"index":"index","follow":"follow","max-snippet":"max-snippet:-1","max-image-preview":"max-image-preview:large","max-video-preview":"max-video-preview:-1"},"canonical":"https:\/\/videstehnika.lv\/ru\/katalogs\/darza-mebeles\/syd-viken-izvelkamais-aluminija-darza-galds-160-210x100-cm\/","og_locale":"ru_RU","og_type":"article","og_title":"SYD Viken izvelkamais alum\u012bnija d\u0101rza galds, 160\/210x100 cm &#8226; Vides Tehnika","og_description":"SYD Viken izvelkamais pusdienu galds d\u0101rzam un \u0101ram, 160\/210&#215;100 cm Augst\u0101k\u0101s kvalit\u0101tes alum\u012bnijs. Balt\u0101 kr\u0101sa Izm\u0113ri 160\/210&#215;100 cm Svars 28kg","og_url":"https:\/\/videstehnika.lv\/katalogs\/darza-mebeles\/syd-viken-izvelkamais-aluminija-darza-galds-160-210x100-cm\/","og_site_name":"Vides Tehnika","og_image":[{"width":1500,"height":802,"url":"https:\/\/videstehnika.lv\/wp-content\/uploads\/2024\/07\/51vJKsopqaL._AC_SL1500_.jpg","type":"image\/jpeg"}],"twitter_card":"summary_large_image","twitter_misc":{"\u041f\u0440\u0438\u043c\u0435\u0440\u043d\u043e\u0435 \u0432\u0440\u0435\u043c\u044f \u0434\u043b\u044f \u0447\u0442\u0435\u043d\u0438\u044f":"1 \u043c\u0438\u043d\u0443\u0442\u0430"},"schema":{"@context":"https:\/\/schema.org","@graph":[{"@type":"WebPage","@id":"https:\/\/videstehnika.lv\/katalogs\/darza-mebeles\/syd-viken-izvelkamais-aluminija-darza-galds-160-210x100-cm\/","url":"https:\/\/videstehnika.lv\/katalogs\/darza-mebeles\/syd-viken-izvelkamais-aluminija-darza-galds-160-210x100-cm\/","name":"SYD Viken izvelkamais alum\u012bnija d\u0101rza galds, 160\/210x100 cm &#8226; Vides Tehnika","isPartOf":{"@id":"https:\/\/videstehnika.lv\/ru\/#website"},"primaryImageOfPage":{"@id":"https:\/\/videstehnika.lv\/katalogs\/darza-mebeles\/syd-viken-izvelkamais-aluminija-darza-galds-160-210x100-cm\/#primaryimage"},"image":{"@id":"https:\/\/videstehnika.lv\/katalogs\/darza-mebeles\/syd-viken-izvelkamais-aluminija-darza-galds-160-210x100-cm\/#primaryimage"},"thumbnailUrl":"https:\/\/videstehnika.lv\/wp-content\/uploads\/2024\/07\/51vJKsopqaL._AC_SL1500_.jpg","datePublished":"2024-07-25T13:11:02+00:00","dateModified":"2024-07-25T13:11:02+00:00","breadcrumb":{"@id":"https:\/\/videstehnika.lv\/katalogs\/darza-mebeles\/syd-viken-izvelkamais-aluminija-darza-galds-160-210x100-cm\/#breadcrumb"},"inLanguage":"ru-RU","potentialAction":[{"@type":"ReadAction","target":["https:\/\/videstehnika.lv\/katalogs\/darza-mebeles\/syd-viken-izvelkamais-aluminija-darza-galds-160-210x100-cm\/"]}]},{"@type":"ImageObject","inLanguage":"ru-RU","@id":"https:\/\/videstehnika.lv\/katalogs\/darza-mebeles\/syd-viken-izvelkamais-aluminija-darza-galds-160-210x100-cm\/#primaryimage","url":"https:\/\/videstehnika.lv\/wp-content\/uploads\/2024\/07\/51vJKsopqaL._AC_SL1500_.jpg","contentUrl":"https:\/\/videstehnika.lv\/wp-content\/uploads\/2024\/07\/51vJKsopqaL._AC_SL1500_.jpg","width":1500,"height":802},{"@type":"BreadcrumbList","@id":"https:\/\/videstehnika.lv\/katalogs\/darza-mebeles\/syd-viken-izvelkamais-aluminija-darza-galds-160-210x100-cm\/#breadcrumb","itemListElement":[{"@type":"ListItem","position":1,"name":"Home","item":"https:\/\/videstehnika.lv\/ru\/"},{"@type":"ListItem","position":2,"name":"Katalogs","item":"https:\/\/videstehnika.lv\/ru\/katalogs\/"},{"@type":"ListItem","position":3,"name":"SYD Viken izvelkamais alum\u012bnija d\u0101rza galds, 160\/210&#215;100 cm"}]},{"@type":"WebSite","@id":"https:\/\/videstehnika.lv\/ru\/#website","url":"https:\/\/videstehnika.lv\/ru\/","name":"Vides Tehnika","description":"","potentialAction":[{"@type":"SearchAction","target":{"@type":"EntryPoint","urlTemplate":"https:\/\/videstehnika.lv\/ru\/?s={search_term_string}"},"query-input":{"@type":"PropertyValueSpecification","valueRequired":true,"valueName":"search_term_string"}}],"inLanguage":"ru-RU"}]}},"_links":{"self":[{"href":"https:\/\/videstehnika.lv\/ru\/wp-json\/wp\/v2\/product\/37580","targetHints":{"allow":["GET"]}}],"collection":[{"href":"https:\/\/videstehnika.lv\/ru\/wp-json\/wp\/v2\/product"}],"about":[{"href":"https:\/\/videstehnika.lv\/ru\/wp-json\/wp\/v2\/types\/product"}],"wp:featuredmedia":[{"embeddable":true,"href":"https:\/\/videstehnika.lv\/ru\/wp-json\/wp\/v2\/media\/37581"}],"wp:attachment":[{"href":"https:\/\/videstehnika.lv\/ru\/wp-json\/wp\/v2\/media?parent=37580"}],"wp:term":[{"taxonomy":"product_cat","embeddable":true,"href":"https:\/\/videstehnika.lv\/ru\/wp-json\/wp\/v2\/product_cat?post=37580"},{"taxonomy":"product_tag","embeddable":true,"href":"https:\/\/videstehnika.lv\/ru\/wp-json\/wp\/v2\/product_tag?post=37580"}],"curies":[{"name":"wp","href":"https:\/\/api.w.org\/{rel}","templated":true}]}}