{"id":37611,"date":"2024-07-25T16:19:41","date_gmt":"2024-07-25T13:19:41","guid":{"rendered":"https:\/\/videstehnika.lv\/?post_type=product&#038;p=37611"},"modified":"2024-07-25T16:25:28","modified_gmt":"2024-07-25T13:25:28","slug":"viken-taisnstura-darza-galds-160x90x75-cm-copy","status":"publish","type":"product","link":"https:\/\/videstehnika.lv\/katalogs\/darza-mebeles\/viken-taisnstura-darza-galds-160x90x75-cm-copy\/","title":{"rendered":"VIKEN taisnst\u016bra d\u0101rza galds 160x90x75 cm"},"content":{"rendered":"<h2>VIKEN taisnst\u016bra d\u0101rza galds 160x90x75 cm<\/h2>\n<p>Materi\u0101ls: Alum\u012bnijs<br \/>\nKr\u0101sa: br\u016bna<br \/>\nIzm\u0113ri: 160x90x75 cm<\/p>\n","protected":false},"excerpt":{"rendered":"<p>VIKEN taisnst\u016bra d\u0101rza galds 160x90x75 cm Materi\u0101ls: Alum\u012bnijs Kr\u0101sa: br\u016bna Izm\u0113ri: 160x90x75 cm<\/p>\n","protected":false},"featured_media":37612,"template":"","meta":{"_acf_changed":false},"product_cat":[5294,5296],"product_tag":[],"class_list":{"0":"post-37611","1":"product","2":"type-product","3":"status-publish","4":"has-post-thumbnail","6":"product_cat-darza-mebeles","7":"product_cat-galdi","9":"first","10":"instock","11":"taxable","12":"shipping-taxable","13":"purchasable","14":"product-type-simple"},"acf":[],"yoast_head":"<!-- This site is optimized with the Yoast SEO plugin v24.2 - https:\/\/yoast.com\/wordpress\/plugins\/seo\/ -->\n<title>VIKEN taisnst\u016bra d\u0101rza galds 160x90x75 cm &#8226; Vides Tehnika<\/title>\n<meta name=\"robots\" content=\"index, follow, max-snippet:-1, max-image-preview:large, max-video-preview:-1\" \/>\n<link rel=\"canonical\" href=\"https:\/\/videstehnika.lv\/ru\/katalogs\/darza-mebeles\/viken-taisnstura-darza-galds-160x90x75-cm-copy\/\" \/>\n<meta property=\"og:locale\" content=\"ru_RU\" \/>\n<meta property=\"og:type\" content=\"article\" \/>\n<meta property=\"og:title\" content=\"VIKEN taisnst\u016bra d\u0101rza galds 160x90x75 cm &#8226; Vides Tehnika\" \/>\n<meta property=\"og:description\" content=\"VIKEN taisnst\u016bra d\u0101rza galds 160x90x75 cm Materi\u0101ls: Alum\u012bnijs Kr\u0101sa: br\u016bna Izm\u0113ri: 160x90x75 cm\" \/>\n<meta property=\"og:url\" content=\"https:\/\/videstehnika.lv\/katalogs\/darza-mebeles\/viken-taisnstura-darza-galds-160x90x75-cm-copy\/\" \/>\n<meta property=\"og:site_name\" content=\"Vides Tehnika\" \/>\n<meta property=\"article:modified_time\" content=\"2024-07-25T13:25:28+00:00\" \/>\n<meta property=\"og:image\" content=\"https:\/\/videstehnika.lv\/wp-content\/uploads\/2024\/07\/Screenshot-2024-07-25-161217.jpg\" \/>\n\t<meta property=\"og:image:width\" content=\"745\" \/>\n\t<meta property=\"og:image:height\" content=\"748\" \/>\n\t<meta property=\"og:image:type\" content=\"image\/jpeg\" \/>\n<meta name=\"twitter:card\" content=\"summary_large_image\" \/>\n<meta name=\"twitter:label1\" content=\"\u041f\u0440\u0438\u043c\u0435\u0440\u043d\u043e\u0435 \u0432\u0440\u0435\u043c\u044f \u0434\u043b\u044f \u0447\u0442\u0435\u043d\u0438\u044f\" \/>\n\t<meta name=\"twitter:data1\" content=\"1 \u043c\u0438\u043d\u0443\u0442\u0430\" \/>\n<script type=\"application\/ld+json\" class=\"yoast-schema-graph\">{\"@context\":\"https:\/\/schema.org\",\"@graph\":[{\"@type\":\"WebPage\",\"@id\":\"https:\/\/videstehnika.lv\/katalogs\/darza-mebeles\/viken-taisnstura-darza-galds-160x90x75-cm-copy\/\",\"url\":\"https:\/\/videstehnika.lv\/katalogs\/darza-mebeles\/viken-taisnstura-darza-galds-160x90x75-cm-copy\/\",\"name\":\"VIKEN taisnst\u016bra d\u0101rza galds 160x90x75 cm &#8226; Vides Tehnika\",\"isPartOf\":{\"@id\":\"https:\/\/videstehnika.lv\/ru\/#website\"},\"primaryImageOfPage\":{\"@id\":\"https:\/\/videstehnika.lv\/katalogs\/darza-mebeles\/viken-taisnstura-darza-galds-160x90x75-cm-copy\/#primaryimage\"},\"image\":{\"@id\":\"https:\/\/videstehnika.lv\/katalogs\/darza-mebeles\/viken-taisnstura-darza-galds-160x90x75-cm-copy\/#primaryimage\"},\"thumbnailUrl\":\"https:\/\/videstehnika.lv\/wp-content\/uploads\/2024\/07\/Screenshot-2024-07-25-161217.jpg\",\"datePublished\":\"2024-07-25T13:19:41+00:00\",\"dateModified\":\"2024-07-25T13:25:28+00:00\",\"breadcrumb\":{\"@id\":\"https:\/\/videstehnika.lv\/katalogs\/darza-mebeles\/viken-taisnstura-darza-galds-160x90x75-cm-copy\/#breadcrumb\"},\"inLanguage\":\"ru-RU\",\"potentialAction\":[{\"@type\":\"ReadAction\",\"target\":[\"https:\/\/videstehnika.lv\/katalogs\/darza-mebeles\/viken-taisnstura-darza-galds-160x90x75-cm-copy\/\"]}]},{\"@type\":\"ImageObject\",\"inLanguage\":\"ru-RU\",\"@id\":\"https:\/\/videstehnika.lv\/katalogs\/darza-mebeles\/viken-taisnstura-darza-galds-160x90x75-cm-copy\/#primaryimage\",\"url\":\"https:\/\/videstehnika.lv\/wp-content\/uploads\/2024\/07\/Screenshot-2024-07-25-161217.jpg\",\"contentUrl\":\"https:\/\/videstehnika.lv\/wp-content\/uploads\/2024\/07\/Screenshot-2024-07-25-161217.jpg\",\"width\":745,\"height\":748},{\"@type\":\"BreadcrumbList\",\"@id\":\"https:\/\/videstehnika.lv\/katalogs\/darza-mebeles\/viken-taisnstura-darza-galds-160x90x75-cm-copy\/#breadcrumb\",\"itemListElement\":[{\"@type\":\"ListItem\",\"position\":1,\"name\":\"Home\",\"item\":\"https:\/\/videstehnika.lv\/ru\/\"},{\"@type\":\"ListItem\",\"position\":2,\"name\":\"Katalogs\",\"item\":\"https:\/\/videstehnika.lv\/ru\/katalogs\/\"},{\"@type\":\"ListItem\",\"position\":3,\"name\":\"VIKEN taisnst\u016bra d\u0101rza galds 160x90x75 cm\"}]},{\"@type\":\"WebSite\",\"@id\":\"https:\/\/videstehnika.lv\/ru\/#website\",\"url\":\"https:\/\/videstehnika.lv\/ru\/\",\"name\":\"Vides Tehnika\",\"description\":\"\",\"potentialAction\":[{\"@type\":\"SearchAction\",\"target\":{\"@type\":\"EntryPoint\",\"urlTemplate\":\"https:\/\/videstehnika.lv\/ru\/?s={search_term_string}\"},\"query-input\":{\"@type\":\"PropertyValueSpecification\",\"valueRequired\":true,\"valueName\":\"search_term_string\"}}],\"inLanguage\":\"ru-RU\"}]}<\/script>\n<!-- \/ Yoast SEO plugin. -->","yoast_head_json":{"title":"VIKEN taisnst\u016bra d\u0101rza galds 160x90x75 cm &#8226; Vides Tehnika","robots":{"index":"index","follow":"follow","max-snippet":"max-snippet:-1","max-image-preview":"max-image-preview:large","max-video-preview":"max-video-preview:-1"},"canonical":"https:\/\/videstehnika.lv\/ru\/katalogs\/darza-mebeles\/viken-taisnstura-darza-galds-160x90x75-cm-copy\/","og_locale":"ru_RU","og_type":"article","og_title":"VIKEN taisnst\u016bra d\u0101rza galds 160x90x75 cm &#8226; Vides Tehnika","og_description":"VIKEN taisnst\u016bra d\u0101rza galds 160x90x75 cm Materi\u0101ls: Alum\u012bnijs Kr\u0101sa: br\u016bna Izm\u0113ri: 160x90x75 cm","og_url":"https:\/\/videstehnika.lv\/katalogs\/darza-mebeles\/viken-taisnstura-darza-galds-160x90x75-cm-copy\/","og_site_name":"Vides Tehnika","article_modified_time":"2024-07-25T13:25:28+00:00","og_image":[{"width":745,"height":748,"url":"https:\/\/videstehnika.lv\/wp-content\/uploads\/2024\/07\/Screenshot-2024-07-25-161217.jpg","type":"image\/jpeg"}],"twitter_card":"summary_large_image","twitter_misc":{"\u041f\u0440\u0438\u043c\u0435\u0440\u043d\u043e\u0435 \u0432\u0440\u0435\u043c\u044f \u0434\u043b\u044f \u0447\u0442\u0435\u043d\u0438\u044f":"1 \u043c\u0438\u043d\u0443\u0442\u0430"},"schema":{"@context":"https:\/\/schema.org","@graph":[{"@type":"WebPage","@id":"https:\/\/videstehnika.lv\/katalogs\/darza-mebeles\/viken-taisnstura-darza-galds-160x90x75-cm-copy\/","url":"https:\/\/videstehnika.lv\/katalogs\/darza-mebeles\/viken-taisnstura-darza-galds-160x90x75-cm-copy\/","name":"VIKEN taisnst\u016bra d\u0101rza galds 160x90x75 cm &#8226; Vides Tehnika","isPartOf":{"@id":"https:\/\/videstehnika.lv\/ru\/#website"},"primaryImageOfPage":{"@id":"https:\/\/videstehnika.lv\/katalogs\/darza-mebeles\/viken-taisnstura-darza-galds-160x90x75-cm-copy\/#primaryimage"},"image":{"@id":"https:\/\/videstehnika.lv\/katalogs\/darza-mebeles\/viken-taisnstura-darza-galds-160x90x75-cm-copy\/#primaryimage"},"thumbnailUrl":"https:\/\/videstehnika.lv\/wp-content\/uploads\/2024\/07\/Screenshot-2024-07-25-161217.jpg","datePublished":"2024-07-25T13:19:41+00:00","dateModified":"2024-07-25T13:25:28+00:00","breadcrumb":{"@id":"https:\/\/videstehnika.lv\/katalogs\/darza-mebeles\/viken-taisnstura-darza-galds-160x90x75-cm-copy\/#breadcrumb"},"inLanguage":"ru-RU","potentialAction":[{"@type":"ReadAction","target":["https:\/\/videstehnika.lv\/katalogs\/darza-mebeles\/viken-taisnstura-darza-galds-160x90x75-cm-copy\/"]}]},{"@type":"ImageObject","inLanguage":"ru-RU","@id":"https:\/\/videstehnika.lv\/katalogs\/darza-mebeles\/viken-taisnstura-darza-galds-160x90x75-cm-copy\/#primaryimage","url":"https:\/\/videstehnika.lv\/wp-content\/uploads\/2024\/07\/Screenshot-2024-07-25-161217.jpg","contentUrl":"https:\/\/videstehnika.lv\/wp-content\/uploads\/2024\/07\/Screenshot-2024-07-25-161217.jpg","width":745,"height":748},{"@type":"BreadcrumbList","@id":"https:\/\/videstehnika.lv\/katalogs\/darza-mebeles\/viken-taisnstura-darza-galds-160x90x75-cm-copy\/#breadcrumb","itemListElement":[{"@type":"ListItem","position":1,"name":"Home","item":"https:\/\/videstehnika.lv\/ru\/"},{"@type":"ListItem","position":2,"name":"Katalogs","item":"https:\/\/videstehnika.lv\/ru\/katalogs\/"},{"@type":"ListItem","position":3,"name":"VIKEN taisnst\u016bra d\u0101rza galds 160x90x75 cm"}]},{"@type":"WebSite","@id":"https:\/\/videstehnika.lv\/ru\/#website","url":"https:\/\/videstehnika.lv\/ru\/","name":"Vides Tehnika","description":"","potentialAction":[{"@type":"SearchAction","target":{"@type":"EntryPoint","urlTemplate":"https:\/\/videstehnika.lv\/ru\/?s={search_term_string}"},"query-input":{"@type":"PropertyValueSpecification","valueRequired":true,"valueName":"search_term_string"}}],"inLanguage":"ru-RU"}]}},"_links":{"self":[{"href":"https:\/\/videstehnika.lv\/ru\/wp-json\/wp\/v2\/product\/37611","targetHints":{"allow":["GET"]}}],"collection":[{"href":"https:\/\/videstehnika.lv\/ru\/wp-json\/wp\/v2\/product"}],"about":[{"href":"https:\/\/videstehnika.lv\/ru\/wp-json\/wp\/v2\/types\/product"}],"wp:featuredmedia":[{"embeddable":true,"href":"https:\/\/videstehnika.lv\/ru\/wp-json\/wp\/v2\/media\/37612"}],"wp:attachment":[{"href":"https:\/\/videstehnika.lv\/ru\/wp-json\/wp\/v2\/media?parent=37611"}],"wp:term":[{"taxonomy":"product_cat","embeddable":true,"href":"https:\/\/videstehnika.lv\/ru\/wp-json\/wp\/v2\/product_cat?post=37611"},{"taxonomy":"product_tag","embeddable":true,"href":"https:\/\/videstehnika.lv\/ru\/wp-json\/wp\/v2\/product_tag?post=37611"}],"curies":[{"name":"wp","href":"https:\/\/api.w.org\/{rel}","templated":true}]}}