{"id":38077,"date":"2024-08-01T12:42:08","date_gmt":"2024-08-01T09:42:08","guid":{"rendered":"https:\/\/videstehnika.lv\/?post_type=product&#038;p=38077"},"modified":"2025-11-20T14:37:11","modified_gmt":"2025-11-20T12:37:11","slug":"ardex-x701f-elastiga-flizu-lime-c2-te-s1","status":"publish","type":"product","link":"https:\/\/videstehnika.lv\/katalogs\/buvmateriali-buvei-remontam-un-ieksdarbiem\/sausie-maisijumi-ara-darbiem-un-ieksdarbiem\/flizu-limes-uz-cementa-bazes\/ardex-x701f-elastiga-flizu-lime-c2-te-s1\/","title":{"rendered":"ARDEX X701F elast\u012bga fl\u012b\u017eu l\u012bme (C2TE\/ S1)"},"content":{"rendered":"<h2>&#171;ARDEX X701F&#187; elast\u012bg\u0101 fl\u012b\u017eu l\u012bme<\/h2>\n<p>Elast\u012bga fl\u012b\u017eu l\u012bme ARDEX X 701F sala un laika apst\u0101k\u013cus iztur\u012bga, iek\u0161telp\u0101m un \u0101ra darbiem, sien\u0101m un gr\u012bd\u0101m. Uzkl\u0101\u0161anai pl\u0101n\u0101 k\u0101rt\u0101 (l\u012bdz 5 mm). Pateicoties \u012bpa\u0161\u0101m piedev\u0101m samazin\u0101ta ka\u013c\u0137a izsv\u012bdumu veido\u0161an\u0101s. \u013boti ekonomiska l\u012bme ar pagarin\u0101tu l\u012bmes atv\u0113rto laiku, bez nosl\u012bd\u0113\u0161anas un ilgu javas izstr\u0101des laiku.<br \/>\nAtbilst C2 TE \/ S1 klasifik\u0101cijai atbilsto\u0161i standartiem EN 12004 \/ EN 12002.<\/p>\n<h2>&#171;ARDEX X701F&#187; \u012bpa\u0161\u012bbas<\/h2>\n<p>Paaugstin\u0101tas elast\u012bbas fl\u012b\u017eu l\u012bme ar pagarin\u0101tu l\u012bm\u0113\u0161anas laiku un notur\u012bbu pret nosl\u012bd\u0113\u0161anu.<br \/>\nCementa b\u0101zes.<br \/>\nAtbilst C2 TE \/ S1 (EN 12 004 \/ EN 12 002)<br \/>\n\u0100rdarbiem un iek\u0161darbiem.<br \/>\nGr\u012bd\u0101m un sien\u0101m.<br \/>\nSaus\u0101m un mitr\u0101m telp\u0101m, baseiniem, balkoniem, fas\u0101d\u0113m.<br \/>\nBez ka\u013c\u0137a izsv\u012bdumiem (k\u0101pnes, fas\u0101des).<br \/>\n\u016adens un sala iztur\u012bga.<br \/>\n\u013boti ekonomiska.<br \/>\n\u012apa\u0161as piedevas aizsarg\u0101 no atmosf\u0113ras ietekmes.<\/p>\n<h2>&#171;ARDEX X701F&#187; pielietojums<\/h2>\n<p>Elast\u012bga fl\u012b\u017eu l\u012bme ARDEX X 701F paredz\u0113ta keramikas, porcel\u0101na, akmens masas un klinkera fl\u012b\u017eu, stikla un porcel\u0101na moza\u012bkas, pret mitrumu iztur\u012bga dab\u012bg\u0101 akmens pl\u0101t\u0146u, betona pl\u0101t\u0146u, l\u012bm\u0113\u0161anai. Piem\u0113rotu celtniec\u012bb\u0101 izmantojamo pl\u0101t\u0146u, piem\u0113ram, \u0123ip\u0161kartona, miner\u0101l\u0161\u0137iedru un putuplasta izol\u0101cijas pl\u0101t\u0146u, pl\u0101t\u0146u elementu (ciet\u0101 putuplasta izol\u0101cijas pl\u0101t\u0146u ar javas k\u0101rtu ab\u0101s pus\u0113s) l\u012bm\u0113\u0161anai un stiprin\u0101\u0161anai. Keramikas fl\u012b\u017eu l\u012bm\u0113\u0161anai uz fas\u0101d\u0113m. Fl\u012b\u017eu l\u012bm\u0113\u0161anai baseinos.<br \/>\nFl\u012b\u017eu un akmens l\u012bm\u0113\u0161anai pie betona un cementa, magnez\u012bta un anhidr\u012bta, k\u0101 ar\u012b pie asfalta mastikas kloniem, cementa, ka\u013c\u0137a-cementa un \u0123ip\u0161a apmetumiem, \u0123ip\u0161kartona loksn\u0113m, g\u0101zbetona, eso\u0161iem fl\u012b\u017eu segumiem. Var kl\u0101t uz betona un m\u016bra, kur\u0161 ir vismaz 3 m\u0113ne\u0161us vecs. Piem\u0113rota kl\u0101\u0161anai uz apsild\u0101ma pamata.<\/p>\n","protected":false},"excerpt":{"rendered":"<p>&#171;ARDEX X701F&#187; elast\u012bg\u0101 fl\u012b\u017eu l\u012bme Elast\u012bga fl\u012b\u017eu l\u012bme ARDEX X 701F sala un laika apst\u0101k\u013cus iztur\u012bga, iek\u0161telp\u0101m un \u0101ra darbiem,<\/p>\n","protected":false},"featured_media":38078,"template":"","meta":{"_acf_changed":false},"product_cat":[2057],"product_tag":[],"class_list":{"0":"post-38077","1":"product","2":"type-product","3":"status-publish","4":"has-post-thumbnail","6":"product_cat-flizu-limes-uz-cementa-bazes","8":"first","9":"instock","10":"taxable","11":"shipping-taxable","12":"purchasable","13":"product-type-simple"},"acf":[],"yoast_head":"<!-- This site is optimized with the Yoast SEO plugin v24.2 - https:\/\/yoast.com\/wordpress\/plugins\/seo\/ -->\n<title>ARDEX X701F elast\u012bga fl\u012b\u017eu l\u012bme (C2TE\/ S1) &#8226; Vides Tehnika<\/title>\n<meta name=\"description\" content=\"ARDEX X 701F paredz\u0113ta keramikas, porcel\u0101na, akmens masas, klinkera fl\u012b\u017eu, stikla, porcel\u0101na moza\u012bkas, pret mitrumu iztur\u012bga dab\u012bg\u0101 akmens pl\u0101t\u0146u, betona pl\u0101t\u0146u, l\u012bm\u0113\u0161anai.\" \/>\n<meta name=\"robots\" content=\"index, follow, max-snippet:-1, max-image-preview:large, max-video-preview:-1\" \/>\n<link rel=\"canonical\" href=\"https:\/\/videstehnika.lv\/ru\/katalogs\/buvmateriali-buvei-remontam-un-ieksdarbiem\/sausie-maisijumi-ara-darbiem-un-ieksdarbiem\/flizu-limes-uz-cementa-bazes\/ardex-x701f-elastiga-flizu-lime-c2-te-s1\/\" \/>\n<meta property=\"og:locale\" content=\"ru_RU\" \/>\n<meta property=\"og:type\" content=\"article\" \/>\n<meta property=\"og:title\" content=\"ARDEX X701F elast\u012bga fl\u012b\u017eu l\u012bme (C2TE\/ S1) &#8226; Vides Tehnika\" \/>\n<meta property=\"og:description\" content=\"ARDEX X 701F paredz\u0113ta keramikas, porcel\u0101na, akmens masas, klinkera fl\u012b\u017eu, stikla, porcel\u0101na moza\u012bkas, pret mitrumu iztur\u012bga dab\u012bg\u0101 akmens pl\u0101t\u0146u, betona pl\u0101t\u0146u, l\u012bm\u0113\u0161anai.\" \/>\n<meta property=\"og:url\" content=\"https:\/\/videstehnika.lv\/katalogs\/buvmateriali-buvei-remontam-un-ieksdarbiem\/sausie-maisijumi-ara-darbiem-un-ieksdarbiem\/flizu-limes-uz-cementa-bazes\/ardex-x701f-elastiga-flizu-lime-c2-te-s1\/\" \/>\n<meta property=\"og:site_name\" content=\"Vides Tehnika\" \/>\n<meta property=\"article:modified_time\" content=\"2025-11-20T12:37:11+00:00\" \/>\n<meta property=\"og:image\" content=\"https:\/\/videstehnika.lv\/wp-content\/uploads\/2024\/08\/ARDEX-X701F-20kg.png\" \/>\n\t<meta property=\"og:image:width\" content=\"594\" \/>\n\t<meta property=\"og:image:height\" content=\"640\" \/>\n\t<meta property=\"og:image:type\" content=\"image\/png\" \/>\n<meta name=\"twitter:card\" content=\"summary_large_image\" \/>\n<meta name=\"twitter:label1\" content=\"\u041f\u0440\u0438\u043c\u0435\u0440\u043d\u043e\u0435 \u0432\u0440\u0435\u043c\u044f \u0434\u043b\u044f \u0447\u0442\u0435\u043d\u0438\u044f\" \/>\n\t<meta name=\"twitter:data1\" content=\"2 \u043c\u0438\u043d\u0443\u0442\u044b\" \/>\n<script type=\"application\/ld+json\" class=\"yoast-schema-graph\">{\"@context\":\"https:\/\/schema.org\",\"@graph\":[{\"@type\":\"WebPage\",\"@id\":\"https:\/\/videstehnika.lv\/katalogs\/buvmateriali-buvei-remontam-un-ieksdarbiem\/sausie-maisijumi-ara-darbiem-un-ieksdarbiem\/flizu-limes-uz-cementa-bazes\/ardex-x701f-elastiga-flizu-lime-c2-te-s1\/\",\"url\":\"https:\/\/videstehnika.lv\/katalogs\/buvmateriali-buvei-remontam-un-ieksdarbiem\/sausie-maisijumi-ara-darbiem-un-ieksdarbiem\/flizu-limes-uz-cementa-bazes\/ardex-x701f-elastiga-flizu-lime-c2-te-s1\/\",\"name\":\"ARDEX X701F elast\u012bga fl\u012b\u017eu l\u012bme (C2TE\/ S1) &#8226; Vides Tehnika\",\"isPartOf\":{\"@id\":\"https:\/\/videstehnika.lv\/ru\/#website\"},\"primaryImageOfPage\":{\"@id\":\"https:\/\/videstehnika.lv\/katalogs\/buvmateriali-buvei-remontam-un-ieksdarbiem\/sausie-maisijumi-ara-darbiem-un-ieksdarbiem\/flizu-limes-uz-cementa-bazes\/ardex-x701f-elastiga-flizu-lime-c2-te-s1\/#primaryimage\"},\"image\":{\"@id\":\"https:\/\/videstehnika.lv\/katalogs\/buvmateriali-buvei-remontam-un-ieksdarbiem\/sausie-maisijumi-ara-darbiem-un-ieksdarbiem\/flizu-limes-uz-cementa-bazes\/ardex-x701f-elastiga-flizu-lime-c2-te-s1\/#primaryimage\"},\"thumbnailUrl\":\"https:\/\/videstehnika.lv\/wp-content\/uploads\/2024\/08\/ARDEX-X701F-20kg.png\",\"datePublished\":\"2024-08-01T09:42:08+00:00\",\"dateModified\":\"2025-11-20T12:37:11+00:00\",\"description\":\"ARDEX X 701F paredz\u0113ta keramikas, porcel\u0101na, akmens masas, klinkera fl\u012b\u017eu, stikla, porcel\u0101na moza\u012bkas, pret mitrumu iztur\u012bga dab\u012bg\u0101 akmens pl\u0101t\u0146u, betona pl\u0101t\u0146u, l\u012bm\u0113\u0161anai.\",\"breadcrumb\":{\"@id\":\"https:\/\/videstehnika.lv\/katalogs\/buvmateriali-buvei-remontam-un-ieksdarbiem\/sausie-maisijumi-ara-darbiem-un-ieksdarbiem\/flizu-limes-uz-cementa-bazes\/ardex-x701f-elastiga-flizu-lime-c2-te-s1\/#breadcrumb\"},\"inLanguage\":\"ru-RU\",\"potentialAction\":[{\"@type\":\"ReadAction\",\"target\":[\"https:\/\/videstehnika.lv\/katalogs\/buvmateriali-buvei-remontam-un-ieksdarbiem\/sausie-maisijumi-ara-darbiem-un-ieksdarbiem\/flizu-limes-uz-cementa-bazes\/ardex-x701f-elastiga-flizu-lime-c2-te-s1\/\"]}]},{\"@type\":\"ImageObject\",\"inLanguage\":\"ru-RU\",\"@id\":\"https:\/\/videstehnika.lv\/katalogs\/buvmateriali-buvei-remontam-un-ieksdarbiem\/sausie-maisijumi-ara-darbiem-un-ieksdarbiem\/flizu-limes-uz-cementa-bazes\/ardex-x701f-elastiga-flizu-lime-c2-te-s1\/#primaryimage\",\"url\":\"https:\/\/videstehnika.lv\/wp-content\/uploads\/2024\/08\/ARDEX-X701F-20kg.png\",\"contentUrl\":\"https:\/\/videstehnika.lv\/wp-content\/uploads\/2024\/08\/ARDEX-X701F-20kg.png\",\"width\":594,\"height\":640,\"caption\":\"ARDEX X701F elast\u012bga fl\u012b\u017eu l\u012bme\"},{\"@type\":\"BreadcrumbList\",\"@id\":\"https:\/\/videstehnika.lv\/katalogs\/buvmateriali-buvei-remontam-un-ieksdarbiem\/sausie-maisijumi-ara-darbiem-un-ieksdarbiem\/flizu-limes-uz-cementa-bazes\/ardex-x701f-elastiga-flizu-lime-c2-te-s1\/#breadcrumb\",\"itemListElement\":[{\"@type\":\"ListItem\",\"position\":1,\"name\":\"Home\",\"item\":\"https:\/\/videstehnika.lv\/ru\/\"},{\"@type\":\"ListItem\",\"position\":2,\"name\":\"Katalogs\",\"item\":\"https:\/\/videstehnika.lv\/ru\/katalogs\/\"},{\"@type\":\"ListItem\",\"position\":3,\"name\":\"ARDEX X701F elast\u012bga fl\u012b\u017eu l\u012bme (C2TE\/ S1)\"}]},{\"@type\":\"WebSite\",\"@id\":\"https:\/\/videstehnika.lv\/ru\/#website\",\"url\":\"https:\/\/videstehnika.lv\/ru\/\",\"name\":\"Vides Tehnika\",\"description\":\"\",\"potentialAction\":[{\"@type\":\"SearchAction\",\"target\":{\"@type\":\"EntryPoint\",\"urlTemplate\":\"https:\/\/videstehnika.lv\/ru\/?s={search_term_string}\"},\"query-input\":{\"@type\":\"PropertyValueSpecification\",\"valueRequired\":true,\"valueName\":\"search_term_string\"}}],\"inLanguage\":\"ru-RU\"}]}<\/script>\n<!-- \/ Yoast SEO plugin. -->","yoast_head_json":{"title":"ARDEX X701F elast\u012bga fl\u012b\u017eu l\u012bme (C2TE\/ S1) &#8226; Vides Tehnika","description":"ARDEX X 701F paredz\u0113ta keramikas, porcel\u0101na, akmens masas, klinkera fl\u012b\u017eu, stikla, porcel\u0101na moza\u012bkas, pret mitrumu iztur\u012bga dab\u012bg\u0101 akmens pl\u0101t\u0146u, betona pl\u0101t\u0146u, l\u012bm\u0113\u0161anai.","robots":{"index":"index","follow":"follow","max-snippet":"max-snippet:-1","max-image-preview":"max-image-preview:large","max-video-preview":"max-video-preview:-1"},"canonical":"https:\/\/videstehnika.lv\/ru\/katalogs\/buvmateriali-buvei-remontam-un-ieksdarbiem\/sausie-maisijumi-ara-darbiem-un-ieksdarbiem\/flizu-limes-uz-cementa-bazes\/ardex-x701f-elastiga-flizu-lime-c2-te-s1\/","og_locale":"ru_RU","og_type":"article","og_title":"ARDEX X701F elast\u012bga fl\u012b\u017eu l\u012bme (C2TE\/ S1) &#8226; Vides Tehnika","og_description":"ARDEX X 701F paredz\u0113ta keramikas, porcel\u0101na, akmens masas, klinkera fl\u012b\u017eu, stikla, porcel\u0101na moza\u012bkas, pret mitrumu iztur\u012bga dab\u012bg\u0101 akmens pl\u0101t\u0146u, betona pl\u0101t\u0146u, l\u012bm\u0113\u0161anai.","og_url":"https:\/\/videstehnika.lv\/katalogs\/buvmateriali-buvei-remontam-un-ieksdarbiem\/sausie-maisijumi-ara-darbiem-un-ieksdarbiem\/flizu-limes-uz-cementa-bazes\/ardex-x701f-elastiga-flizu-lime-c2-te-s1\/","og_site_name":"Vides Tehnika","article_modified_time":"2025-11-20T12:37:11+00:00","og_image":[{"width":594,"height":640,"url":"https:\/\/videstehnika.lv\/wp-content\/uploads\/2024\/08\/ARDEX-X701F-20kg.png","type":"image\/png"}],"twitter_card":"summary_large_image","twitter_misc":{"\u041f\u0440\u0438\u043c\u0435\u0440\u043d\u043e\u0435 \u0432\u0440\u0435\u043c\u044f \u0434\u043b\u044f \u0447\u0442\u0435\u043d\u0438\u044f":"2 \u043c\u0438\u043d\u0443\u0442\u044b"},"schema":{"@context":"https:\/\/schema.org","@graph":[{"@type":"WebPage","@id":"https:\/\/videstehnika.lv\/katalogs\/buvmateriali-buvei-remontam-un-ieksdarbiem\/sausie-maisijumi-ara-darbiem-un-ieksdarbiem\/flizu-limes-uz-cementa-bazes\/ardex-x701f-elastiga-flizu-lime-c2-te-s1\/","url":"https:\/\/videstehnika.lv\/katalogs\/buvmateriali-buvei-remontam-un-ieksdarbiem\/sausie-maisijumi-ara-darbiem-un-ieksdarbiem\/flizu-limes-uz-cementa-bazes\/ardex-x701f-elastiga-flizu-lime-c2-te-s1\/","name":"ARDEX X701F elast\u012bga fl\u012b\u017eu l\u012bme (C2TE\/ S1) &#8226; Vides Tehnika","isPartOf":{"@id":"https:\/\/videstehnika.lv\/ru\/#website"},"primaryImageOfPage":{"@id":"https:\/\/videstehnika.lv\/katalogs\/buvmateriali-buvei-remontam-un-ieksdarbiem\/sausie-maisijumi-ara-darbiem-un-ieksdarbiem\/flizu-limes-uz-cementa-bazes\/ardex-x701f-elastiga-flizu-lime-c2-te-s1\/#primaryimage"},"image":{"@id":"https:\/\/videstehnika.lv\/katalogs\/buvmateriali-buvei-remontam-un-ieksdarbiem\/sausie-maisijumi-ara-darbiem-un-ieksdarbiem\/flizu-limes-uz-cementa-bazes\/ardex-x701f-elastiga-flizu-lime-c2-te-s1\/#primaryimage"},"thumbnailUrl":"https:\/\/videstehnika.lv\/wp-content\/uploads\/2024\/08\/ARDEX-X701F-20kg.png","datePublished":"2024-08-01T09:42:08+00:00","dateModified":"2025-11-20T12:37:11+00:00","description":"ARDEX X 701F paredz\u0113ta keramikas, porcel\u0101na, akmens masas, klinkera fl\u012b\u017eu, stikla, porcel\u0101na moza\u012bkas, pret mitrumu iztur\u012bga dab\u012bg\u0101 akmens pl\u0101t\u0146u, betona pl\u0101t\u0146u, l\u012bm\u0113\u0161anai.","breadcrumb":{"@id":"https:\/\/videstehnika.lv\/katalogs\/buvmateriali-buvei-remontam-un-ieksdarbiem\/sausie-maisijumi-ara-darbiem-un-ieksdarbiem\/flizu-limes-uz-cementa-bazes\/ardex-x701f-elastiga-flizu-lime-c2-te-s1\/#breadcrumb"},"inLanguage":"ru-RU","potentialAction":[{"@type":"ReadAction","target":["https:\/\/videstehnika.lv\/katalogs\/buvmateriali-buvei-remontam-un-ieksdarbiem\/sausie-maisijumi-ara-darbiem-un-ieksdarbiem\/flizu-limes-uz-cementa-bazes\/ardex-x701f-elastiga-flizu-lime-c2-te-s1\/"]}]},{"@type":"ImageObject","inLanguage":"ru-RU","@id":"https:\/\/videstehnika.lv\/katalogs\/buvmateriali-buvei-remontam-un-ieksdarbiem\/sausie-maisijumi-ara-darbiem-un-ieksdarbiem\/flizu-limes-uz-cementa-bazes\/ardex-x701f-elastiga-flizu-lime-c2-te-s1\/#primaryimage","url":"https:\/\/videstehnika.lv\/wp-content\/uploads\/2024\/08\/ARDEX-X701F-20kg.png","contentUrl":"https:\/\/videstehnika.lv\/wp-content\/uploads\/2024\/08\/ARDEX-X701F-20kg.png","width":594,"height":640,"caption":"ARDEX X701F elast\u012bga fl\u012b\u017eu l\u012bme"},{"@type":"BreadcrumbList","@id":"https:\/\/videstehnika.lv\/katalogs\/buvmateriali-buvei-remontam-un-ieksdarbiem\/sausie-maisijumi-ara-darbiem-un-ieksdarbiem\/flizu-limes-uz-cementa-bazes\/ardex-x701f-elastiga-flizu-lime-c2-te-s1\/#breadcrumb","itemListElement":[{"@type":"ListItem","position":1,"name":"Home","item":"https:\/\/videstehnika.lv\/ru\/"},{"@type":"ListItem","position":2,"name":"Katalogs","item":"https:\/\/videstehnika.lv\/ru\/katalogs\/"},{"@type":"ListItem","position":3,"name":"ARDEX X701F elast\u012bga fl\u012b\u017eu l\u012bme (C2TE\/ S1)"}]},{"@type":"WebSite","@id":"https:\/\/videstehnika.lv\/ru\/#website","url":"https:\/\/videstehnika.lv\/ru\/","name":"Vides Tehnika","description":"","potentialAction":[{"@type":"SearchAction","target":{"@type":"EntryPoint","urlTemplate":"https:\/\/videstehnika.lv\/ru\/?s={search_term_string}"},"query-input":{"@type":"PropertyValueSpecification","valueRequired":true,"valueName":"search_term_string"}}],"inLanguage":"ru-RU"}]}},"_links":{"self":[{"href":"https:\/\/videstehnika.lv\/ru\/wp-json\/wp\/v2\/product\/38077","targetHints":{"allow":["GET"]}}],"collection":[{"href":"https:\/\/videstehnika.lv\/ru\/wp-json\/wp\/v2\/product"}],"about":[{"href":"https:\/\/videstehnika.lv\/ru\/wp-json\/wp\/v2\/types\/product"}],"wp:featuredmedia":[{"embeddable":true,"href":"https:\/\/videstehnika.lv\/ru\/wp-json\/wp\/v2\/media\/38078"}],"wp:attachment":[{"href":"https:\/\/videstehnika.lv\/ru\/wp-json\/wp\/v2\/media?parent=38077"}],"wp:term":[{"taxonomy":"product_cat","embeddable":true,"href":"https:\/\/videstehnika.lv\/ru\/wp-json\/wp\/v2\/product_cat?post=38077"},{"taxonomy":"product_tag","embeddable":true,"href":"https:\/\/videstehnika.lv\/ru\/wp-json\/wp\/v2\/product_tag?post=38077"}],"curies":[{"name":"wp","href":"https:\/\/api.w.org\/{rel}","templated":true}]}}