{"id":38099,"date":"2024-08-01T13:39:46","date_gmt":"2024-08-01T10:39:46","guid":{"rendered":"https:\/\/videstehnika.lv\/?post_type=product&#038;p=38099"},"modified":"2025-11-20T14:36:07","modified_gmt":"2025-11-20T12:36:07","slug":"ardex-a46-atri-zustosa-spaktele-ara-darbiem","status":"publish","type":"product","link":"https:\/\/videstehnika.lv\/katalogs\/buvmateriali-buvei-remontam-un-ieksdarbiem\/sausie-maisijumi-ara-darbiem-un-ieksdarbiem\/gridu-remonta-un-izlidzinosie-maisijumi\/ardex-a46-atri-zustosa-spaktele-ara-darbiem\/","title":{"rendered":"ARDEX A46 \u0101tri \u017e\u016bsto\u0161a \u0161paktele \u0101ra darbiem"},"content":{"rendered":"<h2>ARDEX A46 \u0101tri \u017e\u016bsto\u0161a \u0161paktele \u0101ra darbiem<\/h2>\n<p>\u0100tri \u017e\u016bsto\u0161a \u0161paktele \u0101ra darbiem ARDEX A46 ar ARDURAPID-PLUS efektu un \u013coti pla\u0161u pielietojuma spektru \u0101ra darbos. T\u0101 vienm\u0113r ir pareiz\u0101 izv\u0113le ja nepiecie\u0161ama ir dobumu, padzi\u013cin\u0101jumu vai plaisu aizpild\u012b\u0161ana sien\u0101s vai gr\u012bd\u0101s.<br \/>\nPateicoties stabilai \u0161pakteles konsistencei, t\u0101 ir \u012bpa\u0161i piem\u0113rota k\u0101p\u0146u pak\u0101pienu un podestu remontam un izl\u012bdzin\u0101\u0161anai, k\u0101 ar\u012b sl\u012bpumu veido\u0161anai un augstuma starp\u012bbu izl\u012bdzin\u0101\u0161anai.<\/p>\n<h2>ARDEX A46 \u012bpa\u0161\u012bbas<\/h2>\n<p>Ar ARDURAPID-PLUS efektu.<br \/>\nDobumu, nel\u012bdzenumu, padzi\u013cin\u0101jumu, plaisu, izdrupu\u0161u vietu aizpild\u012b\u0161anai sien\u0101s un gr\u012bd\u0101s.<br \/>\nPak\u0101pienu un podestu remontam, st\u016bru veido\u0161anai.<br \/>\nIzl\u012bdzino\u0161u sl\u012bpuma k\u0101rtu veido\u0161anai.<br \/>\nSienu un gr\u012bdu izl\u012bdzin\u0101\u0161anai 2\u201330 mm biezum\u0101.<br \/>\n\u0100tri saciet\u0113, iesp\u0113jams \u0101tri s\u0101kt staig\u0101t un pielietot slodzes.<br \/>\nViegli nogludin\u0101ma un l\u012bdzin\u0101ma.<br \/>\nIzmantojama k\u0101 gal\u0113j\u0101 virsmu.<br \/>\nIek\u0161telp\u0101m un \u0101ra darbiem, baseiniem, balkoniem, teras\u0113m.<br \/>\nNeplais\u0101.<br \/>\n\u013boti zema emisija EC 1 Plus<\/p>\n<h2>ARDEX A46 pielietojums<\/h2>\n<p>\u0160paktele piem\u0113rota sienu un gr\u012bdu virsm\u0101m ar k\u0101rtas biezumu no 2 l\u012bdz 30 mm, gan iek\u0161darbiem, gan \u0101ra darbiem. ARDEX A 46 ir iztur\u012bgs pret atkaus\u0113\u0161anas s\u0101li, laika apst\u0101k\u013ciem, piem\u0113rots rite\u0146u slodz\u0113m un silto gr\u012bdu sist\u0113m\u0101m.<br \/>\n\u2013 pirms fl\u012bz\u0113\u0161anas un pl\u0101t\u0146u kl\u0101\u0161anas, k\u0101 ar\u012b kr\u0101so\u0161anas,<br \/>\n\u2013 k\u0101 gal\u012bg\u0101 virsma pie norm\u0101las slodzes,<br \/>\n\u2013 pamata labo\u0161anai pirms hidroizol\u0101cijas vai ARDEX K 301 pa\u0161izl\u012bdzino\u0161\u0101 mais\u012bjuma \u0101ra remontdarbiem kl\u0101\u0161anas<\/p>\n","protected":false},"excerpt":{"rendered":"<p>ARDEX A46 \u0101tri \u017e\u016bsto\u0161a \u0161paktele \u0101ra darbiem \u0100tri \u017e\u016bsto\u0161a \u0161paktele \u0101ra darbiem ARDEX A46 ar ARDURAPID-PLUS efektu un \u013coti pla\u0161u<\/p>\n","protected":false},"featured_media":38100,"template":"","meta":{"_acf_changed":false},"product_cat":[5538,2089],"product_tag":[],"class_list":{"0":"post-38099","1":"product","2":"type-product","3":"status-publish","4":"has-post-thumbnail","6":"product_cat-betona-spakteles-un-remonta-javas","7":"product_cat-b---","9":"first","10":"instock","11":"taxable","12":"shipping-taxable","13":"purchasable","14":"product-type-simple"},"acf":[],"yoast_head":"<!-- This site is optimized with the Yoast SEO plugin v24.2 - https:\/\/yoast.com\/wordpress\/plugins\/seo\/ -->\n<title>ARDEX A46 \u0101tri \u017e\u016bsto\u0161a \u0161paktele \u0101ra darbiem &#8226; Vides Tehnika<\/title>\n<meta name=\"description\" content=\"\u0100tri \u017e\u016bsto\u0161a \u0161paktele \u0101ra darbiem ARDEX A46 ar ARDURAPID-PLUS efektu un \u013coti pla\u0161u pielietojuma spektru \u0101ra darbos.\" \/>\n<meta name=\"robots\" content=\"index, follow, max-snippet:-1, max-image-preview:large, max-video-preview:-1\" \/>\n<link rel=\"canonical\" href=\"https:\/\/videstehnika.lv\/ru\/katalogs\/buvmateriali-buvei-remontam-un-ieksdarbiem\/sausie-maisijumi-ara-darbiem-un-ieksdarbiem\/gridu-remonta-un-izlidzinosie-maisijumi\/ardex-a46-atri-zustosa-spaktele-ara-darbiem\/\" \/>\n<meta property=\"og:locale\" content=\"ru_RU\" \/>\n<meta property=\"og:type\" content=\"article\" \/>\n<meta property=\"og:title\" content=\"ARDEX A46 \u0101tri \u017e\u016bsto\u0161a \u0161paktele \u0101ra darbiem &#8226; Vides Tehnika\" \/>\n<meta property=\"og:description\" content=\"\u0100tri \u017e\u016bsto\u0161a \u0161paktele \u0101ra darbiem ARDEX A46 ar ARDURAPID-PLUS efektu un \u013coti pla\u0161u pielietojuma spektru \u0101ra darbos.\" \/>\n<meta property=\"og:url\" content=\"https:\/\/videstehnika.lv\/katalogs\/buvmateriali-buvei-remontam-un-ieksdarbiem\/sausie-maisijumi-ara-darbiem-un-ieksdarbiem\/gridu-remonta-un-izlidzinosie-maisijumi\/ardex-a46-atri-zustosa-spaktele-ara-darbiem\/\" \/>\n<meta property=\"og:site_name\" content=\"Vides Tehnika\" \/>\n<meta property=\"article:modified_time\" content=\"2025-11-20T12:36:07+00:00\" \/>\n<meta property=\"og:image\" content=\"https:\/\/videstehnika.lv\/wp-content\/uploads\/2024\/08\/ARDEX-A46-125kg.png\" \/>\n\t<meta property=\"og:image:width\" content=\"744\" \/>\n\t<meta property=\"og:image:height\" content=\"801\" \/>\n\t<meta property=\"og:image:type\" content=\"image\/png\" \/>\n<meta name=\"twitter:card\" content=\"summary_large_image\" \/>\n<meta name=\"twitter:label1\" content=\"\u041f\u0440\u0438\u043c\u0435\u0440\u043d\u043e\u0435 \u0432\u0440\u0435\u043c\u044f \u0434\u043b\u044f \u0447\u0442\u0435\u043d\u0438\u044f\" \/>\n\t<meta name=\"twitter:data1\" content=\"2 \u043c\u0438\u043d\u0443\u0442\u044b\" \/>\n<script type=\"application\/ld+json\" class=\"yoast-schema-graph\">{\"@context\":\"https:\/\/schema.org\",\"@graph\":[{\"@type\":\"WebPage\",\"@id\":\"https:\/\/videstehnika.lv\/katalogs\/buvmateriali-buvei-remontam-un-ieksdarbiem\/sausie-maisijumi-ara-darbiem-un-ieksdarbiem\/gridu-remonta-un-izlidzinosie-maisijumi\/ardex-a46-atri-zustosa-spaktele-ara-darbiem\/\",\"url\":\"https:\/\/videstehnika.lv\/katalogs\/buvmateriali-buvei-remontam-un-ieksdarbiem\/sausie-maisijumi-ara-darbiem-un-ieksdarbiem\/gridu-remonta-un-izlidzinosie-maisijumi\/ardex-a46-atri-zustosa-spaktele-ara-darbiem\/\",\"name\":\"ARDEX A46 \u0101tri \u017e\u016bsto\u0161a \u0161paktele \u0101ra darbiem &#8226; Vides Tehnika\",\"isPartOf\":{\"@id\":\"https:\/\/videstehnika.lv\/ru\/#website\"},\"primaryImageOfPage\":{\"@id\":\"https:\/\/videstehnika.lv\/katalogs\/buvmateriali-buvei-remontam-un-ieksdarbiem\/sausie-maisijumi-ara-darbiem-un-ieksdarbiem\/gridu-remonta-un-izlidzinosie-maisijumi\/ardex-a46-atri-zustosa-spaktele-ara-darbiem\/#primaryimage\"},\"image\":{\"@id\":\"https:\/\/videstehnika.lv\/katalogs\/buvmateriali-buvei-remontam-un-ieksdarbiem\/sausie-maisijumi-ara-darbiem-un-ieksdarbiem\/gridu-remonta-un-izlidzinosie-maisijumi\/ardex-a46-atri-zustosa-spaktele-ara-darbiem\/#primaryimage\"},\"thumbnailUrl\":\"https:\/\/videstehnika.lv\/wp-content\/uploads\/2024\/08\/ARDEX-A46-125kg.png\",\"datePublished\":\"2024-08-01T10:39:46+00:00\",\"dateModified\":\"2025-11-20T12:36:07+00:00\",\"description\":\"\u0100tri \u017e\u016bsto\u0161a \u0161paktele \u0101ra darbiem ARDEX A46 ar ARDURAPID-PLUS efektu un \u013coti pla\u0161u pielietojuma spektru \u0101ra darbos.\",\"breadcrumb\":{\"@id\":\"https:\/\/videstehnika.lv\/katalogs\/buvmateriali-buvei-remontam-un-ieksdarbiem\/sausie-maisijumi-ara-darbiem-un-ieksdarbiem\/gridu-remonta-un-izlidzinosie-maisijumi\/ardex-a46-atri-zustosa-spaktele-ara-darbiem\/#breadcrumb\"},\"inLanguage\":\"ru-RU\",\"potentialAction\":[{\"@type\":\"ReadAction\",\"target\":[\"https:\/\/videstehnika.lv\/katalogs\/buvmateriali-buvei-remontam-un-ieksdarbiem\/sausie-maisijumi-ara-darbiem-un-ieksdarbiem\/gridu-remonta-un-izlidzinosie-maisijumi\/ardex-a46-atri-zustosa-spaktele-ara-darbiem\/\"]}]},{\"@type\":\"ImageObject\",\"inLanguage\":\"ru-RU\",\"@id\":\"https:\/\/videstehnika.lv\/katalogs\/buvmateriali-buvei-remontam-un-ieksdarbiem\/sausie-maisijumi-ara-darbiem-un-ieksdarbiem\/gridu-remonta-un-izlidzinosie-maisijumi\/ardex-a46-atri-zustosa-spaktele-ara-darbiem\/#primaryimage\",\"url\":\"https:\/\/videstehnika.lv\/wp-content\/uploads\/2024\/08\/ARDEX-A46-125kg.png\",\"contentUrl\":\"https:\/\/videstehnika.lv\/wp-content\/uploads\/2024\/08\/ARDEX-A46-125kg.png\",\"width\":744,\"height\":801},{\"@type\":\"BreadcrumbList\",\"@id\":\"https:\/\/videstehnika.lv\/katalogs\/buvmateriali-buvei-remontam-un-ieksdarbiem\/sausie-maisijumi-ara-darbiem-un-ieksdarbiem\/gridu-remonta-un-izlidzinosie-maisijumi\/ardex-a46-atri-zustosa-spaktele-ara-darbiem\/#breadcrumb\",\"itemListElement\":[{\"@type\":\"ListItem\",\"position\":1,\"name\":\"Home\",\"item\":\"https:\/\/videstehnika.lv\/ru\/\"},{\"@type\":\"ListItem\",\"position\":2,\"name\":\"Katalogs\",\"item\":\"https:\/\/videstehnika.lv\/ru\/katalogs\/\"},{\"@type\":\"ListItem\",\"position\":3,\"name\":\"ARDEX A46 \u0101tri \u017e\u016bsto\u0161a \u0161paktele \u0101ra darbiem\"}]},{\"@type\":\"WebSite\",\"@id\":\"https:\/\/videstehnika.lv\/ru\/#website\",\"url\":\"https:\/\/videstehnika.lv\/ru\/\",\"name\":\"Vides Tehnika\",\"description\":\"\",\"potentialAction\":[{\"@type\":\"SearchAction\",\"target\":{\"@type\":\"EntryPoint\",\"urlTemplate\":\"https:\/\/videstehnika.lv\/ru\/?s={search_term_string}\"},\"query-input\":{\"@type\":\"PropertyValueSpecification\",\"valueRequired\":true,\"valueName\":\"search_term_string\"}}],\"inLanguage\":\"ru-RU\"}]}<\/script>\n<!-- \/ Yoast SEO plugin. -->","yoast_head_json":{"title":"ARDEX A46 \u0101tri \u017e\u016bsto\u0161a \u0161paktele \u0101ra darbiem &#8226; Vides Tehnika","description":"\u0100tri \u017e\u016bsto\u0161a \u0161paktele \u0101ra darbiem ARDEX A46 ar ARDURAPID-PLUS efektu un \u013coti pla\u0161u pielietojuma spektru \u0101ra darbos.","robots":{"index":"index","follow":"follow","max-snippet":"max-snippet:-1","max-image-preview":"max-image-preview:large","max-video-preview":"max-video-preview:-1"},"canonical":"https:\/\/videstehnika.lv\/ru\/katalogs\/buvmateriali-buvei-remontam-un-ieksdarbiem\/sausie-maisijumi-ara-darbiem-un-ieksdarbiem\/gridu-remonta-un-izlidzinosie-maisijumi\/ardex-a46-atri-zustosa-spaktele-ara-darbiem\/","og_locale":"ru_RU","og_type":"article","og_title":"ARDEX A46 \u0101tri \u017e\u016bsto\u0161a \u0161paktele \u0101ra darbiem &#8226; Vides Tehnika","og_description":"\u0100tri \u017e\u016bsto\u0161a \u0161paktele \u0101ra darbiem ARDEX A46 ar ARDURAPID-PLUS efektu un \u013coti pla\u0161u pielietojuma spektru \u0101ra darbos.","og_url":"https:\/\/videstehnika.lv\/katalogs\/buvmateriali-buvei-remontam-un-ieksdarbiem\/sausie-maisijumi-ara-darbiem-un-ieksdarbiem\/gridu-remonta-un-izlidzinosie-maisijumi\/ardex-a46-atri-zustosa-spaktele-ara-darbiem\/","og_site_name":"Vides Tehnika","article_modified_time":"2025-11-20T12:36:07+00:00","og_image":[{"width":744,"height":801,"url":"https:\/\/videstehnika.lv\/wp-content\/uploads\/2024\/08\/ARDEX-A46-125kg.png","type":"image\/png"}],"twitter_card":"summary_large_image","twitter_misc":{"\u041f\u0440\u0438\u043c\u0435\u0440\u043d\u043e\u0435 \u0432\u0440\u0435\u043c\u044f \u0434\u043b\u044f \u0447\u0442\u0435\u043d\u0438\u044f":"2 \u043c\u0438\u043d\u0443\u0442\u044b"},"schema":{"@context":"https:\/\/schema.org","@graph":[{"@type":"WebPage","@id":"https:\/\/videstehnika.lv\/katalogs\/buvmateriali-buvei-remontam-un-ieksdarbiem\/sausie-maisijumi-ara-darbiem-un-ieksdarbiem\/gridu-remonta-un-izlidzinosie-maisijumi\/ardex-a46-atri-zustosa-spaktele-ara-darbiem\/","url":"https:\/\/videstehnika.lv\/katalogs\/buvmateriali-buvei-remontam-un-ieksdarbiem\/sausie-maisijumi-ara-darbiem-un-ieksdarbiem\/gridu-remonta-un-izlidzinosie-maisijumi\/ardex-a46-atri-zustosa-spaktele-ara-darbiem\/","name":"ARDEX A46 \u0101tri \u017e\u016bsto\u0161a \u0161paktele \u0101ra darbiem &#8226; Vides Tehnika","isPartOf":{"@id":"https:\/\/videstehnika.lv\/ru\/#website"},"primaryImageOfPage":{"@id":"https:\/\/videstehnika.lv\/katalogs\/buvmateriali-buvei-remontam-un-ieksdarbiem\/sausie-maisijumi-ara-darbiem-un-ieksdarbiem\/gridu-remonta-un-izlidzinosie-maisijumi\/ardex-a46-atri-zustosa-spaktele-ara-darbiem\/#primaryimage"},"image":{"@id":"https:\/\/videstehnika.lv\/katalogs\/buvmateriali-buvei-remontam-un-ieksdarbiem\/sausie-maisijumi-ara-darbiem-un-ieksdarbiem\/gridu-remonta-un-izlidzinosie-maisijumi\/ardex-a46-atri-zustosa-spaktele-ara-darbiem\/#primaryimage"},"thumbnailUrl":"https:\/\/videstehnika.lv\/wp-content\/uploads\/2024\/08\/ARDEX-A46-125kg.png","datePublished":"2024-08-01T10:39:46+00:00","dateModified":"2025-11-20T12:36:07+00:00","description":"\u0100tri \u017e\u016bsto\u0161a \u0161paktele \u0101ra darbiem ARDEX A46 ar ARDURAPID-PLUS efektu un \u013coti pla\u0161u pielietojuma spektru \u0101ra darbos.","breadcrumb":{"@id":"https:\/\/videstehnika.lv\/katalogs\/buvmateriali-buvei-remontam-un-ieksdarbiem\/sausie-maisijumi-ara-darbiem-un-ieksdarbiem\/gridu-remonta-un-izlidzinosie-maisijumi\/ardex-a46-atri-zustosa-spaktele-ara-darbiem\/#breadcrumb"},"inLanguage":"ru-RU","potentialAction":[{"@type":"ReadAction","target":["https:\/\/videstehnika.lv\/katalogs\/buvmateriali-buvei-remontam-un-ieksdarbiem\/sausie-maisijumi-ara-darbiem-un-ieksdarbiem\/gridu-remonta-un-izlidzinosie-maisijumi\/ardex-a46-atri-zustosa-spaktele-ara-darbiem\/"]}]},{"@type":"ImageObject","inLanguage":"ru-RU","@id":"https:\/\/videstehnika.lv\/katalogs\/buvmateriali-buvei-remontam-un-ieksdarbiem\/sausie-maisijumi-ara-darbiem-un-ieksdarbiem\/gridu-remonta-un-izlidzinosie-maisijumi\/ardex-a46-atri-zustosa-spaktele-ara-darbiem\/#primaryimage","url":"https:\/\/videstehnika.lv\/wp-content\/uploads\/2024\/08\/ARDEX-A46-125kg.png","contentUrl":"https:\/\/videstehnika.lv\/wp-content\/uploads\/2024\/08\/ARDEX-A46-125kg.png","width":744,"height":801},{"@type":"BreadcrumbList","@id":"https:\/\/videstehnika.lv\/katalogs\/buvmateriali-buvei-remontam-un-ieksdarbiem\/sausie-maisijumi-ara-darbiem-un-ieksdarbiem\/gridu-remonta-un-izlidzinosie-maisijumi\/ardex-a46-atri-zustosa-spaktele-ara-darbiem\/#breadcrumb","itemListElement":[{"@type":"ListItem","position":1,"name":"Home","item":"https:\/\/videstehnika.lv\/ru\/"},{"@type":"ListItem","position":2,"name":"Katalogs","item":"https:\/\/videstehnika.lv\/ru\/katalogs\/"},{"@type":"ListItem","position":3,"name":"ARDEX A46 \u0101tri \u017e\u016bsto\u0161a \u0161paktele \u0101ra darbiem"}]},{"@type":"WebSite","@id":"https:\/\/videstehnika.lv\/ru\/#website","url":"https:\/\/videstehnika.lv\/ru\/","name":"Vides Tehnika","description":"","potentialAction":[{"@type":"SearchAction","target":{"@type":"EntryPoint","urlTemplate":"https:\/\/videstehnika.lv\/ru\/?s={search_term_string}"},"query-input":{"@type":"PropertyValueSpecification","valueRequired":true,"valueName":"search_term_string"}}],"inLanguage":"ru-RU"}]}},"_links":{"self":[{"href":"https:\/\/videstehnika.lv\/ru\/wp-json\/wp\/v2\/product\/38099","targetHints":{"allow":["GET"]}}],"collection":[{"href":"https:\/\/videstehnika.lv\/ru\/wp-json\/wp\/v2\/product"}],"about":[{"href":"https:\/\/videstehnika.lv\/ru\/wp-json\/wp\/v2\/types\/product"}],"wp:featuredmedia":[{"embeddable":true,"href":"https:\/\/videstehnika.lv\/ru\/wp-json\/wp\/v2\/media\/38100"}],"wp:attachment":[{"href":"https:\/\/videstehnika.lv\/ru\/wp-json\/wp\/v2\/media?parent=38099"}],"wp:term":[{"taxonomy":"product_cat","embeddable":true,"href":"https:\/\/videstehnika.lv\/ru\/wp-json\/wp\/v2\/product_cat?post=38099"},{"taxonomy":"product_tag","embeddable":true,"href":"https:\/\/videstehnika.lv\/ru\/wp-json\/wp\/v2\/product_tag?post=38099"}],"curies":[{"name":"wp","href":"https:\/\/api.w.org\/{rel}","templated":true}]}}