{"id":40653,"date":"2024-09-09T15:27:00","date_gmt":"2024-09-09T12:27:00","guid":{"rendered":"https:\/\/videstehnika.lv\/?post_type=product&#038;p=40653"},"modified":"2024-09-09T15:27:01","modified_gmt":"2024-09-09T12:27:01","slug":"timberflex-adhesive-limlente","status":"publish","type":"product","link":"https:\/\/videstehnika.lv\/katalogs\/limes-limlentas\/timberflex-adhesive-limlente\/","title":{"rendered":"TIMBERFLEX ADHESIVE l\u012bmlente"},"content":{"rendered":"<p>Lai garant\u0113tu konstrukcijai gaisa un v\u0113ja necaurlaid\u012bbu, tai j\u0101b\u016bt atbilsto\u0161iem materi\u0101liem, kas nodro\u0161ina past\u0101v\u012bgu bl\u012bv\u0113jumu p\u0101rkl\u0101\u0161an\u0101s viet\u0101s, spraug\u0101s, savienojumos un iespie\u0161an\u0101s viet\u0101s.<\/p>\n<p>TIMBERFLEX bl\u012bv\u0113juma l\u012bmlente ir nepl\u012bsto\u0161a t\u0101 ir piem\u0113rota da\u017e\u0101diem l\u012bm\u0113\u0161anas pielietojumiem.<\/p>\n<p>TIMBERFLEX l\u012bmlente ir \u00a0iztur\u012bga pret pl\u012bsumiem, var apmest un kr\u0101sot.<\/p>\n","protected":false},"excerpt":{"rendered":"<p>Lai garant\u0113tu konstrukcijai gaisa un v\u0113ja necaurlaid\u012bbu, tai j\u0101b\u016bt atbilsto\u0161iem materi\u0101liem, kas nodro\u0161ina past\u0101v\u012bgu bl\u012bv\u0113jumu p\u0101rkl\u0101\u0161an\u0101s viet\u0101s, spraug\u0101s, savienojumos un<\/p>\n","protected":false},"featured_media":40654,"template":"","meta":{"_acf_changed":false},"product_cat":[90,68],"product_tag":[],"class_list":{"0":"post-40653","1":"product","2":"type-product","3":"status-publish","4":"has-post-thumbnail","6":"product_cat-celtniecibas-limlentes-suvju-hermetizacijai","7":"product_cat-limes-limlentas","9":"first","10":"instock","11":"taxable","12":"shipping-taxable","13":"purchasable","14":"product-type-simple"},"acf":[],"yoast_head":"<!-- This site is optimized with the Yoast SEO plugin v24.2 - https:\/\/yoast.com\/wordpress\/plugins\/seo\/ -->\n<title>TIMBERFLEX ADHESIVE l\u012bmlente &#8226; Vides Tehnika<\/title>\n<meta name=\"robots\" content=\"index, follow, max-snippet:-1, max-image-preview:large, max-video-preview:-1\" \/>\n<link rel=\"canonical\" href=\"https:\/\/videstehnika.lv\/ru\/katalogs\/limes-limlentas\/timberflex-adhesive-limlente\/\" \/>\n<meta property=\"og:locale\" content=\"ru_RU\" \/>\n<meta property=\"og:type\" content=\"article\" \/>\n<meta property=\"og:title\" content=\"TIMBERFLEX ADHESIVE l\u012bmlente &#8226; Vides Tehnika\" \/>\n<meta property=\"og:description\" content=\"Lai garant\u0113tu konstrukcijai gaisa un v\u0113ja necaurlaid\u012bbu, tai j\u0101b\u016bt atbilsto\u0161iem materi\u0101liem, kas nodro\u0161ina past\u0101v\u012bgu bl\u012bv\u0113jumu p\u0101rkl\u0101\u0161an\u0101s viet\u0101s, spraug\u0101s, savienojumos un\" \/>\n<meta property=\"og:url\" content=\"https:\/\/videstehnika.lv\/katalogs\/limes-limlentas\/timberflex-adhesive-limlente\/\" \/>\n<meta property=\"og:site_name\" content=\"Vides Tehnika\" \/>\n<meta property=\"article:modified_time\" content=\"2024-09-09T12:27:01+00:00\" \/>\n<meta property=\"og:image\" content=\"https:\/\/videstehnika.lv\/wp-content\/uploads\/2024\/09\/csm_MA_TIMBERFLEX_KB_PROPIC_Klebeband_671021df8f.webp\" \/>\n\t<meta property=\"og:image:width\" content=\"700\" \/>\n\t<meta property=\"og:image:height\" content=\"467\" \/>\n\t<meta property=\"og:image:type\" content=\"image\/webp\" \/>\n<meta name=\"twitter:card\" content=\"summary_large_image\" \/>\n<meta name=\"twitter:label1\" content=\"\u041f\u0440\u0438\u043c\u0435\u0440\u043d\u043e\u0435 \u0432\u0440\u0435\u043c\u044f \u0434\u043b\u044f \u0447\u0442\u0435\u043d\u0438\u044f\" \/>\n\t<meta name=\"twitter:data1\" content=\"1 \u043c\u0438\u043d\u0443\u0442\u0430\" \/>\n<script type=\"application\/ld+json\" class=\"yoast-schema-graph\">{\"@context\":\"https:\/\/schema.org\",\"@graph\":[{\"@type\":\"WebPage\",\"@id\":\"https:\/\/videstehnika.lv\/katalogs\/limes-limlentas\/timberflex-adhesive-limlente\/\",\"url\":\"https:\/\/videstehnika.lv\/katalogs\/limes-limlentas\/timberflex-adhesive-limlente\/\",\"name\":\"TIMBERFLEX ADHESIVE l\u012bmlente &#8226; Vides Tehnika\",\"isPartOf\":{\"@id\":\"https:\/\/videstehnika.lv\/ru\/#website\"},\"primaryImageOfPage\":{\"@id\":\"https:\/\/videstehnika.lv\/katalogs\/limes-limlentas\/timberflex-adhesive-limlente\/#primaryimage\"},\"image\":{\"@id\":\"https:\/\/videstehnika.lv\/katalogs\/limes-limlentas\/timberflex-adhesive-limlente\/#primaryimage\"},\"thumbnailUrl\":\"https:\/\/videstehnika.lv\/wp-content\/uploads\/2024\/09\/csm_MA_TIMBERFLEX_KB_PROPIC_Klebeband_671021df8f.webp\",\"datePublished\":\"2024-09-09T12:27:00+00:00\",\"dateModified\":\"2024-09-09T12:27:01+00:00\",\"breadcrumb\":{\"@id\":\"https:\/\/videstehnika.lv\/katalogs\/limes-limlentas\/timberflex-adhesive-limlente\/#breadcrumb\"},\"inLanguage\":\"ru-RU\",\"potentialAction\":[{\"@type\":\"ReadAction\",\"target\":[\"https:\/\/videstehnika.lv\/katalogs\/limes-limlentas\/timberflex-adhesive-limlente\/\"]}]},{\"@type\":\"ImageObject\",\"inLanguage\":\"ru-RU\",\"@id\":\"https:\/\/videstehnika.lv\/katalogs\/limes-limlentas\/timberflex-adhesive-limlente\/#primaryimage\",\"url\":\"https:\/\/videstehnika.lv\/wp-content\/uploads\/2024\/09\/csm_MA_TIMBERFLEX_KB_PROPIC_Klebeband_671021df8f.webp\",\"contentUrl\":\"https:\/\/videstehnika.lv\/wp-content\/uploads\/2024\/09\/csm_MA_TIMBERFLEX_KB_PROPIC_Klebeband_671021df8f.webp\",\"width\":700,\"height\":467},{\"@type\":\"BreadcrumbList\",\"@id\":\"https:\/\/videstehnika.lv\/katalogs\/limes-limlentas\/timberflex-adhesive-limlente\/#breadcrumb\",\"itemListElement\":[{\"@type\":\"ListItem\",\"position\":1,\"name\":\"Home\",\"item\":\"https:\/\/videstehnika.lv\/ru\/\"},{\"@type\":\"ListItem\",\"position\":2,\"name\":\"Katalogs\",\"item\":\"https:\/\/videstehnika.lv\/ru\/katalogs\/\"},{\"@type\":\"ListItem\",\"position\":3,\"name\":\"TIMBERFLEX ADHESIVE l\u012bmlente\"}]},{\"@type\":\"WebSite\",\"@id\":\"https:\/\/videstehnika.lv\/ru\/#website\",\"url\":\"https:\/\/videstehnika.lv\/ru\/\",\"name\":\"Vides Tehnika\",\"description\":\"\",\"potentialAction\":[{\"@type\":\"SearchAction\",\"target\":{\"@type\":\"EntryPoint\",\"urlTemplate\":\"https:\/\/videstehnika.lv\/ru\/?s={search_term_string}\"},\"query-input\":{\"@type\":\"PropertyValueSpecification\",\"valueRequired\":true,\"valueName\":\"search_term_string\"}}],\"inLanguage\":\"ru-RU\"}]}<\/script>\n<!-- \/ Yoast SEO plugin. -->","yoast_head_json":{"title":"TIMBERFLEX ADHESIVE l\u012bmlente &#8226; Vides Tehnika","robots":{"index":"index","follow":"follow","max-snippet":"max-snippet:-1","max-image-preview":"max-image-preview:large","max-video-preview":"max-video-preview:-1"},"canonical":"https:\/\/videstehnika.lv\/ru\/katalogs\/limes-limlentas\/timberflex-adhesive-limlente\/","og_locale":"ru_RU","og_type":"article","og_title":"TIMBERFLEX ADHESIVE l\u012bmlente &#8226; Vides Tehnika","og_description":"Lai garant\u0113tu konstrukcijai gaisa un v\u0113ja necaurlaid\u012bbu, tai j\u0101b\u016bt atbilsto\u0161iem materi\u0101liem, kas nodro\u0161ina past\u0101v\u012bgu bl\u012bv\u0113jumu p\u0101rkl\u0101\u0161an\u0101s viet\u0101s, spraug\u0101s, savienojumos un","og_url":"https:\/\/videstehnika.lv\/katalogs\/limes-limlentas\/timberflex-adhesive-limlente\/","og_site_name":"Vides Tehnika","article_modified_time":"2024-09-09T12:27:01+00:00","og_image":[{"width":700,"height":467,"url":"https:\/\/videstehnika.lv\/wp-content\/uploads\/2024\/09\/csm_MA_TIMBERFLEX_KB_PROPIC_Klebeband_671021df8f.webp","type":"image\/webp"}],"twitter_card":"summary_large_image","twitter_misc":{"\u041f\u0440\u0438\u043c\u0435\u0440\u043d\u043e\u0435 \u0432\u0440\u0435\u043c\u044f \u0434\u043b\u044f \u0447\u0442\u0435\u043d\u0438\u044f":"1 \u043c\u0438\u043d\u0443\u0442\u0430"},"schema":{"@context":"https:\/\/schema.org","@graph":[{"@type":"WebPage","@id":"https:\/\/videstehnika.lv\/katalogs\/limes-limlentas\/timberflex-adhesive-limlente\/","url":"https:\/\/videstehnika.lv\/katalogs\/limes-limlentas\/timberflex-adhesive-limlente\/","name":"TIMBERFLEX ADHESIVE l\u012bmlente &#8226; Vides Tehnika","isPartOf":{"@id":"https:\/\/videstehnika.lv\/ru\/#website"},"primaryImageOfPage":{"@id":"https:\/\/videstehnika.lv\/katalogs\/limes-limlentas\/timberflex-adhesive-limlente\/#primaryimage"},"image":{"@id":"https:\/\/videstehnika.lv\/katalogs\/limes-limlentas\/timberflex-adhesive-limlente\/#primaryimage"},"thumbnailUrl":"https:\/\/videstehnika.lv\/wp-content\/uploads\/2024\/09\/csm_MA_TIMBERFLEX_KB_PROPIC_Klebeband_671021df8f.webp","datePublished":"2024-09-09T12:27:00+00:00","dateModified":"2024-09-09T12:27:01+00:00","breadcrumb":{"@id":"https:\/\/videstehnika.lv\/katalogs\/limes-limlentas\/timberflex-adhesive-limlente\/#breadcrumb"},"inLanguage":"ru-RU","potentialAction":[{"@type":"ReadAction","target":["https:\/\/videstehnika.lv\/katalogs\/limes-limlentas\/timberflex-adhesive-limlente\/"]}]},{"@type":"ImageObject","inLanguage":"ru-RU","@id":"https:\/\/videstehnika.lv\/katalogs\/limes-limlentas\/timberflex-adhesive-limlente\/#primaryimage","url":"https:\/\/videstehnika.lv\/wp-content\/uploads\/2024\/09\/csm_MA_TIMBERFLEX_KB_PROPIC_Klebeband_671021df8f.webp","contentUrl":"https:\/\/videstehnika.lv\/wp-content\/uploads\/2024\/09\/csm_MA_TIMBERFLEX_KB_PROPIC_Klebeband_671021df8f.webp","width":700,"height":467},{"@type":"BreadcrumbList","@id":"https:\/\/videstehnika.lv\/katalogs\/limes-limlentas\/timberflex-adhesive-limlente\/#breadcrumb","itemListElement":[{"@type":"ListItem","position":1,"name":"Home","item":"https:\/\/videstehnika.lv\/ru\/"},{"@type":"ListItem","position":2,"name":"Katalogs","item":"https:\/\/videstehnika.lv\/ru\/katalogs\/"},{"@type":"ListItem","position":3,"name":"TIMBERFLEX ADHESIVE l\u012bmlente"}]},{"@type":"WebSite","@id":"https:\/\/videstehnika.lv\/ru\/#website","url":"https:\/\/videstehnika.lv\/ru\/","name":"Vides Tehnika","description":"","potentialAction":[{"@type":"SearchAction","target":{"@type":"EntryPoint","urlTemplate":"https:\/\/videstehnika.lv\/ru\/?s={search_term_string}"},"query-input":{"@type":"PropertyValueSpecification","valueRequired":true,"valueName":"search_term_string"}}],"inLanguage":"ru-RU"}]}},"_links":{"self":[{"href":"https:\/\/videstehnika.lv\/ru\/wp-json\/wp\/v2\/product\/40653","targetHints":{"allow":["GET"]}}],"collection":[{"href":"https:\/\/videstehnika.lv\/ru\/wp-json\/wp\/v2\/product"}],"about":[{"href":"https:\/\/videstehnika.lv\/ru\/wp-json\/wp\/v2\/types\/product"}],"wp:featuredmedia":[{"embeddable":true,"href":"https:\/\/videstehnika.lv\/ru\/wp-json\/wp\/v2\/media\/40654"}],"wp:attachment":[{"href":"https:\/\/videstehnika.lv\/ru\/wp-json\/wp\/v2\/media?parent=40653"}],"wp:term":[{"taxonomy":"product_cat","embeddable":true,"href":"https:\/\/videstehnika.lv\/ru\/wp-json\/wp\/v2\/product_cat?post=40653"},{"taxonomy":"product_tag","embeddable":true,"href":"https:\/\/videstehnika.lv\/ru\/wp-json\/wp\/v2\/product_tag?post=40653"}],"curies":[{"name":"wp","href":"https:\/\/api.w.org\/{rel}","templated":true}]}}