{"id":4328,"date":"2020-07-10T13:30:10","date_gmt":"2020-07-10T10:30:10","guid":{"rendered":"https:\/\/videstehnika.lv\/katalogs\/uncategorized\/mitrumizturiga-skaidu-plaksne-quick-deck-tg4\/"},"modified":"2021-11-07T18:02:18","modified_gmt":"2021-11-07T16:02:18","slug":"mitrumizturiga-skaidu-plaksne-quick-deck-tg4","status":"publish","type":"product","link":"https:\/\/videstehnika.lv\/ru\/magazin\/buvmateriali-ru\/durelis-plaksnes-ru\/mitrumizturiga-skaidu-plaksne-quick-deck-tg4\/","title":{"rendered":"\u0412\u043b\u0430\u0433\u043e\u0441\u0442\u043e\u0439\u043a\u0430\u044f \u0441\u0442\u0440\u043e\u0438\u0442\u0435\u043b\u044c\u043d\u0430\u044f \u043f\u043b\u0438\u0442\u0430 Quick Deck TG4"},"content":{"rendered":"<h2>\u0412\u043b\u0430\u0433\u043e\u0441\u0442\u043e\u0439\u043a\u0430\u044f \u0441\u0442\u0440\u043e\u0438\u0442\u0435\u043b\u044c\u043d\u0430\u044f \u043f\u043b\u0438\u0442\u0430 Quick Deck TG4<\/h2>\n<p>\u0412\u043b\u0430\u0433\u043e\u0441\u0442\u043e\u0439\u043a\u0430\u044f \u0441\u0442\u0440\u043e\u0438\u0442\u0435\u043b\u044c\u043d\u0430\u044f \u043f\u043b\u0438\u0442\u0430 Quick Deck &#8212; \u044d\u0442\u043e \u0432\u043b\u0430\u0433\u043e\u0441\u0442\u043e\u0439\u043a\u0438\u0439 \u0442\u0440\u0435\u0445\u0441\u043b\u043e\u0439\u043d\u044b\u0439 \u0414\u0421\u041f \u0441 \u043c\u043d\u043e\u0433\u043e\u0444\u0443\u043d\u043a\u0446\u0438\u043e\u043d\u0430\u043b\u044c\u043d\u043e\u0439 \u0441\u0442\u0440\u0443\u043a\u0442\u0443\u0440\u043e\u0439. \u041f\u043b\u0438\u0442\u044b \u0438\u043c\u0435\u044e\u0442 \u0433\u043b\u0430\u0434\u043a\u0443\u044e \u043f\u043e\u0432\u0435\u0440\u0445\u043d\u043e\u0441\u0442\u044c \u0438 \u043f\u043e\u0432\u044b\u0448\u0435\u043d\u043d\u0443\u044e \u043f\u0440\u043e\u0447\u043d\u043e\u0441\u0442\u044c, \u0447\u0442\u043e \u043f\u043e\u0437\u0432\u043e\u043b\u044f\u0435\u0442 \u0438\u0441\u043f\u043e\u043b\u044c\u0437\u043e\u0432\u0430\u0442\u044c \u0438\u0445 \u0434\u0430\u0436\u0435 \u0432 \u043d\u0435\u0441\u0443\u0449\u0438\u0445 \u043a\u043e\u043d\u0441\u0442\u0440\u0443\u043a\u0446\u0438\u044f\u0445 \u0438 \u0432\u043e \u0432\u043b\u0430\u0436\u043d\u044b\u0445 \u0443\u0441\u043b\u043e\u0432\u0438\u044f\u0445. \u042d\u0442\u0438 \u043f\u043b\u0438\u0442\u044b \u044f\u0432\u043b\u044f\u044e\u0442\u0441\u044f \u0438\u0434\u0435\u0430\u043b\u044c\u043d\u044b\u043c \u0440\u0435\u0448\u0435\u043d\u0438\u0435\u043c \u0434\u043b\u044f \u043f\u043e\u0434\u0433\u043e\u0442\u043e\u0432\u043a\u0438 \u043e\u0441\u043d\u043e\u0432\u0430\u043d\u0438\u044f \u043f\u0435\u0440\u0435\u043a\u0440\u044b\u0442\u0438\u044f \u0438 \u043f\u0440\u0435\u0434\u043d\u0430\u0437\u043d\u0430\u0447\u0435\u043d\u044b \u0434\u043b\u044f \u0438\u0441\u043f\u043e\u043b\u044c\u0437\u043e\u0432\u0430\u043d\u0438\u044f \u0432 \u0440\u0430\u0437\u043b\u0438\u0447\u043d\u044b\u0445 \u043a\u043e\u043d\u0441\u0442\u0440\u0443\u043a\u0446\u0438\u044f\u0445.<\/p>\n<h2><strong>\u041f\u0440\u0435\u0438\u043c\u0443\u0449\u0435\u0441\u0442\u0432\u0430 Quick Deck TG4<\/strong><\/h2>\n<ul>\n<li>\u042d\u043a\u043e\u043b\u043e\u0433\u0438\u0447\u0435\u0441\u043a\u0438\u0439 \u043c\u0430\u0442\u0435\u0440\u0438\u0430\u043b;<\/li>\n<li>\u0412\u043b\u0430\u0433\u043e\u0441\u0442\u043e\u0439\u043a\u043e\u0441\u0442\u044c;<\/li>\n<li>\u041f\u0440\u043e\u0447\u043d\u044b\u0439 \u0438 \u0441\u0442\u0430\u0431\u0438\u043b\u044c\u043d\u044b\u0439 \u043c\u0430\u0442\u0435\u0440\u0438\u0430\u043b;<\/li>\n<li>\u041f\u0440\u043e\u0441\u0442\u0430\u044f \u0432 \u0438\u0441\u043f\u043e\u043b\u044c\u0437\u043e\u0432\u0430\u043d\u0438\u0438 \u043c\u043d\u043e\u0433\u043e\u0444\u0443\u043d\u043a\u0446\u0438\u043e\u043d\u0430\u043b\u044c\u043d\u0430\u044f \u043f\u043b\u0430\u0442\u0430;<\/li>\n<li>\u0412\u043b\u0430\u0436\u043d\u043e\u0441\u0442\u044c \u043c\u0438\u043d\u0438\u043c\u0430\u043b\u044c\u043d\u043e \u0432\u043b\u0438\u044f\u0435\u0442 \u043d\u0430 \u043d\u0430\u0431\u0443\u0445\u0430\u043d\u0438\u0435 \u0438 \u0440\u0430\u0441\u0448\u0438\u0440\u0435\u043d\u0438\u0435;<\/li>\n<li>\u0414\u043e\u043f\u043e\u043b\u043d\u0438\u0442\u0435\u043b\u044c\u043d\u0430\u044f \u0437\u0432\u0443\u043a\u043e- \u0438 \u0442\u0435\u043f\u043b\u043e\u0438\u0437\u043e\u043b\u044f\u0446\u0438\u044f;<\/li>\n<li>\u0421\u043d\u0438\u0436\u0435\u043d\u0438\u0435 \u043d\u0430\u0433\u0440\u0443\u0437\u043a\u0438 \u0432 \u043d\u0435\u0441\u0443\u0449\u0438\u0445 \u043a\u043e\u043d\u0441\u0442\u0440\u0443\u043a\u0446\u0438\u044f\u0445;<\/li>\n<li>\u041f\u0440\u043e\u0441\u0442\u043e\u0439 \u0438 \u0443\u0434\u043e\u0431\u043d\u044b\u0439 \u0432 \u0438\u0441\u043f\u043e\u043b\u044c\u0437\u043e\u0432\u0430\u043d\u0438\u0438;<\/li>\n<li>\u041f\u043e\u043b\u0443\u0447\u0435\u043d\u0438\u0435 \u043f\u0440\u043e\u0447\u043d\u043e\u0433\u043e \u0438 \u0440\u043e\u0432\u043d\u043e\u0433\u043e \u043e\u0441\u043d\u043e\u0432\u0430\u043d\u0438\u044f \u043f\u043e\u043b\u0430;<\/li>\n<li>\u042d\u043a\u043e\u043d\u043e\u043c\u0438\u044f \u043c\u0430\u0442\u0435\u0440\u0438\u0430\u043b\u043e\u0432, \u0442\u0440\u0443\u0434\u0430 \u0438 \u044d\u043d\u0435\u0440\u0433\u043e\u0440\u0435\u0441\u0443\u0440\u0441\u043e\u0432.<\/li>\n<\/ul>\n<h3><strong>\u041f\u0440\u0438\u043c\u0435\u043d\u0435\u043d\u0438\u0435 Quick Deck TG4<\/strong><\/h3>\n<ul>\n<li>\u041a\u0440\u044b\u0448\u0430;<\/li>\n<li>\u0421\u0442\u0435\u043d\u044b;<\/li>\n<li>\u041f\u043e\u0442\u043e\u043b\u043e\u043a;<\/li>\n<li>\u041f\u043e\u043b\u044b.<\/li>\n<\/ul>\n","protected":false},"excerpt":{"rendered":"<p>\u0426\u0435\u043d\u0430 \u0443\u043a\u0430\u0437\u0430\u043d\u0430 \u0437\u0430 \u043b\u0438\u0441\u0442<\/p>\n","protected":false},"featured_media":3854,"template":"","meta":{"_acf_changed":false},"product_cat":[5210,412],"product_tag":[],"class_list":{"0":"post-4328","1":"product","2":"type-product","3":"status-publish","4":"has-post-thumbnail","6":"product_cat-5210","7":"product_cat-buvmateriali-ru","9":"first","10":"onbackorder","11":"taxable","12":"shipping-taxable","13":"purchasable","14":"product-type-variable"},"acf":[],"yoast_head":"<!-- This site is optimized with the Yoast SEO plugin v24.2 - https:\/\/yoast.com\/wordpress\/plugins\/seo\/ -->\n<title>\u0412\u043b\u0430\u0433\u043e\u0441\u0442\u043e\u0439\u043a\u0430\u044f \u0441\u0442\u0440\u043e\u0438\u0442\u0435\u043b\u044c\u043d\u0430\u044f \u043f\u043b\u0438\u0442\u0430 Quick Deck TG4 &#8226; Vides Tehnika<\/title>\n<meta name=\"description\" content=\"Quick Deck \u041f\u043b\u0438\u0442\u044b \u0438\u043c\u0435\u044e\u0442 \u0433\u043b\u0430\u0434\u043a\u0443\u044e \u043f\u043e\u0432\u0435\u0440\u0445\u043d\u043e\u0441\u0442\u044c \u0438 \u043f\u043e\u0432\u044b\u0448\u0435\u043d\u043d\u0443\u044e \u043f\u0440\u043e\u0447\u043d\u043e\u0441\u0442\u044c, \u0447\u0442\u043e \u043f\u043e\u0437\u0432\u043e\u043b\u044f\u0435\u0442 \u0438\u0441\u043f\u043e\u043b\u044c\u0437\u043e\u0432\u0430\u0442\u044c \u0438\u0445 \u0434\u0430\u0436\u0435 \u0432 \u043d\u0435\u0441\u0443\u0449\u0438\u0445 \u043a\u043e\u043d\u0441\u0442\u0440\u0443\u043a\u0446\u0438\u044f\u0445.\" \/>\n<meta name=\"robots\" content=\"index, follow, max-snippet:-1, max-image-preview:large, max-video-preview:-1\" \/>\n<link rel=\"canonical\" href=\"https:\/\/videstehnika.lv\/ru\/magazin\/buvmateriali-ru\/durelis-plaksnes-ru\/mitrumizturiga-skaidu-plaksne-quick-deck-tg4\/\" \/>\n<meta property=\"og:locale\" content=\"ru_RU\" \/>\n<meta property=\"og:type\" content=\"article\" \/>\n<meta property=\"og:title\" content=\"\u0412\u043b\u0430\u0433\u043e\u0441\u0442\u043e\u0439\u043a\u0430\u044f \u0441\u0442\u0440\u043e\u0438\u0442\u0435\u043b\u044c\u043d\u0430\u044f \u043f\u043b\u0438\u0442\u0430 Quick Deck TG4 &#8226; Vides Tehnika\" \/>\n<meta property=\"og:description\" content=\"Quick Deck \u041f\u043b\u0438\u0442\u044b \u0438\u043c\u0435\u044e\u0442 \u0433\u043b\u0430\u0434\u043a\u0443\u044e \u043f\u043e\u0432\u0435\u0440\u0445\u043d\u043e\u0441\u0442\u044c \u0438 \u043f\u043e\u0432\u044b\u0448\u0435\u043d\u043d\u0443\u044e \u043f\u0440\u043e\u0447\u043d\u043e\u0441\u0442\u044c, \u0447\u0442\u043e \u043f\u043e\u0437\u0432\u043e\u043b\u044f\u0435\u0442 \u0438\u0441\u043f\u043e\u043b\u044c\u0437\u043e\u0432\u0430\u0442\u044c \u0438\u0445 \u0434\u0430\u0436\u0435 \u0432 \u043d\u0435\u0441\u0443\u0449\u0438\u0445 \u043a\u043e\u043d\u0441\u0442\u0440\u0443\u043a\u0446\u0438\u044f\u0445.\" \/>\n<meta property=\"og:url\" content=\"https:\/\/videstehnika.lv\/ru\/magazin\/buvmateriali-ru\/durelis-plaksnes-ru\/mitrumizturiga-skaidu-plaksne-quick-deck-tg4\/\" \/>\n<meta property=\"og:site_name\" content=\"Vides Tehnika\" \/>\n<meta property=\"article:modified_time\" content=\"2021-11-07T16:02:18+00:00\" \/>\n<meta property=\"og:image\" content=\"https:\/\/videstehnika.lv\/wp-content\/uploads\/2020\/07\/vides-tehnika-durelis-plaksnes-quick-deck.jpg\" \/>\n\t<meta property=\"og:image:width\" content=\"900\" \/>\n\t<meta property=\"og:image:height\" content=\"900\" \/>\n\t<meta property=\"og:image:type\" content=\"image\/jpeg\" \/>\n<meta name=\"twitter:card\" content=\"summary_large_image\" \/>\n<meta name=\"twitter:label1\" content=\"\u041f\u0440\u0438\u043c\u0435\u0440\u043d\u043e\u0435 \u0432\u0440\u0435\u043c\u044f \u0434\u043b\u044f \u0447\u0442\u0435\u043d\u0438\u044f\" \/>\n\t<meta name=\"twitter:data1\" content=\"1 \u043c\u0438\u043d\u0443\u0442\u0430\" \/>\n<script type=\"application\/ld+json\" class=\"yoast-schema-graph\">{\"@context\":\"https:\/\/schema.org\",\"@graph\":[{\"@type\":\"WebPage\",\"@id\":\"https:\/\/videstehnika.lv\/ru\/magazin\/buvmateriali-ru\/durelis-plaksnes-ru\/mitrumizturiga-skaidu-plaksne-quick-deck-tg4\/\",\"url\":\"https:\/\/videstehnika.lv\/ru\/magazin\/buvmateriali-ru\/durelis-plaksnes-ru\/mitrumizturiga-skaidu-plaksne-quick-deck-tg4\/\",\"name\":\"\u0412\u043b\u0430\u0433\u043e\u0441\u0442\u043e\u0439\u043a\u0430\u044f \u0441\u0442\u0440\u043e\u0438\u0442\u0435\u043b\u044c\u043d\u0430\u044f \u043f\u043b\u0438\u0442\u0430 Quick Deck TG4 &#8226; Vides Tehnika\",\"isPartOf\":{\"@id\":\"https:\/\/videstehnika.lv\/ru\/#website\"},\"primaryImageOfPage\":{\"@id\":\"https:\/\/videstehnika.lv\/ru\/magazin\/buvmateriali-ru\/durelis-plaksnes-ru\/mitrumizturiga-skaidu-plaksne-quick-deck-tg4\/#primaryimage\"},\"image\":{\"@id\":\"https:\/\/videstehnika.lv\/ru\/magazin\/buvmateriali-ru\/durelis-plaksnes-ru\/mitrumizturiga-skaidu-plaksne-quick-deck-tg4\/#primaryimage\"},\"thumbnailUrl\":\"https:\/\/videstehnika.lv\/wp-content\/uploads\/2020\/07\/vides-tehnika-durelis-plaksnes-quick-deck.jpg\",\"datePublished\":\"2020-07-10T10:30:10+00:00\",\"dateModified\":\"2021-11-07T16:02:18+00:00\",\"description\":\"Quick Deck \u041f\u043b\u0438\u0442\u044b \u0438\u043c\u0435\u044e\u0442 \u0433\u043b\u0430\u0434\u043a\u0443\u044e \u043f\u043e\u0432\u0435\u0440\u0445\u043d\u043e\u0441\u0442\u044c \u0438 \u043f\u043e\u0432\u044b\u0448\u0435\u043d\u043d\u0443\u044e \u043f\u0440\u043e\u0447\u043d\u043e\u0441\u0442\u044c, \u0447\u0442\u043e \u043f\u043e\u0437\u0432\u043e\u043b\u044f\u0435\u0442 \u0438\u0441\u043f\u043e\u043b\u044c\u0437\u043e\u0432\u0430\u0442\u044c \u0438\u0445 \u0434\u0430\u0436\u0435 \u0432 \u043d\u0435\u0441\u0443\u0449\u0438\u0445 \u043a\u043e\u043d\u0441\u0442\u0440\u0443\u043a\u0446\u0438\u044f\u0445.\",\"breadcrumb\":{\"@id\":\"https:\/\/videstehnika.lv\/ru\/magazin\/buvmateriali-ru\/durelis-plaksnes-ru\/mitrumizturiga-skaidu-plaksne-quick-deck-tg4\/#breadcrumb\"},\"inLanguage\":\"ru-RU\",\"potentialAction\":[{\"@type\":\"ReadAction\",\"target\":[\"https:\/\/videstehnika.lv\/ru\/magazin\/buvmateriali-ru\/durelis-plaksnes-ru\/mitrumizturiga-skaidu-plaksne-quick-deck-tg4\/\"]}]},{\"@type\":\"ImageObject\",\"inLanguage\":\"ru-RU\",\"@id\":\"https:\/\/videstehnika.lv\/ru\/magazin\/buvmateriali-ru\/durelis-plaksnes-ru\/mitrumizturiga-skaidu-plaksne-quick-deck-tg4\/#primaryimage\",\"url\":\"https:\/\/videstehnika.lv\/wp-content\/uploads\/2020\/07\/vides-tehnika-durelis-plaksnes-quick-deck.jpg\",\"contentUrl\":\"https:\/\/videstehnika.lv\/wp-content\/uploads\/2020\/07\/vides-tehnika-durelis-plaksnes-quick-deck.jpg\",\"width\":900,\"height\":900,\"caption\":\"Skaidu pl\u0101ksnes Quick Deck ir mitrumiztur\u012bgas, tr\u012bssl\u0101\u0146u kokskaidu pl\u0101tnes ar daudzfunkcion\u0101lu strukt\u016bru. T\u0101s ir ekolo\u0123iskas, iztur\u012bgas un nodro\u0161ina papildus ska\u0146as un siltumizol\u0101ciju.\"},{\"@type\":\"BreadcrumbList\",\"@id\":\"https:\/\/videstehnika.lv\/ru\/magazin\/buvmateriali-ru\/durelis-plaksnes-ru\/mitrumizturiga-skaidu-plaksne-quick-deck-tg4\/#breadcrumb\",\"itemListElement\":[{\"@type\":\"ListItem\",\"position\":1,\"name\":\"Home\",\"item\":\"https:\/\/videstehnika.lv\/ru\/\"},{\"@type\":\"ListItem\",\"position\":2,\"name\":\"Katalogs\",\"item\":\"https:\/\/videstehnika.lv\/ru\/katalogs\/\"},{\"@type\":\"ListItem\",\"position\":3,\"name\":\"\u0412\u043b\u0430\u0433\u043e\u0441\u0442\u043e\u0439\u043a\u0430\u044f \u0441\u0442\u0440\u043e\u0438\u0442\u0435\u043b\u044c\u043d\u0430\u044f \u043f\u043b\u0438\u0442\u0430 Quick Deck TG4\"}]},{\"@type\":\"WebSite\",\"@id\":\"https:\/\/videstehnika.lv\/ru\/#website\",\"url\":\"https:\/\/videstehnika.lv\/ru\/\",\"name\":\"Vides Tehnika\",\"description\":\"\",\"potentialAction\":[{\"@type\":\"SearchAction\",\"target\":{\"@type\":\"EntryPoint\",\"urlTemplate\":\"https:\/\/videstehnika.lv\/ru\/?s={search_term_string}\"},\"query-input\":{\"@type\":\"PropertyValueSpecification\",\"valueRequired\":true,\"valueName\":\"search_term_string\"}}],\"inLanguage\":\"ru-RU\"}]}<\/script>\n<!-- \/ Yoast SEO plugin. -->","yoast_head_json":{"title":"\u0412\u043b\u0430\u0433\u043e\u0441\u0442\u043e\u0439\u043a\u0430\u044f \u0441\u0442\u0440\u043e\u0438\u0442\u0435\u043b\u044c\u043d\u0430\u044f \u043f\u043b\u0438\u0442\u0430 Quick Deck TG4 &#8226; Vides Tehnika","description":"Quick Deck \u041f\u043b\u0438\u0442\u044b \u0438\u043c\u0435\u044e\u0442 \u0433\u043b\u0430\u0434\u043a\u0443\u044e \u043f\u043e\u0432\u0435\u0440\u0445\u043d\u043e\u0441\u0442\u044c \u0438 \u043f\u043e\u0432\u044b\u0448\u0435\u043d\u043d\u0443\u044e \u043f\u0440\u043e\u0447\u043d\u043e\u0441\u0442\u044c, \u0447\u0442\u043e \u043f\u043e\u0437\u0432\u043e\u043b\u044f\u0435\u0442 \u0438\u0441\u043f\u043e\u043b\u044c\u0437\u043e\u0432\u0430\u0442\u044c \u0438\u0445 \u0434\u0430\u0436\u0435 \u0432 \u043d\u0435\u0441\u0443\u0449\u0438\u0445 \u043a\u043e\u043d\u0441\u0442\u0440\u0443\u043a\u0446\u0438\u044f\u0445.","robots":{"index":"index","follow":"follow","max-snippet":"max-snippet:-1","max-image-preview":"max-image-preview:large","max-video-preview":"max-video-preview:-1"},"canonical":"https:\/\/videstehnika.lv\/ru\/magazin\/buvmateriali-ru\/durelis-plaksnes-ru\/mitrumizturiga-skaidu-plaksne-quick-deck-tg4\/","og_locale":"ru_RU","og_type":"article","og_title":"\u0412\u043b\u0430\u0433\u043e\u0441\u0442\u043e\u0439\u043a\u0430\u044f \u0441\u0442\u0440\u043e\u0438\u0442\u0435\u043b\u044c\u043d\u0430\u044f \u043f\u043b\u0438\u0442\u0430 Quick Deck TG4 &#8226; Vides Tehnika","og_description":"Quick Deck \u041f\u043b\u0438\u0442\u044b \u0438\u043c\u0435\u044e\u0442 \u0433\u043b\u0430\u0434\u043a\u0443\u044e \u043f\u043e\u0432\u0435\u0440\u0445\u043d\u043e\u0441\u0442\u044c \u0438 \u043f\u043e\u0432\u044b\u0448\u0435\u043d\u043d\u0443\u044e \u043f\u0440\u043e\u0447\u043d\u043e\u0441\u0442\u044c, \u0447\u0442\u043e \u043f\u043e\u0437\u0432\u043e\u043b\u044f\u0435\u0442 \u0438\u0441\u043f\u043e\u043b\u044c\u0437\u043e\u0432\u0430\u0442\u044c \u0438\u0445 \u0434\u0430\u0436\u0435 \u0432 \u043d\u0435\u0441\u0443\u0449\u0438\u0445 \u043a\u043e\u043d\u0441\u0442\u0440\u0443\u043a\u0446\u0438\u044f\u0445.","og_url":"https:\/\/videstehnika.lv\/ru\/magazin\/buvmateriali-ru\/durelis-plaksnes-ru\/mitrumizturiga-skaidu-plaksne-quick-deck-tg4\/","og_site_name":"Vides Tehnika","article_modified_time":"2021-11-07T16:02:18+00:00","og_image":[{"width":900,"height":900,"url":"https:\/\/videstehnika.lv\/wp-content\/uploads\/2020\/07\/vides-tehnika-durelis-plaksnes-quick-deck.jpg","type":"image\/jpeg"}],"twitter_card":"summary_large_image","twitter_misc":{"\u041f\u0440\u0438\u043c\u0435\u0440\u043d\u043e\u0435 \u0432\u0440\u0435\u043c\u044f \u0434\u043b\u044f \u0447\u0442\u0435\u043d\u0438\u044f":"1 \u043c\u0438\u043d\u0443\u0442\u0430"},"schema":{"@context":"https:\/\/schema.org","@graph":[{"@type":"WebPage","@id":"https:\/\/videstehnika.lv\/ru\/magazin\/buvmateriali-ru\/durelis-plaksnes-ru\/mitrumizturiga-skaidu-plaksne-quick-deck-tg4\/","url":"https:\/\/videstehnika.lv\/ru\/magazin\/buvmateriali-ru\/durelis-plaksnes-ru\/mitrumizturiga-skaidu-plaksne-quick-deck-tg4\/","name":"\u0412\u043b\u0430\u0433\u043e\u0441\u0442\u043e\u0439\u043a\u0430\u044f \u0441\u0442\u0440\u043e\u0438\u0442\u0435\u043b\u044c\u043d\u0430\u044f \u043f\u043b\u0438\u0442\u0430 Quick Deck TG4 &#8226; Vides Tehnika","isPartOf":{"@id":"https:\/\/videstehnika.lv\/ru\/#website"},"primaryImageOfPage":{"@id":"https:\/\/videstehnika.lv\/ru\/magazin\/buvmateriali-ru\/durelis-plaksnes-ru\/mitrumizturiga-skaidu-plaksne-quick-deck-tg4\/#primaryimage"},"image":{"@id":"https:\/\/videstehnika.lv\/ru\/magazin\/buvmateriali-ru\/durelis-plaksnes-ru\/mitrumizturiga-skaidu-plaksne-quick-deck-tg4\/#primaryimage"},"thumbnailUrl":"https:\/\/videstehnika.lv\/wp-content\/uploads\/2020\/07\/vides-tehnika-durelis-plaksnes-quick-deck.jpg","datePublished":"2020-07-10T10:30:10+00:00","dateModified":"2021-11-07T16:02:18+00:00","description":"Quick Deck \u041f\u043b\u0438\u0442\u044b \u0438\u043c\u0435\u044e\u0442 \u0433\u043b\u0430\u0434\u043a\u0443\u044e \u043f\u043e\u0432\u0435\u0440\u0445\u043d\u043e\u0441\u0442\u044c \u0438 \u043f\u043e\u0432\u044b\u0448\u0435\u043d\u043d\u0443\u044e \u043f\u0440\u043e\u0447\u043d\u043e\u0441\u0442\u044c, \u0447\u0442\u043e \u043f\u043e\u0437\u0432\u043e\u043b\u044f\u0435\u0442 \u0438\u0441\u043f\u043e\u043b\u044c\u0437\u043e\u0432\u0430\u0442\u044c \u0438\u0445 \u0434\u0430\u0436\u0435 \u0432 \u043d\u0435\u0441\u0443\u0449\u0438\u0445 \u043a\u043e\u043d\u0441\u0442\u0440\u0443\u043a\u0446\u0438\u044f\u0445.","breadcrumb":{"@id":"https:\/\/videstehnika.lv\/ru\/magazin\/buvmateriali-ru\/durelis-plaksnes-ru\/mitrumizturiga-skaidu-plaksne-quick-deck-tg4\/#breadcrumb"},"inLanguage":"ru-RU","potentialAction":[{"@type":"ReadAction","target":["https:\/\/videstehnika.lv\/ru\/magazin\/buvmateriali-ru\/durelis-plaksnes-ru\/mitrumizturiga-skaidu-plaksne-quick-deck-tg4\/"]}]},{"@type":"ImageObject","inLanguage":"ru-RU","@id":"https:\/\/videstehnika.lv\/ru\/magazin\/buvmateriali-ru\/durelis-plaksnes-ru\/mitrumizturiga-skaidu-plaksne-quick-deck-tg4\/#primaryimage","url":"https:\/\/videstehnika.lv\/wp-content\/uploads\/2020\/07\/vides-tehnika-durelis-plaksnes-quick-deck.jpg","contentUrl":"https:\/\/videstehnika.lv\/wp-content\/uploads\/2020\/07\/vides-tehnika-durelis-plaksnes-quick-deck.jpg","width":900,"height":900,"caption":"Skaidu pl\u0101ksnes Quick Deck ir mitrumiztur\u012bgas, tr\u012bssl\u0101\u0146u kokskaidu pl\u0101tnes ar daudzfunkcion\u0101lu strukt\u016bru. T\u0101s ir ekolo\u0123iskas, iztur\u012bgas un nodro\u0161ina papildus ska\u0146as un siltumizol\u0101ciju."},{"@type":"BreadcrumbList","@id":"https:\/\/videstehnika.lv\/ru\/magazin\/buvmateriali-ru\/durelis-plaksnes-ru\/mitrumizturiga-skaidu-plaksne-quick-deck-tg4\/#breadcrumb","itemListElement":[{"@type":"ListItem","position":1,"name":"Home","item":"https:\/\/videstehnika.lv\/ru\/"},{"@type":"ListItem","position":2,"name":"Katalogs","item":"https:\/\/videstehnika.lv\/ru\/katalogs\/"},{"@type":"ListItem","position":3,"name":"\u0412\u043b\u0430\u0433\u043e\u0441\u0442\u043e\u0439\u043a\u0430\u044f \u0441\u0442\u0440\u043e\u0438\u0442\u0435\u043b\u044c\u043d\u0430\u044f \u043f\u043b\u0438\u0442\u0430 Quick Deck TG4"}]},{"@type":"WebSite","@id":"https:\/\/videstehnika.lv\/ru\/#website","url":"https:\/\/videstehnika.lv\/ru\/","name":"Vides Tehnika","description":"","potentialAction":[{"@type":"SearchAction","target":{"@type":"EntryPoint","urlTemplate":"https:\/\/videstehnika.lv\/ru\/?s={search_term_string}"},"query-input":{"@type":"PropertyValueSpecification","valueRequired":true,"valueName":"search_term_string"}}],"inLanguage":"ru-RU"}]}},"_links":{"self":[{"href":"https:\/\/videstehnika.lv\/ru\/wp-json\/wp\/v2\/product\/4328","targetHints":{"allow":["GET"]}}],"collection":[{"href":"https:\/\/videstehnika.lv\/ru\/wp-json\/wp\/v2\/product"}],"about":[{"href":"https:\/\/videstehnika.lv\/ru\/wp-json\/wp\/v2\/types\/product"}],"wp:featuredmedia":[{"embeddable":true,"href":"https:\/\/videstehnika.lv\/ru\/wp-json\/wp\/v2\/media\/3854"}],"wp:attachment":[{"href":"https:\/\/videstehnika.lv\/ru\/wp-json\/wp\/v2\/media?parent=4328"}],"wp:term":[{"taxonomy":"product_cat","embeddable":true,"href":"https:\/\/videstehnika.lv\/ru\/wp-json\/wp\/v2\/product_cat?post=4328"},{"taxonomy":"product_tag","embeddable":true,"href":"https:\/\/videstehnika.lv\/ru\/wp-json\/wp\/v2\/product_tag?post=4328"}],"curies":[{"name":"wp","href":"https:\/\/api.w.org\/{rel}","templated":true}]}}