{"id":62851,"date":"2025-06-06T13:21:43","date_gmt":"2025-06-06T10:21:43","guid":{"rendered":"https:\/\/videstehnika.lv\/?post_type=product&#038;p=62851"},"modified":"2026-03-20T11:12:50","modified_gmt":"2026-03-20T09:12:50","slug":"daewoo-litija-urbjmasina-skruvgriezis-dacd1440","status":"publish","type":"product","link":"https:\/\/videstehnika.lv\/katalogs\/majai-un-darzam\/daewoo-litija-urbjmasina-skruvgriezis-dacd1440\/","title":{"rendered":"Daewoo litija urbjma\u0161\u012bna\/skr\u016bvgriezis DACD1440"},"content":{"rendered":"<p>M\u016bsu <strong>DACD1440 urbjma\u0161\u012bna\/skr\u016bvgriezis<\/strong> ir lieliska izv\u0113le tiem, kas mekl\u0113 vienk\u0101r\u0161u un praktisku instrumentu, kas ir ide\u0101li piem\u0113rots pla\u0161am uzdevumu kl\u0101stam.<\/p>\n<p>Apr\u012bkots ar jaud\u012bgu un uzticamu motoru, ko darbina 14,4 V, 1,3 Ah litija akumulators.<\/p>\n<p>Tam ir \u0101mura funkcija, kas ir ide\u0101li piem\u0113rota urb\u0161anai m\u016br\u012b. Main\u0101ms \u0101trums un atpaka\u013cgaitas re\u017e\u012bms, k\u0101 ar\u012b divi meh\u0101niski \u0101trumi, kas dod mums elast\u012bbu atrast l\u012bdzsvaru starp pievilk\u0161anas sp\u0113ku (20 Nm), ko var regul\u0113t 18 poz\u012bcij\u0101s, un \u0101trumu (0\u2013400 \/ 0\u20131500 apgr.\/min).<\/p>\n<p>Met\u0101la galva. Komplekt\u0101 ietilpst\u00a0 akumulators un l\u0101d\u0113t\u0101js.<\/p>\n<p>-Spriegums: 14,4 V<br \/>\n-\u0100trums: 0\u2013400 \/ 0\u20131500 apgr.\/min<br \/>\n-Maksim\u0101lais griezes moments: 20 Nm<br \/>\n-Patrona: 10 mm (3\/8&#8243;)<br \/>\n-Griezes momenta iestat\u012bjums: 18+1<br \/>\n-Maksim\u0101l\u0101 urb\u0161anas jauda: 10 mm dzelzs, 20 mm koks<\/p>\n","protected":false},"excerpt":{"rendered":"<p>M\u016bsu DACD1440 urbjma\u0161\u012bna\/skr\u016bvgriezis ir lieliska izv\u0113le tiem, kas mekl\u0113 vienk\u0101r\u0161u un praktisku instrumentu, kas ir ide\u0101li piem\u0113rots pla\u0161am uzdevumu kl\u0101stam.<\/p>\n","protected":false},"featured_media":62852,"template":"","meta":{"_acf_changed":false},"product_cat":[5548,5223,5233,2977],"product_tag":[],"class_list":{"0":"post-62851","1":"product","2":"type-product","3":"status-publish","4":"has-post-thumbnail","6":"product_cat-akcija","7":"product_cat-darza-tehnika","8":"product_cat-instrumenti-un-aksesuari","9":"product_cat-majai-un-darzam","11":"first","12":"instock","13":"taxable","14":"shipping-taxable","15":"purchasable","16":"product-type-simple"},"acf":[],"yoast_head":"<!-- This site is optimized with the Yoast SEO plugin v24.2 - https:\/\/yoast.com\/wordpress\/plugins\/seo\/ -->\n<title>Daewoo litija urbjma\u0161\u012bna\/skr\u016bvgriezis DACD1440 &#8226; Vides Tehnika<\/title>\n<meta name=\"robots\" content=\"index, follow, max-snippet:-1, max-image-preview:large, max-video-preview:-1\" \/>\n<link rel=\"canonical\" href=\"https:\/\/videstehnika.lv\/ru\/katalogs\/majai-un-darzam\/daewoo-litija-urbjmasina-skruvgriezis-dacd1440\/\" \/>\n<meta property=\"og:locale\" content=\"ru_RU\" \/>\n<meta property=\"og:type\" content=\"article\" \/>\n<meta property=\"og:title\" content=\"Daewoo litija urbjma\u0161\u012bna\/skr\u016bvgriezis DACD1440 &#8226; Vides Tehnika\" \/>\n<meta property=\"og:description\" content=\"M\u016bsu DACD1440 urbjma\u0161\u012bna\/skr\u016bvgriezis ir lieliska izv\u0113le tiem, kas mekl\u0113 vienk\u0101r\u0161u un praktisku instrumentu, kas ir ide\u0101li piem\u0113rots pla\u0161am uzdevumu kl\u0101stam.\" \/>\n<meta property=\"og:url\" content=\"https:\/\/videstehnika.lv\/katalogs\/majai-un-darzam\/daewoo-litija-urbjmasina-skruvgriezis-dacd1440\/\" \/>\n<meta property=\"og:site_name\" content=\"Vides Tehnika\" \/>\n<meta property=\"article:modified_time\" content=\"2026-03-20T09:12:50+00:00\" \/>\n<meta property=\"og:image\" content=\"https:\/\/videstehnika.lv\/wp-content\/uploads\/2025\/06\/DACD1440-gris-1.jpg\" \/>\n\t<meta property=\"og:image:width\" content=\"600\" \/>\n\t<meta property=\"og:image:height\" content=\"600\" \/>\n\t<meta property=\"og:image:type\" content=\"image\/jpeg\" \/>\n<meta name=\"twitter:card\" content=\"summary_large_image\" \/>\n<meta name=\"twitter:label1\" content=\"\u041f\u0440\u0438\u043c\u0435\u0440\u043d\u043e\u0435 \u0432\u0440\u0435\u043c\u044f \u0434\u043b\u044f \u0447\u0442\u0435\u043d\u0438\u044f\" \/>\n\t<meta name=\"twitter:data1\" content=\"1 \u043c\u0438\u043d\u0443\u0442\u0430\" \/>\n<script type=\"application\/ld+json\" class=\"yoast-schema-graph\">{\"@context\":\"https:\/\/schema.org\",\"@graph\":[{\"@type\":\"WebPage\",\"@id\":\"https:\/\/videstehnika.lv\/katalogs\/majai-un-darzam\/daewoo-litija-urbjmasina-skruvgriezis-dacd1440\/\",\"url\":\"https:\/\/videstehnika.lv\/katalogs\/majai-un-darzam\/daewoo-litija-urbjmasina-skruvgriezis-dacd1440\/\",\"name\":\"Daewoo litija urbjma\u0161\u012bna\/skr\u016bvgriezis DACD1440 &#8226; Vides Tehnika\",\"isPartOf\":{\"@id\":\"https:\/\/videstehnika.lv\/ru\/#website\"},\"primaryImageOfPage\":{\"@id\":\"https:\/\/videstehnika.lv\/katalogs\/majai-un-darzam\/daewoo-litija-urbjmasina-skruvgriezis-dacd1440\/#primaryimage\"},\"image\":{\"@id\":\"https:\/\/videstehnika.lv\/katalogs\/majai-un-darzam\/daewoo-litija-urbjmasina-skruvgriezis-dacd1440\/#primaryimage\"},\"thumbnailUrl\":\"https:\/\/videstehnika.lv\/wp-content\/uploads\/2025\/06\/DACD1440-gris-1.jpg\",\"datePublished\":\"2025-06-06T10:21:43+00:00\",\"dateModified\":\"2026-03-20T09:12:50+00:00\",\"breadcrumb\":{\"@id\":\"https:\/\/videstehnika.lv\/katalogs\/majai-un-darzam\/daewoo-litija-urbjmasina-skruvgriezis-dacd1440\/#breadcrumb\"},\"inLanguage\":\"ru-RU\",\"potentialAction\":[{\"@type\":\"ReadAction\",\"target\":[\"https:\/\/videstehnika.lv\/katalogs\/majai-un-darzam\/daewoo-litija-urbjmasina-skruvgriezis-dacd1440\/\"]}]},{\"@type\":\"ImageObject\",\"inLanguage\":\"ru-RU\",\"@id\":\"https:\/\/videstehnika.lv\/katalogs\/majai-un-darzam\/daewoo-litija-urbjmasina-skruvgriezis-dacd1440\/#primaryimage\",\"url\":\"https:\/\/videstehnika.lv\/wp-content\/uploads\/2025\/06\/DACD1440-gris-1.jpg\",\"contentUrl\":\"https:\/\/videstehnika.lv\/wp-content\/uploads\/2025\/06\/DACD1440-gris-1.jpg\",\"width\":600,\"height\":600},{\"@type\":\"BreadcrumbList\",\"@id\":\"https:\/\/videstehnika.lv\/katalogs\/majai-un-darzam\/daewoo-litija-urbjmasina-skruvgriezis-dacd1440\/#breadcrumb\",\"itemListElement\":[{\"@type\":\"ListItem\",\"position\":1,\"name\":\"Home\",\"item\":\"https:\/\/videstehnika.lv\/ru\/\"},{\"@type\":\"ListItem\",\"position\":2,\"name\":\"Katalogs\",\"item\":\"https:\/\/videstehnika.lv\/ru\/katalogs\/\"},{\"@type\":\"ListItem\",\"position\":3,\"name\":\"Daewoo litija urbjma\u0161\u012bna\/skr\u016bvgriezis DACD1440\"}]},{\"@type\":\"WebSite\",\"@id\":\"https:\/\/videstehnika.lv\/ru\/#website\",\"url\":\"https:\/\/videstehnika.lv\/ru\/\",\"name\":\"Vides Tehnika\",\"description\":\"\",\"potentialAction\":[{\"@type\":\"SearchAction\",\"target\":{\"@type\":\"EntryPoint\",\"urlTemplate\":\"https:\/\/videstehnika.lv\/ru\/?s={search_term_string}\"},\"query-input\":{\"@type\":\"PropertyValueSpecification\",\"valueRequired\":true,\"valueName\":\"search_term_string\"}}],\"inLanguage\":\"ru-RU\"}]}<\/script>\n<!-- \/ Yoast SEO plugin. -->","yoast_head_json":{"title":"Daewoo litija urbjma\u0161\u012bna\/skr\u016bvgriezis DACD1440 &#8226; Vides Tehnika","robots":{"index":"index","follow":"follow","max-snippet":"max-snippet:-1","max-image-preview":"max-image-preview:large","max-video-preview":"max-video-preview:-1"},"canonical":"https:\/\/videstehnika.lv\/ru\/katalogs\/majai-un-darzam\/daewoo-litija-urbjmasina-skruvgriezis-dacd1440\/","og_locale":"ru_RU","og_type":"article","og_title":"Daewoo litija urbjma\u0161\u012bna\/skr\u016bvgriezis DACD1440 &#8226; Vides Tehnika","og_description":"M\u016bsu DACD1440 urbjma\u0161\u012bna\/skr\u016bvgriezis ir lieliska izv\u0113le tiem, kas mekl\u0113 vienk\u0101r\u0161u un praktisku instrumentu, kas ir ide\u0101li piem\u0113rots pla\u0161am uzdevumu kl\u0101stam.","og_url":"https:\/\/videstehnika.lv\/katalogs\/majai-un-darzam\/daewoo-litija-urbjmasina-skruvgriezis-dacd1440\/","og_site_name":"Vides Tehnika","article_modified_time":"2026-03-20T09:12:50+00:00","og_image":[{"width":600,"height":600,"url":"https:\/\/videstehnika.lv\/wp-content\/uploads\/2025\/06\/DACD1440-gris-1.jpg","type":"image\/jpeg"}],"twitter_card":"summary_large_image","twitter_misc":{"\u041f\u0440\u0438\u043c\u0435\u0440\u043d\u043e\u0435 \u0432\u0440\u0435\u043c\u044f \u0434\u043b\u044f \u0447\u0442\u0435\u043d\u0438\u044f":"1 \u043c\u0438\u043d\u0443\u0442\u0430"},"schema":{"@context":"https:\/\/schema.org","@graph":[{"@type":"WebPage","@id":"https:\/\/videstehnika.lv\/katalogs\/majai-un-darzam\/daewoo-litija-urbjmasina-skruvgriezis-dacd1440\/","url":"https:\/\/videstehnika.lv\/katalogs\/majai-un-darzam\/daewoo-litija-urbjmasina-skruvgriezis-dacd1440\/","name":"Daewoo litija urbjma\u0161\u012bna\/skr\u016bvgriezis DACD1440 &#8226; Vides Tehnika","isPartOf":{"@id":"https:\/\/videstehnika.lv\/ru\/#website"},"primaryImageOfPage":{"@id":"https:\/\/videstehnika.lv\/katalogs\/majai-un-darzam\/daewoo-litija-urbjmasina-skruvgriezis-dacd1440\/#primaryimage"},"image":{"@id":"https:\/\/videstehnika.lv\/katalogs\/majai-un-darzam\/daewoo-litija-urbjmasina-skruvgriezis-dacd1440\/#primaryimage"},"thumbnailUrl":"https:\/\/videstehnika.lv\/wp-content\/uploads\/2025\/06\/DACD1440-gris-1.jpg","datePublished":"2025-06-06T10:21:43+00:00","dateModified":"2026-03-20T09:12:50+00:00","breadcrumb":{"@id":"https:\/\/videstehnika.lv\/katalogs\/majai-un-darzam\/daewoo-litija-urbjmasina-skruvgriezis-dacd1440\/#breadcrumb"},"inLanguage":"ru-RU","potentialAction":[{"@type":"ReadAction","target":["https:\/\/videstehnika.lv\/katalogs\/majai-un-darzam\/daewoo-litija-urbjmasina-skruvgriezis-dacd1440\/"]}]},{"@type":"ImageObject","inLanguage":"ru-RU","@id":"https:\/\/videstehnika.lv\/katalogs\/majai-un-darzam\/daewoo-litija-urbjmasina-skruvgriezis-dacd1440\/#primaryimage","url":"https:\/\/videstehnika.lv\/wp-content\/uploads\/2025\/06\/DACD1440-gris-1.jpg","contentUrl":"https:\/\/videstehnika.lv\/wp-content\/uploads\/2025\/06\/DACD1440-gris-1.jpg","width":600,"height":600},{"@type":"BreadcrumbList","@id":"https:\/\/videstehnika.lv\/katalogs\/majai-un-darzam\/daewoo-litija-urbjmasina-skruvgriezis-dacd1440\/#breadcrumb","itemListElement":[{"@type":"ListItem","position":1,"name":"Home","item":"https:\/\/videstehnika.lv\/ru\/"},{"@type":"ListItem","position":2,"name":"Katalogs","item":"https:\/\/videstehnika.lv\/ru\/katalogs\/"},{"@type":"ListItem","position":3,"name":"Daewoo litija urbjma\u0161\u012bna\/skr\u016bvgriezis DACD1440"}]},{"@type":"WebSite","@id":"https:\/\/videstehnika.lv\/ru\/#website","url":"https:\/\/videstehnika.lv\/ru\/","name":"Vides Tehnika","description":"","potentialAction":[{"@type":"SearchAction","target":{"@type":"EntryPoint","urlTemplate":"https:\/\/videstehnika.lv\/ru\/?s={search_term_string}"},"query-input":{"@type":"PropertyValueSpecification","valueRequired":true,"valueName":"search_term_string"}}],"inLanguage":"ru-RU"}]}},"_links":{"self":[{"href":"https:\/\/videstehnika.lv\/ru\/wp-json\/wp\/v2\/product\/62851","targetHints":{"allow":["GET"]}}],"collection":[{"href":"https:\/\/videstehnika.lv\/ru\/wp-json\/wp\/v2\/product"}],"about":[{"href":"https:\/\/videstehnika.lv\/ru\/wp-json\/wp\/v2\/types\/product"}],"wp:featuredmedia":[{"embeddable":true,"href":"https:\/\/videstehnika.lv\/ru\/wp-json\/wp\/v2\/media\/62852"}],"wp:attachment":[{"href":"https:\/\/videstehnika.lv\/ru\/wp-json\/wp\/v2\/media?parent=62851"}],"wp:term":[{"taxonomy":"product_cat","embeddable":true,"href":"https:\/\/videstehnika.lv\/ru\/wp-json\/wp\/v2\/product_cat?post=62851"},{"taxonomy":"product_tag","embeddable":true,"href":"https:\/\/videstehnika.lv\/ru\/wp-json\/wp\/v2\/product_tag?post=62851"}],"curies":[{"name":"wp","href":"https:\/\/api.w.org\/{rel}","templated":true}]}}