{"id":7960,"date":"2020-07-08T12:08:01","date_gmt":"2020-12-30T08:58:06","guid":{"rendered":"https:\/\/videstehnika.lv\/?post_type=product&#038;p=7960"},"modified":"2021-03-11T10:28:33","modified_gmt":"2021-03-11T08:28:33","slug":"grand-full-teploizolacionnije-granuli","status":"publish","type":"product","link":"https:\/\/videstehnika.lv\/ru\/magazin\/siltumizolacijas-materiali-ru\/gaisa-spraugu-siltumizolacijas-materials-ru\/grand-full-teploizolacionnije-granuli\/","title":{"rendered":"Grand Full \u0442\u0435\u043f\u043b\u043e\u0438\u0437\u043e\u043b\u044f\u0446\u0438\u043e\u043d\u043d\u044b\u0435 \u0433\u0440\u0430\u043d\u0443\u043b\u044b"},"content":{"rendered":"<h2>Grand Full \u0442\u0435\u043f\u043b\u043e\u0438\u0437\u043e\u043b\u044f\u0446\u0438\u043e\u043d\u043d\u044b\u0435 \u0433\u0440\u0430\u043d\u0443\u043b\u044b<\/h2>\n<p>Grand Full \u2013 \u043f\u043e\u043b\u0438\u0441\u0442\u0438\u0440\u043e\u043b\u044c\u043d\u044b\u0435 \u0442\u0435\u043f\u043b\u043e\u0438\u0437\u043e\u043b\u044f\u0446\u0438\u043e\u043d\u043d\u044b\u0435 \u0433\u0440\u0430\u043d\u0443\u043b\u044b. Grand Full &#8212; \u044d\u0444\u0444\u0435\u043a\u0442\u0438\u0432\u043d\u044b\u0439 \u0442\u0435\u043f\u043b\u043e\u0438\u0437\u043e\u043b\u044f\u0446\u0438\u043e\u043d\u043d\u044b\u0439 \u043c\u0430\u0442\u0435\u0440\u0438\u0430\u043b, \u043a\u043e\u0442\u043e\u0440\u044b\u0439 \u043e\u0441\u043e\u0431\u0435\u043d\u043d\u043e \u043f\u043e\u0434\u0445\u043e\u0434\u0438\u0442 \u0434\u043b\u044f \u0443\u0442\u0435\u043f\u043b\u0435\u043d\u0438\u044f \u043d\u0430\u0440\u0443\u0436\u043d\u044b\u0445 \u0441\u0442\u0435\u043d \u0441\u0442\u0430\u0440\u044b\u0445 \u0437\u0434\u0430\u043d\u0438\u0439, \u0437\u0430\u043f\u043e\u043b\u043d\u044f\u044f \u0432\u043e\u0437\u0434\u0443\u0448\u043d\u044b\u0435 \u0437\u0430\u0437\u043e\u0440\u044b \u0438 \u043f\u0443\u0441\u0442\u043e\u0442\u044b \u043c\u0435\u0436\u0434\u0443 \u043a\u043b\u0430\u0434\u043a\u043e\u0439 \u043d\u0430\u0440\u0443\u0436\u043d\u043e\u0439 \u0441\u0442\u0435\u043d\u044b.<\/p>\n<p>\u0421\u043e\u0447\u0435\u0442\u0430\u044f \u0432 \u0441\u0435\u0431\u0435 \u0442\u043e\u043d\u043a\u0443\u044e \u0442\u0435\u043a\u0441\u0442\u0443\u0440\u0443 \u043c\u0430\u0442\u0435\u0440\u0438\u0430\u043b\u0430 Grand Full \u0441 \u043b\u0435\u0433\u043a\u043e\u0441\u0442\u044c\u044e \u043f\u043e\u043b\u0438\u0441\u0442\u0438\u0440\u043e\u043b\u0430, \u0438\u043c \u043c\u043e\u0436\u043d\u043e \u0431\u044b\u0441\u0442\u0440\u043e \u0438 \u0442\u043e\u0447\u043d\u043e \u0437\u0430\u043f\u043e\u043b\u043d\u0438\u0442\u044c \u0434\u0430\u0436\u0435 \u0441\u0430\u043c\u044b\u0435 \u0443\u0437\u043a\u0438\u0435 \u0442\u0440\u0435\u0449\u0438\u043d\u044b \u0438 \u0449\u0435\u043b\u0438, \u044d\u0444\u0444\u0435\u043a\u0442\u0438\u0432\u043d\u043e \u0443\u0442\u0435\u043f\u043b\u044f\u044f \u0441\u0430\u043c\u044b\u0435 \u0442\u0440\u0443\u0434\u043d\u043e \u0434\u043e\u0441\u044f\u0433\u0430\u0435\u043c\u044b\u0435 \u043a\u043e\u043d\u0441\u0442\u0440\u0443\u043a\u0446\u0438\u0438, \u043e\u0431\u0435\u0441\u043f\u0435\u0447\u0438\u0432\u0430\u044f \u043f\u043b\u043e\u0442\u043d\u043e\u0435 \u043d\u0430\u043d\u0435\u0441\u0435\u043d\u0438\u0435 \u0438 \u043e\u0442\u043b\u0438\u0447\u043d\u0443\u044e \u0442\u0435\u043f\u043b\u043e\u0438\u0437\u043e\u043b\u044f\u0446\u0438\u044e.<\/p>\n<h2><strong>\u041f\u0440\u0435\u0438\u043c\u0443\u0449\u0435\u0441\u0442\u0432\u0430 Grand Full<\/strong><\/h2>\n<ul>\n<li>\u041e\u0442\u043b\u0438\u0447\u043d\u044b\u0435 \u0442\u0435\u043f\u043b\u043e\u0438\u0437\u043e\u043b\u044f\u0446\u0438\u043e\u043d\u043d\u044b\u0435 \u0441\u043f\u043e\u0441\u043e\u0431\u043d\u043e\u0441\u0442\u0438;<\/li>\n<li>\u041d\u0435\u0441\u0442\u0430\u0440\u0435\u044e\u0449\u0438\u0439, \u043d\u0435\u0440\u0436\u0430\u0432\u0435\u044e\u0449\u0438\u0439 \u043c\u0430\u0442\u0435\u0440\u0438\u0430\u043b;<\/li>\n<li>\u041c\u0430\u0442\u0435\u0440\u0438\u0430\u043b \u043d\u0435 \u043e\u0441\u0435\u0434\u0430\u0435\u0442 \u0438 \u0432 \u0445\u043e\u0434\u0435 \u0432\u0440\u0435\u043c\u0435\u043d\u0438 \u043d\u0435 \u0443\u043f\u043b\u043e\u0442\u043d\u044f\u0435\u0442\u0441\u044f;<\/li>\n<li>\u041c\u0435\u043b\u043a\u0438\u0435 \u0447\u0430\u0441\u0442\u0438\u0446\u044b \u043c\u0430\u0442\u0435\u0440\u0438\u0430\u043b\u0430 \u0437\u0430\u043f\u043e\u043b\u043d\u044f\u044e\u0442 \u0432\u0441\u0435 \u0442\u0440\u0435\u0449\u0438\u043d\u044b \u0438 \u0449\u0435\u043b\u0438 \u0437\u0434\u0430\u043d\u0438\u044f, \u043f\u043e\u0434\u0445\u043e\u0434\u0438\u0442 \u0434\u043b\u044f \u0443\u0442\u0435\u043f\u043b\u0435\u043d\u0438\u044f \u0442\u0440\u0443\u0434\u043d\u043e \u0434\u043e\u0441\u044f\u0433\u0430\u0435\u043c\u044b\u0445 \u043a\u043e\u043d\u0441\u0442\u0440\u0443\u043a\u0446\u0438\u0439;<\/li>\n<li>\u041f\u0440\u043e\u0441\u0442\u043e\u0435 \u0438 \u0431\u044b\u0441\u0442\u0440\u043e\u0435 \u043d\u0430\u043d\u0435\u0441\u0435\u043d\u0438\u0435 \u2013 \u0431\u0435\u0437 \u043f\u044b\u043b\u0438, \u0433\u0440\u044f\u0437\u0438, \u043d\u0435 \u043c\u0435\u043d\u044f\u044f \u0432\u0438\u0434 \u0444\u0430\u0441\u0430\u0434\u0430 \u0437\u0434\u0430\u043d\u0438\u044f;<\/li>\n<li>\u042d\u043a\u043e\u043d\u043e\u043c\u0438\u0447\u0435\u043d \u0432 \u0438\u0441\u043f\u043e\u043b\u044c\u0437\u043e\u0432\u0430\u043d\u0438\u0438 \u2013 \u043d\u0435 \u043e\u0441\u0442\u0430\u044e\u0442\u0441\u044f \u0438\u0437\u043b\u0438\u0448\u043a\u0438.<\/li>\n<\/ul>\n","protected":false},"excerpt":{"rendered":"<p>\u0426\u0435\u043d\u0430 \u0443\u043a\u0430\u0437\u0430\u043d\u0430 \u0437\u0430 \u0431\u0438\u0433-\u0431\u044d\u0433<\/p>\n","protected":false},"featured_media":3630,"template":"","meta":{"_acf_changed":false},"product_cat":[480,481],"product_tag":[],"class_list":{"0":"post-7960","1":"product","2":"type-product","3":"status-publish","4":"has-post-thumbnail","6":"product_cat-siltumizolacijas-materiali-ru","7":"product_cat-nasipnaja-vata-dlja-strukturnoi-izoljacij","9":"first","10":"instock","11":"taxable","12":"shipping-taxable","13":"purchasable","14":"product-type-simple"},"acf":[],"yoast_head":"<!-- This site is optimized with the Yoast SEO plugin v24.2 - https:\/\/yoast.com\/wordpress\/plugins\/seo\/ -->\n<title>Grand Full \u0442\u0435\u043f\u043b\u043e\u0438\u0437\u043e\u043b\u044f\u0446\u0438\u043e\u043d\u043d\u044b\u0435 \u0433\u0440\u0430\u043d\u0443\u043b\u044b &#8226; Vides Tehnika<\/title>\n<meta name=\"description\" content=\"Grand Full - \u043f\u043e\u0434\u0445\u043e\u0434\u0438\u0442 \u0434\u043b\u044f \u0443\u0442\u0435\u043f\u043b\u0435\u043d\u0438\u044f \u043d\u0430\u0440\u0443\u0436\u043d\u044b\u0445 \u0441\u0442\u0435\u043d \u0441\u0442\u0430\u0440\u044b\u0445 \u0437\u0434\u0430\u043d\u0438\u0439, \u0437\u0430\u043f\u043e\u043b\u043d\u044f\u044f \u0432\u043e\u0437\u0434\u0443\u0448\u043d\u044b\u0435 \u0437\u0430\u0437\u043e\u0440\u044b \u0438 \u043f\u0443\u0441\u0442\u043e\u0442\u044b \u043c\u0435\u0436\u0434\u0443 \u043a\u043b\u0430\u0434\u043a\u043e\u0439 \u043d\u0430\u0440\u0443\u0436\u043d\u043e\u0439 \u0441\u0442\u0435\u043d\u044b.\" \/>\n<meta name=\"robots\" content=\"index, follow, max-snippet:-1, max-image-preview:large, max-video-preview:-1\" \/>\n<link rel=\"canonical\" href=\"https:\/\/videstehnika.lv\/ru\/magazin\/siltumizolacijas-materiali-ru\/gaisa-spraugu-siltumizolacijas-materials-ru\/grand-full-teploizolacionnije-granuli\/\" \/>\n<meta property=\"og:locale\" content=\"ru_RU\" \/>\n<meta property=\"og:type\" content=\"article\" \/>\n<meta property=\"og:title\" content=\"Grand Full \u0442\u0435\u043f\u043b\u043e\u0438\u0437\u043e\u043b\u044f\u0446\u0438\u043e\u043d\u043d\u044b\u0435 \u0433\u0440\u0430\u043d\u0443\u043b\u044b &#8226; Vides Tehnika\" \/>\n<meta property=\"og:description\" content=\"Grand Full - \u043f\u043e\u0434\u0445\u043e\u0434\u0438\u0442 \u0434\u043b\u044f \u0443\u0442\u0435\u043f\u043b\u0435\u043d\u0438\u044f \u043d\u0430\u0440\u0443\u0436\u043d\u044b\u0445 \u0441\u0442\u0435\u043d \u0441\u0442\u0430\u0440\u044b\u0445 \u0437\u0434\u0430\u043d\u0438\u0439, \u0437\u0430\u043f\u043e\u043b\u043d\u044f\u044f \u0432\u043e\u0437\u0434\u0443\u0448\u043d\u044b\u0435 \u0437\u0430\u0437\u043e\u0440\u044b \u0438 \u043f\u0443\u0441\u0442\u043e\u0442\u044b \u043c\u0435\u0436\u0434\u0443 \u043a\u043b\u0430\u0434\u043a\u043e\u0439 \u043d\u0430\u0440\u0443\u0436\u043d\u043e\u0439 \u0441\u0442\u0435\u043d\u044b.\" \/>\n<meta property=\"og:url\" content=\"https:\/\/videstehnika.lv\/ru\/magazin\/siltumizolacijas-materiali-ru\/gaisa-spraugu-siltumizolacijas-materials-ru\/grand-full-teploizolacionnije-granuli\/\" \/>\n<meta property=\"og:site_name\" content=\"Vides Tehnika\" \/>\n<meta property=\"article:modified_time\" content=\"2021-03-11T08:28:33+00:00\" \/>\n<meta property=\"og:image\" content=\"https:\/\/videstehnika.lv\/wp-content\/uploads\/2020\/07\/vides-tehnika-grand-full-granulas.jpg\" \/>\n\t<meta property=\"og:image:width\" content=\"900\" \/>\n\t<meta property=\"og:image:height\" content=\"900\" \/>\n\t<meta property=\"og:image:type\" content=\"image\/jpeg\" \/>\n<meta name=\"twitter:card\" content=\"summary_large_image\" \/>\n<meta name=\"twitter:label1\" content=\"\u041f\u0440\u0438\u043c\u0435\u0440\u043d\u043e\u0435 \u0432\u0440\u0435\u043c\u044f \u0434\u043b\u044f \u0447\u0442\u0435\u043d\u0438\u044f\" \/>\n\t<meta name=\"twitter:data1\" content=\"1 \u043c\u0438\u043d\u0443\u0442\u0430\" \/>\n<script type=\"application\/ld+json\" class=\"yoast-schema-graph\">{\"@context\":\"https:\/\/schema.org\",\"@graph\":[{\"@type\":\"WebPage\",\"@id\":\"https:\/\/videstehnika.lv\/ru\/magazin\/siltumizolacijas-materiali-ru\/gaisa-spraugu-siltumizolacijas-materials-ru\/grand-full-teploizolacionnije-granuli\/\",\"url\":\"https:\/\/videstehnika.lv\/ru\/magazin\/siltumizolacijas-materiali-ru\/gaisa-spraugu-siltumizolacijas-materials-ru\/grand-full-teploizolacionnije-granuli\/\",\"name\":\"Grand Full \u0442\u0435\u043f\u043b\u043e\u0438\u0437\u043e\u043b\u044f\u0446\u0438\u043e\u043d\u043d\u044b\u0435 \u0433\u0440\u0430\u043d\u0443\u043b\u044b &#8226; Vides Tehnika\",\"isPartOf\":{\"@id\":\"https:\/\/videstehnika.lv\/ru\/#website\"},\"primaryImageOfPage\":{\"@id\":\"https:\/\/videstehnika.lv\/ru\/magazin\/siltumizolacijas-materiali-ru\/gaisa-spraugu-siltumizolacijas-materials-ru\/grand-full-teploizolacionnije-granuli\/#primaryimage\"},\"image\":{\"@id\":\"https:\/\/videstehnika.lv\/ru\/magazin\/siltumizolacijas-materiali-ru\/gaisa-spraugu-siltumizolacijas-materials-ru\/grand-full-teploizolacionnije-granuli\/#primaryimage\"},\"thumbnailUrl\":\"https:\/\/videstehnika.lv\/wp-content\/uploads\/2020\/07\/vides-tehnika-grand-full-granulas.jpg\",\"datePublished\":\"2020-12-30T08:58:06+00:00\",\"dateModified\":\"2021-03-11T08:28:33+00:00\",\"description\":\"Grand Full - \u043f\u043e\u0434\u0445\u043e\u0434\u0438\u0442 \u0434\u043b\u044f \u0443\u0442\u0435\u043f\u043b\u0435\u043d\u0438\u044f \u043d\u0430\u0440\u0443\u0436\u043d\u044b\u0445 \u0441\u0442\u0435\u043d \u0441\u0442\u0430\u0440\u044b\u0445 \u0437\u0434\u0430\u043d\u0438\u0439, \u0437\u0430\u043f\u043e\u043b\u043d\u044f\u044f \u0432\u043e\u0437\u0434\u0443\u0448\u043d\u044b\u0435 \u0437\u0430\u0437\u043e\u0440\u044b \u0438 \u043f\u0443\u0441\u0442\u043e\u0442\u044b \u043c\u0435\u0436\u0434\u0443 \u043a\u043b\u0430\u0434\u043a\u043e\u0439 \u043d\u0430\u0440\u0443\u0436\u043d\u043e\u0439 \u0441\u0442\u0435\u043d\u044b.\",\"breadcrumb\":{\"@id\":\"https:\/\/videstehnika.lv\/ru\/magazin\/siltumizolacijas-materiali-ru\/gaisa-spraugu-siltumizolacijas-materials-ru\/grand-full-teploizolacionnije-granuli\/#breadcrumb\"},\"inLanguage\":\"ru-RU\",\"potentialAction\":[{\"@type\":\"ReadAction\",\"target\":[\"https:\/\/videstehnika.lv\/ru\/magazin\/siltumizolacijas-materiali-ru\/gaisa-spraugu-siltumizolacijas-materials-ru\/grand-full-teploizolacionnije-granuli\/\"]}]},{\"@type\":\"ImageObject\",\"inLanguage\":\"ru-RU\",\"@id\":\"https:\/\/videstehnika.lv\/ru\/magazin\/siltumizolacijas-materiali-ru\/gaisa-spraugu-siltumizolacijas-materials-ru\/grand-full-teploizolacionnije-granuli\/#primaryimage\",\"url\":\"https:\/\/videstehnika.lv\/wp-content\/uploads\/2020\/07\/vides-tehnika-grand-full-granulas.jpg\",\"contentUrl\":\"https:\/\/videstehnika.lv\/wp-content\/uploads\/2020\/07\/vides-tehnika-grand-full-granulas.jpg\",\"width\":900,\"height\":900,\"caption\":\"Grand Full ir efekt\u012bvs siltumizol\u0101cijas materi\u0101ls, kas ir \u012bpa\u0161i piem\u0113rots vecu \u0113ku \u0101rsienu nosiltin\u0101\u0161anai, aizpildot gaisa spraugas un tuk\u0161os dobumus starp \u0101rsienu m\u016briem\"},{\"@type\":\"BreadcrumbList\",\"@id\":\"https:\/\/videstehnika.lv\/ru\/magazin\/siltumizolacijas-materiali-ru\/gaisa-spraugu-siltumizolacijas-materials-ru\/grand-full-teploizolacionnije-granuli\/#breadcrumb\",\"itemListElement\":[{\"@type\":\"ListItem\",\"position\":1,\"name\":\"Home\",\"item\":\"https:\/\/videstehnika.lv\/ru\/\"},{\"@type\":\"ListItem\",\"position\":2,\"name\":\"Katalogs\",\"item\":\"https:\/\/videstehnika.lv\/ru\/katalogs\/\"},{\"@type\":\"ListItem\",\"position\":3,\"name\":\"Grand Full \u0442\u0435\u043f\u043b\u043e\u0438\u0437\u043e\u043b\u044f\u0446\u0438\u043e\u043d\u043d\u044b\u0435 \u0433\u0440\u0430\u043d\u0443\u043b\u044b\"}]},{\"@type\":\"WebSite\",\"@id\":\"https:\/\/videstehnika.lv\/ru\/#website\",\"url\":\"https:\/\/videstehnika.lv\/ru\/\",\"name\":\"Vides Tehnika\",\"description\":\"\",\"potentialAction\":[{\"@type\":\"SearchAction\",\"target\":{\"@type\":\"EntryPoint\",\"urlTemplate\":\"https:\/\/videstehnika.lv\/ru\/?s={search_term_string}\"},\"query-input\":{\"@type\":\"PropertyValueSpecification\",\"valueRequired\":true,\"valueName\":\"search_term_string\"}}],\"inLanguage\":\"ru-RU\"}]}<\/script>\n<!-- \/ Yoast SEO plugin. -->","yoast_head_json":{"title":"Grand Full \u0442\u0435\u043f\u043b\u043e\u0438\u0437\u043e\u043b\u044f\u0446\u0438\u043e\u043d\u043d\u044b\u0435 \u0433\u0440\u0430\u043d\u0443\u043b\u044b &#8226; Vides Tehnika","description":"Grand Full - \u043f\u043e\u0434\u0445\u043e\u0434\u0438\u0442 \u0434\u043b\u044f \u0443\u0442\u0435\u043f\u043b\u0435\u043d\u0438\u044f \u043d\u0430\u0440\u0443\u0436\u043d\u044b\u0445 \u0441\u0442\u0435\u043d \u0441\u0442\u0430\u0440\u044b\u0445 \u0437\u0434\u0430\u043d\u0438\u0439, \u0437\u0430\u043f\u043e\u043b\u043d\u044f\u044f \u0432\u043e\u0437\u0434\u0443\u0448\u043d\u044b\u0435 \u0437\u0430\u0437\u043e\u0440\u044b \u0438 \u043f\u0443\u0441\u0442\u043e\u0442\u044b \u043c\u0435\u0436\u0434\u0443 \u043a\u043b\u0430\u0434\u043a\u043e\u0439 \u043d\u0430\u0440\u0443\u0436\u043d\u043e\u0439 \u0441\u0442\u0435\u043d\u044b.","robots":{"index":"index","follow":"follow","max-snippet":"max-snippet:-1","max-image-preview":"max-image-preview:large","max-video-preview":"max-video-preview:-1"},"canonical":"https:\/\/videstehnika.lv\/ru\/magazin\/siltumizolacijas-materiali-ru\/gaisa-spraugu-siltumizolacijas-materials-ru\/grand-full-teploizolacionnije-granuli\/","og_locale":"ru_RU","og_type":"article","og_title":"Grand Full \u0442\u0435\u043f\u043b\u043e\u0438\u0437\u043e\u043b\u044f\u0446\u0438\u043e\u043d\u043d\u044b\u0435 \u0433\u0440\u0430\u043d\u0443\u043b\u044b &#8226; Vides Tehnika","og_description":"Grand Full - \u043f\u043e\u0434\u0445\u043e\u0434\u0438\u0442 \u0434\u043b\u044f \u0443\u0442\u0435\u043f\u043b\u0435\u043d\u0438\u044f \u043d\u0430\u0440\u0443\u0436\u043d\u044b\u0445 \u0441\u0442\u0435\u043d \u0441\u0442\u0430\u0440\u044b\u0445 \u0437\u0434\u0430\u043d\u0438\u0439, \u0437\u0430\u043f\u043e\u043b\u043d\u044f\u044f \u0432\u043e\u0437\u0434\u0443\u0448\u043d\u044b\u0435 \u0437\u0430\u0437\u043e\u0440\u044b \u0438 \u043f\u0443\u0441\u0442\u043e\u0442\u044b \u043c\u0435\u0436\u0434\u0443 \u043a\u043b\u0430\u0434\u043a\u043e\u0439 \u043d\u0430\u0440\u0443\u0436\u043d\u043e\u0439 \u0441\u0442\u0435\u043d\u044b.","og_url":"https:\/\/videstehnika.lv\/ru\/magazin\/siltumizolacijas-materiali-ru\/gaisa-spraugu-siltumizolacijas-materials-ru\/grand-full-teploizolacionnije-granuli\/","og_site_name":"Vides Tehnika","article_modified_time":"2021-03-11T08:28:33+00:00","og_image":[{"width":900,"height":900,"url":"https:\/\/videstehnika.lv\/wp-content\/uploads\/2020\/07\/vides-tehnika-grand-full-granulas.jpg","type":"image\/jpeg"}],"twitter_card":"summary_large_image","twitter_misc":{"\u041f\u0440\u0438\u043c\u0435\u0440\u043d\u043e\u0435 \u0432\u0440\u0435\u043c\u044f \u0434\u043b\u044f \u0447\u0442\u0435\u043d\u0438\u044f":"1 \u043c\u0438\u043d\u0443\u0442\u0430"},"schema":{"@context":"https:\/\/schema.org","@graph":[{"@type":"WebPage","@id":"https:\/\/videstehnika.lv\/ru\/magazin\/siltumizolacijas-materiali-ru\/gaisa-spraugu-siltumizolacijas-materials-ru\/grand-full-teploizolacionnije-granuli\/","url":"https:\/\/videstehnika.lv\/ru\/magazin\/siltumizolacijas-materiali-ru\/gaisa-spraugu-siltumizolacijas-materials-ru\/grand-full-teploizolacionnije-granuli\/","name":"Grand Full \u0442\u0435\u043f\u043b\u043e\u0438\u0437\u043e\u043b\u044f\u0446\u0438\u043e\u043d\u043d\u044b\u0435 \u0433\u0440\u0430\u043d\u0443\u043b\u044b &#8226; Vides Tehnika","isPartOf":{"@id":"https:\/\/videstehnika.lv\/ru\/#website"},"primaryImageOfPage":{"@id":"https:\/\/videstehnika.lv\/ru\/magazin\/siltumizolacijas-materiali-ru\/gaisa-spraugu-siltumizolacijas-materials-ru\/grand-full-teploizolacionnije-granuli\/#primaryimage"},"image":{"@id":"https:\/\/videstehnika.lv\/ru\/magazin\/siltumizolacijas-materiali-ru\/gaisa-spraugu-siltumizolacijas-materials-ru\/grand-full-teploizolacionnije-granuli\/#primaryimage"},"thumbnailUrl":"https:\/\/videstehnika.lv\/wp-content\/uploads\/2020\/07\/vides-tehnika-grand-full-granulas.jpg","datePublished":"2020-12-30T08:58:06+00:00","dateModified":"2021-03-11T08:28:33+00:00","description":"Grand Full - \u043f\u043e\u0434\u0445\u043e\u0434\u0438\u0442 \u0434\u043b\u044f \u0443\u0442\u0435\u043f\u043b\u0435\u043d\u0438\u044f \u043d\u0430\u0440\u0443\u0436\u043d\u044b\u0445 \u0441\u0442\u0435\u043d \u0441\u0442\u0430\u0440\u044b\u0445 \u0437\u0434\u0430\u043d\u0438\u0439, \u0437\u0430\u043f\u043e\u043b\u043d\u044f\u044f \u0432\u043e\u0437\u0434\u0443\u0448\u043d\u044b\u0435 \u0437\u0430\u0437\u043e\u0440\u044b \u0438 \u043f\u0443\u0441\u0442\u043e\u0442\u044b \u043c\u0435\u0436\u0434\u0443 \u043a\u043b\u0430\u0434\u043a\u043e\u0439 \u043d\u0430\u0440\u0443\u0436\u043d\u043e\u0439 \u0441\u0442\u0435\u043d\u044b.","breadcrumb":{"@id":"https:\/\/videstehnika.lv\/ru\/magazin\/siltumizolacijas-materiali-ru\/gaisa-spraugu-siltumizolacijas-materials-ru\/grand-full-teploizolacionnije-granuli\/#breadcrumb"},"inLanguage":"ru-RU","potentialAction":[{"@type":"ReadAction","target":["https:\/\/videstehnika.lv\/ru\/magazin\/siltumizolacijas-materiali-ru\/gaisa-spraugu-siltumizolacijas-materials-ru\/grand-full-teploizolacionnije-granuli\/"]}]},{"@type":"ImageObject","inLanguage":"ru-RU","@id":"https:\/\/videstehnika.lv\/ru\/magazin\/siltumizolacijas-materiali-ru\/gaisa-spraugu-siltumizolacijas-materials-ru\/grand-full-teploizolacionnije-granuli\/#primaryimage","url":"https:\/\/videstehnika.lv\/wp-content\/uploads\/2020\/07\/vides-tehnika-grand-full-granulas.jpg","contentUrl":"https:\/\/videstehnika.lv\/wp-content\/uploads\/2020\/07\/vides-tehnika-grand-full-granulas.jpg","width":900,"height":900,"caption":"Grand Full ir efekt\u012bvs siltumizol\u0101cijas materi\u0101ls, kas ir \u012bpa\u0161i piem\u0113rots vecu \u0113ku \u0101rsienu nosiltin\u0101\u0161anai, aizpildot gaisa spraugas un tuk\u0161os dobumus starp \u0101rsienu m\u016briem"},{"@type":"BreadcrumbList","@id":"https:\/\/videstehnika.lv\/ru\/magazin\/siltumizolacijas-materiali-ru\/gaisa-spraugu-siltumizolacijas-materials-ru\/grand-full-teploizolacionnije-granuli\/#breadcrumb","itemListElement":[{"@type":"ListItem","position":1,"name":"Home","item":"https:\/\/videstehnika.lv\/ru\/"},{"@type":"ListItem","position":2,"name":"Katalogs","item":"https:\/\/videstehnika.lv\/ru\/katalogs\/"},{"@type":"ListItem","position":3,"name":"Grand Full \u0442\u0435\u043f\u043b\u043e\u0438\u0437\u043e\u043b\u044f\u0446\u0438\u043e\u043d\u043d\u044b\u0435 \u0433\u0440\u0430\u043d\u0443\u043b\u044b"}]},{"@type":"WebSite","@id":"https:\/\/videstehnika.lv\/ru\/#website","url":"https:\/\/videstehnika.lv\/ru\/","name":"Vides Tehnika","description":"","potentialAction":[{"@type":"SearchAction","target":{"@type":"EntryPoint","urlTemplate":"https:\/\/videstehnika.lv\/ru\/?s={search_term_string}"},"query-input":{"@type":"PropertyValueSpecification","valueRequired":true,"valueName":"search_term_string"}}],"inLanguage":"ru-RU"}]}},"_links":{"self":[{"href":"https:\/\/videstehnika.lv\/ru\/wp-json\/wp\/v2\/product\/7960","targetHints":{"allow":["GET"]}}],"collection":[{"href":"https:\/\/videstehnika.lv\/ru\/wp-json\/wp\/v2\/product"}],"about":[{"href":"https:\/\/videstehnika.lv\/ru\/wp-json\/wp\/v2\/types\/product"}],"wp:featuredmedia":[{"embeddable":true,"href":"https:\/\/videstehnika.lv\/ru\/wp-json\/wp\/v2\/media\/3630"}],"wp:attachment":[{"href":"https:\/\/videstehnika.lv\/ru\/wp-json\/wp\/v2\/media?parent=7960"}],"wp:term":[{"taxonomy":"product_cat","embeddable":true,"href":"https:\/\/videstehnika.lv\/ru\/wp-json\/wp\/v2\/product_cat?post=7960"},{"taxonomy":"product_tag","embeddable":true,"href":"https:\/\/videstehnika.lv\/ru\/wp-json\/wp\/v2\/product_tag?post=7960"}],"curies":[{"name":"wp","href":"https:\/\/api.w.org\/{rel}","templated":true}]}}