{"id":80044,"date":"2025-10-24T15:21:30","date_gmt":"2025-10-24T12:21:30","guid":{"rendered":"https:\/\/videstehnika.lv\/?post_type=product&#038;p=80044"},"modified":"2025-11-20T12:22:48","modified_gmt":"2025-11-20T10:22:48","slug":"ardex-a31-universala-spaktele","status":"publish","type":"product","link":"https:\/\/videstehnika.lv\/katalogs\/buvmateriali-buvei-remontam-un-ieksdarbiem\/sausie-maisijumi-ara-darbiem-un-ieksdarbiem\/gridu-remonta-un-izlidzinosie-maisijumi\/ardex-a31-universala-spaktele\/","title":{"rendered":"ARDEX A31 univers\u0101la \u0161paktele"},"content":{"rendered":"<h2>ARDEX A31 univers\u0101la \u0161paktele<\/h2>\n<p>Iek\u0161darbiem, gr\u012bd\u0101m un sien\u0101m.<br \/>\nCementa b\u0101ze.<br \/>\nARDURAPID \u012bpa\u0161\u012bbas (piln\u012bga \u016bdens kristaliz\u0101cija).<br \/>\n0\u20135 mm biez\u0101m k\u0101rt\u0101m.<br \/>\nUz grunt\u0113t\u0101m un neabsorb\u0113jo\u0161\u0101m virsm\u0101m no 1,5 mm biezuma.<br \/>\nZema s\u0101rmain\u012bba.<\/p>\n<h2>Pielietojums<\/h2>\n<p>ARDEX A31 ir remonta java ar \u0161pakteles \u012bpa\u0161\u012bb\u0101m. Paredz\u0113ta da\u017e\u0101du virsmu, piem\u0113ram, gr\u012bdu un sienu, dobumu un nel\u012bdzenumu aizpild\u012b\u0161anai un izl\u012bdzin\u0101\u0161anai. K\u0101p\u0146u un k\u0101p\u0146u laukumu izl\u012bdzin\u0101\u0161anai un labo\u0161anai. Augstuma at\u0161\u0137ir\u012bbu izl\u012bdzin\u0101\u0161anai un gludu virsmu izveidei.<\/p>\n<h2>Pamatnes<\/h2>\n<p>Pamatnei j\u0101b\u016bt sausai, stingrai, ar lab\u0101m sa\u0137eres \u012bpa\u0161\u012bb\u0101m, att\u012br\u012btai no putek\u013ciem un sa\u0137eri samazino\u0161\u0101m viel\u0101m. Bez iepriek\u0161\u0113jas grunt\u0113\u0161anas uz cementa un betona virsm\u0101m. Grunts j\u0101izmanto atbilsto\u0161i ARDEX P51 sa\u0137eres un grunt\u0113\u0161anas dispersijas aprakst\u0101 sniegtajai tabulai.<\/p>\n","protected":false},"excerpt":{"rendered":"<p>ARDEX A31 univers\u0101la \u0161paktele Iek\u0161darbiem, gr\u012bd\u0101m un sien\u0101m. Cementa b\u0101ze. ARDURAPID \u012bpa\u0161\u012bbas (piln\u012bga \u016bdens kristaliz\u0101cija). 0\u20135 mm biez\u0101m k\u0101rt\u0101m. Uz<\/p>\n","protected":false},"featured_media":80045,"template":"","meta":{"_acf_changed":false},"product_cat":[2055],"product_tag":[],"class_list":{"0":"post-80044","1":"product","2":"type-product","3":"status-publish","4":"has-post-thumbnail","6":"product_cat-gridu-remonta-un-izlidzinosie-maisijumi","8":"first","9":"onbackorder","10":"taxable","11":"shipping-taxable","12":"purchasable","13":"product-type-simple"},"acf":[],"yoast_head":"<!-- This site is optimized with the Yoast SEO plugin v24.2 - https:\/\/yoast.com\/wordpress\/plugins\/seo\/ -->\n<title>ARDEX A31 univers\u0101la \u0161paktele &#8226; Vides Tehnika<\/title>\n<meta name=\"description\" content=\"ARDEX A31 ir remonta java ar \u0161pakteles \u012bpa\u0161\u012bb\u0101m. Paredz\u0113ta da\u017e\u0101du virsmu, piem\u0113ram, gr\u012bdu un sienu, dobumu un nel\u012bdzenumu aizpild\u012b\u0161anai un izl\u012bdzin\u0101\u0161anai.\" \/>\n<meta name=\"robots\" content=\"index, follow, max-snippet:-1, max-image-preview:large, max-video-preview:-1\" \/>\n<link rel=\"canonical\" href=\"https:\/\/videstehnika.lv\/ru\/katalogs\/buvmateriali-buvei-remontam-un-ieksdarbiem\/sausie-maisijumi-ara-darbiem-un-ieksdarbiem\/gridu-remonta-un-izlidzinosie-maisijumi\/ardex-a31-universala-spaktele\/\" \/>\n<meta property=\"og:locale\" content=\"ru_RU\" \/>\n<meta property=\"og:type\" content=\"article\" \/>\n<meta property=\"og:title\" content=\"ARDEX A31 univers\u0101la \u0161paktele &#8226; Vides Tehnika\" \/>\n<meta property=\"og:description\" content=\"ARDEX A31 ir remonta java ar \u0161pakteles \u012bpa\u0161\u012bb\u0101m. Paredz\u0113ta da\u017e\u0101du virsmu, piem\u0113ram, gr\u012bdu un sienu, dobumu un nel\u012bdzenumu aizpild\u012b\u0161anai un izl\u012bdzin\u0101\u0161anai.\" \/>\n<meta property=\"og:url\" content=\"https:\/\/videstehnika.lv\/katalogs\/buvmateriali-buvei-remontam-un-ieksdarbiem\/sausie-maisijumi-ara-darbiem-un-ieksdarbiem\/gridu-remonta-un-izlidzinosie-maisijumi\/ardex-a31-universala-spaktele\/\" \/>\n<meta property=\"og:site_name\" content=\"Vides Tehnika\" \/>\n<meta property=\"article:modified_time\" content=\"2025-11-20T10:22:48+00:00\" \/>\n<meta property=\"og:image\" content=\"https:\/\/videstehnika.lv\/wp-content\/uploads\/2025\/10\/ARDEX-A-31-125-kg-low.png\" \/>\n\t<meta property=\"og:image:width\" content=\"594\" \/>\n\t<meta property=\"og:image:height\" content=\"640\" \/>\n\t<meta property=\"og:image:type\" content=\"image\/png\" \/>\n<meta name=\"twitter:card\" content=\"summary_large_image\" \/>\n<meta name=\"twitter:label1\" content=\"\u041f\u0440\u0438\u043c\u0435\u0440\u043d\u043e\u0435 \u0432\u0440\u0435\u043c\u044f \u0434\u043b\u044f \u0447\u0442\u0435\u043d\u0438\u044f\" \/>\n\t<meta name=\"twitter:data1\" content=\"1 \u043c\u0438\u043d\u0443\u0442\u0430\" \/>\n<script type=\"application\/ld+json\" class=\"yoast-schema-graph\">{\"@context\":\"https:\/\/schema.org\",\"@graph\":[{\"@type\":\"WebPage\",\"@id\":\"https:\/\/videstehnika.lv\/katalogs\/buvmateriali-buvei-remontam-un-ieksdarbiem\/sausie-maisijumi-ara-darbiem-un-ieksdarbiem\/gridu-remonta-un-izlidzinosie-maisijumi\/ardex-a31-universala-spaktele\/\",\"url\":\"https:\/\/videstehnika.lv\/katalogs\/buvmateriali-buvei-remontam-un-ieksdarbiem\/sausie-maisijumi-ara-darbiem-un-ieksdarbiem\/gridu-remonta-un-izlidzinosie-maisijumi\/ardex-a31-universala-spaktele\/\",\"name\":\"ARDEX A31 univers\u0101la \u0161paktele &#8226; Vides Tehnika\",\"isPartOf\":{\"@id\":\"https:\/\/videstehnika.lv\/ru\/#website\"},\"primaryImageOfPage\":{\"@id\":\"https:\/\/videstehnika.lv\/katalogs\/buvmateriali-buvei-remontam-un-ieksdarbiem\/sausie-maisijumi-ara-darbiem-un-ieksdarbiem\/gridu-remonta-un-izlidzinosie-maisijumi\/ardex-a31-universala-spaktele\/#primaryimage\"},\"image\":{\"@id\":\"https:\/\/videstehnika.lv\/katalogs\/buvmateriali-buvei-remontam-un-ieksdarbiem\/sausie-maisijumi-ara-darbiem-un-ieksdarbiem\/gridu-remonta-un-izlidzinosie-maisijumi\/ardex-a31-universala-spaktele\/#primaryimage\"},\"thumbnailUrl\":\"https:\/\/videstehnika.lv\/wp-content\/uploads\/2025\/10\/ARDEX-A-31-125-kg-low.png\",\"datePublished\":\"2025-10-24T12:21:30+00:00\",\"dateModified\":\"2025-11-20T10:22:48+00:00\",\"description\":\"ARDEX A31 ir remonta java ar \u0161pakteles \u012bpa\u0161\u012bb\u0101m. Paredz\u0113ta da\u017e\u0101du virsmu, piem\u0113ram, gr\u012bdu un sienu, dobumu un nel\u012bdzenumu aizpild\u012b\u0161anai un izl\u012bdzin\u0101\u0161anai.\",\"breadcrumb\":{\"@id\":\"https:\/\/videstehnika.lv\/katalogs\/buvmateriali-buvei-remontam-un-ieksdarbiem\/sausie-maisijumi-ara-darbiem-un-ieksdarbiem\/gridu-remonta-un-izlidzinosie-maisijumi\/ardex-a31-universala-spaktele\/#breadcrumb\"},\"inLanguage\":\"ru-RU\",\"potentialAction\":[{\"@type\":\"ReadAction\",\"target\":[\"https:\/\/videstehnika.lv\/katalogs\/buvmateriali-buvei-remontam-un-ieksdarbiem\/sausie-maisijumi-ara-darbiem-un-ieksdarbiem\/gridu-remonta-un-izlidzinosie-maisijumi\/ardex-a31-universala-spaktele\/\"]}]},{\"@type\":\"ImageObject\",\"inLanguage\":\"ru-RU\",\"@id\":\"https:\/\/videstehnika.lv\/katalogs\/buvmateriali-buvei-remontam-un-ieksdarbiem\/sausie-maisijumi-ara-darbiem-un-ieksdarbiem\/gridu-remonta-un-izlidzinosie-maisijumi\/ardex-a31-universala-spaktele\/#primaryimage\",\"url\":\"https:\/\/videstehnika.lv\/wp-content\/uploads\/2025\/10\/ARDEX-A-31-125-kg-low.png\",\"contentUrl\":\"https:\/\/videstehnika.lv\/wp-content\/uploads\/2025\/10\/ARDEX-A-31-125-kg-low.png\",\"width\":594,\"height\":640},{\"@type\":\"BreadcrumbList\",\"@id\":\"https:\/\/videstehnika.lv\/katalogs\/buvmateriali-buvei-remontam-un-ieksdarbiem\/sausie-maisijumi-ara-darbiem-un-ieksdarbiem\/gridu-remonta-un-izlidzinosie-maisijumi\/ardex-a31-universala-spaktele\/#breadcrumb\",\"itemListElement\":[{\"@type\":\"ListItem\",\"position\":1,\"name\":\"Home\",\"item\":\"https:\/\/videstehnika.lv\/ru\/\"},{\"@type\":\"ListItem\",\"position\":2,\"name\":\"Katalogs\",\"item\":\"https:\/\/videstehnika.lv\/ru\/katalogs\/\"},{\"@type\":\"ListItem\",\"position\":3,\"name\":\"ARDEX A31 univers\u0101la \u0161paktele\"}]},{\"@type\":\"WebSite\",\"@id\":\"https:\/\/videstehnika.lv\/ru\/#website\",\"url\":\"https:\/\/videstehnika.lv\/ru\/\",\"name\":\"Vides Tehnika\",\"description\":\"\",\"potentialAction\":[{\"@type\":\"SearchAction\",\"target\":{\"@type\":\"EntryPoint\",\"urlTemplate\":\"https:\/\/videstehnika.lv\/ru\/?s={search_term_string}\"},\"query-input\":{\"@type\":\"PropertyValueSpecification\",\"valueRequired\":true,\"valueName\":\"search_term_string\"}}],\"inLanguage\":\"ru-RU\"}]}<\/script>\n<!-- \/ Yoast SEO plugin. -->","yoast_head_json":{"title":"ARDEX A31 univers\u0101la \u0161paktele &#8226; Vides Tehnika","description":"ARDEX A31 ir remonta java ar \u0161pakteles \u012bpa\u0161\u012bb\u0101m. Paredz\u0113ta da\u017e\u0101du virsmu, piem\u0113ram, gr\u012bdu un sienu, dobumu un nel\u012bdzenumu aizpild\u012b\u0161anai un izl\u012bdzin\u0101\u0161anai.","robots":{"index":"index","follow":"follow","max-snippet":"max-snippet:-1","max-image-preview":"max-image-preview:large","max-video-preview":"max-video-preview:-1"},"canonical":"https:\/\/videstehnika.lv\/ru\/katalogs\/buvmateriali-buvei-remontam-un-ieksdarbiem\/sausie-maisijumi-ara-darbiem-un-ieksdarbiem\/gridu-remonta-un-izlidzinosie-maisijumi\/ardex-a31-universala-spaktele\/","og_locale":"ru_RU","og_type":"article","og_title":"ARDEX A31 univers\u0101la \u0161paktele &#8226; Vides Tehnika","og_description":"ARDEX A31 ir remonta java ar \u0161pakteles \u012bpa\u0161\u012bb\u0101m. Paredz\u0113ta da\u017e\u0101du virsmu, piem\u0113ram, gr\u012bdu un sienu, dobumu un nel\u012bdzenumu aizpild\u012b\u0161anai un izl\u012bdzin\u0101\u0161anai.","og_url":"https:\/\/videstehnika.lv\/katalogs\/buvmateriali-buvei-remontam-un-ieksdarbiem\/sausie-maisijumi-ara-darbiem-un-ieksdarbiem\/gridu-remonta-un-izlidzinosie-maisijumi\/ardex-a31-universala-spaktele\/","og_site_name":"Vides Tehnika","article_modified_time":"2025-11-20T10:22:48+00:00","og_image":[{"width":594,"height":640,"url":"https:\/\/videstehnika.lv\/wp-content\/uploads\/2025\/10\/ARDEX-A-31-125-kg-low.png","type":"image\/png"}],"twitter_card":"summary_large_image","twitter_misc":{"\u041f\u0440\u0438\u043c\u0435\u0440\u043d\u043e\u0435 \u0432\u0440\u0435\u043c\u044f \u0434\u043b\u044f \u0447\u0442\u0435\u043d\u0438\u044f":"1 \u043c\u0438\u043d\u0443\u0442\u0430"},"schema":{"@context":"https:\/\/schema.org","@graph":[{"@type":"WebPage","@id":"https:\/\/videstehnika.lv\/katalogs\/buvmateriali-buvei-remontam-un-ieksdarbiem\/sausie-maisijumi-ara-darbiem-un-ieksdarbiem\/gridu-remonta-un-izlidzinosie-maisijumi\/ardex-a31-universala-spaktele\/","url":"https:\/\/videstehnika.lv\/katalogs\/buvmateriali-buvei-remontam-un-ieksdarbiem\/sausie-maisijumi-ara-darbiem-un-ieksdarbiem\/gridu-remonta-un-izlidzinosie-maisijumi\/ardex-a31-universala-spaktele\/","name":"ARDEX A31 univers\u0101la \u0161paktele &#8226; Vides Tehnika","isPartOf":{"@id":"https:\/\/videstehnika.lv\/ru\/#website"},"primaryImageOfPage":{"@id":"https:\/\/videstehnika.lv\/katalogs\/buvmateriali-buvei-remontam-un-ieksdarbiem\/sausie-maisijumi-ara-darbiem-un-ieksdarbiem\/gridu-remonta-un-izlidzinosie-maisijumi\/ardex-a31-universala-spaktele\/#primaryimage"},"image":{"@id":"https:\/\/videstehnika.lv\/katalogs\/buvmateriali-buvei-remontam-un-ieksdarbiem\/sausie-maisijumi-ara-darbiem-un-ieksdarbiem\/gridu-remonta-un-izlidzinosie-maisijumi\/ardex-a31-universala-spaktele\/#primaryimage"},"thumbnailUrl":"https:\/\/videstehnika.lv\/wp-content\/uploads\/2025\/10\/ARDEX-A-31-125-kg-low.png","datePublished":"2025-10-24T12:21:30+00:00","dateModified":"2025-11-20T10:22:48+00:00","description":"ARDEX A31 ir remonta java ar \u0161pakteles \u012bpa\u0161\u012bb\u0101m. Paredz\u0113ta da\u017e\u0101du virsmu, piem\u0113ram, gr\u012bdu un sienu, dobumu un nel\u012bdzenumu aizpild\u012b\u0161anai un izl\u012bdzin\u0101\u0161anai.","breadcrumb":{"@id":"https:\/\/videstehnika.lv\/katalogs\/buvmateriali-buvei-remontam-un-ieksdarbiem\/sausie-maisijumi-ara-darbiem-un-ieksdarbiem\/gridu-remonta-un-izlidzinosie-maisijumi\/ardex-a31-universala-spaktele\/#breadcrumb"},"inLanguage":"ru-RU","potentialAction":[{"@type":"ReadAction","target":["https:\/\/videstehnika.lv\/katalogs\/buvmateriali-buvei-remontam-un-ieksdarbiem\/sausie-maisijumi-ara-darbiem-un-ieksdarbiem\/gridu-remonta-un-izlidzinosie-maisijumi\/ardex-a31-universala-spaktele\/"]}]},{"@type":"ImageObject","inLanguage":"ru-RU","@id":"https:\/\/videstehnika.lv\/katalogs\/buvmateriali-buvei-remontam-un-ieksdarbiem\/sausie-maisijumi-ara-darbiem-un-ieksdarbiem\/gridu-remonta-un-izlidzinosie-maisijumi\/ardex-a31-universala-spaktele\/#primaryimage","url":"https:\/\/videstehnika.lv\/wp-content\/uploads\/2025\/10\/ARDEX-A-31-125-kg-low.png","contentUrl":"https:\/\/videstehnika.lv\/wp-content\/uploads\/2025\/10\/ARDEX-A-31-125-kg-low.png","width":594,"height":640},{"@type":"BreadcrumbList","@id":"https:\/\/videstehnika.lv\/katalogs\/buvmateriali-buvei-remontam-un-ieksdarbiem\/sausie-maisijumi-ara-darbiem-un-ieksdarbiem\/gridu-remonta-un-izlidzinosie-maisijumi\/ardex-a31-universala-spaktele\/#breadcrumb","itemListElement":[{"@type":"ListItem","position":1,"name":"Home","item":"https:\/\/videstehnika.lv\/ru\/"},{"@type":"ListItem","position":2,"name":"Katalogs","item":"https:\/\/videstehnika.lv\/ru\/katalogs\/"},{"@type":"ListItem","position":3,"name":"ARDEX A31 univers\u0101la \u0161paktele"}]},{"@type":"WebSite","@id":"https:\/\/videstehnika.lv\/ru\/#website","url":"https:\/\/videstehnika.lv\/ru\/","name":"Vides Tehnika","description":"","potentialAction":[{"@type":"SearchAction","target":{"@type":"EntryPoint","urlTemplate":"https:\/\/videstehnika.lv\/ru\/?s={search_term_string}"},"query-input":{"@type":"PropertyValueSpecification","valueRequired":true,"valueName":"search_term_string"}}],"inLanguage":"ru-RU"}]}},"_links":{"self":[{"href":"https:\/\/videstehnika.lv\/ru\/wp-json\/wp\/v2\/product\/80044","targetHints":{"allow":["GET"]}}],"collection":[{"href":"https:\/\/videstehnika.lv\/ru\/wp-json\/wp\/v2\/product"}],"about":[{"href":"https:\/\/videstehnika.lv\/ru\/wp-json\/wp\/v2\/types\/product"}],"wp:featuredmedia":[{"embeddable":true,"href":"https:\/\/videstehnika.lv\/ru\/wp-json\/wp\/v2\/media\/80045"}],"wp:attachment":[{"href":"https:\/\/videstehnika.lv\/ru\/wp-json\/wp\/v2\/media?parent=80044"}],"wp:term":[{"taxonomy":"product_cat","embeddable":true,"href":"https:\/\/videstehnika.lv\/ru\/wp-json\/wp\/v2\/product_cat?post=80044"},{"taxonomy":"product_tag","embeddable":true,"href":"https:\/\/videstehnika.lv\/ru\/wp-json\/wp\/v2\/product_tag?post=80044"}],"curies":[{"name":"wp","href":"https:\/\/api.w.org\/{rel}","templated":true}]}}