{"id":8152,"date":"2020-07-30T11:52:14","date_gmt":"2021-01-04T15:39:19","guid":{"rendered":"https:\/\/videstehnika.lv\/?post_type=product&#038;p=8152"},"modified":"2021-11-07T19:02:16","modified_gmt":"2021-11-07T17:02:16","slug":"%d1%81%d0%b0%d0%bb%d1%84%d0%b5%d1%82%d0%ba%d0%b8-%d0%b4%d0%bb%d1%8f-%d1%80%d1%83%d0%ba-22-%d1%81%d0%bc-x-23-%d1%81%d0%bc","status":"publish","type":"product","link":"https:\/\/videstehnika.lv\/ru\/magazin\/papirs-ru\/papira-dvieli-ru\/%D1%81%D0%B0%D0%BB%D1%84%D0%B5%D1%82%D0%BA%D0%B8-%D0%B4%D0%BB%D1%8F-%D1%80%D1%83%D0%BA-22-%D1%81%D0%BC-x-23-%D1%81%D0%BC\/","title":{"rendered":"\u0421\u0430\u043b\u0444\u0435\u0442\u043a\u0438 \u0434\u043b\u044f \u0440\u0443\u043a (22 \u0441\u043c x 23 \u0441\u043c)"},"content":{"rendered":"<h2>\u0421\u0430\u043b\u0444\u0435\u0442\u043a\u0438 \u0434\u043b\u044f \u0440\u0443\u043a<\/h2>\n<p>\u0421\u0430\u043b\u0444\u0435\u0442\u043a\u0438 \u0434\u043b\u044f \u0440\u0443\u043a \u0432 \u043b\u0438\u0441\u0442\u0430\u0445 \u0434\u043b\u044f \u043f\u043e\u0434\u043c\u0435\u0442\u0430\u043d\u0438\u044f \u0440\u0443\u043a, \u0438\u0437 \u043d\u043e\u0432\u043e\u0433\u043e \u0432\u043e\u043b\u043e\u043a\u043d\u0430, 2 \u0441\u043b\u043e\u044f, \u0442\u0438\u043f \u0441\u043a\u043b\u0430\u0434\u044b\u0432\u0430\u043d\u0438\u044f &#171;Z&#187;:<\/p>\n<ul>\n<li>\u041a\u043e\u043b\u0438\u0447\u0435\u0441\u0442\u0432\u043e \u043b\u0438\u0441\u0442\u043e\u0432 \u0432 \u043e\u0434\u043d\u043e\u0439 \u0443\u043f\u0430\u043a\u043e\u0432\u043a\u0435 150 \u0448\u0442\u0443\u043a, \u0440\u0430\u0437\u043c\u0435\u0440 \u043b\u0438\u0441\u0442\u0430 22\u0441\u043c \u0445 23\u0441\u043c, \u0432 \u0443\u043f\u0430\u043a\u043e\u0432\u043a\u0435 20 \u0448\u0442\u0443\u043a.<\/li>\n<\/ul>\n","protected":false},"excerpt":{"rendered":"<p>\u0426\u0435\u043d\u0430 \u0443\u043a\u0430\u0437\u0430\u043d\u0430 \u0437\u0430 \u043f\u0430\u043a\u0435\u0442<\/p>\n","protected":false},"featured_media":4945,"template":"","meta":{"_acf_changed":false},"product_cat":[412],"product_tag":[],"class_list":{"0":"post-8152","1":"product","2":"type-product","3":"status-publish","4":"has-post-thumbnail","6":"product_cat-buvmateriali-ru","8":"first","9":"onbackorder","10":"taxable","11":"shipping-taxable","12":"purchasable","13":"product-type-simple"},"acf":[],"yoast_head":"<!-- This site is optimized with the Yoast SEO plugin v24.2 - https:\/\/yoast.com\/wordpress\/plugins\/seo\/ -->\n<title>\u0421\u0430\u043b\u0444\u0435\u0442\u043a\u0438 \u0434\u043b\u044f \u0440\u0443\u043a (22 \u0441\u043c x 23 \u0441\u043c) &#8226; Vides Tehnika<\/title>\n<meta name=\"description\" content=\"\u0421\u0430\u043b\u0444\u0435\u0442\u043a\u0438 \u0434\u043b\u044f \u0440\u0443\u043a \u0432 \u043b\u0438\u0441\u0442\u0430\u0445 \u0434\u043b\u044f \u043f\u043e\u0434\u043c\u0435\u0442\u0430\u043d\u0438\u044f \u0440\u0443\u043a, \u0438\u0437 \u043d\u043e\u0432\u043e\u0433\u043e \u0432\u043e\u043b\u043e\u043a\u043d\u0430, 2 \u0441\u043b\u043e\u044f, \u0442\u0438\u043f \u0441\u043a\u043b\u0430\u0434\u044b\u0432\u0430\u043d\u0438\u044f &quot;Z&quot;.\" \/>\n<meta name=\"robots\" content=\"index, follow, max-snippet:-1, max-image-preview:large, max-video-preview:-1\" \/>\n<link rel=\"canonical\" href=\"https:\/\/videstehnika.lv\/ru\/magazin\/papirs-ru\/papira-dvieli-ru\/\u0441\u0430\u043b\u0444\u0435\u0442\u043a\u0438-\u0434\u043b\u044f-\u0440\u0443\u043a-22-\u0441\u043c-x-23-\u0441\u043c\/\" \/>\n<meta property=\"og:locale\" content=\"ru_RU\" \/>\n<meta property=\"og:type\" content=\"article\" \/>\n<meta property=\"og:title\" content=\"\u0421\u0430\u043b\u0444\u0435\u0442\u043a\u0438 \u0434\u043b\u044f \u0440\u0443\u043a (22 \u0441\u043c x 23 \u0441\u043c) &#8226; Vides Tehnika\" \/>\n<meta property=\"og:description\" content=\"\u0421\u0430\u043b\u0444\u0435\u0442\u043a\u0438 \u0434\u043b\u044f \u0440\u0443\u043a \u0432 \u043b\u0438\u0441\u0442\u0430\u0445 \u0434\u043b\u044f \u043f\u043e\u0434\u043c\u0435\u0442\u0430\u043d\u0438\u044f \u0440\u0443\u043a, \u0438\u0437 \u043d\u043e\u0432\u043e\u0433\u043e \u0432\u043e\u043b\u043e\u043a\u043d\u0430, 2 \u0441\u043b\u043e\u044f, \u0442\u0438\u043f \u0441\u043a\u043b\u0430\u0434\u044b\u0432\u0430\u043d\u0438\u044f &quot;Z&quot;.\" \/>\n<meta property=\"og:url\" content=\"https:\/\/videstehnika.lv\/ru\/magazin\/papirs-ru\/papira-dvieli-ru\/\u0441\u0430\u043b\u0444\u0435\u0442\u043a\u0438-\u0434\u043b\u044f-\u0440\u0443\u043a-22-\u0441\u043c-x-23-\u0441\u043c\/\" \/>\n<meta property=\"og:site_name\" content=\"Vides Tehnika\" \/>\n<meta property=\"article:modified_time\" content=\"2021-11-07T17:02:16+00:00\" \/>\n<meta property=\"og:image\" content=\"https:\/\/videstehnika.lv\/wp-content\/uploads\/2020\/07\/vides-tehnika-roku-salvetes.jpg\" \/>\n\t<meta property=\"og:image:width\" content=\"900\" \/>\n\t<meta property=\"og:image:height\" content=\"900\" \/>\n\t<meta property=\"og:image:type\" content=\"image\/jpeg\" \/>\n<meta name=\"twitter:card\" content=\"summary_large_image\" \/>\n<meta name=\"twitter:label1\" content=\"\u041f\u0440\u0438\u043c\u0435\u0440\u043d\u043e\u0435 \u0432\u0440\u0435\u043c\u044f \u0434\u043b\u044f \u0447\u0442\u0435\u043d\u0438\u044f\" \/>\n\t<meta name=\"twitter:data1\" content=\"1 \u043c\u0438\u043d\u0443\u0442\u0430\" \/>\n<script type=\"application\/ld+json\" class=\"yoast-schema-graph\">{\"@context\":\"https:\/\/schema.org\",\"@graph\":[{\"@type\":\"WebPage\",\"@id\":\"https:\/\/videstehnika.lv\/ru\/magazin\/papirs-ru\/papira-dvieli-ru\/%D1%81%D0%B0%D0%BB%D1%84%D0%B5%D1%82%D0%BA%D0%B8-%D0%B4%D0%BB%D1%8F-%D1%80%D1%83%D0%BA-22-%D1%81%D0%BC-x-23-%D1%81%D0%BC\/\",\"url\":\"https:\/\/videstehnika.lv\/ru\/magazin\/papirs-ru\/papira-dvieli-ru\/%D1%81%D0%B0%D0%BB%D1%84%D0%B5%D1%82%D0%BA%D0%B8-%D0%B4%D0%BB%D1%8F-%D1%80%D1%83%D0%BA-22-%D1%81%D0%BC-x-23-%D1%81%D0%BC\/\",\"name\":\"\u0421\u0430\u043b\u0444\u0435\u0442\u043a\u0438 \u0434\u043b\u044f \u0440\u0443\u043a (22 \u0441\u043c x 23 \u0441\u043c) &#8226; Vides Tehnika\",\"isPartOf\":{\"@id\":\"https:\/\/videstehnika.lv\/ru\/#website\"},\"primaryImageOfPage\":{\"@id\":\"https:\/\/videstehnika.lv\/ru\/magazin\/papirs-ru\/papira-dvieli-ru\/%D1%81%D0%B0%D0%BB%D1%84%D0%B5%D1%82%D0%BA%D0%B8-%D0%B4%D0%BB%D1%8F-%D1%80%D1%83%D0%BA-22-%D1%81%D0%BC-x-23-%D1%81%D0%BC\/#primaryimage\"},\"image\":{\"@id\":\"https:\/\/videstehnika.lv\/ru\/magazin\/papirs-ru\/papira-dvieli-ru\/%D1%81%D0%B0%D0%BB%D1%84%D0%B5%D1%82%D0%BA%D0%B8-%D0%B4%D0%BB%D1%8F-%D1%80%D1%83%D0%BA-22-%D1%81%D0%BC-x-23-%D1%81%D0%BC\/#primaryimage\"},\"thumbnailUrl\":\"https:\/\/videstehnika.lv\/wp-content\/uploads\/2020\/07\/vides-tehnika-roku-salvetes.jpg\",\"datePublished\":\"2021-01-04T15:39:19+00:00\",\"dateModified\":\"2021-11-07T17:02:16+00:00\",\"description\":\"\u0421\u0430\u043b\u0444\u0435\u0442\u043a\u0438 \u0434\u043b\u044f \u0440\u0443\u043a \u0432 \u043b\u0438\u0441\u0442\u0430\u0445 \u0434\u043b\u044f \u043f\u043e\u0434\u043c\u0435\u0442\u0430\u043d\u0438\u044f \u0440\u0443\u043a, \u0438\u0437 \u043d\u043e\u0432\u043e\u0433\u043e \u0432\u043e\u043b\u043e\u043a\u043d\u0430, 2 \u0441\u043b\u043e\u044f, \u0442\u0438\u043f \u0441\u043a\u043b\u0430\u0434\u044b\u0432\u0430\u043d\u0438\u044f \\\"Z\\\".\",\"breadcrumb\":{\"@id\":\"https:\/\/videstehnika.lv\/ru\/magazin\/papirs-ru\/papira-dvieli-ru\/%D1%81%D0%B0%D0%BB%D1%84%D0%B5%D1%82%D0%BA%D0%B8-%D0%B4%D0%BB%D1%8F-%D1%80%D1%83%D0%BA-22-%D1%81%D0%BC-x-23-%D1%81%D0%BC\/#breadcrumb\"},\"inLanguage\":\"ru-RU\",\"potentialAction\":[{\"@type\":\"ReadAction\",\"target\":[\"https:\/\/videstehnika.lv\/ru\/magazin\/papirs-ru\/papira-dvieli-ru\/%D1%81%D0%B0%D0%BB%D1%84%D0%B5%D1%82%D0%BA%D0%B8-%D0%B4%D0%BB%D1%8F-%D1%80%D1%83%D0%BA-22-%D1%81%D0%BC-x-23-%D1%81%D0%BC\/\"]}]},{\"@type\":\"ImageObject\",\"inLanguage\":\"ru-RU\",\"@id\":\"https:\/\/videstehnika.lv\/ru\/magazin\/papirs-ru\/papira-dvieli-ru\/%D1%81%D0%B0%D0%BB%D1%84%D0%B5%D1%82%D0%BA%D0%B8-%D0%B4%D0%BB%D1%8F-%D1%80%D1%83%D0%BA-22-%D1%81%D0%BC-x-23-%D1%81%D0%BC\/#primaryimage\",\"url\":\"https:\/\/videstehnika.lv\/wp-content\/uploads\/2020\/07\/vides-tehnika-roku-salvetes.jpg\",\"contentUrl\":\"https:\/\/videstehnika.lv\/wp-content\/uploads\/2020\/07\/vides-tehnika-roku-salvetes.jpg\",\"width\":900,\"height\":900,\"caption\":\"Pap\u012bra dvie\u013ci loksn\u0113s roku slauc\u012b\u0161anai, no jaun\u0161\u0137iedras.\"},{\"@type\":\"BreadcrumbList\",\"@id\":\"https:\/\/videstehnika.lv\/ru\/magazin\/papirs-ru\/papira-dvieli-ru\/%D1%81%D0%B0%D0%BB%D1%84%D0%B5%D1%82%D0%BA%D0%B8-%D0%B4%D0%BB%D1%8F-%D1%80%D1%83%D0%BA-22-%D1%81%D0%BC-x-23-%D1%81%D0%BC\/#breadcrumb\",\"itemListElement\":[{\"@type\":\"ListItem\",\"position\":1,\"name\":\"Home\",\"item\":\"https:\/\/videstehnika.lv\/ru\/\"},{\"@type\":\"ListItem\",\"position\":2,\"name\":\"Katalogs\",\"item\":\"https:\/\/videstehnika.lv\/ru\/katalogs\/\"},{\"@type\":\"ListItem\",\"position\":3,\"name\":\"\u0421\u0430\u043b\u0444\u0435\u0442\u043a\u0438 \u0434\u043b\u044f \u0440\u0443\u043a (22 \u0441\u043c x 23 \u0441\u043c)\"}]},{\"@type\":\"WebSite\",\"@id\":\"https:\/\/videstehnika.lv\/ru\/#website\",\"url\":\"https:\/\/videstehnika.lv\/ru\/\",\"name\":\"Vides Tehnika\",\"description\":\"\",\"potentialAction\":[{\"@type\":\"SearchAction\",\"target\":{\"@type\":\"EntryPoint\",\"urlTemplate\":\"https:\/\/videstehnika.lv\/ru\/?s={search_term_string}\"},\"query-input\":{\"@type\":\"PropertyValueSpecification\",\"valueRequired\":true,\"valueName\":\"search_term_string\"}}],\"inLanguage\":\"ru-RU\"}]}<\/script>\n<!-- \/ Yoast SEO plugin. -->","yoast_head_json":{"title":"\u0421\u0430\u043b\u0444\u0435\u0442\u043a\u0438 \u0434\u043b\u044f \u0440\u0443\u043a (22 \u0441\u043c x 23 \u0441\u043c) &#8226; Vides Tehnika","description":"\u0421\u0430\u043b\u0444\u0435\u0442\u043a\u0438 \u0434\u043b\u044f \u0440\u0443\u043a \u0432 \u043b\u0438\u0441\u0442\u0430\u0445 \u0434\u043b\u044f \u043f\u043e\u0434\u043c\u0435\u0442\u0430\u043d\u0438\u044f \u0440\u0443\u043a, \u0438\u0437 \u043d\u043e\u0432\u043e\u0433\u043e \u0432\u043e\u043b\u043e\u043a\u043d\u0430, 2 \u0441\u043b\u043e\u044f, \u0442\u0438\u043f \u0441\u043a\u043b\u0430\u0434\u044b\u0432\u0430\u043d\u0438\u044f \"Z\".","robots":{"index":"index","follow":"follow","max-snippet":"max-snippet:-1","max-image-preview":"max-image-preview:large","max-video-preview":"max-video-preview:-1"},"canonical":"https:\/\/videstehnika.lv\/ru\/magazin\/papirs-ru\/papira-dvieli-ru\/\u0441\u0430\u043b\u0444\u0435\u0442\u043a\u0438-\u0434\u043b\u044f-\u0440\u0443\u043a-22-\u0441\u043c-x-23-\u0441\u043c\/","og_locale":"ru_RU","og_type":"article","og_title":"\u0421\u0430\u043b\u0444\u0435\u0442\u043a\u0438 \u0434\u043b\u044f \u0440\u0443\u043a (22 \u0441\u043c x 23 \u0441\u043c) &#8226; Vides Tehnika","og_description":"\u0421\u0430\u043b\u0444\u0435\u0442\u043a\u0438 \u0434\u043b\u044f \u0440\u0443\u043a \u0432 \u043b\u0438\u0441\u0442\u0430\u0445 \u0434\u043b\u044f \u043f\u043e\u0434\u043c\u0435\u0442\u0430\u043d\u0438\u044f \u0440\u0443\u043a, \u0438\u0437 \u043d\u043e\u0432\u043e\u0433\u043e \u0432\u043e\u043b\u043e\u043a\u043d\u0430, 2 \u0441\u043b\u043e\u044f, \u0442\u0438\u043f \u0441\u043a\u043b\u0430\u0434\u044b\u0432\u0430\u043d\u0438\u044f \"Z\".","og_url":"https:\/\/videstehnika.lv\/ru\/magazin\/papirs-ru\/papira-dvieli-ru\/\u0441\u0430\u043b\u0444\u0435\u0442\u043a\u0438-\u0434\u043b\u044f-\u0440\u0443\u043a-22-\u0441\u043c-x-23-\u0441\u043c\/","og_site_name":"Vides Tehnika","article_modified_time":"2021-11-07T17:02:16+00:00","og_image":[{"width":900,"height":900,"url":"https:\/\/videstehnika.lv\/wp-content\/uploads\/2020\/07\/vides-tehnika-roku-salvetes.jpg","type":"image\/jpeg"}],"twitter_card":"summary_large_image","twitter_misc":{"\u041f\u0440\u0438\u043c\u0435\u0440\u043d\u043e\u0435 \u0432\u0440\u0435\u043c\u044f \u0434\u043b\u044f \u0447\u0442\u0435\u043d\u0438\u044f":"1 \u043c\u0438\u043d\u0443\u0442\u0430"},"schema":{"@context":"https:\/\/schema.org","@graph":[{"@type":"WebPage","@id":"https:\/\/videstehnika.lv\/ru\/magazin\/papirs-ru\/papira-dvieli-ru\/%D1%81%D0%B0%D0%BB%D1%84%D0%B5%D1%82%D0%BA%D0%B8-%D0%B4%D0%BB%D1%8F-%D1%80%D1%83%D0%BA-22-%D1%81%D0%BC-x-23-%D1%81%D0%BC\/","url":"https:\/\/videstehnika.lv\/ru\/magazin\/papirs-ru\/papira-dvieli-ru\/%D1%81%D0%B0%D0%BB%D1%84%D0%B5%D1%82%D0%BA%D0%B8-%D0%B4%D0%BB%D1%8F-%D1%80%D1%83%D0%BA-22-%D1%81%D0%BC-x-23-%D1%81%D0%BC\/","name":"\u0421\u0430\u043b\u0444\u0435\u0442\u043a\u0438 \u0434\u043b\u044f \u0440\u0443\u043a (22 \u0441\u043c x 23 \u0441\u043c) &#8226; Vides Tehnika","isPartOf":{"@id":"https:\/\/videstehnika.lv\/ru\/#website"},"primaryImageOfPage":{"@id":"https:\/\/videstehnika.lv\/ru\/magazin\/papirs-ru\/papira-dvieli-ru\/%D1%81%D0%B0%D0%BB%D1%84%D0%B5%D1%82%D0%BA%D0%B8-%D0%B4%D0%BB%D1%8F-%D1%80%D1%83%D0%BA-22-%D1%81%D0%BC-x-23-%D1%81%D0%BC\/#primaryimage"},"image":{"@id":"https:\/\/videstehnika.lv\/ru\/magazin\/papirs-ru\/papira-dvieli-ru\/%D1%81%D0%B0%D0%BB%D1%84%D0%B5%D1%82%D0%BA%D0%B8-%D0%B4%D0%BB%D1%8F-%D1%80%D1%83%D0%BA-22-%D1%81%D0%BC-x-23-%D1%81%D0%BC\/#primaryimage"},"thumbnailUrl":"https:\/\/videstehnika.lv\/wp-content\/uploads\/2020\/07\/vides-tehnika-roku-salvetes.jpg","datePublished":"2021-01-04T15:39:19+00:00","dateModified":"2021-11-07T17:02:16+00:00","description":"\u0421\u0430\u043b\u0444\u0435\u0442\u043a\u0438 \u0434\u043b\u044f \u0440\u0443\u043a \u0432 \u043b\u0438\u0441\u0442\u0430\u0445 \u0434\u043b\u044f \u043f\u043e\u0434\u043c\u0435\u0442\u0430\u043d\u0438\u044f \u0440\u0443\u043a, \u0438\u0437 \u043d\u043e\u0432\u043e\u0433\u043e \u0432\u043e\u043b\u043e\u043a\u043d\u0430, 2 \u0441\u043b\u043e\u044f, \u0442\u0438\u043f \u0441\u043a\u043b\u0430\u0434\u044b\u0432\u0430\u043d\u0438\u044f \"Z\".","breadcrumb":{"@id":"https:\/\/videstehnika.lv\/ru\/magazin\/papirs-ru\/papira-dvieli-ru\/%D1%81%D0%B0%D0%BB%D1%84%D0%B5%D1%82%D0%BA%D0%B8-%D0%B4%D0%BB%D1%8F-%D1%80%D1%83%D0%BA-22-%D1%81%D0%BC-x-23-%D1%81%D0%BC\/#breadcrumb"},"inLanguage":"ru-RU","potentialAction":[{"@type":"ReadAction","target":["https:\/\/videstehnika.lv\/ru\/magazin\/papirs-ru\/papira-dvieli-ru\/%D1%81%D0%B0%D0%BB%D1%84%D0%B5%D1%82%D0%BA%D0%B8-%D0%B4%D0%BB%D1%8F-%D1%80%D1%83%D0%BA-22-%D1%81%D0%BC-x-23-%D1%81%D0%BC\/"]}]},{"@type":"ImageObject","inLanguage":"ru-RU","@id":"https:\/\/videstehnika.lv\/ru\/magazin\/papirs-ru\/papira-dvieli-ru\/%D1%81%D0%B0%D0%BB%D1%84%D0%B5%D1%82%D0%BA%D0%B8-%D0%B4%D0%BB%D1%8F-%D1%80%D1%83%D0%BA-22-%D1%81%D0%BC-x-23-%D1%81%D0%BC\/#primaryimage","url":"https:\/\/videstehnika.lv\/wp-content\/uploads\/2020\/07\/vides-tehnika-roku-salvetes.jpg","contentUrl":"https:\/\/videstehnika.lv\/wp-content\/uploads\/2020\/07\/vides-tehnika-roku-salvetes.jpg","width":900,"height":900,"caption":"Pap\u012bra dvie\u013ci loksn\u0113s roku slauc\u012b\u0161anai, no jaun\u0161\u0137iedras."},{"@type":"BreadcrumbList","@id":"https:\/\/videstehnika.lv\/ru\/magazin\/papirs-ru\/papira-dvieli-ru\/%D1%81%D0%B0%D0%BB%D1%84%D0%B5%D1%82%D0%BA%D0%B8-%D0%B4%D0%BB%D1%8F-%D1%80%D1%83%D0%BA-22-%D1%81%D0%BC-x-23-%D1%81%D0%BC\/#breadcrumb","itemListElement":[{"@type":"ListItem","position":1,"name":"Home","item":"https:\/\/videstehnika.lv\/ru\/"},{"@type":"ListItem","position":2,"name":"Katalogs","item":"https:\/\/videstehnika.lv\/ru\/katalogs\/"},{"@type":"ListItem","position":3,"name":"\u0421\u0430\u043b\u0444\u0435\u0442\u043a\u0438 \u0434\u043b\u044f \u0440\u0443\u043a (22 \u0441\u043c x 23 \u0441\u043c)"}]},{"@type":"WebSite","@id":"https:\/\/videstehnika.lv\/ru\/#website","url":"https:\/\/videstehnika.lv\/ru\/","name":"Vides Tehnika","description":"","potentialAction":[{"@type":"SearchAction","target":{"@type":"EntryPoint","urlTemplate":"https:\/\/videstehnika.lv\/ru\/?s={search_term_string}"},"query-input":{"@type":"PropertyValueSpecification","valueRequired":true,"valueName":"search_term_string"}}],"inLanguage":"ru-RU"}]}},"_links":{"self":[{"href":"https:\/\/videstehnika.lv\/ru\/wp-json\/wp\/v2\/product\/8152","targetHints":{"allow":["GET"]}}],"collection":[{"href":"https:\/\/videstehnika.lv\/ru\/wp-json\/wp\/v2\/product"}],"about":[{"href":"https:\/\/videstehnika.lv\/ru\/wp-json\/wp\/v2\/types\/product"}],"wp:featuredmedia":[{"embeddable":true,"href":"https:\/\/videstehnika.lv\/ru\/wp-json\/wp\/v2\/media\/4945"}],"wp:attachment":[{"href":"https:\/\/videstehnika.lv\/ru\/wp-json\/wp\/v2\/media?parent=8152"}],"wp:term":[{"taxonomy":"product_cat","embeddable":true,"href":"https:\/\/videstehnika.lv\/ru\/wp-json\/wp\/v2\/product_cat?post=8152"},{"taxonomy":"product_tag","embeddable":true,"href":"https:\/\/videstehnika.lv\/ru\/wp-json\/wp\/v2\/product_tag?post=8152"}],"curies":[{"name":"wp","href":"https:\/\/api.w.org\/{rel}","templated":true}]}}