{"id":9018,"date":"2021-03-30T13:57:25","date_gmt":"2021-03-31T11:59:12","guid":{"rendered":"https:\/\/videstehnika.lv\/?post_type=product&#038;p=9018"},"modified":"2021-03-31T14:59:13","modified_gmt":"2021-03-31T11:59:13","slug":"viessmann","status":"publish","type":"product","link":"https:\/\/videstehnika.lv\/ru\/magazin\/apkure-ru\/apkures-katli-ru\/%D0%BA%D0%BE%D1%82%D0%BB%D1%8B-%D0%B3%D0%B0%D0%B7%D0%BE%D0%B2%D1%8B%D0%B5-%D0%BE%D1%82%D0%BE%D0%BF%D0%B8%D1%82%D0%B5%D0%BB%D1%8C%D0%BD%D1%8B%D0%B5\/viessmann\/","title":{"rendered":"Viessmann"},"content":{"rendered":"","protected":false},"excerpt":{"rendered":"<p>Viessmann &#8212; \u0421\u0438\u0441\u0442\u0435\u043c\u044b \u043e\u0442\u043e\u043f\u043b\u0435\u043d\u0438\u044f, \u043f\u0440\u043e\u0438\u0437\u0432\u043e\u0434\u0441\u0442\u0432\u0430 \u0438 \u043e\u0445\u043b\u0430\u0436\u0434\u0435\u043d\u0438\u044f. \u0413\u0440\u0443\u043f\u043f\u0430 Viessmann &#8212; \u043c\u0435\u0436\u0434\u0443\u043d\u0430\u0440\u043e\u0434\u043d\u044b\u0439 \u043b\u0438\u0434\u0435\u0440 \u0432 \u043f\u0440\u043e\u0438\u0437\u0432\u043e\u0434\u0441\u0442\u0432\u0435 \u0441\u0438\u0441\u0442\u0435\u043c \u043e\u0442\u043e\u043f\u043b\u0435\u043d\u0438\u044f, \u043f\u0440\u043e\u043c\u044b\u0448\u043b\u0435\u043d\u043d\u043e\u0433\u043e \u0438 \u0445\u043e\u043b\u043e\u0434\u043e\u0441\u043d\u0430\u0431\u0436\u0435\u043d\u0438\u044f. Viessmann \u043f\u0440\u0435\u0434\u043b\u0430\u0433\u0430\u0435\u0442 \u0438\u043d\u0434\u0438\u0432\u0438\u0434\u0443\u0430\u043b\u044c\u043d\u044b\u0435 \u0440\u0435\u0448\u0435\u043d\u0438\u044f \u0441 \u044d\u0444\u0444\u0435\u043a\u0442\u0438\u0432\u043d\u043e\u0439 \u0441\u0438\u0441\u0442\u0435\u043c\u043e\u0439 \u043c\u043e\u0449\u043d\u043e\u0441\u0442\u044c\u044e \u043e\u0442 1,5 \u0434\u043e 120 000 \u043a\u0412\u0442 \u0434\u043b\u044f \u0432\u0441\u0435\u0445 \u043e\u0431\u043b\u0430\u0441\u0442\u0435\u0439 \u043f\u0440\u0438\u043c\u0435\u043d\u0435\u043d\u0438\u044f \u0438 \u0432\u0441\u0435\u0445 \u043f\u043e\u0442\u0440\u0435\u0431\u0438\u0442\u0435\u043b\u0435\u0439 \u044d\u043d\u0435\u0440\u0433\u0438\u0438.<\/p>\n","protected":false},"featured_media":8979,"template":"","meta":{"_acf_changed":false},"product_cat":[1452,1455,1453,1451,1454,401,1440,406,400],"product_tag":[],"class_list":{"0":"post-9018","1":"product","2":"type-product","3":"status-publish","4":"has-post-thumbnail","6":"product_cat-1452","7":"product_cat-1455","8":"product_cat-1453","9":"product_cat-1451","10":"product_cat-1454","11":"product_cat-apkures-katli-ru","12":"product_cat-1440","13":"product_cat-solaras-sistemas-ru","14":"product_cat-resheniya-dlya-otopleniya-i-teplosnabzheniya","16":"first","17":"instock","18":"taxable","19":"shipping-taxable","20":"product-type-external"},"acf":[],"yoast_head":"<!-- This site is optimized with the Yoast SEO plugin v24.2 - https:\/\/yoast.com\/wordpress\/plugins\/seo\/ -->\n<title>Viessmann - o\u0431\u043e\u0440\u0443\u0434\u043e\u0432\u0430\u043d\u0438\u0435 \u0434\u043b\u044f \u0441\u0438\u0441\u0442\u0435\u043c \u043e\u0442\u043e\u043f\u043b\u0435\u043d\u0438\u044f &#8226; Vides Tehnika<\/title>\n<meta name=\"description\" content=\"Viessmann - \u043c\u0435\u0436\u0434\u0443\u043d\u0430\u0440\u043e\u0434\u043d\u044b\u0439 \u043b\u0438\u0434\u0435\u0440 \u0432 \u043f\u0440\u043e\u0438\u0437\u0432\u043e\u0434\u0441\u0442\u0432\u0435 \u0441\u0438\u0441\u0442\u0435\u043c \u043e\u0442\u043e\u043f\u043b\u0435\u043d\u0438\u044f, \u043f\u0440\u043e\u043c\u044b\u0448\u043b\u0435\u043d\u043d\u043e\u0433\u043e \u043e\u0431\u043e\u0440\u0443\u0434\u043e\u0432\u0430\u043d\u0438\u044f \u0438 \u043e\u0445\u043b\u0430\u0436\u0434\u0435\u043d\u0438\u044f..\" \/>\n<meta name=\"robots\" content=\"index, follow, max-snippet:-1, max-image-preview:large, max-video-preview:-1\" \/>\n<link rel=\"canonical\" href=\"https:\/\/videstehnika.lv\/ru\/magazin\/apkure-ru\/apkures-katli-ru\/\u043a\u043e\u0442\u043b\u044b-\u0433\u0430\u0437\u043e\u0432\u044b\u0435-\u043e\u0442\u043e\u043f\u0438\u0442\u0435\u043b\u044c\u043d\u044b\u0435\/viessmann\/\" \/>\n<meta property=\"og:locale\" content=\"ru_RU\" \/>\n<meta property=\"og:type\" content=\"article\" \/>\n<meta property=\"og:title\" content=\"Viessmann - o\u0431\u043e\u0440\u0443\u0434\u043e\u0432\u0430\u043d\u0438\u0435 \u0434\u043b\u044f \u0441\u0438\u0441\u0442\u0435\u043c \u043e\u0442\u043e\u043f\u043b\u0435\u043d\u0438\u044f &#8226; Vides Tehnika\" \/>\n<meta property=\"og:description\" content=\"Viessmann - \u043c\u0435\u0436\u0434\u0443\u043d\u0430\u0440\u043e\u0434\u043d\u044b\u0439 \u043b\u0438\u0434\u0435\u0440 \u0432 \u043f\u0440\u043e\u0438\u0437\u0432\u043e\u0434\u0441\u0442\u0432\u0435 \u0441\u0438\u0441\u0442\u0435\u043c \u043e\u0442\u043e\u043f\u043b\u0435\u043d\u0438\u044f, \u043f\u0440\u043e\u043c\u044b\u0448\u043b\u0435\u043d\u043d\u043e\u0433\u043e \u043e\u0431\u043e\u0440\u0443\u0434\u043e\u0432\u0430\u043d\u0438\u044f \u0438 \u043e\u0445\u043b\u0430\u0436\u0434\u0435\u043d\u0438\u044f..\" \/>\n<meta property=\"og:url\" content=\"https:\/\/videstehnika.lv\/ru\/magazin\/apkure-ru\/apkures-katli-ru\/\u043a\u043e\u0442\u043b\u044b-\u0433\u0430\u0437\u043e\u0432\u044b\u0435-\u043e\u0442\u043e\u043f\u0438\u0442\u0435\u043b\u044c\u043d\u044b\u0435\/viessmann\/\" \/>\n<meta property=\"og:site_name\" content=\"Vides Tehnika\" \/>\n<meta property=\"article:modified_time\" content=\"2021-03-31T11:59:13+00:00\" \/>\n<meta property=\"og:image\" content=\"https:\/\/videstehnika.lv\/wp-content\/uploads\/2021\/03\/viessmann.jpg\" \/>\n\t<meta property=\"og:image:width\" content=\"900\" \/>\n\t<meta property=\"og:image:height\" content=\"900\" \/>\n\t<meta property=\"og:image:type\" content=\"image\/jpeg\" \/>\n<meta name=\"twitter:card\" content=\"summary_large_image\" \/>\n<script type=\"application\/ld+json\" class=\"yoast-schema-graph\">{\"@context\":\"https:\/\/schema.org\",\"@graph\":[{\"@type\":\"WebPage\",\"@id\":\"https:\/\/videstehnika.lv\/ru\/magazin\/apkure-ru\/apkures-katli-ru\/%D0%BA%D0%BE%D1%82%D0%BB%D1%8B-%D0%B3%D0%B0%D0%B7%D0%BE%D0%B2%D1%8B%D0%B5-%D0%BE%D1%82%D0%BE%D0%BF%D0%B8%D1%82%D0%B5%D0%BB%D1%8C%D0%BD%D1%8B%D0%B5\/viessmann\/\",\"url\":\"https:\/\/videstehnika.lv\/ru\/magazin\/apkure-ru\/apkures-katli-ru\/%D0%BA%D0%BE%D1%82%D0%BB%D1%8B-%D0%B3%D0%B0%D0%B7%D0%BE%D0%B2%D1%8B%D0%B5-%D0%BE%D1%82%D0%BE%D0%BF%D0%B8%D1%82%D0%B5%D0%BB%D1%8C%D0%BD%D1%8B%D0%B5\/viessmann\/\",\"name\":\"Viessmann - o\u0431\u043e\u0440\u0443\u0434\u043e\u0432\u0430\u043d\u0438\u0435 \u0434\u043b\u044f \u0441\u0438\u0441\u0442\u0435\u043c \u043e\u0442\u043e\u043f\u043b\u0435\u043d\u0438\u044f &#8226; Vides Tehnika\",\"isPartOf\":{\"@id\":\"https:\/\/videstehnika.lv\/ru\/#website\"},\"primaryImageOfPage\":{\"@id\":\"https:\/\/videstehnika.lv\/ru\/magazin\/apkure-ru\/apkures-katli-ru\/%D0%BA%D0%BE%D1%82%D0%BB%D1%8B-%D0%B3%D0%B0%D0%B7%D0%BE%D0%B2%D1%8B%D0%B5-%D0%BE%D1%82%D0%BE%D0%BF%D0%B8%D1%82%D0%B5%D0%BB%D1%8C%D0%BD%D1%8B%D0%B5\/viessmann\/#primaryimage\"},\"image\":{\"@id\":\"https:\/\/videstehnika.lv\/ru\/magazin\/apkure-ru\/apkures-katli-ru\/%D0%BA%D0%BE%D1%82%D0%BB%D1%8B-%D0%B3%D0%B0%D0%B7%D0%BE%D0%B2%D1%8B%D0%B5-%D0%BE%D1%82%D0%BE%D0%BF%D0%B8%D1%82%D0%B5%D0%BB%D1%8C%D0%BD%D1%8B%D0%B5\/viessmann\/#primaryimage\"},\"thumbnailUrl\":\"https:\/\/videstehnika.lv\/wp-content\/uploads\/2021\/03\/viessmann.jpg\",\"datePublished\":\"2021-03-31T11:59:12+00:00\",\"dateModified\":\"2021-03-31T11:59:13+00:00\",\"description\":\"Viessmann - \u043c\u0435\u0436\u0434\u0443\u043d\u0430\u0440\u043e\u0434\u043d\u044b\u0439 \u043b\u0438\u0434\u0435\u0440 \u0432 \u043f\u0440\u043e\u0438\u0437\u0432\u043e\u0434\u0441\u0442\u0432\u0435 \u0441\u0438\u0441\u0442\u0435\u043c \u043e\u0442\u043e\u043f\u043b\u0435\u043d\u0438\u044f, \u043f\u0440\u043e\u043c\u044b\u0448\u043b\u0435\u043d\u043d\u043e\u0433\u043e \u043e\u0431\u043e\u0440\u0443\u0434\u043e\u0432\u0430\u043d\u0438\u044f \u0438 \u043e\u0445\u043b\u0430\u0436\u0434\u0435\u043d\u0438\u044f..\",\"breadcrumb\":{\"@id\":\"https:\/\/videstehnika.lv\/ru\/magazin\/apkure-ru\/apkures-katli-ru\/%D0%BA%D0%BE%D1%82%D0%BB%D1%8B-%D0%B3%D0%B0%D0%B7%D0%BE%D0%B2%D1%8B%D0%B5-%D0%BE%D1%82%D0%BE%D0%BF%D0%B8%D1%82%D0%B5%D0%BB%D1%8C%D0%BD%D1%8B%D0%B5\/viessmann\/#breadcrumb\"},\"inLanguage\":\"ru-RU\",\"potentialAction\":[{\"@type\":\"ReadAction\",\"target\":[\"https:\/\/videstehnika.lv\/ru\/magazin\/apkure-ru\/apkures-katli-ru\/%D0%BA%D0%BE%D1%82%D0%BB%D1%8B-%D0%B3%D0%B0%D0%B7%D0%BE%D0%B2%D1%8B%D0%B5-%D0%BE%D1%82%D0%BE%D0%BF%D0%B8%D1%82%D0%B5%D0%BB%D1%8C%D0%BD%D1%8B%D0%B5\/viessmann\/\"]}]},{\"@type\":\"ImageObject\",\"inLanguage\":\"ru-RU\",\"@id\":\"https:\/\/videstehnika.lv\/ru\/magazin\/apkure-ru\/apkures-katli-ru\/%D0%BA%D0%BE%D1%82%D0%BB%D1%8B-%D0%B3%D0%B0%D0%B7%D0%BE%D0%B2%D1%8B%D0%B5-%D0%BE%D1%82%D0%BE%D0%BF%D0%B8%D1%82%D0%B5%D0%BB%D1%8C%D0%BD%D1%8B%D0%B5\/viessmann\/#primaryimage\",\"url\":\"https:\/\/videstehnika.lv\/wp-content\/uploads\/2021\/03\/viessmann.jpg\",\"contentUrl\":\"https:\/\/videstehnika.lv\/wp-content\/uploads\/2021\/03\/viessmann.jpg\",\"width\":900,\"height\":900,\"caption\":\"Viessmann uz\u0146\u0113mumu grupa ir starptautisks apkures, industri\u0101l\u0101s un dzes\u0113\u0161anas tehnikas sist\u0113mu ra\u017eo\u0161anas l\u012bderis.\"},{\"@type\":\"BreadcrumbList\",\"@id\":\"https:\/\/videstehnika.lv\/ru\/magazin\/apkure-ru\/apkures-katli-ru\/%D0%BA%D0%BE%D1%82%D0%BB%D1%8B-%D0%B3%D0%B0%D0%B7%D0%BE%D0%B2%D1%8B%D0%B5-%D0%BE%D1%82%D0%BE%D0%BF%D0%B8%D1%82%D0%B5%D0%BB%D1%8C%D0%BD%D1%8B%D0%B5\/viessmann\/#breadcrumb\",\"itemListElement\":[{\"@type\":\"ListItem\",\"position\":1,\"name\":\"Home\",\"item\":\"https:\/\/videstehnika.lv\/ru\/\"},{\"@type\":\"ListItem\",\"position\":2,\"name\":\"Katalogs\",\"item\":\"https:\/\/videstehnika.lv\/ru\/katalogs\/\"},{\"@type\":\"ListItem\",\"position\":3,\"name\":\"Viessmann\"}]},{\"@type\":\"WebSite\",\"@id\":\"https:\/\/videstehnika.lv\/ru\/#website\",\"url\":\"https:\/\/videstehnika.lv\/ru\/\",\"name\":\"Vides Tehnika\",\"description\":\"\",\"potentialAction\":[{\"@type\":\"SearchAction\",\"target\":{\"@type\":\"EntryPoint\",\"urlTemplate\":\"https:\/\/videstehnika.lv\/ru\/?s={search_term_string}\"},\"query-input\":{\"@type\":\"PropertyValueSpecification\",\"valueRequired\":true,\"valueName\":\"search_term_string\"}}],\"inLanguage\":\"ru-RU\"}]}<\/script>\n<!-- \/ Yoast SEO plugin. -->","yoast_head_json":{"title":"Viessmann - o\u0431\u043e\u0440\u0443\u0434\u043e\u0432\u0430\u043d\u0438\u0435 \u0434\u043b\u044f \u0441\u0438\u0441\u0442\u0435\u043c \u043e\u0442\u043e\u043f\u043b\u0435\u043d\u0438\u044f &#8226; Vides Tehnika","description":"Viessmann - \u043c\u0435\u0436\u0434\u0443\u043d\u0430\u0440\u043e\u0434\u043d\u044b\u0439 \u043b\u0438\u0434\u0435\u0440 \u0432 \u043f\u0440\u043e\u0438\u0437\u0432\u043e\u0434\u0441\u0442\u0432\u0435 \u0441\u0438\u0441\u0442\u0435\u043c \u043e\u0442\u043e\u043f\u043b\u0435\u043d\u0438\u044f, \u043f\u0440\u043e\u043c\u044b\u0448\u043b\u0435\u043d\u043d\u043e\u0433\u043e \u043e\u0431\u043e\u0440\u0443\u0434\u043e\u0432\u0430\u043d\u0438\u044f \u0438 \u043e\u0445\u043b\u0430\u0436\u0434\u0435\u043d\u0438\u044f..","robots":{"index":"index","follow":"follow","max-snippet":"max-snippet:-1","max-image-preview":"max-image-preview:large","max-video-preview":"max-video-preview:-1"},"canonical":"https:\/\/videstehnika.lv\/ru\/magazin\/apkure-ru\/apkures-katli-ru\/\u043a\u043e\u0442\u043b\u044b-\u0433\u0430\u0437\u043e\u0432\u044b\u0435-\u043e\u0442\u043e\u043f\u0438\u0442\u0435\u043b\u044c\u043d\u044b\u0435\/viessmann\/","og_locale":"ru_RU","og_type":"article","og_title":"Viessmann - o\u0431\u043e\u0440\u0443\u0434\u043e\u0432\u0430\u043d\u0438\u0435 \u0434\u043b\u044f \u0441\u0438\u0441\u0442\u0435\u043c \u043e\u0442\u043e\u043f\u043b\u0435\u043d\u0438\u044f &#8226; Vides Tehnika","og_description":"Viessmann - \u043c\u0435\u0436\u0434\u0443\u043d\u0430\u0440\u043e\u0434\u043d\u044b\u0439 \u043b\u0438\u0434\u0435\u0440 \u0432 \u043f\u0440\u043e\u0438\u0437\u0432\u043e\u0434\u0441\u0442\u0432\u0435 \u0441\u0438\u0441\u0442\u0435\u043c \u043e\u0442\u043e\u043f\u043b\u0435\u043d\u0438\u044f, \u043f\u0440\u043e\u043c\u044b\u0448\u043b\u0435\u043d\u043d\u043e\u0433\u043e \u043e\u0431\u043e\u0440\u0443\u0434\u043e\u0432\u0430\u043d\u0438\u044f \u0438 \u043e\u0445\u043b\u0430\u0436\u0434\u0435\u043d\u0438\u044f..","og_url":"https:\/\/videstehnika.lv\/ru\/magazin\/apkure-ru\/apkures-katli-ru\/\u043a\u043e\u0442\u043b\u044b-\u0433\u0430\u0437\u043e\u0432\u044b\u0435-\u043e\u0442\u043e\u043f\u0438\u0442\u0435\u043b\u044c\u043d\u044b\u0435\/viessmann\/","og_site_name":"Vides Tehnika","article_modified_time":"2021-03-31T11:59:13+00:00","og_image":[{"width":900,"height":900,"url":"https:\/\/videstehnika.lv\/wp-content\/uploads\/2021\/03\/viessmann.jpg","type":"image\/jpeg"}],"twitter_card":"summary_large_image","schema":{"@context":"https:\/\/schema.org","@graph":[{"@type":"WebPage","@id":"https:\/\/videstehnika.lv\/ru\/magazin\/apkure-ru\/apkures-katli-ru\/%D0%BA%D0%BE%D1%82%D0%BB%D1%8B-%D0%B3%D0%B0%D0%B7%D0%BE%D0%B2%D1%8B%D0%B5-%D0%BE%D1%82%D0%BE%D0%BF%D0%B8%D1%82%D0%B5%D0%BB%D1%8C%D0%BD%D1%8B%D0%B5\/viessmann\/","url":"https:\/\/videstehnika.lv\/ru\/magazin\/apkure-ru\/apkures-katli-ru\/%D0%BA%D0%BE%D1%82%D0%BB%D1%8B-%D0%B3%D0%B0%D0%B7%D0%BE%D0%B2%D1%8B%D0%B5-%D0%BE%D1%82%D0%BE%D0%BF%D0%B8%D1%82%D0%B5%D0%BB%D1%8C%D0%BD%D1%8B%D0%B5\/viessmann\/","name":"Viessmann - o\u0431\u043e\u0440\u0443\u0434\u043e\u0432\u0430\u043d\u0438\u0435 \u0434\u043b\u044f \u0441\u0438\u0441\u0442\u0435\u043c \u043e\u0442\u043e\u043f\u043b\u0435\u043d\u0438\u044f &#8226; Vides Tehnika","isPartOf":{"@id":"https:\/\/videstehnika.lv\/ru\/#website"},"primaryImageOfPage":{"@id":"https:\/\/videstehnika.lv\/ru\/magazin\/apkure-ru\/apkures-katli-ru\/%D0%BA%D0%BE%D1%82%D0%BB%D1%8B-%D0%B3%D0%B0%D0%B7%D0%BE%D0%B2%D1%8B%D0%B5-%D0%BE%D1%82%D0%BE%D0%BF%D0%B8%D1%82%D0%B5%D0%BB%D1%8C%D0%BD%D1%8B%D0%B5\/viessmann\/#primaryimage"},"image":{"@id":"https:\/\/videstehnika.lv\/ru\/magazin\/apkure-ru\/apkures-katli-ru\/%D0%BA%D0%BE%D1%82%D0%BB%D1%8B-%D0%B3%D0%B0%D0%B7%D0%BE%D0%B2%D1%8B%D0%B5-%D0%BE%D1%82%D0%BE%D0%BF%D0%B8%D1%82%D0%B5%D0%BB%D1%8C%D0%BD%D1%8B%D0%B5\/viessmann\/#primaryimage"},"thumbnailUrl":"https:\/\/videstehnika.lv\/wp-content\/uploads\/2021\/03\/viessmann.jpg","datePublished":"2021-03-31T11:59:12+00:00","dateModified":"2021-03-31T11:59:13+00:00","description":"Viessmann - \u043c\u0435\u0436\u0434\u0443\u043d\u0430\u0440\u043e\u0434\u043d\u044b\u0439 \u043b\u0438\u0434\u0435\u0440 \u0432 \u043f\u0440\u043e\u0438\u0437\u0432\u043e\u0434\u0441\u0442\u0432\u0435 \u0441\u0438\u0441\u0442\u0435\u043c \u043e\u0442\u043e\u043f\u043b\u0435\u043d\u0438\u044f, \u043f\u0440\u043e\u043c\u044b\u0448\u043b\u0435\u043d\u043d\u043e\u0433\u043e \u043e\u0431\u043e\u0440\u0443\u0434\u043e\u0432\u0430\u043d\u0438\u044f \u0438 \u043e\u0445\u043b\u0430\u0436\u0434\u0435\u043d\u0438\u044f..","breadcrumb":{"@id":"https:\/\/videstehnika.lv\/ru\/magazin\/apkure-ru\/apkures-katli-ru\/%D0%BA%D0%BE%D1%82%D0%BB%D1%8B-%D0%B3%D0%B0%D0%B7%D0%BE%D0%B2%D1%8B%D0%B5-%D0%BE%D1%82%D0%BE%D0%BF%D0%B8%D1%82%D0%B5%D0%BB%D1%8C%D0%BD%D1%8B%D0%B5\/viessmann\/#breadcrumb"},"inLanguage":"ru-RU","potentialAction":[{"@type":"ReadAction","target":["https:\/\/videstehnika.lv\/ru\/magazin\/apkure-ru\/apkures-katli-ru\/%D0%BA%D0%BE%D1%82%D0%BB%D1%8B-%D0%B3%D0%B0%D0%B7%D0%BE%D0%B2%D1%8B%D0%B5-%D0%BE%D1%82%D0%BE%D0%BF%D0%B8%D1%82%D0%B5%D0%BB%D1%8C%D0%BD%D1%8B%D0%B5\/viessmann\/"]}]},{"@type":"ImageObject","inLanguage":"ru-RU","@id":"https:\/\/videstehnika.lv\/ru\/magazin\/apkure-ru\/apkures-katli-ru\/%D0%BA%D0%BE%D1%82%D0%BB%D1%8B-%D0%B3%D0%B0%D0%B7%D0%BE%D0%B2%D1%8B%D0%B5-%D0%BE%D1%82%D0%BE%D0%BF%D0%B8%D1%82%D0%B5%D0%BB%D1%8C%D0%BD%D1%8B%D0%B5\/viessmann\/#primaryimage","url":"https:\/\/videstehnika.lv\/wp-content\/uploads\/2021\/03\/viessmann.jpg","contentUrl":"https:\/\/videstehnika.lv\/wp-content\/uploads\/2021\/03\/viessmann.jpg","width":900,"height":900,"caption":"Viessmann uz\u0146\u0113mumu grupa ir starptautisks apkures, industri\u0101l\u0101s un dzes\u0113\u0161anas tehnikas sist\u0113mu ra\u017eo\u0161anas l\u012bderis."},{"@type":"BreadcrumbList","@id":"https:\/\/videstehnika.lv\/ru\/magazin\/apkure-ru\/apkures-katli-ru\/%D0%BA%D0%BE%D1%82%D0%BB%D1%8B-%D0%B3%D0%B0%D0%B7%D0%BE%D0%B2%D1%8B%D0%B5-%D0%BE%D1%82%D0%BE%D0%BF%D0%B8%D1%82%D0%B5%D0%BB%D1%8C%D0%BD%D1%8B%D0%B5\/viessmann\/#breadcrumb","itemListElement":[{"@type":"ListItem","position":1,"name":"Home","item":"https:\/\/videstehnika.lv\/ru\/"},{"@type":"ListItem","position":2,"name":"Katalogs","item":"https:\/\/videstehnika.lv\/ru\/katalogs\/"},{"@type":"ListItem","position":3,"name":"Viessmann"}]},{"@type":"WebSite","@id":"https:\/\/videstehnika.lv\/ru\/#website","url":"https:\/\/videstehnika.lv\/ru\/","name":"Vides Tehnika","description":"","potentialAction":[{"@type":"SearchAction","target":{"@type":"EntryPoint","urlTemplate":"https:\/\/videstehnika.lv\/ru\/?s={search_term_string}"},"query-input":{"@type":"PropertyValueSpecification","valueRequired":true,"valueName":"search_term_string"}}],"inLanguage":"ru-RU"}]}},"_links":{"self":[{"href":"https:\/\/videstehnika.lv\/ru\/wp-json\/wp\/v2\/product\/9018","targetHints":{"allow":["GET"]}}],"collection":[{"href":"https:\/\/videstehnika.lv\/ru\/wp-json\/wp\/v2\/product"}],"about":[{"href":"https:\/\/videstehnika.lv\/ru\/wp-json\/wp\/v2\/types\/product"}],"wp:featuredmedia":[{"embeddable":true,"href":"https:\/\/videstehnika.lv\/ru\/wp-json\/wp\/v2\/media\/8979"}],"wp:attachment":[{"href":"https:\/\/videstehnika.lv\/ru\/wp-json\/wp\/v2\/media?parent=9018"}],"wp:term":[{"taxonomy":"product_cat","embeddable":true,"href":"https:\/\/videstehnika.lv\/ru\/wp-json\/wp\/v2\/product_cat?post=9018"},{"taxonomy":"product_tag","embeddable":true,"href":"https:\/\/videstehnika.lv\/ru\/wp-json\/wp\/v2\/product_tag?post=9018"}],"curies":[{"name":"wp","href":"https:\/\/api.w.org\/{rel}","templated":true}]}}